{"id":95,"date":"2019-08-18T12:39:07","date_gmt":"2019-08-18T12:39:07","guid":{"rendered":"http:\/\/brischni.de\/?page_id=95"},"modified":"2019-08-18T20:08:27","modified_gmt":"2019-08-18T20:08:27","slug":"echte_weiber","status":"publish","type":"page","link":"https:\/\/brischni.de\/?page_id=95","title":{"rendered":"Echte_Weiber"},"content":{"rendered":"\t\t<div data-elementor-type=\"wp-post\" data-elementor-id=\"95\" class=\"elementor elementor-95\">\n\t\t\t\t\t\t<div class=\"elementor-inner\">\n\t\t\t\t<div class=\"elementor-section-wrap\">\n\t\t\t\t\t\t\t\t\t<section class=\"elementor-section elementor-top-section elementor-element elementor-element-71ccf0f elementor-section-boxed elementor-section-height-default elementor-section-height-default\" data-id=\"71ccf0f\" data-element_type=\"section\">\n\t\t\t\t\t\t<div class=\"elementor-container elementor-column-gap-default\">\n\t\t\t\t\t\t\t<div class=\"elementor-row\">\n\t\t\t\t\t<div class=\"elementor-column elementor-col-100 elementor-top-column elementor-element elementor-element-9c4c78a\" data-id=\"9c4c78a\" data-element_type=\"column\">\n\t\t\t<div class=\"elementor-column-wrap elementor-element-populated\">\n\t\t\t\t\t\t\t<div class=\"elementor-widget-wrap\">\n\t\t\t\t\t\t<div class=\"elementor-element elementor-element-2241fe4 elementor-widget elementor-widget-heading\" data-id=\"2241fe4\" data-element_type=\"widget\" data-widget_type=\"heading.default\">\n\t\t\t\t<div class=\"elementor-widget-container\">\n\t\t\t<h2 class=\"elementor-heading-title elementor-size-default\">Echte Weiber und ihre M\u00e4nner <\/h2>\t\t<\/div>\n\t\t\t\t<\/div>\n\t\t\t\t\t\t<\/div>\n\t\t\t\t\t<\/div>\n\t\t<\/div>\n\t\t\t\t\t\t\t\t<\/div>\n\t\t\t\t\t<\/div>\n\t\t<\/section>\n\t\t\t\t<section class=\"elementor-section elementor-top-section elementor-element elementor-element-7a34f98 elementor-section-boxed elementor-section-height-default elementor-section-height-default\" data-id=\"7a34f98\" data-element_type=\"section\">\n\t\t\t\t\t\t<div class=\"elementor-container elementor-column-gap-default\">\n\t\t\t\t\t\t\t<div class=\"elementor-row\">\n\t\t\t\t\t<div class=\"elementor-column elementor-col-66 elementor-top-column elementor-element elementor-element-30dc45b\" data-id=\"30dc45b\" data-element_type=\"column\">\n\t\t\t<div class=\"elementor-column-wrap elementor-element-populated\">\n\t\t\t\t\t\t\t<div class=\"elementor-widget-wrap\">\n\t\t\t\t\t\t<div class=\"elementor-element elementor-element-514c88d elementor-widget elementor-widget-text-editor\" data-id=\"514c88d\" data-element_type=\"widget\" data-widget_type=\"text-editor.default\">\n\t\t\t\t<div class=\"elementor-widget-container\">\n\t\t\t\t\t\t\t\t<div class=\"elementor-text-editor elementor-clearfix\">\n\t\t\t\t<p><strong><span style=\"color: #0000ff;\">Ludmila (102 Jahre alt) aus Katriniskovski<\/span><\/strong><br \/>Ich wohne in einer recht kalten Gegend und war deswegen stets an M\u00e4nnern interessiert, die \u00fcber ein entsprechendes K\u00f6rpervolumen verf\u00fcgen. Ein Mann muss einfach fett sein und ich weiss wovon ich rede. Mein achter Mann zum Beispiel wog satte 190 Kilo und war dabei schnuckelige 1,75 Meter gross. Er war ein echter Traumtyp. Leider starb er mit seinen 88 Jahren doch recht jung!<br \/>Am liebsten mochte mein achter Mann unser Nationalgericht welches Elchokrassbrischni heisst. Im Prinzip ist das ein gegrillter Elch, wobei man aus dem Geweih eine herrliche Sosse bereiten kann. Dieses Gericht ist \u00e4usserst schmackhaft, sehr fettig und st\u00e4rkt die Manneskraft!<br \/>Mein achter Mann hat einmal fast einen ganzen Elch verspeist und ich war m\u00e4chtig stolz auf ihn! Nach diesem Genuss ist er beinahe geplatzt. Das w\u00e4re dann eine m\u00e4chtige Sauerei geworden. Doch zum Gl\u00fcck ist das nicht passiert. Ich finde deshalb auch Brischni.de so gut, weil es das Bild des idealen Mannes richtig pr\u00e4sentiert. Fette M\u00e4nner sind einfach klasse! Nicht umsonst hatte ich f\u00fcr meinen achten Mann einen tollen Kosenamen! Ich nannte ihn immer &#8222;Mein fetter Auerhahn&#8220;. \u00dcbrigens bin ich ein grosser Fan von Fastfood. Ich liebe Hamburger, Big M\u00e4cs, Whopper und wie die Dinger alle heissen. Vor allem die Br\u00f6tchen sind toll, damit komme ich auch ohne Z\u00e4hne klar! Ihr seht also, dass ich modern bin. Vielleicht spricht diese Aufgeschlossenheit ja einen Mann an. Ich w\u00e4re jedenfalls interessiert. Er sollte nur kein d\u00fcnner Typ sein! Das ist mir wichtig! Interessiert? Dann schreibt mir doch mal an:<br \/><span style=\"color: #0000ff;\"><strong>Ludmila Ludbalakanski<\/strong><\/span><br \/><span style=\"color: #0000ff;\"><strong>Schromonski Alleci 122<\/strong><\/span><br \/><span style=\"color: #0000ff;\"><strong>9999 Katrinikovski de Broschnivaskoy<\/strong><\/span><\/p>\t\t\t\t\t<\/div>\n\t\t\t\t\t\t<\/div>\n\t\t\t\t<\/div>\n\t\t\t\t\t\t<\/div>\n\t\t\t\t\t<\/div>\n\t\t<\/div>\n\t\t\t\t<div class=\"elementor-column elementor-col-33 elementor-top-column elementor-element elementor-element-87afdeb\" data-id=\"87afdeb\" data-element_type=\"column\">\n\t\t\t<div class=\"elementor-column-wrap elementor-element-populated\">\n\t\t\t\t\t\t\t<div class=\"elementor-widget-wrap\">\n\t\t\t\t\t\t<div class=\"elementor-element elementor-element-0c46de0 elementor-widget elementor-widget-image\" data-id=\"0c46de0\" data-element_type=\"widget\" data-widget_type=\"image.default\">\n\t\t\t\t<div class=\"elementor-widget-container\">\n\t\t\t\t\t\t\t\t<div class=\"elementor-image\">\n\t\t\t\t\t\t\t\t\t<figure class=\"wp-caption\">\n\t\t\t\t\t\t\t\t\t\t<img loading=\"lazy\" decoding=\"async\" width=\"187\" height=\"250\" src=\"https:\/\/brischni.de\/wp-content\/uploads\/2019\/08\/traumfrau.gif\" class=\"attachment-large size-large\" alt=\"\" \/>\t\t\t\t\t\t\t\t\t\t\t<figcaption class=\"widget-image-caption wp-caption-text\">Ludmila. 102 Jahre alt<\/figcaption>\n\t\t\t\t\t\t\t\t\t\t<\/figure>\n\t\t\t\t\t\t\t\t<\/div>\n\t\t\t\t\t\t<\/div>\n\t\t\t\t<\/div>\n\t\t\t\t\t\t<\/div>\n\t\t\t\t\t<\/div>\n\t\t<\/div>\n\t\t\t\t\t\t\t\t<\/div>\n\t\t\t\t\t<\/div>\n\t\t<\/section>\n\t\t\t\t<section class=\"elementor-section elementor-top-section elementor-element elementor-element-78243de elementor-section-boxed elementor-section-height-default elementor-section-height-default\" data-id=\"78243de\" data-element_type=\"section\">\n\t\t\t\t\t\t<div class=\"elementor-container elementor-column-gap-default\">\n\t\t\t\t\t\t\t<div class=\"elementor-row\">\n\t\t\t\t\t<div class=\"elementor-column elementor-col-33 elementor-top-column elementor-element elementor-element-f7606ce\" data-id=\"f7606ce\" data-element_type=\"column\">\n\t\t\t<div class=\"elementor-column-wrap elementor-element-populated\">\n\t\t\t\t\t\t\t<div class=\"elementor-widget-wrap\">\n\t\t\t\t\t\t<div class=\"elementor-element elementor-element-2a01ede elementor-widget elementor-widget-image\" data-id=\"2a01ede\" data-element_type=\"widget\" data-widget_type=\"image.default\">\n\t\t\t\t<div class=\"elementor-widget-container\">\n\t\t\t\t\t\t\t\t<div class=\"elementor-image\">\n\t\t\t\t\t\t\t\t\t<figure class=\"wp-caption\">\n\t\t\t\t\t\t\t\t\t\t<img loading=\"lazy\" decoding=\"async\" width=\"80\" height=\"123\" src=\"https:\/\/brischni.de\/wp-content\/uploads\/2019\/08\/xx002.gif\" class=\"attachment-large size-large\" alt=\"\" \/>\t\t\t\t\t\t\t\t\t\t\t<figcaption class=\"widget-image-caption wp-caption-text\">D\u00f6rthe, 22 Jahre alt<\/figcaption>\n\t\t\t\t\t\t\t\t\t\t<\/figure>\n\t\t\t\t\t\t\t\t<\/div>\n\t\t\t\t\t\t<\/div>\n\t\t\t\t<\/div>\n\t\t\t\t\t\t<\/div>\n\t\t\t\t\t<\/div>\n\t\t<\/div>\n\t\t\t\t<div class=\"elementor-column elementor-col-66 elementor-top-column elementor-element elementor-element-f625c2d\" data-id=\"f625c2d\" data-element_type=\"column\">\n\t\t\t<div class=\"elementor-column-wrap elementor-element-populated\">\n\t\t\t\t\t\t\t<div class=\"elementor-widget-wrap\">\n\t\t\t\t\t\t<div class=\"elementor-element elementor-element-0a55d0d elementor-widget elementor-widget-text-editor\" data-id=\"0a55d0d\" data-element_type=\"widget\" data-widget_type=\"text-editor.default\">\n\t\t\t\t<div class=\"elementor-widget-container\">\n\t\t\t\t\t\t\t\t<div class=\"elementor-text-editor elementor-clearfix\">\n\t\t\t\t<p><span style=\"color: #0000ff;\"><strong>D\u00f6rthe (22 Jahre alt) aus H\u00fchneroog<\/strong><\/span><br \/>Ich glaube nicht, dass man einen Mann mit einem kurzen R\u00f6ckchen, blonder M\u00e4hne und wackelndem Hintern ansprechen oder anmachen kann! Manche glauben einfach, dass ich bl\u00f6d bin. Das stimmt aber eigentlich nicht. Die Brischni Vokabeln habe ich gelernt und kann sie fast alle. Und das habe ich ganz alleine geschafft in nicht mal zwei Monaten!<\/p><p>Brischni.de lese ich regelm\u00e4ssig. Da erf\u00e4hrt man viel \u00fcber tolle Typen und lernt was f\u00fcrs Leben! Das ist wichtig, weil bei uns nicht soviel los ist. Wir haben einmal im Monat Disco auf unserer Hallig und da geh ich immer hin.<\/p><p>Ich steh total auf Typen, die in der D\u00f6ner-Bude wissen, was sie wollen. Ich schaffe solch einen D\u00f6ner komplett nie, weil da zuviel Pommes und so drauf sind. Wenn aber ein Mann rein kommt, der sich die volle\u00a0 Portion rein zieht dann haut mich das aus den Socken. Ich denke dann, dass ich den Typen haben muss. Einmal hab ich mich dann getraut solch ein gestandes Mannsbild anzusprechen. Ich hab gesagt: &#8222;Gibs mir Du fette Fritte!&#8220;. Oh Mann, hat der Typ es mir vielleicht gegeben. Er schmeckte so gut nach Zwiebeln, Knoblauch, Frittenfett und sowas. Das war aufregend! Als ich dann noch st\u00f6hnte &#8222;Gib mir Deinen D\u00f6ner Spiess&#8220; f\u00fchlte ich mich im siebten Himmel.<\/p><p>Ja, ich m\u00f6chte gerne einen echten Snjetter kennenlernen. Der Geruch aus Schweiss, D\u00f6ner, Knoblauch, Zwiebeln, Cola und Rauch macht mich rasend. Wenn Du solch ein Typ bist, dann schreib mir:<br \/><strong><span style=\"color: #0000ff;\">D\u00f6rthe Willnochmal<\/span><\/strong><br \/><strong><span style=\"color: #0000ff;\">H\u00fchner Hallig 2b<\/span><\/strong><br \/><strong><span style=\"color: #0000ff;\">22222 H\u00fchneroog<\/span><\/strong><\/p>\t\t\t\t\t<\/div>\n\t\t\t\t\t\t<\/div>\n\t\t\t\t<\/div>\n\t\t\t\t\t\t<\/div>\n\t\t\t\t\t<\/div>\n\t\t<\/div>\n\t\t\t\t\t\t\t\t<\/div>\n\t\t\t\t\t<\/div>\n\t\t<\/section>\n\t\t\t\t\t\t\t\t\t<\/div>\n\t\t\t<\/div>\n\t\t\t\t\t<\/div>\n\t\t","protected":false},"excerpt":{"rendered":"<p>Echte Weiber und ihre M\u00e4nner Ludmila (102 Jahre alt) aus KatriniskovskiIch wohne in einer recht kalten Gegend und war deswegen stets an M\u00e4nnern interessiert, die \u00fcber ein entsprechendes K\u00f6rpervolumen verf\u00fcgen. Ein Mann muss einfach fett sein und ich weiss wovon ich rede. Mein achter Mann zum Beispiel wog satte 190 Kilo und war dabei schnuckelige [&hellip;]<\/p>\n","protected":false},"author":1,"featured_media":0,"parent":0,"menu_order":0,"comment_status":"closed","ping_status":"closed","template":"","meta":{"footnotes":""},"class_list":["post-95","page","type-page","status-publish","hentry","entry"],"_links":{"self":[{"href":"https:\/\/brischni.de\/index.php?rest_route=\/wp\/v2\/pages\/95"}],"collection":[{"href":"https:\/\/brischni.de\/index.php?rest_route=\/wp\/v2\/pages"}],"about":[{"href":"https:\/\/brischni.de\/index.php?rest_route=\/wp\/v2\/types\/page"}],"author":[{"embeddable":true,"href":"https:\/\/brischni.de\/index.php?rest_route=\/wp\/v2\/users\/1"}],"replies":[{"embeddable":true,"href":"https:\/\/brischni.de\/index.php?rest_route=%2Fwp%2Fv2%2Fcomments&post=95"}],"version-history":[{"count":4,"href":"https:\/\/brischni.de\/index.php?rest_route=\/wp\/v2\/pages\/95\/revisions"}],"predecessor-version":[{"id":214,"href":"https:\/\/brischni.de\/index.php?rest_route=\/wp\/v2\/pages\/95\/revisions\/214"}],"wp:attachment":[{"href":"https:\/\/brischni.de\/index.php?rest_route=%2Fwp%2Fv2%2Fmedia&parent=95"}],"curies":[{"name":"wp","href":"https:\/\/api.w.org\/{rel}","templated":true}]}}