{"id":75,"date":"2019-08-18T12:07:27","date_gmt":"2019-08-18T12:07:27","guid":{"rendered":"http:\/\/brischni.de\/?page_id=75"},"modified":"2019-08-18T12:37:38","modified_gmt":"2019-08-18T12:37:38","slug":"kunstwerke","status":"publish","type":"page","link":"https:\/\/brischni.de\/?page_id=75","title":{"rendered":"Kunstwerke"},"content":{"rendered":"\t\t<div data-elementor-type=\"wp-post\" data-elementor-id=\"75\" class=\"elementor elementor-75\">\n\t\t\t\t\t\t<div class=\"elementor-inner\">\n\t\t\t\t<div class=\"elementor-section-wrap\">\n\t\t\t\t\t\t\t\t\t<section class=\"elementor-section elementor-top-section elementor-element elementor-element-9405f31 elementor-section-boxed elementor-section-height-default elementor-section-height-default\" data-id=\"9405f31\" data-element_type=\"section\">\n\t\t\t\t\t\t<div class=\"elementor-container elementor-column-gap-default\">\n\t\t\t\t\t\t\t<div class=\"elementor-row\">\n\t\t\t\t\t<div class=\"elementor-column elementor-col-100 elementor-top-column elementor-element elementor-element-ec25027\" data-id=\"ec25027\" data-element_type=\"column\">\n\t\t\t<div class=\"elementor-column-wrap elementor-element-populated\">\n\t\t\t\t\t\t\t<div class=\"elementor-widget-wrap\">\n\t\t\t\t\t\t<div class=\"elementor-element elementor-element-643c877 elementor-widget elementor-widget-heading\" data-id=\"643c877\" data-element_type=\"widget\" data-widget_type=\"heading.default\">\n\t\t\t\t<div class=\"elementor-widget-container\">\n\t\t\t<h1 class=\"elementor-heading-title elementor-size-large\">Echte Kunstwerke im Brischni Magazin<\/h1>\t\t<\/div>\n\t\t\t\t<\/div>\n\t\t\t\t\t\t<\/div>\n\t\t\t\t\t<\/div>\n\t\t<\/div>\n\t\t\t\t\t\t\t\t<\/div>\n\t\t\t\t\t<\/div>\n\t\t<\/section>\n\t\t\t\t<section class=\"elementor-section elementor-top-section elementor-element elementor-element-3fc5730 elementor-section-boxed elementor-section-height-default elementor-section-height-default\" data-id=\"3fc5730\" data-element_type=\"section\">\n\t\t\t\t\t\t<div class=\"elementor-container elementor-column-gap-default\">\n\t\t\t\t\t\t\t<div class=\"elementor-row\">\n\t\t\t\t\t<div class=\"elementor-column elementor-col-100 elementor-top-column elementor-element elementor-element-1396335\" data-id=\"1396335\" data-element_type=\"column\">\n\t\t\t<div class=\"elementor-column-wrap elementor-element-populated\">\n\t\t\t\t\t\t\t<div class=\"elementor-widget-wrap\">\n\t\t\t\t\t\t<div class=\"elementor-element elementor-element-feb73af elementor-widget elementor-widget-heading\" data-id=\"feb73af\" data-element_type=\"widget\" data-widget_type=\"heading.default\">\n\t\t\t\t<div class=\"elementor-widget-container\">\n\t\t\t<h2 class=\"elementor-heading-title elementor-size-default\">Ruhender Marktplatz<\/h2>\t\t<\/div>\n\t\t\t\t<\/div>\n\t\t\t\t\t\t<\/div>\n\t\t\t\t\t<\/div>\n\t\t<\/div>\n\t\t\t\t\t\t\t\t<\/div>\n\t\t\t\t\t<\/div>\n\t\t<\/section>\n\t\t\t\t<section class=\"elementor-section elementor-top-section elementor-element elementor-element-7607044 elementor-section-boxed elementor-section-height-default elementor-section-height-default\" data-id=\"7607044\" data-element_type=\"section\">\n\t\t\t\t\t\t<div class=\"elementor-container elementor-column-gap-default\">\n\t\t\t\t\t\t\t<div class=\"elementor-row\">\n\t\t\t\t\t<div class=\"elementor-column elementor-col-66 elementor-top-column elementor-element elementor-element-f042f65\" data-id=\"f042f65\" data-element_type=\"column\">\n\t\t\t<div class=\"elementor-column-wrap elementor-element-populated\">\n\t\t\t\t\t\t\t<div class=\"elementor-widget-wrap\">\n\t\t\t\t\t\t<div class=\"elementor-element elementor-element-d211140 elementor-widget elementor-widget-text-editor\" data-id=\"d211140\" data-element_type=\"widget\" data-widget_type=\"text-editor.default\">\n\t\t\t\t<div class=\"elementor-widget-container\">\n\t\t\t\t\t\t\t\t<div class=\"elementor-text-editor elementor-clearfix\">\n\t\t\t\tDieses Werk stammt von dem ber\u00fchmten G\u00f6ttinger Maler Peter Falter-Schimmelpilz und heisst &#8222;Ruhender Marktplatz im Herbst&#8220;. Brischni.de darf dieses Werk aus dem Jahre 1999 exclusiv zeigen! Der gesch\u00e4tzte Wert dieses Gem\u00e4ldes reicht in astronomische H\u00f6hen! Wer mag kann gerne seine Eindr\u00fccke zu diesem Werk mailen! \t\t\t\t\t<\/div>\n\t\t\t\t\t\t<\/div>\n\t\t\t\t<\/div>\n\t\t\t\t\t\t<\/div>\n\t\t\t\t\t<\/div>\n\t\t<\/div>\n\t\t\t\t<div class=\"elementor-column elementor-col-33 elementor-top-column elementor-element elementor-element-30b17d4\" data-id=\"30b17d4\" data-element_type=\"column\">\n\t\t\t<div class=\"elementor-column-wrap elementor-element-populated\">\n\t\t\t\t\t\t\t<div class=\"elementor-widget-wrap\">\n\t\t\t\t\t\t<div class=\"elementor-element elementor-element-a709bdb elementor-widget elementor-widget-image\" data-id=\"a709bdb\" data-element_type=\"widget\" data-widget_type=\"image.default\">\n\t\t\t\t<div class=\"elementor-widget-container\">\n\t\t\t\t\t\t\t\t<div class=\"elementor-image\">\n\t\t\t\t\t\t\t\t\t\t\t\t<img loading=\"lazy\" decoding=\"async\" width=\"562\" height=\"313\" src=\"https:\/\/brischni.de\/wp-content\/uploads\/2019\/08\/markt.jpg\" class=\"attachment-large size-large\" alt=\"\" srcset=\"https:\/\/brischni.de\/wp-content\/uploads\/2019\/08\/markt.jpg 562w, https:\/\/brischni.de\/wp-content\/uploads\/2019\/08\/markt-300x167.jpg 300w\" sizes=\"(max-width: 562px) 100vw, 562px\" \/>\t\t\t\t\t\t\t\t\t\t\t\t\t\t<\/div>\n\t\t\t\t\t\t<\/div>\n\t\t\t\t<\/div>\n\t\t\t\t\t\t<\/div>\n\t\t\t\t\t<\/div>\n\t\t<\/div>\n\t\t\t\t\t\t\t\t<\/div>\n\t\t\t\t\t<\/div>\n\t\t<\/section>\n\t\t\t\t<section class=\"elementor-section elementor-top-section elementor-element elementor-element-dc8ffee elementor-section-boxed elementor-section-height-default elementor-section-height-default\" data-id=\"dc8ffee\" data-element_type=\"section\">\n\t\t\t\t\t\t<div class=\"elementor-container elementor-column-gap-default\">\n\t\t\t\t\t\t\t<div class=\"elementor-row\">\n\t\t\t\t\t<div class=\"elementor-column elementor-col-100 elementor-top-column elementor-element elementor-element-05f5256\" data-id=\"05f5256\" data-element_type=\"column\">\n\t\t\t<div class=\"elementor-column-wrap elementor-element-populated\">\n\t\t\t\t\t\t\t<div class=\"elementor-widget-wrap\">\n\t\t\t\t\t\t<div class=\"elementor-element elementor-element-875b4b2 elementor-widget elementor-widget-heading\" data-id=\"875b4b2\" data-element_type=\"widget\" data-widget_type=\"heading.default\">\n\t\t\t\t<div class=\"elementor-widget-container\">\n\t\t\t<h2 class=\"elementor-heading-title elementor-size-default\">Das Kirchenfenster von Metz<\/h2>\t\t<\/div>\n\t\t\t\t<\/div>\n\t\t\t\t\t\t<\/div>\n\t\t\t\t\t<\/div>\n\t\t<\/div>\n\t\t\t\t\t\t\t\t<\/div>\n\t\t\t\t\t<\/div>\n\t\t<\/section>\n\t\t\t\t<section class=\"elementor-section elementor-top-section elementor-element elementor-element-8cb128e elementor-section-boxed elementor-section-height-default elementor-section-height-default\" data-id=\"8cb128e\" data-element_type=\"section\">\n\t\t\t\t\t\t<div class=\"elementor-container elementor-column-gap-default\">\n\t\t\t\t\t\t\t<div class=\"elementor-row\">\n\t\t\t\t\t<div class=\"elementor-column elementor-col-33 elementor-top-column elementor-element elementor-element-2ef7ae8\" data-id=\"2ef7ae8\" data-element_type=\"column\">\n\t\t\t<div class=\"elementor-column-wrap elementor-element-populated\">\n\t\t\t\t\t\t\t<div class=\"elementor-widget-wrap\">\n\t\t\t\t\t\t<div class=\"elementor-element elementor-element-a5b71b1 elementor-widget elementor-widget-image\" data-id=\"a5b71b1\" data-element_type=\"widget\" data-widget_type=\"image.default\">\n\t\t\t\t<div class=\"elementor-widget-container\">\n\t\t\t\t\t\t\t\t<div class=\"elementor-image\">\n\t\t\t\t\t\t\t\t\t\t\t\t<img loading=\"lazy\" decoding=\"async\" width=\"353\" height=\"512\" src=\"https:\/\/brischni.de\/wp-content\/uploads\/2019\/08\/Fenster.jpg\" class=\"attachment-large size-large\" alt=\"\" srcset=\"https:\/\/brischni.de\/wp-content\/uploads\/2019\/08\/Fenster.jpg 353w, https:\/\/brischni.de\/wp-content\/uploads\/2019\/08\/Fenster-207x300.jpg 207w\" sizes=\"(max-width: 353px) 100vw, 353px\" \/>\t\t\t\t\t\t\t\t\t\t\t\t\t\t<\/div>\n\t\t\t\t\t\t<\/div>\n\t\t\t\t<\/div>\n\t\t\t\t\t\t<\/div>\n\t\t\t\t\t<\/div>\n\t\t<\/div>\n\t\t\t\t<div class=\"elementor-column elementor-col-66 elementor-top-column elementor-element elementor-element-fbba3e4\" data-id=\"fbba3e4\" data-element_type=\"column\">\n\t\t\t<div class=\"elementor-column-wrap elementor-element-populated\">\n\t\t\t\t\t\t\t<div class=\"elementor-widget-wrap\">\n\t\t\t\t\t\t<div class=\"elementor-element elementor-element-aabfa60 elementor-widget elementor-widget-text-editor\" data-id=\"aabfa60\" data-element_type=\"widget\" data-widget_type=\"text-editor.default\">\n\t\t\t\t<div class=\"elementor-widget-container\">\n\t\t\t\t\t\t\t\t<div class=\"elementor-text-editor elementor-clearfix\">\n\t\t\t\t<p>Das Bild &#8222;Kirchenfenster von Metz&#8220; malte ich im Jahre 1971. Markant ist die Farbgebung dieses Bildes, welche verschiedene Epochen der franz\u00f6sischen Geschichte vereinigen sollen.<\/p><p>Das Blau spiegelt die Weiten des Himmels wieder, ist aber auch an der franz\u00f6sichen Flagge ausgerichet. Die gelben Elemente spiegeln die Sonne und das Licht wieder, welches jedoch durch die schwarzen Elemente ausgeglichen werden. Dies ist ein Bild sowohl f\u00fcr den Optimisten, als auch den Pessimisten.<\/p><p>Wichtig ist die Farbgebung der Wand, welche erdenhaft sein soll. Dies spiegelt den Menschen auf der Erde wieder und zeigt die gesamte Bandbreite des menschlichen Daseins auf. Insoweit eignet sich dieses Bild auch hervorragend f\u00fcr Realisten. Ich malte dieses Bild in einer gewissen Depression, welche ich durch eine Flasche Jack Daniels noch vertiefte. Dies insperierte mich letzten Endes zu diesem Meisterwerk der Kunst.<\/p><p><b>Fragen des Brischni Magazins<\/b><\/p><p><strong>Brischni-Magazin<\/strong>: Kann man dieses Fenster tats\u00e4chlich in Metz sehen und wie kamen Sie auf den Namen?<\/p><p><strong>P.Schmolz<\/strong>: Nein, ich war noch nie in Metz. Aber unter solch einem Titel l\u00e4sst sich sowas gut verkaufen. Stellen Sie sich vor das Bild hiesse &#8222;Das Kirchenfenster von Wanne Eickel&#8220;. Wer w\u00fcrde sowas kaufen? Bei der letzten Auktion in London brachte das Bild immerhin 1,25 Millionen Euro&#8230;..Leider ist das Bild nicht mehr in meinem Besitz. Ich habe es 1971 auf einem Flohmarkt in Erkenschwick f\u00fcr 20 Mark verkauft. Ich \u00e4rgere mich heute noch schwarz dar\u00fcber.<\/p><p><strong>Brischni-Magazin<\/strong>: Warum der starke Bezug zu Frankreich?<\/p><p><strong>P.Schmolz<\/strong>: Ein Bild &#8222;Kirchenfenster in Metz&#8220; kann ja keinen Bezug zu Italien haben, oder? Das w\u00e4re Schwachsinn. Aber lassen Sie mich nun mein zweites Bild erl\u00e4utern.<\/p>\t\t\t\t\t<\/div>\n\t\t\t\t\t\t<\/div>\n\t\t\t\t<\/div>\n\t\t\t\t\t\t<\/div>\n\t\t\t\t\t<\/div>\n\t\t<\/div>\n\t\t\t\t\t\t\t\t<\/div>\n\t\t\t\t\t<\/div>\n\t\t<\/section>\n\t\t\t\t<section class=\"elementor-section elementor-top-section elementor-element elementor-element-f38a67c elementor-section-boxed elementor-section-height-default elementor-section-height-default\" data-id=\"f38a67c\" data-element_type=\"section\">\n\t\t\t\t\t\t<div class=\"elementor-container elementor-column-gap-default\">\n\t\t\t\t\t\t\t<div class=\"elementor-row\">\n\t\t\t\t\t<div class=\"elementor-column elementor-col-100 elementor-top-column elementor-element elementor-element-568a1ba\" data-id=\"568a1ba\" data-element_type=\"column\">\n\t\t\t<div class=\"elementor-column-wrap elementor-element-populated\">\n\t\t\t\t\t\t\t<div class=\"elementor-widget-wrap\">\n\t\t\t\t\t\t<div class=\"elementor-element elementor-element-668e5f8 elementor-widget elementor-widget-heading\" data-id=\"668e5f8\" data-element_type=\"widget\" data-widget_type=\"heading.default\">\n\t\t\t\t<div class=\"elementor-widget-container\">\n\t\t\t<h2 class=\"elementor-heading-title elementor-size-default\">Baum am Fluss der im Wind wankt<\/h2>\t\t<\/div>\n\t\t\t\t<\/div>\n\t\t\t\t\t\t<\/div>\n\t\t\t\t\t<\/div>\n\t\t<\/div>\n\t\t\t\t\t\t\t\t<\/div>\n\t\t\t\t\t<\/div>\n\t\t<\/section>\n\t\t\t\t<section class=\"elementor-section elementor-top-section elementor-element elementor-element-7b69423 elementor-section-boxed elementor-section-height-default elementor-section-height-default\" data-id=\"7b69423\" data-element_type=\"section\">\n\t\t\t\t\t\t<div class=\"elementor-container elementor-column-gap-default\">\n\t\t\t\t\t\t\t<div class=\"elementor-row\">\n\t\t\t\t\t<div class=\"elementor-column elementor-col-66 elementor-top-column elementor-element elementor-element-48c2b11\" data-id=\"48c2b11\" data-element_type=\"column\">\n\t\t\t<div class=\"elementor-column-wrap elementor-element-populated\">\n\t\t\t\t\t\t\t<div class=\"elementor-widget-wrap\">\n\t\t\t\t\t\t<div class=\"elementor-element elementor-element-c1427a6 elementor-widget elementor-widget-text-editor\" data-id=\"c1427a6\" data-element_type=\"widget\" data-widget_type=\"text-editor.default\">\n\t\t\t\t<div class=\"elementor-widget-container\">\n\t\t\t\t\t\t\t\t<div class=\"elementor-text-editor elementor-clearfix\">\n\t\t\t\t<p>Dies ist das Bild mit dem st\u00e4rksten Ausdruck, den ich wohl je vermitteln konnte. Es birgt viele Geheimnisse in sich, die man erst bei mehrmaligem Betrachten aufnimmt.<\/p><p>Eine Besucherin meiner letzten Ausstellung verliess selbige mit einem Weinkrampf und musste nach dem langen Betrachten meines Bildes drei Monate in psychologische Behandlung. Diese Frau hattevermutlich erkannt, was ich mit dem Bild sagen will.<\/p><p>Dieses Bild beschreibt auf unnachahmliche Art den Lauf des Lebens. Der Baum symbolisiert die Neigung der Lebewesen vor den Gewalten der Natur. Das Blau verk\u00f6rpert die Elemente Himmel und Wasser. Das Bild l\u00e4sst hierbei Spielraum zur Interpretation. Der eine Betrachter sieht einen sch\u00f6nen Sommertag, der andere den nahenden Herbst.<\/p><p>Man muss dieses Bild einfach auf sich wirken lassen, um die ganze Aura zu erfahren.<\/p><p><strong>Fragen des Brischnis Magazines<\/strong><\/p><p><strong>Brischni-Magazin<\/strong>: Warum stellt solch ein weltbekannter K\u00fcnstler wie Sie seine Werke im Brischni Magazin aus?<\/p><p><strong>P.Schmolz<\/strong>: Das Brischni-Magazin ist eine tolle Plattform f\u00fcr h\u00f6here Kunst. Viele Artikel dieses Magazins haben mich stark beeindruckt.<\/p><p><strong>Brischni-Magazin<\/strong>: Erz\u00e4hlen Sie bitte mehr!<\/p><p><strong>P. Schmolz<\/strong>: \u00dcber das Brischni Magazin habe ich beispielsweise Herrn Dr. Riemenbinder kennen- und sch\u00e4tzen gelernt. Das Magazin hilft in vielen Lebenslagen und inspiriert mich in meinem Schaffen. Mein neuestes Werk heisst \u00fcbrigens &#8222;Der Gallische Hahn beim Rasen m\u00e4hen&#8220;. Ein fantastisches Werk welches ich vielleicht hier demn\u00e4chst ausstellen werde.<\/p><p><strong>Brischni Magazin<\/strong>: Wir danken Ihnen f\u00fcr diesen interessanten Einblick in Ihre Kunst. Gerne stellen wir weitere Bilder von Ihnen aus.<\/p>\t\t\t\t\t<\/div>\n\t\t\t\t\t\t<\/div>\n\t\t\t\t<\/div>\n\t\t\t\t\t\t<\/div>\n\t\t\t\t\t<\/div>\n\t\t<\/div>\n\t\t\t\t<div class=\"elementor-column elementor-col-33 elementor-top-column elementor-element elementor-element-30abc92\" data-id=\"30abc92\" data-element_type=\"column\">\n\t\t\t<div class=\"elementor-column-wrap elementor-element-populated\">\n\t\t\t\t\t\t\t<div class=\"elementor-widget-wrap\">\n\t\t\t\t\t\t<div class=\"elementor-element elementor-element-2ad0e9f elementor-widget elementor-widget-image\" data-id=\"2ad0e9f\" data-element_type=\"widget\" data-widget_type=\"image.default\">\n\t\t\t\t<div class=\"elementor-widget-container\">\n\t\t\t\t\t\t\t\t<div class=\"elementor-image\">\n\t\t\t\t\t\t\t\t\t\t\t\t<img loading=\"lazy\" decoding=\"async\" width=\"370\" height=\"545\" src=\"https:\/\/brischni.de\/wp-content\/uploads\/2019\/08\/Baum.jpg\" class=\"attachment-large size-large\" alt=\"\" srcset=\"https:\/\/brischni.de\/wp-content\/uploads\/2019\/08\/Baum.jpg 370w, https:\/\/brischni.de\/wp-content\/uploads\/2019\/08\/Baum-204x300.jpg 204w\" sizes=\"(max-width: 370px) 100vw, 370px\" \/>\t\t\t\t\t\t\t\t\t\t\t\t\t\t<\/div>\n\t\t\t\t\t\t<\/div>\n\t\t\t\t<\/div>\n\t\t\t\t\t\t<\/div>\n\t\t\t\t\t<\/div>\n\t\t<\/div>\n\t\t\t\t\t\t\t\t<\/div>\n\t\t\t\t\t<\/div>\n\t\t<\/section>\n\t\t\t\t\t\t\t\t\t<\/div>\n\t\t\t<\/div>\n\t\t\t\t\t<\/div>\n\t\t","protected":false},"excerpt":{"rendered":"<p>Echte Kunstwerke im Brischni Magazin Ruhender Marktplatz Dieses Werk stammt von dem ber\u00fchmten G\u00f6ttinger Maler Peter Falter-Schimmelpilz und heisst &#8222;Ruhender Marktplatz im Herbst&#8220;. Brischni.de darf dieses Werk aus dem Jahre 1999 exclusiv zeigen! Der gesch\u00e4tzte Wert dieses Gem\u00e4ldes reicht in astronomische H\u00f6hen! Wer mag kann gerne seine Eindr\u00fccke zu diesem Werk mailen! Das Kirchenfenster von [&hellip;]<\/p>\n","protected":false},"author":1,"featured_media":0,"parent":0,"menu_order":0,"comment_status":"closed","ping_status":"closed","template":"","meta":{"footnotes":""},"class_list":["post-75","page","type-page","status-publish","hentry","entry"],"_links":{"self":[{"href":"https:\/\/brischni.de\/index.php?rest_route=\/wp\/v2\/pages\/75"}],"collection":[{"href":"https:\/\/brischni.de\/index.php?rest_route=\/wp\/v2\/pages"}],"about":[{"href":"https:\/\/brischni.de\/index.php?rest_route=\/wp\/v2\/types\/page"}],"author":[{"embeddable":true,"href":"https:\/\/brischni.de\/index.php?rest_route=\/wp\/v2\/users\/1"}],"replies":[{"embeddable":true,"href":"https:\/\/brischni.de\/index.php?rest_route=%2Fwp%2Fv2%2Fcomments&post=75"}],"version-history":[{"count":7,"href":"https:\/\/brischni.de\/index.php?rest_route=\/wp\/v2\/pages\/75\/revisions"}],"predecessor-version":[{"id":94,"href":"https:\/\/brischni.de\/index.php?rest_route=\/wp\/v2\/pages\/75\/revisions\/94"}],"wp:attachment":[{"href":"https:\/\/brischni.de\/index.php?rest_route=%2Fwp%2Fv2%2Fmedia&parent=75"}],"curies":[{"name":"wp","href":"https:\/\/api.w.org\/{rel}","templated":true}]}}