{"id":69,"date":"2019-08-18T12:05:42","date_gmt":"2019-08-18T12:05:42","guid":{"rendered":"http:\/\/brischni.de\/?page_id=69"},"modified":"2019-08-18T17:35:27","modified_gmt":"2019-08-18T17:35:27","slug":"brischni_sprache","status":"publish","type":"page","link":"https:\/\/brischni.de\/?page_id=69","title":{"rendered":"Brischni_Sprache"},"content":{"rendered":"\t\t<div data-elementor-type=\"wp-post\" data-elementor-id=\"69\" class=\"elementor elementor-69\">\n\t\t\t\t\t\t<div class=\"elementor-inner\">\n\t\t\t\t<div class=\"elementor-section-wrap\">\n\t\t\t\t\t\t\t\t\t<section class=\"elementor-section elementor-top-section elementor-element elementor-element-f785e02 elementor-section-boxed elementor-section-height-default elementor-section-height-default\" data-id=\"f785e02\" data-element_type=\"section\">\n\t\t\t\t\t\t<div class=\"elementor-container elementor-column-gap-default\">\n\t\t\t\t\t\t\t<div class=\"elementor-row\">\n\t\t\t\t\t<div class=\"elementor-column elementor-col-100 elementor-top-column elementor-element elementor-element-bfe8dc7\" data-id=\"bfe8dc7\" data-element_type=\"column\">\n\t\t\t<div class=\"elementor-column-wrap elementor-element-populated\">\n\t\t\t\t\t\t\t<div class=\"elementor-widget-wrap\">\n\t\t\t\t\t\t<div class=\"elementor-element elementor-element-f970e32 elementor-widget elementor-widget-heading\" data-id=\"f970e32\" data-element_type=\"widget\" data-widget_type=\"heading.default\">\n\t\t\t\t<div class=\"elementor-widget-container\">\n\t\t\t<h1 class=\"elementor-heading-title elementor-size-default\">Die Brischni Sprache ist echter Kult!<\/h1>\t\t<\/div>\n\t\t\t\t<\/div>\n\t\t\t\t\t\t<\/div>\n\t\t\t\t\t<\/div>\n\t\t<\/div>\n\t\t\t\t\t\t\t\t<\/div>\n\t\t\t\t\t<\/div>\n\t\t<\/section>\n\t\t\t\t<section class=\"elementor-section elementor-top-section elementor-element elementor-element-e2810d5 elementor-section-boxed elementor-section-height-default elementor-section-height-default\" data-id=\"e2810d5\" data-element_type=\"section\">\n\t\t\t\t\t\t<div class=\"elementor-container elementor-column-gap-default\">\n\t\t\t\t\t\t\t<div class=\"elementor-row\">\n\t\t\t\t\t<div class=\"elementor-column elementor-col-66 elementor-top-column elementor-element elementor-element-da48617\" data-id=\"da48617\" data-element_type=\"column\">\n\t\t\t<div class=\"elementor-column-wrap elementor-element-populated\">\n\t\t\t\t\t\t\t<div class=\"elementor-widget-wrap\">\n\t\t\t\t\t\t<div class=\"elementor-element elementor-element-f7559af elementor-widget elementor-widget-text-editor\" data-id=\"f7559af\" data-element_type=\"widget\" data-widget_type=\"text-editor.default\">\n\t\t\t\t<div class=\"elementor-widget-container\">\n\t\t\t\t\t\t\t\t<div class=\"elementor-text-editor elementor-clearfix\">\n\t\t\t\t<p>Brischni ist Kult! Brischni vereinigt einige neue Sprachelemente, die drohen Kult zu werden, denn heute ist jeder Schrott direkt Kult! Die Brischni-Sprache kennt folgende W\u00f6rter:<br \/><br \/><span style=\"color: #0000ff;\">Brischni<\/span> = fettes Fleisch (wie D\u00f6ner, Gyros, usw.)<br \/><span style=\"color: #0000ff;\">Brischnijesnjet<\/span> = kein fettes Fleisch (durch die Endung snjet)<br \/><span style=\"color: #0000ff;\">Baruschkin<\/span> = Halbglatze<br \/><span style=\"color: #0000ff;\">Schmadda<\/span> = Lutschen<br \/><span style=\"color: #0000ff;\">Schmaddaradanski<\/span> = dicke Hupen (einer Frau) lutschen<br \/><span style=\"color: #0000ff;\">Kertim<\/span> = Scheckkarte<br \/><span style=\"color: #0000ff;\">Snjetter<\/span> = Jemand, der diese schwachsinnige Sprache versteht!<br \/><span style=\"color: #0000ff;\">Heideren<\/span> = Der alte Norweger<br \/><span style=\"color: #0000ff;\">Meiderich<\/span> = Ein toller Typ<\/p>\t\t\t\t\t<\/div>\n\t\t\t\t\t\t<\/div>\n\t\t\t\t<\/div>\n\t\t\t\t\t\t<\/div>\n\t\t\t\t\t<\/div>\n\t\t<\/div>\n\t\t\t\t<div class=\"elementor-column elementor-col-33 elementor-top-column elementor-element elementor-element-72622cf\" data-id=\"72622cf\" data-element_type=\"column\">\n\t\t\t<div class=\"elementor-column-wrap elementor-element-populated\">\n\t\t\t\t\t\t\t<div class=\"elementor-widget-wrap\">\n\t\t\t\t\t\t<div class=\"elementor-element elementor-element-4243078 elementor-widget elementor-widget-image\" data-id=\"4243078\" data-element_type=\"widget\" data-widget_type=\"image.default\">\n\t\t\t\t<div class=\"elementor-widget-container\">\n\t\t\t\t\t\t\t\t<div class=\"elementor-image\">\n\t\t\t\t\t\t\t\t\t<figure class=\"wp-caption\">\n\t\t\t\t\t\t\t\t\t\t<img loading=\"lazy\" decoding=\"async\" width=\"813\" height=\"592\" src=\"https:\/\/brischni.de\/wp-content\/uploads\/2019\/08\/stadt.jpg\" class=\"attachment-large size-large\" alt=\"\" srcset=\"https:\/\/brischni.de\/wp-content\/uploads\/2019\/08\/stadt.jpg 813w, https:\/\/brischni.de\/wp-content\/uploads\/2019\/08\/stadt-300x218.jpg 300w, https:\/\/brischni.de\/wp-content\/uploads\/2019\/08\/stadt-768x559.jpg 768w\" sizes=\"(max-width: 813px) 100vw, 813px\" \/>\t\t\t\t\t\t\t\t\t\t\t<figcaption class=\"widget-image-caption wp-caption-text\">Lerne die Brischni Sprache<\/figcaption>\n\t\t\t\t\t\t\t\t\t\t<\/figure>\n\t\t\t\t\t\t\t\t<\/div>\n\t\t\t\t\t\t<\/div>\n\t\t\t\t<\/div>\n\t\t\t\t\t\t<\/div>\n\t\t\t\t\t<\/div>\n\t\t<\/div>\n\t\t\t\t\t\t\t\t<\/div>\n\t\t\t\t\t<\/div>\n\t\t<\/section>\n\t\t\t\t<section class=\"elementor-section elementor-top-section elementor-element elementor-element-b621301 elementor-section-boxed elementor-section-height-default elementor-section-height-default\" data-id=\"b621301\" data-element_type=\"section\">\n\t\t\t\t\t\t<div class=\"elementor-container elementor-column-gap-default\">\n\t\t\t\t\t\t\t<div class=\"elementor-row\">\n\t\t\t\t\t<div class=\"elementor-column elementor-col-100 elementor-top-column elementor-element elementor-element-0cd9ba3\" data-id=\"0cd9ba3\" data-element_type=\"column\">\n\t\t\t<div class=\"elementor-column-wrap elementor-element-populated\">\n\t\t\t\t\t\t\t<div class=\"elementor-widget-wrap\">\n\t\t\t\t\t\t<div class=\"elementor-element elementor-element-c2489c4 elementor-widget elementor-widget-text-editor\" data-id=\"c2489c4\" data-element_type=\"widget\" data-widget_type=\"text-editor.default\">\n\t\t\t\t<div class=\"elementor-widget-container\">\n\t\t\t\t\t\t\t\t<div class=\"elementor-text-editor elementor-clearfix\">\n\t\t\t\t<p><span style=\"color: #0000ff;\"><strong>Nun noch ein Beispiel<\/strong><\/span><br \/>Heideren, ein Meiderich, ging in die D\u00f6ner-Bude und bestellte sich Brischni. Er zahlte mit seiner Kertim! Seine H\u00e4nde waren fettig und so rieb er sie auf seiner Baruschkin ab. Dann ging er nach Hause und wollte seine Frau verw\u00f6hnen. Beim Schmaddaradanski ging ihm die Puste aus und er dachte, dass er besser Brischnijesnjet genossen h\u00e4tte. Er war einfach zu fett! Armer Heideren!<br \/><br \/><strong><span style=\"color: #0000ff;\">Die \u00dcbersetzung<\/span><\/strong><br \/>Der alte Norweger, ein toller Typ, ging in die D\u00f6ner-Bude und bestellte sich ein fettes Fleischgericht. Er zahlte mit seiner Scheckkarte! Seine H\u00e4nde waren fettig und so rieb er sie an seiner Halbglatze ab. Dann ging er nach Hause und wollte seine Frau verw\u00f6hnen. Als er ihre Hupen lutschte ging ihm die Puste aus und er dachte, dass er besser kein fettes Fleischgericht genossen h\u00e4tte. Er war einfach zu fett! Armer alter Norweger. <br \/><br \/><strong><span style=\"color: #0000ff;\">Das Fazit<\/span><\/strong><br \/>Kommen wir aber nun noch einmal auf die Halbglatze zu sprechen! Wir M\u00e4nner leiden darunter! Die Haare nehmen bei uns ab und der Bauch daf\u00fcr zu! Hierzu sollte man folgendes sagen: Lasst Euch nicht h\u00e4ngen Jungs! Die Frauen stehen auf Baruschkins und fette B\u00e4uche! Also ran an das Brischni!<\/p>\t\t\t\t\t<\/div>\n\t\t\t\t\t\t<\/div>\n\t\t\t\t<\/div>\n\t\t\t\t\t\t<\/div>\n\t\t\t\t\t<\/div>\n\t\t<\/div>\n\t\t\t\t\t\t\t\t<\/div>\n\t\t\t\t\t<\/div>\n\t\t<\/section>\n\t\t\t\t\t\t\t\t\t<\/div>\n\t\t\t<\/div>\n\t\t\t\t\t<\/div>\n\t\t","protected":false},"excerpt":{"rendered":"<p>Die Brischni Sprache ist echter Kult! Brischni ist Kult! Brischni vereinigt einige neue Sprachelemente, die drohen Kult zu werden, denn heute ist jeder Schrott direkt Kult! Die Brischni-Sprache kennt folgende W\u00f6rter: Brischni = fettes Fleisch (wie D\u00f6ner, Gyros, usw.)Brischnijesnjet = kein fettes Fleisch (durch die Endung snjet)Baruschkin = HalbglatzeSchmadda = LutschenSchmaddaradanski = dicke Hupen (einer [&hellip;]<\/p>\n","protected":false},"author":1,"featured_media":0,"parent":0,"menu_order":0,"comment_status":"closed","ping_status":"closed","template":"","meta":{"footnotes":""},"class_list":["post-69","page","type-page","status-publish","hentry","entry"],"_links":{"self":[{"href":"https:\/\/brischni.de\/index.php?rest_route=\/wp\/v2\/pages\/69"}],"collection":[{"href":"https:\/\/brischni.de\/index.php?rest_route=\/wp\/v2\/pages"}],"about":[{"href":"https:\/\/brischni.de\/index.php?rest_route=\/wp\/v2\/types\/page"}],"author":[{"embeddable":true,"href":"https:\/\/brischni.de\/index.php?rest_route=\/wp\/v2\/users\/1"}],"replies":[{"embeddable":true,"href":"https:\/\/brischni.de\/index.php?rest_route=%2Fwp%2Fv2%2Fcomments&post=69"}],"version-history":[{"count":4,"href":"https:\/\/brischni.de\/index.php?rest_route=\/wp\/v2\/pages\/69\/revisions"}],"predecessor-version":[{"id":193,"href":"https:\/\/brischni.de\/index.php?rest_route=\/wp\/v2\/pages\/69\/revisions\/193"}],"wp:attachment":[{"href":"https:\/\/brischni.de\/index.php?rest_route=%2Fwp%2Fv2%2Fmedia&parent=69"}],"curies":[{"name":"wp","href":"https:\/\/api.w.org\/{rel}","templated":true}]}}