{"id":65,"date":"2019-08-18T12:04:50","date_gmt":"2019-08-18T12:04:50","guid":{"rendered":"http:\/\/brischni.de\/?page_id=65"},"modified":"2019-08-23T18:18:32","modified_gmt":"2019-08-23T18:18:32","slug":"frauen","status":"publish","type":"page","link":"https:\/\/brischni.de\/?page_id=65","title":{"rendered":"Frauen"},"content":{"rendered":"\t\t<div data-elementor-type=\"wp-post\" data-elementor-id=\"65\" class=\"elementor elementor-65\">\n\t\t\t\t\t\t<div class=\"elementor-inner\">\n\t\t\t\t<div class=\"elementor-section-wrap\">\n\t\t\t\t\t\t\t\t\t<section class=\"elementor-section elementor-top-section elementor-element elementor-element-a7fe16d elementor-section-boxed elementor-section-height-default elementor-section-height-default\" data-id=\"a7fe16d\" data-element_type=\"section\">\n\t\t\t\t\t\t<div class=\"elementor-container elementor-column-gap-default\">\n\t\t\t\t\t\t\t<div class=\"elementor-row\">\n\t\t\t\t\t<div class=\"elementor-column elementor-col-100 elementor-top-column elementor-element elementor-element-9cf0481\" data-id=\"9cf0481\" data-element_type=\"column\">\n\t\t\t<div class=\"elementor-column-wrap elementor-element-populated\">\n\t\t\t\t\t\t\t<div class=\"elementor-widget-wrap\">\n\t\t\t\t\t\t<div class=\"elementor-element elementor-element-f28cc69 elementor-widget elementor-widget-heading\" data-id=\"f28cc69\" data-element_type=\"widget\" data-widget_type=\"heading.default\">\n\t\t\t\t<div class=\"elementor-widget-container\">\n\t\t\t<h1 class=\"elementor-heading-title elementor-size-default\">So flirtet man richtig und erfolgreich mit Frauen<\/h1>\t\t<\/div>\n\t\t\t\t<\/div>\n\t\t\t\t\t\t<\/div>\n\t\t\t\t\t<\/div>\n\t\t<\/div>\n\t\t\t\t\t\t\t\t<\/div>\n\t\t\t\t\t<\/div>\n\t\t<\/section>\n\t\t\t\t<section class=\"elementor-section elementor-top-section elementor-element elementor-element-8898ce2 elementor-section-boxed elementor-section-height-default elementor-section-height-default\" data-id=\"8898ce2\" data-element_type=\"section\">\n\t\t\t\t\t\t<div class=\"elementor-container elementor-column-gap-default\">\n\t\t\t\t\t\t\t<div class=\"elementor-row\">\n\t\t\t\t\t<div class=\"elementor-column elementor-col-66 elementor-top-column elementor-element elementor-element-a894b71\" data-id=\"a894b71\" data-element_type=\"column\">\n\t\t\t<div class=\"elementor-column-wrap elementor-element-populated\">\n\t\t\t\t\t\t\t<div class=\"elementor-widget-wrap\">\n\t\t\t\t\t\t<div class=\"elementor-element elementor-element-2e9886a elementor-widget elementor-widget-text-editor\" data-id=\"2e9886a\" data-element_type=\"widget\" data-widget_type=\"text-editor.default\">\n\t\t\t\t<div class=\"elementor-widget-container\">\n\t\t\t\t\t\t\t\t<div class=\"elementor-text-editor elementor-clearfix\">\n\t\t\t\t<p>Immer wieder sehe oder lese ich Flirttips. Es geht immer darum, wo man Frauen kennerlernen und wie man bei selbigen landen kann. Vorab: Alles absoluter Bl\u00f6dsinn! Funktioniert nicht! Wie man es richtig macht erfahrt Ihr jetzt hier.<\/p><p>Die erste Frage lautet, wo man eine Frau kennenlernen kann. Da gibt es mehrere Orte, die sich hervorragend eignen!<\/p><p>Ein sehr guter Platz sind Fast Food Restaurants wie McDonalds oder Burger King! Da wimmelt es nur so von Frauen, die erorbert werden wollen. Und ein Gespr\u00e4ch ist leicht zu beginnen. Sprich doch einfach \u00fcber den Burger mit ihr, den Du Dir gerade rein schiebst. Fast alle Frauen stehen auf Typen, die den Big M\u00e4c in zwei Bissen vertilgen und danach kr\u00e4ftig r\u00fclpsen! Fast Food L\u00e4den sind also eine super Location um Frauen zu treffen!<\/p><p>Wo man auch unheimlich viele scharfe Frauen trifft sind Whirlpools in Schwimmb\u00e4dern. Frauen die dort sitzen sind meist auf der Ausschau nach einem Lover. Und es hat noch einen Vorteil: Wenn Du richtige Bl\u00e4hungen hast, dann f\u00e4llt es nicht auf wenn Du mit einem trockenen Furz das Geblubbere des Whirlpools bereicherst. Dort ist es auch einfach eine Frau anzusprechen. Sag sowas wie: &#8222;Ich finde es geil, wie Deine Titten im Blubbern des Wassers wackeln&#8230;..&#8220;. Die Frau f\u00e4hrt dann garantiert auf Dich ab! Du musst einfach das Naturgesetz nutzen, dass alle Frauen auf Whirlpools stehen.<\/p><p>Wenn Du eher ein softer Typ bist dann gibt es auch f\u00fcr Dich M\u00f6glichkeiten. Geh zum Strickkurs oder in die Yoga Schule. Aber wirkliche Frauen stehen nicht auf die softe Tour! Ich erw\u00e4hne das hier auch nur der Vollst\u00e4ndigkeit halber.<\/p><p>Wobei wir beim Thema Furzen usw. noch etwas anderes besprechen sollten, was ich mich schon lange frage. Ich habe vor kurzem Jurassic World gesehen. Das ist dieser Film mit den Dinos. Und da fiel mir folgendes auf. Den ganzen Film lang geht keiner der Darsteller auf die Toilette. Ist Ihnen das schon mal aufgefallen? In solchen Abenteuer- oder Actionfilmen muss kein Mensch aufs Klo. Irgendwie ist das ja total unrealistisch. Oder wie ist Ihre Meinung dazu? Ich f\u00e4nde es besser, wenn jemand mal sagen w\u00fcrde, dass er mal schnell auf den stillen Ort muss. Aber das nur am Rande.<\/p><p>Das f\u00fchrt mich aber zum besten Ort um eine Frau kennenzulernen und etwas mit ihr anzufangen. Am besten lernt man Frauen auf der Damentoilette kennen. Ich mache das mittlerweile fast nur so. Finde ich eine Frau toll und sie geht zur Toilette, dann gehe ich auch dahin. Ist sie dann in der Kabine, so klopfe ich an und frage: &#8222;Na, wie l\u00e4uft es?&#8220;. Danach kommen sie mit der betreffenden Frau in einen intensiven Kontakt, wie ich versichern kann. Sie sind sofort im Gespr\u00e4ch und selbiges ist auch sofort emotional. Und genau darauf kommt es an!<\/p><p>Mittlerweile stelle ich aber fest, dass immer mehr M\u00e4nner dieses Geheimnis erkannt haben. In manchen Lokalen findet man mehr M\u00e4nner in der Damentoilette als Frauen. Leider ist das so. Aber grunds\u00e4tzlich gilt: Frauen findet man bevorzugt auf der Damentoilette! Und das sollte man f\u00fcr seine Zwecke nutzen.<\/p><p>Wenn man diesen kurzen Flirtratgeber mit den anderen Artikeln zum Thema Frauen auf Brischni.de koppelt wird man gewaltige Erfolge bei Frauen feiern. Ich spreche da aus eigener Erfahrung. Man muss es einfach nur probieren!<\/p>\t\t\t\t\t<\/div>\n\t\t\t\t\t\t<\/div>\n\t\t\t\t<\/div>\n\t\t\t\t\t\t<\/div>\n\t\t\t\t\t<\/div>\n\t\t<\/div>\n\t\t\t\t<div class=\"elementor-column elementor-col-33 elementor-top-column elementor-element elementor-element-eaa1e42\" data-id=\"eaa1e42\" data-element_type=\"column\">\n\t\t\t<div class=\"elementor-column-wrap elementor-element-populated\">\n\t\t\t\t\t\t\t<div class=\"elementor-widget-wrap\">\n\t\t\t\t\t\t<div class=\"elementor-element elementor-element-7bcb916 elementor-widget elementor-widget-image\" data-id=\"7bcb916\" data-element_type=\"widget\" data-widget_type=\"image.default\">\n\t\t\t\t<div class=\"elementor-widget-container\">\n\t\t\t\t\t\t\t\t<div class=\"elementor-image\">\n\t\t\t\t\t\t\t\t\t<figure class=\"wp-caption\">\n\t\t\t\t\t\t\t\t\t\t<img loading=\"lazy\" decoding=\"async\" width=\"187\" height=\"250\" src=\"https:\/\/brischni.de\/wp-content\/uploads\/2019\/08\/traumfrau.gif\" class=\"attachment-large size-large\" alt=\"\" \/>\t\t\t\t\t\t\t\t\t\t\t<figcaption class=\"widget-image-caption wp-caption-text\">Eine echte Traumfrau<\/figcaption>\n\t\t\t\t\t\t\t\t\t\t<\/figure>\n\t\t\t\t\t\t\t\t<\/div>\n\t\t\t\t\t\t<\/div>\n\t\t\t\t<\/div>\n\t\t\t\t\t\t<\/div>\n\t\t\t\t\t<\/div>\n\t\t<\/div>\n\t\t\t\t\t\t\t\t<\/div>\n\t\t\t\t\t<\/div>\n\t\t<\/section>\n\t\t\t\t\t\t\t\t\t<\/div>\n\t\t\t<\/div>\n\t\t\t\t\t<\/div>\n\t\t","protected":false},"excerpt":{"rendered":"<p>So flirtet man richtig und erfolgreich mit Frauen Immer wieder sehe oder lese ich Flirttips. Es geht immer darum, wo man Frauen kennerlernen und wie man bei selbigen landen kann. Vorab: Alles absoluter Bl\u00f6dsinn! Funktioniert nicht! Wie man es richtig macht erfahrt Ihr jetzt hier. Die erste Frage lautet, wo man eine Frau kennenlernen kann. [&hellip;]<\/p>\n","protected":false},"author":1,"featured_media":0,"parent":0,"menu_order":0,"comment_status":"closed","ping_status":"closed","template":"","meta":{"footnotes":""},"class_list":["post-65","page","type-page","status-publish","hentry","entry"],"_links":{"self":[{"href":"https:\/\/brischni.de\/index.php?rest_route=\/wp\/v2\/pages\/65"}],"collection":[{"href":"https:\/\/brischni.de\/index.php?rest_route=\/wp\/v2\/pages"}],"about":[{"href":"https:\/\/brischni.de\/index.php?rest_route=\/wp\/v2\/types\/page"}],"author":[{"embeddable":true,"href":"https:\/\/brischni.de\/index.php?rest_route=\/wp\/v2\/users\/1"}],"replies":[{"embeddable":true,"href":"https:\/\/brischni.de\/index.php?rest_route=%2Fwp%2Fv2%2Fcomments&post=65"}],"version-history":[{"count":5,"href":"https:\/\/brischni.de\/index.php?rest_route=\/wp\/v2\/pages\/65\/revisions"}],"predecessor-version":[{"id":223,"href":"https:\/\/brischni.de\/index.php?rest_route=\/wp\/v2\/pages\/65\/revisions\/223"}],"wp:attachment":[{"href":"https:\/\/brischni.de\/index.php?rest_route=%2Fwp%2Fv2%2Fmedia&parent=65"}],"curies":[{"name":"wp","href":"https:\/\/api.w.org\/{rel}","templated":true}]}}