{"id":63,"date":"2019-08-18T12:04:29","date_gmt":"2019-08-18T12:04:29","guid":{"rendered":"http:\/\/brischni.de\/?page_id=63"},"modified":"2025-05-13T21:44:54","modified_gmt":"2025-05-13T21:44:54","slug":"home","status":"publish","type":"page","link":"https:\/\/brischni.de\/","title":{"rendered":"Home"},"content":{"rendered":"\t\t<div data-elementor-type=\"wp-post\" data-elementor-id=\"63\" class=\"elementor elementor-63\">\n\t\t\t\t\t\t<div class=\"elementor-inner\">\n\t\t\t\t<div class=\"elementor-section-wrap\">\n\t\t\t\t\t\t\t\t\t<section class=\"elementor-section elementor-top-section elementor-element elementor-element-bdb0fa5 elementor-section-boxed elementor-section-height-default elementor-section-height-default\" data-id=\"bdb0fa5\" data-element_type=\"section\">\n\t\t\t\t\t\t<div class=\"elementor-container elementor-column-gap-default\">\n\t\t\t\t\t\t\t<div class=\"elementor-row\">\n\t\t\t\t\t<div class=\"elementor-column elementor-col-100 elementor-top-column elementor-element elementor-element-d8ce603\" data-id=\"d8ce603\" data-element_type=\"column\">\n\t\t\t<div class=\"elementor-column-wrap elementor-element-populated\">\n\t\t\t\t\t\t\t<div class=\"elementor-widget-wrap\">\n\t\t\t\t\t\t<div class=\"elementor-element elementor-element-bcce71c elementor-widget elementor-widget-heading\" data-id=\"bcce71c\" data-element_type=\"widget\" data-widget_type=\"heading.default\">\n\t\t\t\t<div class=\"elementor-widget-container\">\n\t\t\t<h1 class=\"elementor-heading-title elementor-size-default\">Guten Tag auf Brischni.de!<\/h1>\t\t<\/div>\n\t\t\t\t<\/div>\n\t\t\t\t\t\t<\/div>\n\t\t\t\t\t<\/div>\n\t\t<\/div>\n\t\t\t\t\t\t\t\t<\/div>\n\t\t\t\t\t<\/div>\n\t\t<\/section>\n\t\t\t\t<section class=\"elementor-section elementor-top-section elementor-element elementor-element-0d404a7 elementor-section-boxed elementor-section-height-default elementor-section-height-default\" data-id=\"0d404a7\" data-element_type=\"section\">\n\t\t\t\t\t\t<div class=\"elementor-container elementor-column-gap-default\">\n\t\t\t\t\t\t\t<div class=\"elementor-row\">\n\t\t\t\t\t<div class=\"elementor-column elementor-col-66 elementor-top-column elementor-element elementor-element-301cac1\" data-id=\"301cac1\" data-element_type=\"column\">\n\t\t\t<div class=\"elementor-column-wrap elementor-element-populated\">\n\t\t\t\t\t\t\t<div class=\"elementor-widget-wrap\">\n\t\t\t\t\t\t<div class=\"elementor-element elementor-element-85e81b0 elementor-widget elementor-widget-text-editor\" data-id=\"85e81b0\" data-element_type=\"widget\" data-widget_type=\"text-editor.default\">\n\t\t\t\t<div class=\"elementor-widget-container\">\n\t\t\t\t\t\t\t\t<div class=\"elementor-text-editor elementor-clearfix\">\n\t\t\t\t<p>Lohnt sich ein Besuch auf Brischni.de?<\/p><p>Oft wird mir die Frage gestellt ob ein Besuch auf Brischni.de lohnt! Ich kann nur sagen, dass Brischni.de unterhaltsam ist und man gleichzeitig sehr viel lernen kann. Wo findet man solch eine geniale Kombination.<\/p><p>Zudem kann man auf Brischni.de die Brischni Sprache lernen.<\/p><p>Vielleicht steigen irgendwann auch die Besucherzahlen und dann wird die Seite Kult! Momentan kommen nicht so viele Besucher auf Brischni.de, weshalb die Seite momentan mehr in die Kategorie &#8222;Schrott&#8220; einzuordnen ist.<\/p><p>Brischni.de kann Ihnen aber auch in Ihrem Leben helfen. Dies gilt besonders f\u00fcr die Bereiche des Berufs und des Liebeslebens.<\/p><p>Dieses Magazin erkl\u00e4rt Ihnen aber auch die Geschichte und die Welt in der wir leben. Endlich k\u00f6nnen Sie dann mitreden, wenn es zum Beispiel um die Umwelt geht!<\/p><p>Nehmen Sie sich also die Zeit und arbeiten Sie diese Webseite intensiv durch! Es lohnt sich sicher!<\/p>\t\t\t\t\t<\/div>\n\t\t\t\t\t\t<\/div>\n\t\t\t\t<\/div>\n\t\t\t\t\t\t<\/div>\n\t\t\t\t\t<\/div>\n\t\t<\/div>\n\t\t\t\t<div class=\"elementor-column elementor-col-33 elementor-top-column elementor-element elementor-element-6cc5adf\" data-id=\"6cc5adf\" data-element_type=\"column\">\n\t\t\t<div class=\"elementor-column-wrap elementor-element-populated\">\n\t\t\t\t\t\t\t<div class=\"elementor-widget-wrap\">\n\t\t\t\t\t\t<div class=\"elementor-element elementor-element-a57771e elementor-widget elementor-widget-image\" data-id=\"a57771e\" data-element_type=\"widget\" data-widget_type=\"image.default\">\n\t\t\t\t<div class=\"elementor-widget-container\">\n\t\t\t\t\t\t\t\t<div class=\"elementor-image\">\n\t\t\t\t\t\t\t\t\t<figure class=\"wp-caption\">\n\t\t\t\t\t\t\t\t\t\t<img loading=\"lazy\" decoding=\"async\" width=\"576\" height=\"1024\" src=\"https:\/\/brischni.de\/wp-content\/uploads\/2019\/08\/strandi-576x1024.jpg\" class=\"attachment-large size-large\" alt=\"\" srcset=\"https:\/\/brischni.de\/wp-content\/uploads\/2019\/08\/strandi-576x1024.jpg 576w, https:\/\/brischni.de\/wp-content\/uploads\/2019\/08\/strandi-169x300.jpg 169w, https:\/\/brischni.de\/wp-content\/uploads\/2019\/08\/strandi-768x1365.jpg 768w, https:\/\/brischni.de\/wp-content\/uploads\/2019\/08\/strandi.jpg 1494w\" sizes=\"(max-width: 576px) 100vw, 576px\" \/>\t\t\t\t\t\t\t\t\t\t\t<figcaption class=\"widget-image-caption wp-caption-text\">Brischni.de erkl\u00e4rt Ihnen auch die Welt und die Natur<\/figcaption>\n\t\t\t\t\t\t\t\t\t\t<\/figure>\n\t\t\t\t\t\t\t\t<\/div>\n\t\t\t\t\t\t<\/div>\n\t\t\t\t<\/div>\n\t\t\t\t\t\t<\/div>\n\t\t\t\t\t<\/div>\n\t\t<\/div>\n\t\t\t\t\t\t\t\t<\/div>\n\t\t\t\t\t<\/div>\n\t\t<\/section>\n\t\t\t\t<section class=\"elementor-section elementor-top-section elementor-element elementor-element-250cffb elementor-section-boxed elementor-section-height-default elementor-section-height-default\" data-id=\"250cffb\" data-element_type=\"section\">\n\t\t\t\t\t\t<div class=\"elementor-container elementor-column-gap-default\">\n\t\t\t\t\t\t\t<div class=\"elementor-row\">\n\t\t\t\t\t<div class=\"elementor-column elementor-col-100 elementor-top-column elementor-element elementor-element-5b00faf\" data-id=\"5b00faf\" data-element_type=\"column\">\n\t\t\t<div class=\"elementor-column-wrap elementor-element-populated\">\n\t\t\t\t\t\t\t<div class=\"elementor-widget-wrap\">\n\t\t\t\t\t\t<div class=\"elementor-element elementor-element-6af311e elementor-widget elementor-widget-image\" data-id=\"6af311e\" data-element_type=\"widget\" data-widget_type=\"image.default\">\n\t\t\t\t<div class=\"elementor-widget-container\">\n\t\t\t\t\t\t\t\t<div class=\"elementor-image\">\n\t\t\t\t\t\t\t\t\t\t\t\t<img loading=\"lazy\" decoding=\"async\" width=\"225\" height=\"300\" src=\"https:\/\/brischni.de\/wp-content\/uploads\/2025\/03\/20250317_160642-225x300.jpg\" class=\"attachment-medium size-medium\" alt=\"Portrait Friedrich Merz\" srcset=\"https:\/\/brischni.de\/wp-content\/uploads\/2025\/03\/20250317_160642-225x300.jpg 225w, https:\/\/brischni.de\/wp-content\/uploads\/2025\/03\/20250317_160642-768x1024.jpg 768w, https:\/\/brischni.de\/wp-content\/uploads\/2025\/03\/20250317_160642-1152x1536.jpg 1152w, https:\/\/brischni.de\/wp-content\/uploads\/2025\/03\/20250317_160642-1536x2048.jpg 1536w, https:\/\/brischni.de\/wp-content\/uploads\/2025\/03\/20250317_160642-scaled.jpg 1920w\" sizes=\"(max-width: 225px) 100vw, 225px\" \/>\t\t\t\t\t\t\t\t\t\t\t\t\t\t<\/div>\n\t\t\t\t\t\t<\/div>\n\t\t\t\t<\/div>\n\t\t\t\t<div class=\"elementor-element elementor-element-ae4f9db elementor-widget elementor-widget-text-editor\" data-id=\"ae4f9db\" data-element_type=\"widget\" data-widget_type=\"text-editor.default\">\n\t\t\t\t<div class=\"elementor-widget-container\">\n\t\t\t\t\t\t\t\t<div class=\"elementor-text-editor elementor-clearfix\">\n\t\t\t\t<p><b>Brischni.de verleiht einen Titel an Friedrich Merz \/ 20.03.2025&nbsp;<\/b><\/p>\n<p>Friedrich Merz ist der L\u00fcgen Billie des Jahrzehnts, wenn nicht sogar des Jahrhunderts<br>und damit genau richtig auf Brischni.de! Solche Leute braucht man wenn man Kabarett<br>betreiben will. Wir haben keine M\u00fchen und Kosten gescheut und den Sauerland Friedrich<br>hier sogar mit einem Portrait verewigt. Brischni.de meint: Friedrich Merz ist die Reinkarnation&nbsp;<br>des L\u00fcgenbarons M\u00fcnchhausen! Und dies nicht grundlos!<\/p>\n<p>Die Geschichten des L\u00fcgenbarons M\u00fcnchhausen werden zur\u00fcckgef\u00fchrt auf&nbsp;<br>Carl Friedrich von M\u00fcnchhausen, der am 11.Mai 1720 in Bodenwerder geboren wurde.<br>Auch Friedrich Merz hat viele L\u00fcgengeschichten erz\u00e4hlt, besonders im Wahlkampf der Jahre 2024<br>und 2025. Wir halten fest: Gut 300 Jahre nach der Geburt des Barons M\u00fcnchhausen kommt<br>der Sauerland Friedrich Merz daher und erz\u00e4hlt Millionen Menschen viele Dinge auf Basis derer<br>er dann gew\u00e4hlt wurde. Und nach der Wahl macht der neue L\u00fcgenbaron Merz das komplette<br>Gegenteil von dem was er vor der Wahl gesagt hat. Er hat halt nachweislich vor Millionen gelogen,<br>dass sich die Balken biegen&#8230;&#8230;Dieses Schlitzohr wei\u00df doch, dass wir alle das in vier Jahren&nbsp;<br>vergessen haben.&nbsp;<\/p>\n<p>Aber warum Reinkarnation? Es ist einfach und verbl\u00fcffend&#8230;&#8230;.Sowohl M\u00fcnchhausen als auch Merz<br>hie\u00dfen oder hei\u00dfen mit Vornamen Friedrich. Beide sind an einem 11. eines Monats geboren und beide<br>sind oder waren verheiratet. Ihre Geburtsorte liegen lediglich 120 Kilometer voneinander entfernt.<br>Man k\u00f6nnte sagen, dass die beiden Landsleute sind. Und beide hatten und haben eine starke<br>Neigung dazu nicht so ganz bei der Wahrheit zu bleiben. L\u00fcgenbarone halt&#8230;..H\u00e4tten sie zur<br>gleichen Zeit gelebt w\u00e4ren sie vielleicht Freunde geworden. Einziges Problem: Sie h\u00e4tten sich<br>vermutlich permanent gegenseitig belogen.&nbsp;<\/p>\n<p>Einen Unterscheid gibt es jedoch&#8230;&#8230;M\u00fcnchhausen zog sich ja, so berichtete er, selber an seinem<br>Haarschopf aus dem Sumpf&#8230;..Wie soll das Merz gelingen? Eine aktuelle Zeitung titelte doch<br>recht treffend: &#8222;Friedrich Merz rauft sich momentan das Resthaar&#8230;..&#8220;.&nbsp;<\/p>\n<p>Brischni.de ernennt den Sauerland Friedrich Merz zum &#8222;L\u00fcgenbaron des Jahrhunderts&#8220;. Er hat&nbsp;<br>das Niveau des Baron M\u00fcnchhausen erreicht&#8230;&#8230;&#8230;&#8230;&#8230;.<\/p>\n<p><\/p>\t\t\t\t\t<\/div>\n\t\t\t\t\t\t<\/div>\n\t\t\t\t<\/div>\n\t\t\t\t\t\t<\/div>\n\t\t\t\t\t<\/div>\n\t\t<\/div>\n\t\t\t\t\t\t\t\t<\/div>\n\t\t\t\t\t<\/div>\n\t\t<\/section>\n\t\t\t\t<section class=\"elementor-section elementor-top-section elementor-element elementor-element-a144e79 elementor-section-boxed elementor-section-height-default elementor-section-height-default\" data-id=\"a144e79\" data-element_type=\"section\">\n\t\t\t\t\t\t<div class=\"elementor-container elementor-column-gap-default\">\n\t\t\t\t\t\t\t<div class=\"elementor-row\">\n\t\t\t\t\t<div class=\"elementor-column elementor-col-100 elementor-top-column elementor-element elementor-element-50e5dde\" data-id=\"50e5dde\" data-element_type=\"column\">\n\t\t\t<div class=\"elementor-column-wrap elementor-element-populated\">\n\t\t\t\t\t\t\t<div class=\"elementor-widget-wrap\">\n\t\t\t\t\t\t<div class=\"elementor-element elementor-element-5ba393a elementor-widget elementor-widget-text-editor\" data-id=\"5ba393a\" data-element_type=\"widget\" data-widget_type=\"text-editor.default\">\n\t\t\t\t<div class=\"elementor-widget-container\">\n\t\t\t\t\t\t\t\t<div class=\"elementor-text-editor elementor-clearfix\">\n\t\t\t\t<p style=\"text-align: center;\"><strong><span style=\"color: #0000ff;\">Folgende Links im Internet sind empfehlenswert<\/span><\/strong><br><span style=\"color: #0000ff;\"><a style=\"color: #0000ff;\" href=\"http:\/\/www.masure.de\">Naturschutzgebiet Masuren \/ Ostpreussen<br><\/a><a style=\"color: #0000ff;\" href=\"http:\/\/www.froschlaich.eu\">Froschlaich, das Naturmagazin rund um den Frosch<\/a><\/span><br><span style=\"color: #0000ff;\"><a style=\"color: #0000ff;\" href=\"http:\/\/www.mensch-und-umwelt-heute.de\">Mensch und Umwelt heute<br><\/a><a style=\"color: #0000ff;\" href=\"http:\/\/www.menschen-in-der-zukunft.de\">Das Leben des Menschen in der Zukunft<\/a><\/span><br><span style=\"color: #0000ff;\"><a style=\"color: #0000ff;\" href=\"http:\/\/www.ostpreussen-infos.de\">Damals in Ostpreussen<\/a><\/span><br><span style=\"color: #0000ff;\"><a style=\"color: #0000ff;\" href=\"http:\/\/www.masuren-infos.de\">Damals in Masuren<\/a><\/span><\/p>\t\t\t\t\t<\/div>\n\t\t\t\t\t\t<\/div>\n\t\t\t\t<\/div>\n\t\t\t\t\t\t<\/div>\n\t\t\t\t\t<\/div>\n\t\t<\/div>\n\t\t\t\t\t\t\t\t<\/div>\n\t\t\t\t\t<\/div>\n\t\t<\/section>\n\t\t\t\t<section class=\"elementor-section elementor-top-section elementor-element elementor-element-80f86b9 elementor-section-boxed elementor-section-height-default elementor-section-height-default\" data-id=\"80f86b9\" data-element_type=\"section\">\n\t\t\t\t\t\t<div class=\"elementor-container elementor-column-gap-default\">\n\t\t\t\t\t\t\t<div class=\"elementor-row\">\n\t\t\t\t\t<div class=\"elementor-column elementor-col-100 elementor-top-column elementor-element elementor-element-5881c06\" data-id=\"5881c06\" data-element_type=\"column\">\n\t\t\t<div class=\"elementor-column-wrap elementor-element-populated\">\n\t\t\t\t\t\t\t<div class=\"elementor-widget-wrap\">\n\t\t\t\t\t\t<div class=\"elementor-element elementor-element-efc329e elementor-widget-divider--view-line elementor-widget elementor-widget-divider\" data-id=\"efc329e\" data-element_type=\"widget\" data-widget_type=\"divider.default\">\n\t\t\t\t<div class=\"elementor-widget-container\">\n\t\t\t\t\t<div class=\"elementor-divider\">\n\t\t\t<span class=\"elementor-divider-separator\">\n\t\t\t\t\t\t<\/span>\n\t\t<\/div>\n\t\t\t\t<\/div>\n\t\t\t\t<\/div>\n\t\t\t\t\t\t<\/div>\n\t\t\t\t\t<\/div>\n\t\t<\/div>\n\t\t\t\t\t\t\t\t<\/div>\n\t\t\t\t\t<\/div>\n\t\t<\/section>\n\t\t\t\t<section class=\"elementor-section elementor-top-section elementor-element elementor-element-a8a9a3f elementor-section-boxed elementor-section-height-default elementor-section-height-default\" data-id=\"a8a9a3f\" data-element_type=\"section\">\n\t\t\t\t\t\t<div class=\"elementor-container elementor-column-gap-default\">\n\t\t\t\t\t\t\t<div class=\"elementor-row\">\n\t\t\t\t\t<div class=\"elementor-column elementor-col-100 elementor-top-column elementor-element elementor-element-3183ad2\" data-id=\"3183ad2\" data-element_type=\"column\">\n\t\t\t<div class=\"elementor-column-wrap\">\n\t\t\t\t\t\t\t<div class=\"elementor-widget-wrap\">\n\t\t\t\t\t\t\t\t<\/div>\n\t\t\t\t\t<\/div>\n\t\t<\/div>\n\t\t\t\t\t\t\t\t<\/div>\n\t\t\t\t\t<\/div>\n\t\t<\/section>\n\t\t\t\t\t\t\t\t\t<\/div>\n\t\t\t<\/div>\n\t\t\t\t\t<\/div>\n\t\t","protected":false},"excerpt":{"rendered":"<p>Guten Tag auf Brischni.de! Lohnt sich ein Besuch auf Brischni.de? Oft wird mir die Frage gestellt ob ein Besuch auf Brischni.de lohnt! Ich kann nur sagen, dass Brischni.de unterhaltsam ist und man gleichzeitig sehr viel lernen kann. Wo findet man solch eine geniale Kombination. Zudem kann man auf Brischni.de die Brischni Sprache lernen. Vielleicht steigen [&hellip;]<\/p>\n","protected":false},"author":1,"featured_media":0,"parent":0,"menu_order":0,"comment_status":"closed","ping_status":"closed","template":"","meta":{"footnotes":""},"class_list":["post-63","page","type-page","status-publish","hentry","entry"],"_links":{"self":[{"href":"https:\/\/brischni.de\/index.php?rest_route=\/wp\/v2\/pages\/63"}],"collection":[{"href":"https:\/\/brischni.de\/index.php?rest_route=\/wp\/v2\/pages"}],"about":[{"href":"https:\/\/brischni.de\/index.php?rest_route=\/wp\/v2\/types\/page"}],"author":[{"embeddable":true,"href":"https:\/\/brischni.de\/index.php?rest_route=\/wp\/v2\/users\/1"}],"replies":[{"embeddable":true,"href":"https:\/\/brischni.de\/index.php?rest_route=%2Fwp%2Fv2%2Fcomments&post=63"}],"version-history":[{"count":24,"href":"https:\/\/brischni.de\/index.php?rest_route=\/wp\/v2\/pages\/63\/revisions"}],"predecessor-version":[{"id":342,"href":"https:\/\/brischni.de\/index.php?rest_route=\/wp\/v2\/pages\/63\/revisions\/342"}],"wp:attachment":[{"href":"https:\/\/brischni.de\/index.php?rest_route=%2Fwp%2Fv2%2Fmedia&parent=63"}],"curies":[{"name":"wp","href":"https:\/\/api.w.org\/{rel}","templated":true}]}}