{"id":343,"date":"2025-05-13T21:46:06","date_gmt":"2025-05-13T21:46:06","guid":{"rendered":"https:\/\/brischni.de\/?page_id=343"},"modified":"2025-05-13T21:53:30","modified_gmt":"2025-05-13T21:53:30","slug":"kommissar-wellington-fall-5-1-2","status":"publish","type":"page","link":"https:\/\/brischni.de\/?page_id=343","title":{"rendered":"Kommissar Wellington Fall 5 1\/2"},"content":{"rendered":"\t\t<div data-elementor-type=\"wp-page\" data-elementor-id=\"343\" class=\"elementor elementor-343\">\n\t\t\t\t\t\t<div class=\"elementor-inner\">\n\t\t\t\t<div class=\"elementor-section-wrap\">\n\t\t\t\t\t\t\t\t\t<section class=\"elementor-section elementor-top-section elementor-element elementor-element-e10c7a8 elementor-section-boxed elementor-section-height-default elementor-section-height-default\" data-id=\"e10c7a8\" data-element_type=\"section\">\n\t\t\t\t\t\t<div class=\"elementor-container elementor-column-gap-default\">\n\t\t\t\t\t\t\t<div class=\"elementor-row\">\n\t\t\t\t\t<div class=\"elementor-column elementor-col-100 elementor-top-column elementor-element elementor-element-4d5216b\" data-id=\"4d5216b\" data-element_type=\"column\">\n\t\t\t<div class=\"elementor-column-wrap\">\n\t\t\t\t\t\t\t<div class=\"elementor-widget-wrap\">\n\t\t\t\t\t\t\t\t<\/div>\n\t\t\t\t\t<\/div>\n\t\t<\/div>\n\t\t\t\t\t\t\t\t<\/div>\n\t\t\t\t\t<\/div>\n\t\t<\/section>\n\t\t\t\t<section class=\"elementor-section elementor-top-section elementor-element elementor-element-dc04355 elementor-section-boxed elementor-section-height-default elementor-section-height-default\" data-id=\"dc04355\" data-element_type=\"section\">\n\t\t\t\t\t\t<div class=\"elementor-container elementor-column-gap-default\">\n\t\t\t\t\t\t\t<div class=\"elementor-row\">\n\t\t\t\t\t<div class=\"elementor-column elementor-col-50 elementor-top-column elementor-element elementor-element-14e69f0\" data-id=\"14e69f0\" data-element_type=\"column\">\n\t\t\t<div class=\"elementor-column-wrap elementor-element-populated\">\n\t\t\t\t\t\t\t<div class=\"elementor-widget-wrap\">\n\t\t\t\t\t\t<div class=\"elementor-element elementor-element-dce13a6 elementor-widget elementor-widget-image\" data-id=\"dce13a6\" data-element_type=\"widget\" data-widget_type=\"image.default\">\n\t\t\t\t<div class=\"elementor-widget-container\">\n\t\t\t\t\t\t\t\t<div class=\"elementor-image\">\n\t\t\t\t\t\t\t\t\t\t\t\t<img loading=\"lazy\" decoding=\"async\" width=\"225\" height=\"300\" src=\"https:\/\/brischni.de\/wp-content\/uploads\/2025\/05\/Brian-225x300.jpg\" class=\"attachment-medium size-medium\" alt=\"\" srcset=\"https:\/\/brischni.de\/wp-content\/uploads\/2025\/05\/Brian-225x300.jpg 225w, https:\/\/brischni.de\/wp-content\/uploads\/2025\/05\/Brian-768x1024.jpg 768w, https:\/\/brischni.de\/wp-content\/uploads\/2025\/05\/Brian-1152x1536.jpg 1152w, https:\/\/brischni.de\/wp-content\/uploads\/2025\/05\/Brian-1536x2048.jpg 1536w, https:\/\/brischni.de\/wp-content\/uploads\/2025\/05\/Brian-scaled.jpg 1920w\" sizes=\"(max-width: 225px) 100vw, 225px\" \/>\t\t\t\t\t\t\t\t\t\t\t\t\t\t<\/div>\n\t\t\t\t\t\t<\/div>\n\t\t\t\t<\/div>\n\t\t\t\t\t\t<\/div>\n\t\t\t\t\t<\/div>\n\t\t<\/div>\n\t\t\t\t<div class=\"elementor-column elementor-col-50 elementor-top-column elementor-element elementor-element-7291857\" data-id=\"7291857\" data-element_type=\"column\">\n\t\t\t<div class=\"elementor-column-wrap elementor-element-populated\">\n\t\t\t\t\t\t\t<div class=\"elementor-widget-wrap\">\n\t\t\t\t\t\t<div class=\"elementor-element elementor-element-631e479 elementor-widget elementor-widget-text-editor\" data-id=\"631e479\" data-element_type=\"widget\" data-widget_type=\"text-editor.default\">\n\t\t\t\t<div class=\"elementor-widget-container\">\n\t\t\t\t\t\t\t\t<div class=\"elementor-text-editor elementor-clearfix\">\n\t\t\t\t<p>Vorab: Brian und Monthy Python ist mit die beste Sache die kreative Denker je geschaffen haben! Brian hat echtes Brischni Niveau!<\/p><p>Bevor der Fall 5 1\/2 der Wellington Saga beginnt m\u00fcssen wir schauen, was die einzelnen Akteure machen. Deswegen ist die nachfolgende Folge der Fall 5 1\/2! Als Autor ist das Schreiben der Wellington F\u00e4lle n\u00e4mlich deswegen nicht so einfach, weil man nicht mehr so genau wei\u00df wer wann mitgespielt hat. Es ist also Zeit zu einer leichten Rekapitulation, mit der Frage, wie es wem geht.<br \/><br \/>Viele Leser \u00e4u\u00dferten den Wunsch, dass Wellington wieder zum Morddezernat wechseln soll. Er tut allen diesen Gefallen und wechselt zur Mordkommission der Polizei. Das scharfe Luder Olga Willnochmal bleibt ihm erhalten. Allerdings hat sie mittlerweile ein Verh\u00e4ltnis mit dem holl\u00e4ndischen Rugbystar Luis Fick van Hinne. Aber davon wei\u00df Wellington nichts und es hat auch mit dem n\u00e4chsten Fall nichts zu tun. Fick van Hinne wird, wahrscheinlich, nicht weiter erw\u00e4hnt werden!<\/p><p>Wolle Kn\u00f6terich hat derweil ein echtes Verbot bez\u00fcglich einer weiteren Teilnahme an der Wellington Saga. Sein laufender Cous Cous Genuss f\u00fchrt mittlerweile zu Bl\u00e4hungen, die mehr als unertr\u00e4glich sind. Neulich fuhr Wolle Kn\u00f6terich in die Berge um dort zu wandern. Am Abend vor der Wanderung <br \/>zog er sich Cous Cous in gro\u00dfen Mengen herein. Damit er seine Bl\u00e4hungen in den Griff bekommt stopfte er sich einen Korken in seinen Darmausgang. Und was geschah dann? Bei der <br \/>Wanderung \u00fcberkamen ihn derart gewaltige Luftansammlungen, dass es auf einmal knallte. Der Korken wurde durch die Hose hinfort abgeschossen. Leider erschoss Kn\u00f6terich mit diesem Schuss ein Murmeltier welches gerade die Sonne genie\u00dfen wollte. Eines ist klar: Ein Zeitgenosse der friedliche Murmeltiere tot furzt hat in dieser Serie nichts zu suchen! Er soll sich auf Tischtennis konzentrieren.<\/p><p>Anders ist die Lage bei Speckinsky, der ja in den Rhein gefallen war. Im Rhein kam ihm ein mutierter Heilbutt zur Hilfe. Speckinsky trug ja ein rosa T\u00fct\u00fc. Und es ist allgemein bekannt, vor allem untern Anglern, dass der Heilbutt auf die Farbe rosa steht. So schleppten einige Heilbutte (hoffentlich ist die Mehrzahl von Heilbutt Heilbutte) Speckinsky ans Ufer. Auf der H\u00f6he von Leverkusen konnte Speckinsky dem Rhein entfliehen. Aber sein Gl\u00fcck w\u00e4hrte nicht lange.<\/p><p>In der N\u00e4he von Leverkusen, genau sagt in Merkenich , h\u00e4lt sich \u00f6fters ein wirklich \u00fcbler Geselle auf. In seiner Gang wird er nur der \u201esch\u00f6ne Thomas\u201c genannt. Damit ist wohl sein blond wallendes Haar und auch seine symmetrische Nase gemeint. Der sch\u00f6ne Thomas spielt manchmal gegen Wolle Kn\u00f6terich Tischtennis, ist aber nicht so sehr ein Cous Cous Fan. Er ist Insidern aber auch als \u201eKettens\u00e4gen Thommy\u201c ein Begriff. Die einen sagen er sei ein \u00fcbler Bursche. Die anderen sagen er sei einfach ein harter Typ.<\/p><p>Jedenfalls entstieg Speckinsky, im rosa T\u00fct\u00fc, dem Rhein und erblickte am Ufer den sch\u00f6nes Thomas. Dieser bearbeitete gerade mit seiner Kettens\u00e4ge einen Baumstamm den der Rhein angesp\u00fclt hatte. <br \/>Speckinsky fand Gefallen am \u201eKettens\u00e4gen Thommy\u201c und rief ihm ein freundliches \u201eHall\u00f6chen\u201c zu\u2026\u2026<br \/>Was dann geschah erleben wir in Fall 6 der Wellington Saga!<\/p><p>Wie es weiter geht erfahrt Ihr im Fall 6 der Wellington Serie. Viele Fragen werden dort beantwortet werden. Fressen Murmeltiere auch Cous Cous? Kann Kettens\u00e4gen Thommy in einem Tischtennisspiel gegen Wolle Kn\u00f6terich gewinnen? Wird Wellington nach Holland versetzt und ist das geile Luder Olga Willnochmal damit Fick van Hinne n\u00e4her? Und wo ist \u00fcberhaupt Speckinsky geblieben? Fragen \u00fcber Fragen\u2026\u2026.Wir sehen uns in Fall 6 wieder.<\/p><p><br \/><br \/><\/p>\t\t\t\t\t<\/div>\n\t\t\t\t\t\t<\/div>\n\t\t\t\t<\/div>\n\t\t\t\t\t\t<\/div>\n\t\t\t\t\t<\/div>\n\t\t<\/div>\n\t\t\t\t\t\t\t\t<\/div>\n\t\t\t\t\t<\/div>\n\t\t<\/section>\n\t\t\t\t\t\t\t\t\t<\/div>\n\t\t\t<\/div>\n\t\t\t\t\t<\/div>\n\t\t","protected":false},"excerpt":{"rendered":"<p>Vorab: Brian und Monthy Python ist mit die beste Sache die kreative Denker je geschaffen haben! Brian hat echtes Brischni Niveau! Bevor der Fall 5 1\/2 der Wellington Saga beginnt m\u00fcssen wir schauen, was die einzelnen Akteure machen. Deswegen ist die nachfolgende Folge der Fall 5 1\/2! Als Autor ist das Schreiben der Wellington F\u00e4lle [&hellip;]<\/p>\n","protected":false},"author":1,"featured_media":0,"parent":0,"menu_order":0,"comment_status":"closed","ping_status":"closed","template":"","meta":{"footnotes":""},"class_list":["post-343","page","type-page","status-publish","hentry","entry"],"_links":{"self":[{"href":"https:\/\/brischni.de\/index.php?rest_route=\/wp\/v2\/pages\/343"}],"collection":[{"href":"https:\/\/brischni.de\/index.php?rest_route=\/wp\/v2\/pages"}],"about":[{"href":"https:\/\/brischni.de\/index.php?rest_route=\/wp\/v2\/types\/page"}],"author":[{"embeddable":true,"href":"https:\/\/brischni.de\/index.php?rest_route=\/wp\/v2\/users\/1"}],"replies":[{"embeddable":true,"href":"https:\/\/brischni.de\/index.php?rest_route=%2Fwp%2Fv2%2Fcomments&post=343"}],"version-history":[{"count":4,"href":"https:\/\/brischni.de\/index.php?rest_route=\/wp\/v2\/pages\/343\/revisions"}],"predecessor-version":[{"id":349,"href":"https:\/\/brischni.de\/index.php?rest_route=\/wp\/v2\/pages\/343\/revisions\/349"}],"wp:attachment":[{"href":"https:\/\/brischni.de\/index.php?rest_route=%2Fwp%2Fv2%2Fmedia&parent=343"}],"curies":[{"name":"wp","href":"https:\/\/api.w.org\/{rel}","templated":true}]}}