{"id":306,"date":"2023-02-21T16:53:19","date_gmt":"2023-02-21T16:53:19","guid":{"rendered":"http:\/\/brischni.de\/?page_id=306"},"modified":"2023-02-21T16:55:59","modified_gmt":"2023-02-21T16:55:59","slug":"kommissar-wellington-fall-4","status":"publish","type":"page","link":"https:\/\/brischni.de\/?page_id=306","title":{"rendered":"Kommissar Wellington Fall 4"},"content":{"rendered":"\t\t<div data-elementor-type=\"wp-page\" data-elementor-id=\"306\" class=\"elementor elementor-306\">\n\t\t\t\t\t\t<div class=\"elementor-inner\">\n\t\t\t\t<div class=\"elementor-section-wrap\">\n\t\t\t\t\t\t\t\t\t<section class=\"elementor-section elementor-top-section elementor-element elementor-element-1feb30b elementor-section-boxed elementor-section-height-default elementor-section-height-default\" data-id=\"1feb30b\" data-element_type=\"section\">\n\t\t\t\t\t\t<div class=\"elementor-container elementor-column-gap-default\">\n\t\t\t\t\t\t\t<div class=\"elementor-row\">\n\t\t\t\t\t<div class=\"elementor-column elementor-col-100 elementor-top-column elementor-element elementor-element-2140a02\" data-id=\"2140a02\" data-element_type=\"column\">\n\t\t\t<div class=\"elementor-column-wrap elementor-element-populated\">\n\t\t\t\t\t\t\t<div class=\"elementor-widget-wrap\">\n\t\t\t\t\t\t<div class=\"elementor-element elementor-element-ce82b7e elementor-widget elementor-widget-text-editor\" data-id=\"ce82b7e\" data-element_type=\"widget\" data-widget_type=\"text-editor.default\">\n\t\t\t\t<div class=\"elementor-widget-container\">\n\t\t\t\t\t\t\t\t<div class=\"elementor-text-editor elementor-clearfix\">\n\t\t\t\t<p>Fal<b>l 4 Wellington und das Geheimnis der Burg<\/b><\/p><p>Wellington war eigentlich ja schon Kriminalrat und nach K\u00f6ln versetzt. Ihm zugeteilt wurde als Assistentin ein echtes Luder. <br \/>Sie hie\u00df Olga Willnochmal und war ein megaheisses Teil aus Bulgarien. Dieses blonde Ger\u00e4t war so hei\u00df, da wird mancher ungarische Gulasch blass. Aber lassen wir das&#8230;.Erst sp\u00e4ter sollte es entscheidend werden.<\/p><p>Vor kurzem ging ich mit meiner Tochter ins Schwimmbad. Wir beobachteten die Leute die ins Becken kamen. Auf einmal schritt ein Mann ins Becken der sehr auff\u00e4llig war. Er trug eine Badehose aus den 70iger Jahren. Diese war braun und auf ihr waren Tiere in gelb abgebildet. Ich konnte mich ob diesen Anblickes kaum halten. Ich erkl\u00e4rte meiner Tochter, dass dies ein &#8222;Badehosen Billy&#8220; sei. Ihr wurde die Bedeutung klar, da sie den Begriff &#8222;Dr\u00fcber K\u00e4mm Billy&#8220; schon kannte. Noch witziger war, dass dieser Mann zwei oder drei Taucherbrillen dabei hatte, die er nach und nach ausprobierte. Ich erkl\u00e4rte meiner Tochter nun, dass der Typ nicht nur ein &#8222;Badehosen Billy&#8220; sei. Nein&#8230;..Dieser Typ war auch ein &#8222;Tauch Billy&#8220;. Wir k\u00f6nnen daraus lernen, dass es verschiedene Billies gibt. Dabei kann, beispielsweise, ein &#8222;Dr\u00fcber K\u00e4mm Billy&#8220; auch ein &#8222;Tauch Billy&#8220; oder ein &#8222;Badehosen Billy&#8220; sein. Was hat dieser Unsinn aber mit dem Fall zu tun? Wir werden sehen, dass es etwas damit zu tun haben k\u00f6nnte&#8230;&#8230;<\/p>\t\t\t\t\t<\/div>\n\t\t\t\t\t\t<\/div>\n\t\t\t\t<\/div>\n\t\t\t\t\t\t<\/div>\n\t\t\t\t\t<\/div>\n\t\t<\/div>\n\t\t\t\t\t\t\t\t<\/div>\n\t\t\t\t\t<\/div>\n\t\t<\/section>\n\t\t\t\t<section class=\"elementor-section elementor-top-section elementor-element elementor-element-af648fd elementor-section-boxed elementor-section-height-default elementor-section-height-default\" data-id=\"af648fd\" data-element_type=\"section\">\n\t\t\t\t\t\t<div class=\"elementor-container elementor-column-gap-default\">\n\t\t\t\t\t\t\t<div class=\"elementor-row\">\n\t\t\t\t\t<div class=\"elementor-column elementor-col-100 elementor-top-column elementor-element elementor-element-0f154e5\" data-id=\"0f154e5\" data-element_type=\"column\">\n\t\t\t<div class=\"elementor-column-wrap elementor-element-populated\">\n\t\t\t\t\t\t\t<div class=\"elementor-widget-wrap\">\n\t\t\t\t\t\t<div class=\"elementor-element elementor-element-3803df3 elementor-widget elementor-widget-image\" data-id=\"3803df3\" data-element_type=\"widget\" data-widget_type=\"image.default\">\n\t\t\t\t<div class=\"elementor-widget-container\">\n\t\t\t\t\t\t\t\t<div class=\"elementor-image\">\n\t\t\t\t\t\t\t\t\t\t\t\t<img loading=\"lazy\" decoding=\"async\" width=\"1024\" height=\"768\" src=\"https:\/\/brischni.de\/wp-content\/uploads\/2023\/02\/20230220_105228-1024x768.jpg\" class=\"attachment-large size-large\" alt=\"\" srcset=\"https:\/\/brischni.de\/wp-content\/uploads\/2023\/02\/20230220_105228-1024x768.jpg 1024w, https:\/\/brischni.de\/wp-content\/uploads\/2023\/02\/20230220_105228-300x225.jpg 300w, https:\/\/brischni.de\/wp-content\/uploads\/2023\/02\/20230220_105228-768x576.jpg 768w\" sizes=\"(max-width: 1024px) 100vw, 1024px\" \/>\t\t\t\t\t\t\t\t\t\t\t\t\t\t<\/div>\n\t\t\t\t\t\t<\/div>\n\t\t\t\t<\/div>\n\t\t\t\t\t\t<\/div>\n\t\t\t\t\t<\/div>\n\t\t<\/div>\n\t\t\t\t\t\t\t\t<\/div>\n\t\t\t\t\t<\/div>\n\t\t<\/section>\n\t\t\t\t<section class=\"elementor-section elementor-top-section elementor-element elementor-element-7be4763 elementor-section-boxed elementor-section-height-default elementor-section-height-default\" data-id=\"7be4763\" data-element_type=\"section\">\n\t\t\t\t\t\t<div class=\"elementor-container elementor-column-gap-default\">\n\t\t\t\t\t\t\t<div class=\"elementor-row\">\n\t\t\t\t\t<div class=\"elementor-column elementor-col-100 elementor-top-column elementor-element elementor-element-f3860c4\" data-id=\"f3860c4\" data-element_type=\"column\">\n\t\t\t<div class=\"elementor-column-wrap elementor-element-populated\">\n\t\t\t\t\t\t\t<div class=\"elementor-widget-wrap\">\n\t\t\t\t\t\t<div class=\"elementor-element elementor-element-3db99b6 elementor-widget elementor-widget-text-editor\" data-id=\"3db99b6\" data-element_type=\"widget\" data-widget_type=\"text-editor.default\">\n\t\t\t\t<div class=\"elementor-widget-container\">\n\t\t\t\t\t\t\t\t<div class=\"elementor-text-editor elementor-clearfix\">\n\t\t\t\t<p>Bevor Wellington nach K\u00f6ln versetzt wurde machte er mit Olga Willnochmal einen Ausflug zu einer Burg in der Eifel. Wellington wollte mit Olga ein Rollenspiel spielen. Sie als scharfe Prinzessin und er als grandioser Ritter. Er f\u00fchlte sich wie Prinz Eisenherz als sie an der Burg ankamen. Und Olga war sehr aufgeregt. Sie hatte sich extra eine Krone gekauft und 20 Zentimeter High Heels mit denen sie megascharf aussah. So schritt sie an der Burgmauer entlang um in die Burg selber zu gelangen. Doch dann ert\u00f6nte ein Schrei und die ganze Romantik der Situation war mit einem Schlag verschwunden. Die scharfe Prinzessin Olga schrie immens laut und Wellington rief aus, dass er ihr zur Hilfe eilen w\u00fcrde. &#8222;Warte meine Prinzessin! Ich Dein Ritter eile zu Dir&#8230;..&#8220;. Aber was war geschehen?<\/p><p>Zu Wellingtons Ensetzen lag im Burggraben, mitten im Wasser eine Ritterr\u00fcstung. Und in dieser R\u00fcstung befand sich ein Mann der ganz offensichtlich ziemlich tot war. Jetzt kommen wir auf die Beobachtungen zur\u00fcck die ich mit meiner Tochter gemacht hatte! Der Mann in der R\u00fcstung trug lediglich eine bunte Badehose und zudem eine Taucherbrille. Der Tote war also ein &#8222;Badenhosen Billy&#8220; und er war auch ein &#8222;Tauch Billy&#8220;. Ob er ein &#8222;Dr\u00fcber K\u00e4mm Billy&#8220; war konnte man zun\u00e4chst nicht feststellen, da er ja den Helm der R\u00fcstung trug.<\/p><p>Wellington rief den Notruf an und die Polizei nebst Spurensicherung traf ein. Noch bevor alle eintrafen hauchte Wellington Olga Willnochmal ins Ohr: &#8222;Ich h\u00e4tte Dich oben auf der Zinne vernascht&#8230;.aber jetzt im Moment geht es ja nicht&#8220;&#8230;&#8230;&#8230;.Doch fragen wir uns: Was war hier geschehen? Woher kam der Mann in der R\u00fcstung und seine Badehose? Hatte Olga etwas mit dem Fall zu tun? Konnte die Spurensicherung helfen?<\/p><p>Die Spurensicherung stellte fest, dass der Mann tats\u00e4chlich tot war. Er war vom Burgturm gest\u00fcrzt und dann obendrein auch noch ertrunken. Auch die Taucherbrille hatte ihm nicht geholfen. Fingerabdr\u00fccke waren nicht zu finden. Sein Name war Graf Am Liebsten von Hinten und er wohnte tats\u00e4chlich in der Burg. Sofort nahmen Wellington und Olga die Ermittlungen auf und verh\u00f6rten die Bewohner der Burg.<\/p><p>Gr\u00e4fin Britta Albertine Am liebsten von Hinten war eine Frau der ihr exzessiver Lebensstil ins Gesicht geschrieben stand. Sie war sicherlich einst sch\u00f6n gewesen. Aber ihr Konsum an Drogen, laufende Faceliftings und zu viel Silikon in der Oberweite machten deutlich was geschehen war. Sie sah aus wie 80 Jahre und war dabei erst 37 Jahre alt. So kann es gehen, dachte Wellington bei sich. Die Gr\u00e4fin stritt alles ab&#8230;&#8230;Da war der Diener Wladislaw Speckinski. Speckinski war ein Exil Ungar, der gut und gerne 150 kilo wog. Das Problem dabei war, dass Speckinski lediglich 1,60 Meter gro\u00df war. Man muss sagen, dass Speckinski ein \u00fcbler Geselle war. Die Ermittlungen ergaben, dass Speckinski als Exhibitionist und auch als Gespenst um die Burg herum beobachtet wurde. Manch Anzeige hatte es gegeben. Sofort fiel Wellingtons Verdacht auf Speckinski, der zudem laufend auf die Hupen von Olga Willnochmal schaute und dabei sabberte (dieser Satz ist doch kompletter Schwachsinn, oder?). Im \u00fcbrigen wohnte au\u00dfer der Gr\u00e4fin und Speckinski niemand in der Burg und so nahm Wellington Speckinski in die Mangel&#8230;&#8230;..Und tats\u00e4chlich gestand Speckinski&#8230;&#8230;.<\/p><p>Aber was war geschehen und was war Speckinskis Motiv?<br \/>Tats\u00e4chlich hatte sich Speckinski zum Sonnen auf den Burgturm gelegt. Dort war er der Sonne nah und niemand konnte ihn sehen&#8230;&#8230;Der Graf hatte derweil die Ritterr\u00fcstung angelegt und darunter Badehose und Taucherbrille. Er wollte f\u00fcr das n\u00e4chste Klippenspringen in Portugal trainieren bzw. dabei sein. So sah sein Plan vor, dass er vom Burgturm in den Burggraben springt. Um sich vor dem Aufschlag auf das Wasser zu sch\u00fctzen zog er die R\u00fcstung an. Nach dem Eintauchen ins Wasser wollte er sie ablegen und dann zum Rand schwimmen. Dies w\u00e4re ein genialer Plan gewesen&#8230;.Doch als er den Turm betrat sah er unvermittelt den gr\u00e4\u00dflichen Speckinski. Dies versetzte ihm einen derartigen Schreck, sodass er vom Burgturm unkontrolliert in den Burggraben fiel.<br \/>Zu allem \u00dcberfluss erschlug er dabei einen Fischreiher der gerade nach Fischen suchte. Und ein Karpfen kam ebenfalls zu Schaden, der im Sichtschlitz der Ritterr\u00fcstung eingeklemmt wurde. Zudem erlitt ein Stichling einen Schock. Und von Olgas sp\u00e4terem Schock wollen wir erst gar nicht sprechen.<\/p><p>Am Ende des Tages wurde niemand verurteilt. Die Gr\u00e4fin Britta erh\u00e4lt nun Witwenrente. Sie hat die Burg verkauft und lebt in einer Drogen WG in Hamburg. Der perverse Speckinski ist zur\u00fcck nach Ungar und ist dort Testesser f\u00fcr Gulasch in einem Restaurant in Budapest. Dem Karpfen und auch dem Stichling geht es wieder gut. Und Wellington wurde belobigt und mit Olga nun endg\u00fcltig nach K\u00f6ln versetzt. Wellington hatte genug von all diesen Billies und der Brutalit\u00e4t die in der Eifel herrscht. Er hoffte darauf, dass er ein sch\u00f6nes Leben (mit Olga) in K\u00f6ln f\u00fchren k\u00f6nnte. Doch warten wir ab wie es weiter geht. Es bleiben viele Fragen. Wie sieht Wellington eigentlich aus? Ist Wellington ein &#8222;Dr\u00fcber K\u00e4mm Billy&#8220;? Wird Speckinski nach K\u00f6ln kommen und sich r\u00e4chen (wof\u00fcr wei\u00df ich auch nicht)? Und steht Olga auf Billies oder verf\u00e4llt sie Speckinski?<\/p><p>Fragen \u00fcber Fragen die in B\u00e4lde gel\u00f6st werden.<\/p>\t\t\t\t\t<\/div>\n\t\t\t\t\t\t<\/div>\n\t\t\t\t<\/div>\n\t\t\t\t\t\t<\/div>\n\t\t\t\t\t<\/div>\n\t\t<\/div>\n\t\t\t\t\t\t\t\t<\/div>\n\t\t\t\t\t<\/div>\n\t\t<\/section>\n\t\t\t\t\t\t\t\t\t<\/div>\n\t\t\t<\/div>\n\t\t\t\t\t<\/div>\n\t\t","protected":false},"excerpt":{"rendered":"<p>Fall 4 Wellington und das Geheimnis der Burg Wellington war eigentlich ja schon Kriminalrat und nach K\u00f6ln versetzt. Ihm zugeteilt wurde als Assistentin ein echtes Luder. Sie hie\u00df Olga Willnochmal und war ein megaheisses Teil aus Bulgarien. Dieses blonde Ger\u00e4t war so hei\u00df, da wird mancher ungarische Gulasch blass. Aber lassen wir das&#8230;.Erst sp\u00e4ter sollte [&hellip;]<\/p>\n","protected":false},"author":1,"featured_media":0,"parent":0,"menu_order":0,"comment_status":"closed","ping_status":"closed","template":"","meta":{"footnotes":""},"class_list":["post-306","page","type-page","status-publish","hentry","entry"],"_links":{"self":[{"href":"https:\/\/brischni.de\/index.php?rest_route=\/wp\/v2\/pages\/306"}],"collection":[{"href":"https:\/\/brischni.de\/index.php?rest_route=\/wp\/v2\/pages"}],"about":[{"href":"https:\/\/brischni.de\/index.php?rest_route=\/wp\/v2\/types\/page"}],"author":[{"embeddable":true,"href":"https:\/\/brischni.de\/index.php?rest_route=\/wp\/v2\/users\/1"}],"replies":[{"embeddable":true,"href":"https:\/\/brischni.de\/index.php?rest_route=%2Fwp%2Fv2%2Fcomments&post=306"}],"version-history":[{"count":4,"href":"https:\/\/brischni.de\/index.php?rest_route=\/wp\/v2\/pages\/306\/revisions"}],"predecessor-version":[{"id":313,"href":"https:\/\/brischni.de\/index.php?rest_route=\/wp\/v2\/pages\/306\/revisions\/313"}],"wp:attachment":[{"href":"https:\/\/brischni.de\/index.php?rest_route=%2Fwp%2Fv2%2Fmedia&parent=306"}],"curies":[{"name":"wp","href":"https:\/\/api.w.org\/{rel}","templated":true}]}}