{"id":291,"date":"2022-06-30T18:57:41","date_gmt":"2022-06-30T18:57:41","guid":{"rendered":"http:\/\/brischni.de\/?page_id=291"},"modified":"2022-06-30T19:01:44","modified_gmt":"2022-06-30T19:01:44","slug":"kommissar-wellington-fall-3","status":"publish","type":"page","link":"https:\/\/brischni.de\/?page_id=291","title":{"rendered":"Kommissar Wellington Fall 3"},"content":{"rendered":"\t\t<div data-elementor-type=\"wp-page\" data-elementor-id=\"291\" class=\"elementor elementor-291\">\n\t\t\t\t\t\t<div class=\"elementor-inner\">\n\t\t\t\t<div class=\"elementor-section-wrap\">\n\t\t\t\t\t\t\t\t\t<section class=\"elementor-section elementor-top-section elementor-element elementor-element-00ec2b6 elementor-section-boxed elementor-section-height-default elementor-section-height-default\" data-id=\"00ec2b6\" data-element_type=\"section\">\n\t\t\t\t\t\t<div class=\"elementor-container elementor-column-gap-default\">\n\t\t\t\t\t\t\t<div class=\"elementor-row\">\n\t\t\t\t\t<div class=\"elementor-column elementor-col-100 elementor-top-column elementor-element elementor-element-7958a02\" data-id=\"7958a02\" data-element_type=\"column\">\n\t\t\t<div class=\"elementor-column-wrap elementor-element-populated\">\n\t\t\t\t\t\t\t<div class=\"elementor-widget-wrap\">\n\t\t\t\t\t\t<div class=\"elementor-element elementor-element-265cc4b elementor-widget elementor-widget-text-editor\" data-id=\"265cc4b\" data-element_type=\"widget\" data-widget_type=\"text-editor.default\">\n\t\t\t\t<div class=\"elementor-widget-container\">\n\t\t\t\t\t\t\t\t<div class=\"elementor-text-editor elementor-clearfix\">\n\t\t\t\t<p>Wie wir uns erinnern wurde Kommissar Wellington zum Oberkommissar bef\u00f6rdert, nachdem er den Fall an der Nordseek\u00fcste l\u00f6sen konnte. Aber sein neuer Fall sollte ihn noch mehr auf Trab halten wie wir sehen werden. Um diesen Fall zu verstehen bedarf es jedoch einiger Erl\u00e4uterungen.<\/p><p>Als erstes sollte man wissen was ein sogenannter \u201eDr\u00fcber K\u00e4mm Billi\u201c ist! Wir erinnern uns vielleicht daran was ein Baruschkin ist. Ein Baruschkin ist eine Halbglatze. Und mancher Tr\u00e4ger eines solchen Baruschkin kompensiert die kahle Stelle wie folgt. Man l\u00e4sst an einer Seite des Kopfes die Haare ganz lang wachsen und k\u00e4mmt diese Str\u00e4hnen dann quer \u00fcber den Kopf. Dies verdeckt dann den Baruschkin. Wer diese Strategie anwendet ist ein sogenannter \u201eDr\u00fcber K\u00e4mm Billi\u201c! Ob und was dies mit dem Fall zu tun hat werden wir sp\u00e4ter ergr\u00fcnden.<\/p><p>In jedem Falle kam es zu einem Mord in einer Tischtennishalle. Der Spieler Jo Kozamovic Schmetterball war w\u00e4hrend seines Matches gegen Terminatore Arivone erschossen worden. Dies war umso \u00e4rgerlicher, da Jo Kozamovic Schmetterball zu diesem Zeitpunkt des Matches in F\u00fchrung lag. Zudem war Kozamovic Schmetterball ein absoluter Dr\u00fcber K\u00e4mm Billi, was vielleicht mit dem Fall zu tun hatte.<\/p><p>Kommissar Wellington suchte sofort die Sporthalle auf um den Tatort in Augenschein zu nehmen. Ihn begleitete seine neue Assistentin, namens Dominika Blondovich. Dominika Blondovich hatte keine Ausbildung polizeilicher Art, war aber ein absolut scharfes Luder. Sie war \u00fcber Jahre die Attraktion einer Table Dance Bar in Wolpershausen in der N\u00e4he von Emmendingen gewesen.<\/p><p>Ich gebe zu, dass es absolut schwierig ist sich diese ganzen verbl\u00f6deten Namen und Orte zu merken. Vor allem wei\u00df man ja nicht, was \u00fcberhaupt mit dem Fall zu tun hat und was nicht. \u00dcbrigens notiert sich Oberkommissar Wellington diese Dinge stets und beh\u00e4lt so den \u00dcberblick.<\/p><p>In der Halle angekommen machte Wellington sofort einige Fotos von Dominika Blondovich weil diese<br \/>eine transparente Bluse an hatte. Auch alle anwesenden Spieler und Zeugen z\u00fcckten sofort ihre Smartphones und lie\u00dfen sich dies nicht entgehen. Keiner hatte mehr Interesse an Jo Kozamovic Schmetterball, der erschossen \u00fcber der Platte lag. Wie schade um ihn, denn er hatte die ersten beiden S\u00e4tze des Spiels gewonnen. Erstaunlich war der Umstand, dass der Eintritt der t\u00f6dlichen Geschosse von oben erfolgt sein musste. Aber wer schie\u00dft mit einer Pistole von der Decke einer Turnhalle aus?<\/p><p>Wellingtons Gedanken fuhren Achterbahn in seinem Kopf. Wer hatte ein Motiv diesen Dr\u00fcber K\u00e4mm Billi zu erschie\u00dfen? H\u00e4tte Kozamovic Schmetterball tats\u00e4chlich gegen Terminatore Arivone gewonnen? Gab es schon mal einen Fall wo der T\u00e4ter an der Decke einer Turnhalle gehangen hatte? Und warum trieb es das Luder Dominika Blondovich gerade mit der 1.Mannschaft des TTC Hinterm Deich unter der Dusche der Turnhalle w\u00e4hrend Wellington alleine in der Halle stand? Fragen \u00fcber Fragen\u2026\u2026..<\/p><p>Bei genauer Betrachtung der Personalien fiel Wellington jedoch eines auf. Terminatore Arivone war ebenfalls Polizist der Dienstwache hinter dem Deich. Und noch wichtiger\u2026\u2026Er war nebenbei Tierpfleger im Affenhaus des \u00f6rtlichen Zoos! Und er hatte einen dressierten Affen namens Jack bei sich daheim. Langsam f\u00fcgte sich das Bild St\u00fcck f\u00fcr St\u00fcck zusammen\u2026\u2026\u2026.Arivone hatte Jack an die Decke der Halle beordert und ein Handzeichen vereinbart wenn Jack schie\u00dfen sollte. So konnte Arivone das Match gegen Kozamovic in keinem Fall verlieren. Das Motto war klar und es lautete:<br \/>Bei Matchball Mord!<\/p><p>Und so endete die Story und alle kamen mit einem blauen Auge davon. Terminatore Arivone wurde frei gesprochen. Ihm war nicht nachzuweisen, dass er Jack angestiftet hatte. Jack musste zur\u00fcck ins Affenhaus und durfte fortan keine Kontakt mehr zu Arivone haben. Das Meisterschaftsspiel wurde f\u00fcr den TTC Hintern Deich gewertet und Kozamovic wurde zum Spieler des Tages gek\u00fcrt. Und Dominika Blondovich spielt nun Tischtennis in einer Herrenmannschaft und dabei haben alle eine Menge Spa\u00df. Was das Thema des Dr\u00fcber K\u00e4mm Billi mit dem Fall zu tun hat bleibt jedoch unklar.<\/p><p>Nach diesem gro\u00dfen Erfolg wurde Wellington zum Kriminalrat ernannt und in die Metropole K\u00f6ln versetzt. Im Umfeld solch einer Mega City wird er sicherlich neue F\u00e4lle erleben, die noch aufregender sein werden. Verpassen Sie nicht den n\u00e4chsten Teil!<\/p><p>\u00a0<\/p><p>\u00a0<\/p>\t\t\t\t\t<\/div>\n\t\t\t\t\t\t<\/div>\n\t\t\t\t<\/div>\n\t\t\t\t\t\t<\/div>\n\t\t\t\t\t<\/div>\n\t\t<\/div>\n\t\t\t\t\t\t\t\t<\/div>\n\t\t\t\t\t<\/div>\n\t\t<\/section>\n\t\t\t\t\t\t\t\t\t<\/div>\n\t\t\t<\/div>\n\t\t\t\t\t<\/div>\n\t\t","protected":false},"excerpt":{"rendered":"<p>Wie wir uns erinnern wurde Kommissar Wellington zum Oberkommissar bef\u00f6rdert, nachdem er den Fall an der Nordseek\u00fcste l\u00f6sen konnte. Aber sein neuer Fall sollte ihn noch mehr auf Trab halten wie wir sehen werden. Um diesen Fall zu verstehen bedarf es jedoch einiger Erl\u00e4uterungen. Als erstes sollte man wissen was ein sogenannter \u201eDr\u00fcber K\u00e4mm Billi\u201c [&hellip;]<\/p>\n","protected":false},"author":1,"featured_media":0,"parent":0,"menu_order":0,"comment_status":"closed","ping_status":"closed","template":"","meta":{"footnotes":""},"class_list":["post-291","page","type-page","status-publish","hentry","entry"],"_links":{"self":[{"href":"https:\/\/brischni.de\/index.php?rest_route=\/wp\/v2\/pages\/291"}],"collection":[{"href":"https:\/\/brischni.de\/index.php?rest_route=\/wp\/v2\/pages"}],"about":[{"href":"https:\/\/brischni.de\/index.php?rest_route=\/wp\/v2\/types\/page"}],"author":[{"embeddable":true,"href":"https:\/\/brischni.de\/index.php?rest_route=\/wp\/v2\/users\/1"}],"replies":[{"embeddable":true,"href":"https:\/\/brischni.de\/index.php?rest_route=%2Fwp%2Fv2%2Fcomments&post=291"}],"version-history":[{"count":4,"href":"https:\/\/brischni.de\/index.php?rest_route=\/wp\/v2\/pages\/291\/revisions"}],"predecessor-version":[{"id":296,"href":"https:\/\/brischni.de\/index.php?rest_route=\/wp\/v2\/pages\/291\/revisions\/296"}],"wp:attachment":[{"href":"https:\/\/brischni.de\/index.php?rest_route=%2Fwp%2Fv2%2Fmedia&parent=291"}],"curies":[{"name":"wp","href":"https:\/\/api.w.org\/{rel}","templated":true}]}}