{"id":203,"date":"2019-08-18T17:56:13","date_gmt":"2019-08-18T17:56:13","guid":{"rendered":"http:\/\/brischni.de\/?page_id=203"},"modified":"2019-09-23T19:50:21","modified_gmt":"2019-09-23T19:50:21","slug":"impressum","status":"publish","type":"page","link":"https:\/\/brischni.de\/?page_id=203","title":{"rendered":"Impressum"},"content":{"rendered":"\t\t<div data-elementor-type=\"wp-post\" data-elementor-id=\"203\" class=\"elementor elementor-203\">\n\t\t\t\t\t\t<div class=\"elementor-inner\">\n\t\t\t\t<div class=\"elementor-section-wrap\">\n\t\t\t\t\t\t\t\t\t<section class=\"elementor-section elementor-top-section elementor-element elementor-element-b91e690 elementor-section-boxed elementor-section-height-default elementor-section-height-default\" data-id=\"b91e690\" data-element_type=\"section\">\n\t\t\t\t\t\t<div class=\"elementor-container elementor-column-gap-default\">\n\t\t\t\t\t\t\t<div class=\"elementor-row\">\n\t\t\t\t\t<div class=\"elementor-column elementor-col-100 elementor-top-column elementor-element elementor-element-b00a1e8\" data-id=\"b00a1e8\" data-element_type=\"column\">\n\t\t\t<div class=\"elementor-column-wrap elementor-element-populated\">\n\t\t\t\t\t\t\t<div class=\"elementor-widget-wrap\">\n\t\t\t\t\t\t<div class=\"elementor-element elementor-element-c5ce680 elementor-widget elementor-widget-heading\" data-id=\"c5ce680\" data-element_type=\"widget\" data-widget_type=\"heading.default\">\n\t\t\t\t<div class=\"elementor-widget-container\">\n\t\t\t<h1 class=\"elementor-heading-title elementor-size-default\">Wer hat diesen M\u00fcll hier geschrieben?<\/h1>\t\t<\/div>\n\t\t\t\t<\/div>\n\t\t\t\t\t\t<\/div>\n\t\t\t\t\t<\/div>\n\t\t<\/div>\n\t\t\t\t\t\t\t\t<\/div>\n\t\t\t\t\t<\/div>\n\t\t<\/section>\n\t\t\t\t<section class=\"elementor-section elementor-top-section elementor-element elementor-element-cd0fa59 elementor-section-boxed elementor-section-height-default elementor-section-height-default\" data-id=\"cd0fa59\" data-element_type=\"section\">\n\t\t\t\t\t\t<div class=\"elementor-container elementor-column-gap-default\">\n\t\t\t\t\t\t\t<div class=\"elementor-row\">\n\t\t\t\t\t<div class=\"elementor-column elementor-col-66 elementor-top-column elementor-element elementor-element-923c802\" data-id=\"923c802\" data-element_type=\"column\">\n\t\t\t<div class=\"elementor-column-wrap elementor-element-populated\">\n\t\t\t\t\t\t\t<div class=\"elementor-widget-wrap\">\n\t\t\t\t\t\t<div class=\"elementor-element elementor-element-32c004d elementor-widget elementor-widget-text-editor\" data-id=\"32c004d\" data-element_type=\"widget\" data-widget_type=\"text-editor.default\">\n\t\t\t\t<div class=\"elementor-widget-container\">\n\t\t\t\t\t\t\t\t<div class=\"elementor-text-editor elementor-clearfix\">\n\t\t\t\t<p>Ich werde mitunter gefragt wie man darauf kommt solch einen Schwachsinn zu schreiben, wie er hier zu lesen ist. Darauf gibt es mehrere Antworten.<\/p><p>Zun\u00e4chst einmal w\u00fcrde ich sagen, dass ich einfach ein Schwachkopf bin und wohl auch immer bleiben werde. Die ist Grundvoraussetzung um solchen Unsinn verfassen zu k\u00f6nnen. Ich gebe durchaus zu, dass ich ein wenig wirr aussehe. Und solche Wirrheit verinnerlicht man halt.<\/p><p>Eines steht aber auch fest: Heute wird, vor allem im TV, gewaltiger Bullshit pr\u00e4sentiert.<br \/>Da heiraten Bauern, singen Gesangstalente, wird gekocht oder die Geissens geben f\u00fcr ihre neueste Yacht Unsummen aus. Ganz zu schweigen von den ganzen Kuppelshows&#8230;&#8230;.Und das beste daran: Das alles schauen sich viele, viele Leute mit Begeisterung an. Inhaltlich ist www.brischni.de dagegen wirklich h\u00f6chst anspruchsvoll.<\/p><p>Ich glaube zudem, dass viele Leute sich auch im Brischni Magazin wieder finden. Manches was hier zu lesen ist w\u00fcnschen wir uns oder wir erleben es. In jedem Fall k\u00f6nnen wir f\u00fcr uns festhalten, dass man nicht alles im Leben so ernst nehmen soll wie wir es mitunter tun. Und Brischni.de ist ja auch lehrreich.<\/p><p>Neben diesen nachdenklichen Artikeln zum t\u00e4glichen Geschehen findet man nat\u00fcrlich auch die Vokabeln der Brischni Sprache. Es gibt bereits einige Menschen, die diese Sprache mit Begeisterung sprechen. Wenn Sie mal in eine Bank gehen sollten und sich dann fragen, wo ihre Kertim ist, dann wissen Sie wovon ich spreche.<\/p><p>Nur noch zur Frage wer das Brischni Werk hier verbrochen hat:<br \/>Ari (Aribert) Commer<br \/>Dom Esch Str.17<br \/>53881 Euskirchen Dom Esch<br \/>01729125585 <br \/>Sie k\u00f6nnen mir auch gerne eine Mail senden und zwar bitte an:<br \/>redaktion&lt;at&gt;brischni.de<br \/>Brischni Artikel sind \u00fcbrigens Eigentum des Autors und d\u00fcrfen nicht, ohne R\u00fcckfrage, irgendwie oder irgendwo verwandt werden. Wenn Interesse an einem Artikel oder sonst etwas besteht bitte einfach eine Mail senden! Gleiches gilt f\u00fcr Anfragen zu Linkkooperationen und \u00e4hnlichem. Auch sind neue Vokabeln gefragt. Eine Idee? Dann einfach per Mail zusenden!<\/p><p>Zu guter letzt: Ich stehe auch gerne f\u00fcr Interviews durch Fernsehen, Zeitungen oder Radio zur Verf\u00fcgung. Ich denke dabei an solche Kollegen wie den Raab, den Jauch oder den Gottschalk. Der Bohlen kommt f\u00fcr mich nicht so in Betracht. Die Maischberger w\u00fcrde ich \u00fcbrigens auch akzeptieren. Egal, wer aber auch immer: Bitte vorher einen Termin vereinbaren!<\/p><p>Gehostet wird diese Seite \u00fcbrigens vom Provider Strato!<\/p>\t\t\t\t\t<\/div>\n\t\t\t\t\t\t<\/div>\n\t\t\t\t<\/div>\n\t\t\t\t\t\t<\/div>\n\t\t\t\t\t<\/div>\n\t\t<\/div>\n\t\t\t\t<div class=\"elementor-column elementor-col-33 elementor-top-column elementor-element elementor-element-cc9b9d6\" data-id=\"cc9b9d6\" data-element_type=\"column\">\n\t\t\t<div class=\"elementor-column-wrap elementor-element-populated\">\n\t\t\t\t\t\t\t<div class=\"elementor-widget-wrap\">\n\t\t\t\t\t\t<div class=\"elementor-element elementor-element-fc342d8 elementor-widget elementor-widget-image\" data-id=\"fc342d8\" data-element_type=\"widget\" data-widget_type=\"image.default\">\n\t\t\t\t<div class=\"elementor-widget-container\">\n\t\t\t\t\t\t\t\t<div class=\"elementor-image\">\n\t\t\t\t\t\t\t\t\t\t\t\t<img loading=\"lazy\" decoding=\"async\" width=\"416\" height=\"517\" src=\"https:\/\/brischni.de\/wp-content\/uploads\/2019\/09\/ari0001.jpg\" class=\"attachment-large size-large\" alt=\"\" srcset=\"https:\/\/brischni.de\/wp-content\/uploads\/2019\/09\/ari0001.jpg 416w, https:\/\/brischni.de\/wp-content\/uploads\/2019\/09\/ari0001-241x300.jpg 241w\" sizes=\"(max-width: 416px) 100vw, 416px\" \/>\t\t\t\t\t\t\t\t\t\t\t\t\t\t<\/div>\n\t\t\t\t\t\t<\/div>\n\t\t\t\t<\/div>\n\t\t\t\t\t\t<\/div>\n\t\t\t\t\t<\/div>\n\t\t<\/div>\n\t\t\t\t\t\t\t\t<\/div>\n\t\t\t\t\t<\/div>\n\t\t<\/section>\n\t\t\t\t\t\t\t\t\t<\/div>\n\t\t\t<\/div>\n\t\t\t\t\t<\/div>\n\t\t","protected":false},"excerpt":{"rendered":"<p>Wer hat diesen M\u00fcll hier geschrieben? Ich werde mitunter gefragt wie man darauf kommt solch einen Schwachsinn zu schreiben, wie er hier zu lesen ist. Darauf gibt es mehrere Antworten. Zun\u00e4chst einmal w\u00fcrde ich sagen, dass ich einfach ein Schwachkopf bin und wohl auch immer bleiben werde. Die ist Grundvoraussetzung um solchen Unsinn verfassen zu [&hellip;]<\/p>\n","protected":false},"author":1,"featured_media":0,"parent":0,"menu_order":0,"comment_status":"closed","ping_status":"closed","template":"","meta":{"footnotes":""},"class_list":["post-203","page","type-page","status-publish","hentry","entry"],"_links":{"self":[{"href":"https:\/\/brischni.de\/index.php?rest_route=\/wp\/v2\/pages\/203"}],"collection":[{"href":"https:\/\/brischni.de\/index.php?rest_route=\/wp\/v2\/pages"}],"about":[{"href":"https:\/\/brischni.de\/index.php?rest_route=\/wp\/v2\/types\/page"}],"author":[{"embeddable":true,"href":"https:\/\/brischni.de\/index.php?rest_route=\/wp\/v2\/users\/1"}],"replies":[{"embeddable":true,"href":"https:\/\/brischni.de\/index.php?rest_route=%2Fwp%2Fv2%2Fcomments&post=203"}],"version-history":[{"count":3,"href":"https:\/\/brischni.de\/index.php?rest_route=\/wp\/v2\/pages\/203\/revisions"}],"predecessor-version":[{"id":285,"href":"https:\/\/brischni.de\/index.php?rest_route=\/wp\/v2\/pages\/203\/revisions\/285"}],"wp:attachment":[{"href":"https:\/\/brischni.de\/index.php?rest_route=%2Fwp%2Fv2%2Fmedia&parent=203"}],"curies":[{"name":"wp","href":"https:\/\/api.w.org\/{rel}","templated":true}]}}