{"id":174,"date":"2019-08-18T12:59:52","date_gmt":"2019-08-18T12:59:52","guid":{"rendered":"http:\/\/brischni.de\/?page_id=174"},"modified":"2019-08-23T18:02:46","modified_gmt":"2019-08-23T18:02:46","slug":"ein-wurmloch","status":"publish","type":"page","link":"https:\/\/brischni.de\/?page_id=174","title":{"rendered":"Ein Wurmloch"},"content":{"rendered":"\t\t<div data-elementor-type=\"wp-post\" data-elementor-id=\"174\" class=\"elementor elementor-174\">\n\t\t\t\t\t\t<div class=\"elementor-inner\">\n\t\t\t\t<div class=\"elementor-section-wrap\">\n\t\t\t\t\t\t\t\t\t<section class=\"elementor-section elementor-top-section elementor-element elementor-element-efc2be9 elementor-section-boxed elementor-section-height-default elementor-section-height-default\" data-id=\"efc2be9\" data-element_type=\"section\">\n\t\t\t\t\t\t<div class=\"elementor-container elementor-column-gap-default\">\n\t\t\t\t\t\t\t<div class=\"elementor-row\">\n\t\t\t\t\t<div class=\"elementor-column elementor-col-100 elementor-top-column elementor-element elementor-element-3006cbf\" data-id=\"3006cbf\" data-element_type=\"column\">\n\t\t\t<div class=\"elementor-column-wrap elementor-element-populated\">\n\t\t\t\t\t\t\t<div class=\"elementor-widget-wrap\">\n\t\t\t\t\t\t<div class=\"elementor-element elementor-element-bbc2cab elementor-widget elementor-widget-heading\" data-id=\"bbc2cab\" data-element_type=\"widget\" data-widget_type=\"heading.default\">\n\t\t\t\t<div class=\"elementor-widget-container\">\n\t\t\t<h1 class=\"elementor-heading-title elementor-size-default\">Sensation! Ein Wurmloch in T\u00fcbingen entdeckt<\/h1>\t\t<\/div>\n\t\t\t\t<\/div>\n\t\t\t\t\t\t<\/div>\n\t\t\t\t\t<\/div>\n\t\t<\/div>\n\t\t\t\t\t\t\t\t<\/div>\n\t\t\t\t\t<\/div>\n\t\t<\/section>\n\t\t\t\t<section class=\"elementor-section elementor-top-section elementor-element elementor-element-03e945b elementor-section-boxed elementor-section-height-default elementor-section-height-default\" data-id=\"03e945b\" data-element_type=\"section\">\n\t\t\t\t\t\t<div class=\"elementor-container elementor-column-gap-default\">\n\t\t\t\t\t\t\t<div class=\"elementor-row\">\n\t\t\t\t\t<div class=\"elementor-column elementor-col-66 elementor-top-column elementor-element elementor-element-f6ffb04\" data-id=\"f6ffb04\" data-element_type=\"column\">\n\t\t\t<div class=\"elementor-column-wrap elementor-element-populated\">\n\t\t\t\t\t\t\t<div class=\"elementor-widget-wrap\">\n\t\t\t\t\t\t<div class=\"elementor-element elementor-element-98e829b elementor-widget elementor-widget-text-editor\" data-id=\"98e829b\" data-element_type=\"widget\" data-widget_type=\"text-editor.default\">\n\t\t\t\t<div class=\"elementor-widget-container\">\n\t\t\t\t\t\t\t\t<div class=\"elementor-text-editor elementor-clearfix\">\n\t\t\t\t<p>Was ich nun berichte ist absolut geheim! Das BKA hat die Ver\u00f6ffentlichung dessen strengstens verboten! Das Brischni Magazin tut es aber trotzdem!<\/p><p>Man hat in einem Kloster in S\u00fcddeutschland ein Bild entdeckt, welches etwa aus dem Jahre 1280 resultieren muss. Eigentlich ist dies ja nichts weiter besonderes. Der Witz an der Sache: Auf diesem Bild ist einwandfrei ein Auto der Marke Mercedes Benz zu sehen. Es gibt keinerlei Zweifel: Der unbekannte Maler hat, warum auch immer, einen schwarzen Mercedes in dieses Bild eingebaut.<\/p><p>Die Metro Carbon Analyse des Bildes best\u00e4tigte \u00fcbrigens das Alter des Bildes. Damit scheidet auch die M\u00f6glichkeit aus, dass dieses Bild manipuliert wurde.<\/p><p>Leider darf dieses Gem\u00e4lde hier nicht gezeigt werden bzw. es wird unter Verschluss gehalten.<\/p><p>Nun fragt sich nat\u00fcrlich ein jeder wie das passieren kann? Die Antwort ist recht einfach. Man hat in S\u00fcddeutschland ein sogenanntes Wurmloch entdeckt. Dieses Ph\u00e4nomen der Wurml\u00f6cher ist in der Physik bekannt. Es geht hier also nicht um ein Loch, welches sich beispielsweise ein Regenwurm gebuddelt hat. Nein, solch ein Wurmloch ist ein Loch in Raum oder Zeit. Wenn man dieses Loch durchschreitet gelangt man an einen anderen Ort ggf. in einer anderen zeitlichen Dimension.<\/p><p>Die Sache selber muss sich dann wie folgt abgespielt haben. Ein Staubsaugervertreter aus Erlangen muss wohl, im Sommer des Jahres 2012, einen Wald unweit der Stadt T\u00fcbingen durchfahren haben. Es muss wohl pl\u00f6tzlich auftretende Ph\u00e4nomene wie Blitze gegeben haben und pl\u00f6tzlich fand der Fahrer keine Strasse mehr unter dem Auto. Aber lassen wir diesen Vertreter selber erz\u00e4hlen&#8230;&#8230;..<\/p><p>&#8222;Meine n\u00e4chste Kundin wohnte in einem kleinen Dorf bei T\u00fcbingen. Ich wollte Ihr unser neues Spitzenmodell Sauggut 2000 vorf\u00fchren. Als ich in einen Wald fuhr donnerte und blitze es auf einmal. Schliesslich verschwand die Strasse und ich fuhr auf so einer Art Feldweg. Wie man mir nachher sagte, war dies eine alte r\u00f6mische Heerstrasse. Da habe ich ziemliches Gl\u00fcck gehabt, denn nach diesem Zeitsprung h\u00e4tte ich ja auch irgendwo auf einem Baum, in einem See oder in einem Berg landen k\u00f6nnen. Jedenfalls bin ich durch ein Wurmloch gefahren und war so pl\u00f6tzlich (samt meinem Auto) im Mittelalter gelandet&#8230;&#8230;&#8220;<\/p><p>Der Vertreter fuhr auf dieser r\u00f6mischen Heerstrasse weiter. Er wusste in diesem Moment ja nicht, was hier geschehen war. Aber lassen wir ihn das Erlebnis weiter schildern&#8230;..<\/p><p>&#8222;Zun\u00e4chst einmal hielt ich an und nahm mein Handy zur Hand. Ich wollte irgendwen anrufen, eventuell sogar die Polizei. Ich musste jedoch feststellen, dass mein Handy kein Netz hatte. Ich nahm an, dass dies an den umliegenden Bergen l\u00e4ge und so startete ich den Motor. Mein Ziel war nun T\u00fcbingen. Wenn ich dort ankam wollte ich \u00fcberlegen, was nun zu tun sei. Ich fuhr auf dieser Holperpiste. Zu meinem Erstaunen zeigte auch mein Navi nichts mehr an. Ich bef\u00fcrchtete, dass der\u00a0 3.Weltkrieg begonnen haben k\u00f6nnte und ich h\u00e4tte nichts davon mitbekommen. Schliesslich war auch in meinem Radio v\u00f6llige Funkstille!&#8220;<\/p><p>Der Staubsaugervertreter folgte dem Verlauf der r\u00f6mischen Heerstrasse und n\u00e4herte sich mehr und mehr der Stadt T\u00fcbingen! Aber lassen wir ihn auch hier selber berichten&#8230;&#8230;&#8230;&#8230;&#8230;..<\/p><p>&#8222;Die Sache wurde mir mehr und mehr unheimlich. Ich sah wenige Menschen! Aber diese sahen sehr eigenartig aus. Ihre Kleidung \u00e4hnelte mehr Lumpen und wenn sie mich und mein Auto sahen liefen sie eiligst davon und schrien dabei! Ich konnte mir das nicht erkl\u00e4ren. Und schliesslich erblickte ich eine Stadt vor mir. Gef\u00fchlt musste dies T\u00fcbingen sein! Jedoch sah diese Stadt keineswegs wie T\u00fcbingen aus&#8230;&#8230;!&#8220;<\/p><p>Das Erscheinen des Mercedes Benz, samt Fahrer, muss im T\u00fcbingen von 1280 einen riesigen Aufstand nach sich gezogen haben. Als man das Gef\u00e4hrt sah schloss man sofort die Stadttore und schlug Alarm. Die Stadtchronik gibt hierzu Aufschluss. Dort ist von der Erscheinung des Leibhaftigen vor den Stadttoren im Jahre 1284 die Rede! Wer nun eins und eins zusammen z\u00e4hlen kann wei\u00df was damit gemeint war.<\/p><p>Mehr ist in der Stadtchronik leider nicht zu diesem Ereignis lesbar! Aber lassen wir den Vertreter weiter erz\u00e4hlen&#8230;&#8230;&#8230;&#8230;.<\/p>\t\t\t\t\t<\/div>\n\t\t\t\t\t\t<\/div>\n\t\t\t\t<\/div>\n\t\t\t\t\t\t<\/div>\n\t\t\t\t\t<\/div>\n\t\t<\/div>\n\t\t\t\t<div class=\"elementor-column elementor-col-33 elementor-top-column elementor-element elementor-element-d8e5ab1\" data-id=\"d8e5ab1\" data-element_type=\"column\">\n\t\t\t<div class=\"elementor-column-wrap elementor-element-populated\">\n\t\t\t\t\t\t\t<div class=\"elementor-widget-wrap\">\n\t\t\t\t\t\t<div class=\"elementor-element elementor-element-53c7ad3 elementor-widget elementor-widget-image\" data-id=\"53c7ad3\" data-element_type=\"widget\" data-widget_type=\"image.default\">\n\t\t\t\t<div class=\"elementor-widget-container\">\n\t\t\t\t\t\t\t\t<div class=\"elementor-image\">\n\t\t\t\t\t\t\t\t\t\t\t\t<img loading=\"lazy\" decoding=\"async\" width=\"680\" height=\"454\" src=\"https:\/\/brischni.de\/wp-content\/uploads\/2019\/08\/tempel.jpg\" class=\"attachment-large size-large\" alt=\"\" srcset=\"https:\/\/brischni.de\/wp-content\/uploads\/2019\/08\/tempel.jpg 680w, https:\/\/brischni.de\/wp-content\/uploads\/2019\/08\/tempel-300x200.jpg 300w\" sizes=\"(max-width: 680px) 100vw, 680px\" \/>\t\t\t\t\t\t\t\t\t\t\t\t\t\t<\/div>\n\t\t\t\t\t\t<\/div>\n\t\t\t\t<\/div>\n\t\t\t\t\t\t<\/div>\n\t\t\t\t\t<\/div>\n\t\t<\/div>\n\t\t\t\t\t\t\t\t<\/div>\n\t\t\t\t\t<\/div>\n\t\t<\/section>\n\t\t\t\t<section class=\"elementor-section elementor-top-section elementor-element elementor-element-98977e3 elementor-section-boxed elementor-section-height-default elementor-section-height-default\" data-id=\"98977e3\" data-element_type=\"section\">\n\t\t\t\t\t\t<div class=\"elementor-container elementor-column-gap-default\">\n\t\t\t\t\t\t\t<div class=\"elementor-row\">\n\t\t\t\t\t<div class=\"elementor-column elementor-col-33 elementor-top-column elementor-element elementor-element-99fe79b\" data-id=\"99fe79b\" data-element_type=\"column\">\n\t\t\t<div class=\"elementor-column-wrap elementor-element-populated\">\n\t\t\t\t\t\t\t<div class=\"elementor-widget-wrap\">\n\t\t\t\t\t\t<div class=\"elementor-element elementor-element-8f7c677 elementor-widget elementor-widget-image\" data-id=\"8f7c677\" data-element_type=\"widget\" data-widget_type=\"image.default\">\n\t\t\t\t<div class=\"elementor-widget-container\">\n\t\t\t\t\t\t\t\t<div class=\"elementor-image\">\n\t\t\t\t\t\t\t\t\t\t\t\t<img loading=\"lazy\" decoding=\"async\" width=\"664\" height=\"374\" src=\"https:\/\/brischni.de\/wp-content\/uploads\/2019\/08\/Weltall_2.jpg\" class=\"attachment-large size-large\" alt=\"\" srcset=\"https:\/\/brischni.de\/wp-content\/uploads\/2019\/08\/Weltall_2.jpg 664w, https:\/\/brischni.de\/wp-content\/uploads\/2019\/08\/Weltall_2-300x169.jpg 300w\" sizes=\"(max-width: 664px) 100vw, 664px\" \/>\t\t\t\t\t\t\t\t\t\t\t\t\t\t<\/div>\n\t\t\t\t\t\t<\/div>\n\t\t\t\t<\/div>\n\t\t\t\t\t\t<\/div>\n\t\t\t\t\t<\/div>\n\t\t<\/div>\n\t\t\t\t<div class=\"elementor-column elementor-col-66 elementor-top-column elementor-element elementor-element-542298b\" data-id=\"542298b\" data-element_type=\"column\">\n\t\t\t<div class=\"elementor-column-wrap elementor-element-populated\">\n\t\t\t\t\t\t\t<div class=\"elementor-widget-wrap\">\n\t\t\t\t\t\t<div class=\"elementor-element elementor-element-95b8a23 elementor-widget elementor-widget-text-editor\" data-id=\"95b8a23\" data-element_type=\"widget\" data-widget_type=\"text-editor.default\">\n\t\t\t\t<div class=\"elementor-widget-container\">\n\t\t\t\t\t\t\t\t<div class=\"elementor-text-editor elementor-clearfix\">\n\t\t\t\t<p>&#8222;Als ich mich der Stadt n\u00e4herte schloss man dort die Stadttore und ich h\u00f6rte das L\u00e4uten der Glocken der Kirche. Und dann schoss man mit Pfeilen, die auf mein Auto prallten. Ich bremste sofort und legte den R\u00fcckw\u00e4rtsgang ein. Ich konnte mir keinen Reim machen, was da gerade passierte. Also drehte ich um und fuhr die Strecke zur\u00fcck. Zum Gl\u00fcck verfolgte mich niemand. Ich kam wieder an jene Stelle, wo dieses Chaos begann. Erneut blitzte und donnerte es. Und eh ich mich versah befand ich mich wieder auf der Strasse in Richtung meiner Kundin.&#8220;<\/p><p>Nachdem dieser Vertreter dieses Erlebnis hatte brachte er ein halbes Jahr in einer Fachklinik f\u00fcr Psychologie zu. Niemand glaubte ihm, dass er dieses Erlebnis tats\u00e4chlich hatte. Erst das gefundene Bild im o.g. Kloster brachte Licht in das Dunkel dieser Geschichte. Nun wei\u00df man, dass der gute Mann ein Wurmloch durchschritt. Leider fand sich dieses Wurmloch, trotz intensiver Suche, bislang nicht. W\u00fcrde man selbiges finden so w\u00e4re dieser Fund sensationell und w\u00fcrde ganz neue Dimensionen \u00f6ffnen. Lassen wir den Vertreter noch einmal zu Wort kommen&#8230;&#8230;<\/p><p>&#8222;Mittlerweile wei\u00df ich was passiert ist und bin froh, dass man dies ermitteln konnte. Schade nur, dass ich damals nicht wusste in welcher Geschichte ich mich da bewegte. Was h\u00e4tte ich in T\u00fcbingen Staubsauger verkaufen k\u00f6nnen! \u00dcberlegen Sie mal! Zu der Zeit, im Jahre 1284, w\u00e4re ich ohne jede Konkurrenz gewesen und h\u00e4tte zahlreiche neue Kunden anwerben k\u00f6nnen. Ich bin noch ein paar mal an bewusste Stelle gefahren und habe gehofft, dass sich dieses Wurmloch noch einmal auftun wird. Aber leider ohne Erfolg!&#8220; <\/p><p>Viele Fragen bleiben ungekl\u00e4rt und die \u00f6ffentlichen Stellen h\u00fcllen sich in Schweigen&#8230;&#8230;.Gab es im Mittelalter, im Jahre 1284, bereits Staubsauger? Wurde eventuell sogar in T\u00fcbingen der Staubsauger erfunden? Gibt es Wurml\u00f6cher nur in W\u00e4ldern? Muss man einen Mercedes fahren um in ein Wurmloch zu gelangen? Und was hat ein Wurmloch eigentlich mit einem Wurm zu tun?<\/p><p>Wir werden diesen Fragen nach gehen und bei dieser Sache am Ball bleiben. Sollten sich Neuigkeiten ergeben so berichten wir dar\u00fcber. Und sollten Sie in ein Wurmloch gelangen, so senden Sie uns bitte Ihren Bericht per Mail zu!<\/p>\t\t\t\t\t<\/div>\n\t\t\t\t\t\t<\/div>\n\t\t\t\t<\/div>\n\t\t\t\t\t\t<\/div>\n\t\t\t\t\t<\/div>\n\t\t<\/div>\n\t\t\t\t\t\t\t\t<\/div>\n\t\t\t\t\t<\/div>\n\t\t<\/section>\n\t\t\t\t\t\t\t\t\t<\/div>\n\t\t\t<\/div>\n\t\t\t\t\t<\/div>\n\t\t","protected":false},"excerpt":{"rendered":"<p>Sensation! Ein Wurmloch in T\u00fcbingen entdeckt Was ich nun berichte ist absolut geheim! Das BKA hat die Ver\u00f6ffentlichung dessen strengstens verboten! Das Brischni Magazin tut es aber trotzdem! Man hat in einem Kloster in S\u00fcddeutschland ein Bild entdeckt, welches etwa aus dem Jahre 1280 resultieren muss. Eigentlich ist dies ja nichts weiter besonderes. Der Witz [&hellip;]<\/p>\n","protected":false},"author":1,"featured_media":0,"parent":0,"menu_order":0,"comment_status":"closed","ping_status":"closed","template":"","meta":{"footnotes":""},"class_list":["post-174","page","type-page","status-publish","hentry","entry"],"_links":{"self":[{"href":"https:\/\/brischni.de\/index.php?rest_route=\/wp\/v2\/pages\/174"}],"collection":[{"href":"https:\/\/brischni.de\/index.php?rest_route=\/wp\/v2\/pages"}],"about":[{"href":"https:\/\/brischni.de\/index.php?rest_route=\/wp\/v2\/types\/page"}],"author":[{"embeddable":true,"href":"https:\/\/brischni.de\/index.php?rest_route=\/wp\/v2\/users\/1"}],"replies":[{"embeddable":true,"href":"https:\/\/brischni.de\/index.php?rest_route=%2Fwp%2Fv2%2Fcomments&post=174"}],"version-history":[{"count":4,"href":"https:\/\/brischni.de\/index.php?rest_route=\/wp\/v2\/pages\/174\/revisions"}],"predecessor-version":[{"id":217,"href":"https:\/\/brischni.de\/index.php?rest_route=\/wp\/v2\/pages\/174\/revisions\/217"}],"wp:attachment":[{"href":"https:\/\/brischni.de\/index.php?rest_route=%2Fwp%2Fv2%2Fmedia&parent=174"}],"curies":[{"name":"wp","href":"https:\/\/api.w.org\/{rel}","templated":true}]}}