{"id":171,"date":"2019-08-18T12:59:14","date_gmt":"2019-08-18T12:59:14","guid":{"rendered":"http:\/\/brischni.de\/?page_id=171"},"modified":"2019-08-24T19:46:18","modified_gmt":"2019-08-24T19:46:18","slug":"gesunde-ernaehrung","status":"publish","type":"page","link":"https:\/\/brischni.de\/?page_id=171","title":{"rendered":"Gesunde Ern\u00e4hrung"},"content":{"rendered":"\t\t<div data-elementor-type=\"wp-post\" data-elementor-id=\"171\" class=\"elementor elementor-171\">\n\t\t\t\t\t\t<div class=\"elementor-inner\">\n\t\t\t\t<div class=\"elementor-section-wrap\">\n\t\t\t\t\t\t\t\t\t<section class=\"elementor-section elementor-top-section elementor-element elementor-element-3ea62d2 elementor-section-boxed elementor-section-height-default elementor-section-height-default\" data-id=\"3ea62d2\" data-element_type=\"section\">\n\t\t\t\t\t\t<div class=\"elementor-container elementor-column-gap-default\">\n\t\t\t\t\t\t\t<div class=\"elementor-row\">\n\t\t\t\t\t<div class=\"elementor-column elementor-col-100 elementor-top-column elementor-element elementor-element-866d909\" data-id=\"866d909\" data-element_type=\"column\">\n\t\t\t<div class=\"elementor-column-wrap elementor-element-populated\">\n\t\t\t\t\t\t\t<div class=\"elementor-widget-wrap\">\n\t\t\t\t\t\t<div class=\"elementor-element elementor-element-e720cde elementor-widget elementor-widget-heading\" data-id=\"e720cde\" data-element_type=\"widget\" data-widget_type=\"heading.default\">\n\t\t\t\t<div class=\"elementor-widget-container\">\n\t\t\t<h1 class=\"elementor-heading-title elementor-size-default\">Wie ern\u00e4hrt man sich gesund?<\/h1>\t\t<\/div>\n\t\t\t\t<\/div>\n\t\t\t\t\t\t<\/div>\n\t\t\t\t\t<\/div>\n\t\t<\/div>\n\t\t\t\t\t\t\t\t<\/div>\n\t\t\t\t\t<\/div>\n\t\t<\/section>\n\t\t\t\t<section class=\"elementor-section elementor-top-section elementor-element elementor-element-08a1294 elementor-section-boxed elementor-section-height-default elementor-section-height-default\" data-id=\"08a1294\" data-element_type=\"section\">\n\t\t\t\t\t\t<div class=\"elementor-container elementor-column-gap-default\">\n\t\t\t\t\t\t\t<div class=\"elementor-row\">\n\t\t\t\t\t<div class=\"elementor-column elementor-col-66 elementor-top-column elementor-element elementor-element-466b465\" data-id=\"466b465\" data-element_type=\"column\">\n\t\t\t<div class=\"elementor-column-wrap elementor-element-populated\">\n\t\t\t\t\t\t\t<div class=\"elementor-widget-wrap\">\n\t\t\t\t\t\t<div class=\"elementor-element elementor-element-da559a9 elementor-widget elementor-widget-text-editor\" data-id=\"da559a9\" data-element_type=\"widget\" data-widget_type=\"text-editor.default\">\n\t\t\t\t<div class=\"elementor-widget-container\">\n\t\t\t\t\t\t\t\t<div class=\"elementor-text-editor elementor-clearfix\">\n\t\t\t\t<p>Man h\u00f6rt immer, dass Salat und Gem\u00fcse so gesund sein sollen. Meines Erachtens stimmt das aber nicht. Und ich will Ihnen auch verraten warum! Wir m\u00fcssen nur in die Evolution schauen!<\/p><p>Vor vielen Millionen Jahren lebten echte Monster auf dieser Erde. Da lief der T-Rex rum, da gab es Raptoren und im Meer schwamm der Megalodon. Das war ein riesiger Hai, der so viel wie sechs T-rex Dinos wog. Das waren knallharte Viecher, die jedes andere frassen, welches ihnen \u00fcber den Weg lief.<\/p><p>Schauen Sie sich mal Jurassic Park an! Dann wissen Sie was ich meine. Dieser Viecher waren die echten Stars ihrer Zeit. Und nun die Frage: Frassen diese Tiere Salat oder Gem\u00fcse? Nein! Die stopften sich mit Fleisch voll und waren die Stars ihrer Epoche.<\/p><p>Oder schauen Sie weiter. Zum Beispiel der S\u00e4belzahntiger! Mit dem legte sich keiner an! Und haben Sie schon mal einen S\u00e4belzahntiger an einer Salattheke gesehen?<\/p><p>Man kann auch bei den Menschen dieses beobachten! Denken Sie mal an die Indianer. Haben die das Gras gejagt oder Kopfsalat angebaut? Nein! Die Indianer jagten den B\u00fcffel. Und deswegen waren die Indianer solch ein fittes Naturvolk. \u00dcberhaupt Amerika&#8230;&#8230;Schauen Sie mal nach Kanada! Da stopfen sich die B\u00e4ren mit Lachs voll! Und dann haben die wirklich Kr\u00e4fte wie ein B\u00e4r! Das ist \u00fcbrigens der Grund, weshalb in Amerika der Fisch M\u00e4c und der Burger mit Beef so erfolgreich sind. Die Amis wissen, dass B\u00fcffel und Lachs richtig gesund sind. Und deshalb gilt dort die Devise: Schiebt Euch Beef Burger und Fish M\u00e4c rein!<\/p><p>Und dann sollte man auch an die Steinzeit denken! Da fingen die Steinzeit Leute einen Mammut und dann verspeisten sie selbigen. Das waren noch echte Kerle, diese Steinzeit Jungs.<\/p><p>Es wid ja gemunkelt, dass der Big M\u00e4c damals im alten Rom erfunden wurde. Aber nicht in Rom selber, sondern in Colonia, dem heutigen K\u00f6ln. Da soll ein K\u00f6lner Fladenbrot mit Wildschwein belegt und dann dieses Werk an hungrige Legion\u00e4re verkauft haben. Vielleicht war das auch der Vorg\u00e4nger vom D\u00f6ner D\u00fcr\u00fcm &#8211; man weiss das nicht so genau. Ist ja auch schon lange her.<\/p><p>Man h\u00f6rt immer, dass man Gem\u00fcse, Salat und Obst wegen der Vitamine essen soll. Ich mache das grunds\u00e4tzlich anders. F\u00fcr die Vitamine esse ich Pommes! Die sind aus Kartoffeln und damit bis oben hin voll mit Vitaminen. Das liegt daran, dass die Vitamine durch das Frittieren quasi eingeschlossen werden. Schon die alten Germanen schworen auf Pommes! Dieser Armin konnte die R\u00f6mer nur schlagen, weil seine Jungs vorher ordentlich Pommes und Wildschwein gegessen haben. Obendrauf Mayo und Zwiebeln (f\u00fcr den Mundgeruch). Da hatten die R\u00f6mer keine Chance.<\/p><p>Und wenn man mehr Vitamin C ben\u00f6tigt, dann trinkt man eine Fanta. Der Boris Becker hat mal gesagt, ich glaube in der Werbung, dass da reichlich Vitamin C drin ist.<\/p><p>Das Mittagsmenu sollte demnach fette Burger, Gyrosfleisch, D\u00f6nerfleisch, Schnitzel oder Kotelett enthalten. Dazu reichlich Pommes mit Mayo und Ketchup. Und oben drauf Zwiebeln. Da schworen schon die Germanen drauf! Diese Kreation mit reichlich Fanta runter sp\u00fclen. Ges\u00fcnder geht es nicht!<\/p><p>Aber bloss kein Gem\u00fcse oder Salat! Denken Sie an den T-Rex, den Megalodon, den Raptor, den S\u00e4belzahntiger oder den B\u00e4r in Kanada! Also: Lieber kein Gr\u00fcnzeug!<\/p><p>Ich hoffe, dass Ihnen meine Ern\u00e4hrungstips helfen! Demn\u00e4chst werde ich Ihnen erkl\u00e4ren, warum Bewegung alles andere als gesund ist!<\/p>\t\t\t\t\t<\/div>\n\t\t\t\t\t\t<\/div>\n\t\t\t\t<\/div>\n\t\t\t\t\t\t<\/div>\n\t\t\t\t\t<\/div>\n\t\t<\/div>\n\t\t\t\t<div class=\"elementor-column elementor-col-33 elementor-top-column elementor-element elementor-element-2780ab5\" data-id=\"2780ab5\" data-element_type=\"column\">\n\t\t\t<div class=\"elementor-column-wrap elementor-element-populated\">\n\t\t\t\t\t\t\t<div class=\"elementor-widget-wrap\">\n\t\t\t\t\t\t<div class=\"elementor-element elementor-element-129d01c elementor-widget elementor-widget-image\" data-id=\"129d01c\" data-element_type=\"widget\" data-widget_type=\"image.default\">\n\t\t\t\t<div class=\"elementor-widget-container\">\n\t\t\t\t\t\t\t\t<div class=\"elementor-image\">\n\t\t\t\t\t\t\t\t\t\t\t\t<img loading=\"lazy\" decoding=\"async\" width=\"922\" height=\"691\" src=\"https:\/\/brischni.de\/wp-content\/uploads\/2019\/08\/buffet-2011-009.jpg\" class=\"attachment-large size-large\" alt=\"\" srcset=\"https:\/\/brischni.de\/wp-content\/uploads\/2019\/08\/buffet-2011-009.jpg 922w, https:\/\/brischni.de\/wp-content\/uploads\/2019\/08\/buffet-2011-009-300x225.jpg 300w, https:\/\/brischni.de\/wp-content\/uploads\/2019\/08\/buffet-2011-009-768x576.jpg 768w\" sizes=\"(max-width: 922px) 100vw, 922px\" \/>\t\t\t\t\t\t\t\t\t\t\t\t\t\t<\/div>\n\t\t\t\t\t\t<\/div>\n\t\t\t\t<\/div>\n\t\t\t\t\t\t<\/div>\n\t\t\t\t\t<\/div>\n\t\t<\/div>\n\t\t\t\t\t\t\t\t<\/div>\n\t\t\t\t\t<\/div>\n\t\t<\/section>\n\t\t\t\t\t\t\t\t\t<\/div>\n\t\t\t<\/div>\n\t\t\t\t\t<\/div>\n\t\t","protected":false},"excerpt":{"rendered":"<p>Wie ern\u00e4hrt man sich gesund? Man h\u00f6rt immer, dass Salat und Gem\u00fcse so gesund sein sollen. Meines Erachtens stimmt das aber nicht. Und ich will Ihnen auch verraten warum! Wir m\u00fcssen nur in die Evolution schauen! Vor vielen Millionen Jahren lebten echte Monster auf dieser Erde. Da lief der T-Rex rum, da gab es Raptoren [&hellip;]<\/p>\n","protected":false},"author":1,"featured_media":0,"parent":0,"menu_order":0,"comment_status":"closed","ping_status":"closed","template":"","meta":{"footnotes":""},"class_list":["post-171","page","type-page","status-publish","hentry","entry"],"_links":{"self":[{"href":"https:\/\/brischni.de\/index.php?rest_route=\/wp\/v2\/pages\/171"}],"collection":[{"href":"https:\/\/brischni.de\/index.php?rest_route=\/wp\/v2\/pages"}],"about":[{"href":"https:\/\/brischni.de\/index.php?rest_route=\/wp\/v2\/types\/page"}],"author":[{"embeddable":true,"href":"https:\/\/brischni.de\/index.php?rest_route=\/wp\/v2\/users\/1"}],"replies":[{"embeddable":true,"href":"https:\/\/brischni.de\/index.php?rest_route=%2Fwp%2Fv2%2Fcomments&post=171"}],"version-history":[{"count":3,"href":"https:\/\/brischni.de\/index.php?rest_route=\/wp\/v2\/pages\/171\/revisions"}],"predecessor-version":[{"id":247,"href":"https:\/\/brischni.de\/index.php?rest_route=\/wp\/v2\/pages\/171\/revisions\/247"}],"wp:attachment":[{"href":"https:\/\/brischni.de\/index.php?rest_route=%2Fwp%2Fv2%2Fmedia&parent=171"}],"curies":[{"name":"wp","href":"https:\/\/api.w.org\/{rel}","templated":true}]}}