{"id":168,"date":"2019-08-18T12:58:46","date_gmt":"2019-08-18T12:58:46","guid":{"rendered":"http:\/\/brischni.de\/?page_id=168"},"modified":"2019-08-18T17:34:20","modified_gmt":"2019-08-18T17:34:20","slug":"arche-und-enterprise","status":"publish","type":"page","link":"https:\/\/brischni.de\/?page_id=168","title":{"rendered":"Arche und Enterprise"},"content":{"rendered":"\t\t<div data-elementor-type=\"wp-post\" data-elementor-id=\"168\" class=\"elementor elementor-168\">\n\t\t\t\t\t\t<div class=\"elementor-inner\">\n\t\t\t\t<div class=\"elementor-section-wrap\">\n\t\t\t\t\t\t\t\t\t<section class=\"elementor-section elementor-top-section elementor-element elementor-element-c3e1b02 elementor-section-boxed elementor-section-height-default elementor-section-height-default\" data-id=\"c3e1b02\" data-element_type=\"section\">\n\t\t\t\t\t\t<div class=\"elementor-container elementor-column-gap-default\">\n\t\t\t\t\t\t\t<div class=\"elementor-row\">\n\t\t\t\t\t<div class=\"elementor-column elementor-col-100 elementor-top-column elementor-element elementor-element-d2ee23f\" data-id=\"d2ee23f\" data-element_type=\"column\">\n\t\t\t<div class=\"elementor-column-wrap elementor-element-populated\">\n\t\t\t\t\t\t\t<div class=\"elementor-widget-wrap\">\n\t\t\t\t\t\t<div class=\"elementor-element elementor-element-ec3dd5b elementor-widget elementor-widget-heading\" data-id=\"ec3dd5b\" data-element_type=\"widget\" data-widget_type=\"heading.default\">\n\t\t\t\t<div class=\"elementor-widget-container\">\n\t\t\t<h1 class=\"elementor-heading-title elementor-size-default\">Die Wahrheit \u00fcber die Enterprise und die Arche!<\/h1>\t\t<\/div>\n\t\t\t\t<\/div>\n\t\t\t\t\t\t<\/div>\n\t\t\t\t\t<\/div>\n\t\t<\/div>\n\t\t\t\t\t\t\t\t<\/div>\n\t\t\t\t\t<\/div>\n\t\t<\/section>\n\t\t\t\t<section class=\"elementor-section elementor-top-section elementor-element elementor-element-aa10fce elementor-section-boxed elementor-section-height-default elementor-section-height-default\" data-id=\"aa10fce\" data-element_type=\"section\">\n\t\t\t\t\t\t<div class=\"elementor-container elementor-column-gap-default\">\n\t\t\t\t\t\t\t<div class=\"elementor-row\">\n\t\t\t\t\t<div class=\"elementor-column elementor-col-66 elementor-top-column elementor-element elementor-element-2d9ce2a\" data-id=\"2d9ce2a\" data-element_type=\"column\">\n\t\t\t<div class=\"elementor-column-wrap elementor-element-populated\">\n\t\t\t\t\t\t\t<div class=\"elementor-widget-wrap\">\n\t\t\t\t\t\t<div class=\"elementor-element elementor-element-4339114 elementor-widget elementor-widget-text-editor\" data-id=\"4339114\" data-element_type=\"widget\" data-widget_type=\"text-editor.default\">\n\t\t\t\t<div class=\"elementor-widget-container\">\n\t\t\t\t\t\t\t\t<div class=\"elementor-text-editor elementor-clearfix\">\n\t\t\t\t<p>Brischni.de erreichen immer wieder Anfragen, die sich auf zwei zentrale Fragen beziehen: Wie lief die Geschichte mit der Arche und gibt es anderes Leben im Weltall?<\/p><p>Zu beiden Fragen lautet die eindeutige Antwort &#8222;ja&#8220;, was immer das auch heissen soll.<\/p><p>Es gibt im Weltall sicherlich anderes Leben. Schauen wir uns doch einmal hierzu die Star Trek Filme an. Wenn es erst einmal gelingt mit Warp Geschwindigkeit zu fliegen und wenn wir beamen k\u00f6nnen, so werden wir die anderen Intelligenzen des Weltalls finden. Ob es nun Romulaner, Klingonen oder Vulkanier sind, wissen wir heute nicht. Aber, wir werden es erfahren! Dies ist absolut sicher. Wir wissen doch heute schon, dass das Weltall ziemlich gross ist. Der n\u00e4chste Schritt ist nun einfach: Wie m\u00fcssen das All mit Warp oder Transwarp erkunden. Vor zweihundert Jahren hat auch niemand gedacht, dass der Mensch mit Flugzeugen fliegen wird. Und jetzt fliegen wir. In zweihundert Jahren werden wir alle durch das Weltall fliegen. Das wird f\u00fcr uns v\u00f6llig normal sein!<\/p><p>Denken wir doch mal an das Beamen, mit dem man in Star Trek Leute von hier nach dort transportiert. Stellen Sie sich vor: Sie wollen auf die\u00a0 Bahamas reisen und Urlaub machen. Heute m\u00fcssen Sie fliegen und das \u00fcber mehrere Stunden. Demn\u00e4chst gehen Sie zum Transporter und dort beamed man Sie einfach auf die Bahamas. Die Sache ist einfach: Sie werden hier in Atome zerlegt. Die Atome werden dann zu den Bahamas quasi gefunkt. Und auf den Bahamas werden Ihre Atome wieder zusammen gesetzt. So einfach l\u00e4uft die Sache!<\/p><p>Also: Andere Intelligenzen im Weltall existieren ganz sicher. Denken Sie einfach an Captain Kirk oder Mister Spock, die das alles schon ziemlich erforscht haben!<\/p>\t\t\t\t\t<\/div>\n\t\t\t\t\t\t<\/div>\n\t\t\t\t<\/div>\n\t\t\t\t\t\t<\/div>\n\t\t\t\t\t<\/div>\n\t\t<\/div>\n\t\t\t\t<div class=\"elementor-column elementor-col-33 elementor-top-column elementor-element elementor-element-08ce7c4\" data-id=\"08ce7c4\" data-element_type=\"column\">\n\t\t\t<div class=\"elementor-column-wrap elementor-element-populated\">\n\t\t\t\t\t\t\t<div class=\"elementor-widget-wrap\">\n\t\t\t\t\t\t<div class=\"elementor-element elementor-element-7b8ddd0 elementor-widget elementor-widget-image\" data-id=\"7b8ddd0\" data-element_type=\"widget\" data-widget_type=\"image.default\">\n\t\t\t\t<div class=\"elementor-widget-container\">\n\t\t\t\t\t\t\t\t<div class=\"elementor-image\">\n\t\t\t\t\t\t\t\t\t<figure class=\"wp-caption\">\n\t\t\t\t\t\t\t\t\t\t<img loading=\"lazy\" decoding=\"async\" width=\"664\" height=\"374\" src=\"https:\/\/brischni.de\/wp-content\/uploads\/2019\/08\/Weltall_2.jpg\" class=\"attachment-large size-large\" alt=\"\" srcset=\"https:\/\/brischni.de\/wp-content\/uploads\/2019\/08\/Weltall_2.jpg 664w, https:\/\/brischni.de\/wp-content\/uploads\/2019\/08\/Weltall_2-300x169.jpg 300w\" sizes=\"(max-width: 664px) 100vw, 664px\" \/>\t\t\t\t\t\t\t\t\t\t\t<figcaption class=\"widget-image-caption wp-caption-text\">Der Mensch ist auch im Weltall unterwegs<\/figcaption>\n\t\t\t\t\t\t\t\t\t\t<\/figure>\n\t\t\t\t\t\t\t\t<\/div>\n\t\t\t\t\t\t<\/div>\n\t\t\t\t<\/div>\n\t\t\t\t\t\t<\/div>\n\t\t\t\t\t<\/div>\n\t\t<\/div>\n\t\t\t\t\t\t\t\t<\/div>\n\t\t\t\t\t<\/div>\n\t\t<\/section>\n\t\t\t\t<section class=\"elementor-section elementor-top-section elementor-element elementor-element-ac9677d elementor-section-boxed elementor-section-height-default elementor-section-height-default\" data-id=\"ac9677d\" data-element_type=\"section\">\n\t\t\t\t\t\t<div class=\"elementor-container elementor-column-gap-default\">\n\t\t\t\t\t\t\t<div class=\"elementor-row\">\n\t\t\t\t\t<div class=\"elementor-column elementor-col-33 elementor-top-column elementor-element elementor-element-ec08d56\" data-id=\"ec08d56\" data-element_type=\"column\">\n\t\t\t<div class=\"elementor-column-wrap elementor-element-populated\">\n\t\t\t\t\t\t\t<div class=\"elementor-widget-wrap\">\n\t\t\t\t\t\t<div class=\"elementor-element elementor-element-65edffe elementor-widget elementor-widget-image\" data-id=\"65edffe\" data-element_type=\"widget\" data-widget_type=\"image.default\">\n\t\t\t\t<div class=\"elementor-widget-container\">\n\t\t\t\t\t\t\t\t<div class=\"elementor-image\">\n\t\t\t\t\t\t\t\t\t\t\t\t<img loading=\"lazy\" decoding=\"async\" width=\"814\" height=\"435\" src=\"https:\/\/brischni.de\/wp-content\/uploads\/2019\/08\/insel.jpg\" class=\"attachment-large size-large\" alt=\"\" srcset=\"https:\/\/brischni.de\/wp-content\/uploads\/2019\/08\/insel.jpg 814w, https:\/\/brischni.de\/wp-content\/uploads\/2019\/08\/insel-300x160.jpg 300w, https:\/\/brischni.de\/wp-content\/uploads\/2019\/08\/insel-768x410.jpg 768w\" sizes=\"(max-width: 814px) 100vw, 814px\" \/>\t\t\t\t\t\t\t\t\t\t\t\t\t\t<\/div>\n\t\t\t\t\t\t<\/div>\n\t\t\t\t<\/div>\n\t\t\t\t\t\t<\/div>\n\t\t\t\t\t<\/div>\n\t\t<\/div>\n\t\t\t\t<div class=\"elementor-column elementor-col-66 elementor-top-column elementor-element elementor-element-4ede14f\" data-id=\"4ede14f\" data-element_type=\"column\">\n\t\t\t<div class=\"elementor-column-wrap elementor-element-populated\">\n\t\t\t\t\t\t\t<div class=\"elementor-widget-wrap\">\n\t\t\t\t\t\t<div class=\"elementor-element elementor-element-da70f69 elementor-widget elementor-widget-text-editor\" data-id=\"da70f69\" data-element_type=\"widget\" data-widget_type=\"text-editor.default\">\n\t\t\t\t<div class=\"elementor-widget-container\">\n\t\t\t\t\t\t\t\t<div class=\"elementor-text-editor elementor-clearfix\">\n\t\t\t\t<p>Eine andere Frage ist das Thema Arche Noah. Gab es das wirklich und was ist damals passiert? Also ich w\u00fcrde sagen, dass es diese Geschichte tats\u00e4chlich gegeben hat. Ich habe letztens auch solch einen Film gesehen. Da konnte man sich anschauen, wie das so vor sich gegangen ist.\u00a0 Ausserdem hat man wohl, irgendwo am oder im Mittelmeer, Reste von dem Schiff gefunden. Sie m\u00fcssen dazu wissen, dass sich damals alles am Mittelmeer abspielte. Da liefen die R\u00f6mer, \u00c4gypter, Griechen und wie sie alle hiessen so durch die Gegend. Der Rest der Welt war noch nicht so gut erkundet.<\/p><p>Man muss ja sehen, dass es damals noch kein Sat-TV gab, wie das heute der Fall ist. Von daher war das auch mit der Wetterkarte so eine Sache. Man wusste vorher nicht so genau, wenn es Regen oder Unwetter gab. Was ich sagen will: Infos aus dem Internet oder dem Fernsehen, Radio, usw. gab es noch nicht. Und die damaligen Wettervorhersagen d\u00fcrften demnach nicht so genau gewesen sein! Also muss Noah einen Tip &#8222;von oben&#8220; bekommen haben. Anders kann es nicht gewesen sein.<\/p><p>Und wenn man dann ein Schiff baut f\u00fcr alle m\u00f6glichen Tiere, so muss dies schon recht gross gewesen sein. Zudem brauchte man viel Holz, viele Arbeiter, viele Schrauben, usw. Also muss man fr\u00fch genug anfangen, was die ganzen Abl\u00e4ufe plausibler macht!<\/p><p>Man kann also mehrere Dinge festhalten: Es gibt Leben im Weltall, es gab eine Arche und ebenfalls gab es Raumschiff Enterprise. Und wir werden bald beamen k\u00f6nnen und uns mit Warp Geschwindigkeit im All bewegen. Beweise gibt es genug und jeder kann sich mittels entsprechender Filme informieren. Vielleicht hat auch jemand aus der Zukunft sich mittels Transwarp in die Vergangenheit begeben und dort beim Bau der Arche geholfen. Wir wissen nicht, ob es so war. Aber vielleicht werden wir es ja irgendwann erfahren. Vielleicht lesen Sie morgen genau \u00fcber dieses Thema etwas in der Zeitung.<\/p><p>Schauen Sie sich doch einmal die \u00c4gypter und ihre Pyramiden an. Ohne einen Krahn und einen Bagger kann man sich kaum vorstellen, dass solche Geb\u00e4ude damals schon gebaut werden konnten. Aber zweifelsohne stehen selbige nun dort. Ist doch m\u00f6glich, dass jemand aus der Zukunft mit einem Krahn und einem Bagger dort hin zur\u00fcck gereist ist. Daf\u00fcr erhielt er dann, damals, reichlich Gold von den \u00c4gyptern und ist heute ein superreicher Mann. Ist doch m\u00f6glich, oder?<\/p><p>Schon Einstein hat ja gesagt, dass alles relativ ist. Dies bedeutet, dass Sie das hier glauben k\u00f6nnen oder aber auch nicht. Ich jedenfalls halte das alles f\u00fcr sehr realistisch. Denn warum soll das nicht genau so passiert sein oder irgendwann demn\u00e4chst passieren? Denken Sie einfachmal dar\u00fcber nach und lassen Sie dies auf sich wirken&#8230;&#8230;.<\/p>\t\t\t\t\t<\/div>\n\t\t\t\t\t\t<\/div>\n\t\t\t\t<\/div>\n\t\t\t\t\t\t<\/div>\n\t\t\t\t\t<\/div>\n\t\t<\/div>\n\t\t\t\t\t\t\t\t<\/div>\n\t\t\t\t\t<\/div>\n\t\t<\/section>\n\t\t\t\t\t\t\t\t\t<\/div>\n\t\t\t<\/div>\n\t\t\t\t\t<\/div>\n\t\t","protected":false},"excerpt":{"rendered":"<p>Die Wahrheit \u00fcber die Enterprise und die Arche! Brischni.de erreichen immer wieder Anfragen, die sich auf zwei zentrale Fragen beziehen: Wie lief die Geschichte mit der Arche und gibt es anderes Leben im Weltall? Zu beiden Fragen lautet die eindeutige Antwort &#8222;ja&#8220;, was immer das auch heissen soll. Es gibt im Weltall sicherlich anderes Leben. [&hellip;]<\/p>\n","protected":false},"author":1,"featured_media":0,"parent":0,"menu_order":0,"comment_status":"closed","ping_status":"closed","template":"","meta":{"footnotes":""},"class_list":["post-168","page","type-page","status-publish","hentry","entry"],"_links":{"self":[{"href":"https:\/\/brischni.de\/index.php?rest_route=\/wp\/v2\/pages\/168"}],"collection":[{"href":"https:\/\/brischni.de\/index.php?rest_route=\/wp\/v2\/pages"}],"about":[{"href":"https:\/\/brischni.de\/index.php?rest_route=\/wp\/v2\/types\/page"}],"author":[{"embeddable":true,"href":"https:\/\/brischni.de\/index.php?rest_route=\/wp\/v2\/users\/1"}],"replies":[{"embeddable":true,"href":"https:\/\/brischni.de\/index.php?rest_route=%2Fwp%2Fv2%2Fcomments&post=168"}],"version-history":[{"count":5,"href":"https:\/\/brischni.de\/index.php?rest_route=\/wp\/v2\/pages\/168\/revisions"}],"predecessor-version":[{"id":191,"href":"https:\/\/brischni.de\/index.php?rest_route=\/wp\/v2\/pages\/168\/revisions\/191"}],"wp:attachment":[{"href":"https:\/\/brischni.de\/index.php?rest_route=%2Fwp%2Fv2%2Fmedia&parent=168"}],"curies":[{"name":"wp","href":"https:\/\/api.w.org\/{rel}","templated":true}]}}