{"id":165,"date":"2019-08-18T12:58:19","date_gmt":"2019-08-18T12:58:19","guid":{"rendered":"http:\/\/brischni.de\/?page_id=165"},"modified":"2019-08-26T07:22:31","modified_gmt":"2019-08-26T07:22:31","slug":"katastrophenfilme","status":"publish","type":"page","link":"https:\/\/brischni.de\/?page_id=165","title":{"rendered":"Katastrophenfilme"},"content":{"rendered":"\t\t<div data-elementor-type=\"wp-post\" data-elementor-id=\"165\" class=\"elementor elementor-165\">\n\t\t\t\t\t\t<div class=\"elementor-inner\">\n\t\t\t\t<div class=\"elementor-section-wrap\">\n\t\t\t\t\t\t\t\t\t<section class=\"elementor-section elementor-top-section elementor-element elementor-element-2313c5a elementor-section-boxed elementor-section-height-default elementor-section-height-default\" data-id=\"2313c5a\" data-element_type=\"section\">\n\t\t\t\t\t\t<div class=\"elementor-container elementor-column-gap-default\">\n\t\t\t\t\t\t\t<div class=\"elementor-row\">\n\t\t\t\t\t<div class=\"elementor-column elementor-col-100 elementor-top-column elementor-element elementor-element-b4dbe32\" data-id=\"b4dbe32\" data-element_type=\"column\">\n\t\t\t<div class=\"elementor-column-wrap elementor-element-populated\">\n\t\t\t\t\t\t\t<div class=\"elementor-widget-wrap\">\n\t\t\t\t\t\t<div class=\"elementor-element elementor-element-2433394 elementor-widget elementor-widget-heading\" data-id=\"2433394\" data-element_type=\"widget\" data-widget_type=\"heading.default\">\n\t\t\t\t<div class=\"elementor-widget-container\">\n\t\t\t<h1 class=\"elementor-heading-title elementor-size-default\">Warum sind Katastrophenfilme krass?<\/h1>\t\t<\/div>\n\t\t\t\t<\/div>\n\t\t\t\t\t\t<\/div>\n\t\t\t\t\t<\/div>\n\t\t<\/div>\n\t\t\t\t\t\t\t\t<\/div>\n\t\t\t\t\t<\/div>\n\t\t<\/section>\n\t\t\t\t<section class=\"elementor-section elementor-top-section elementor-element elementor-element-8f19f63 elementor-section-boxed elementor-section-height-default elementor-section-height-default\" data-id=\"8f19f63\" data-element_type=\"section\">\n\t\t\t\t\t\t<div class=\"elementor-container elementor-column-gap-default\">\n\t\t\t\t\t\t\t<div class=\"elementor-row\">\n\t\t\t\t\t<div class=\"elementor-column elementor-col-66 elementor-top-column elementor-element elementor-element-75ad0a1\" data-id=\"75ad0a1\" data-element_type=\"column\">\n\t\t\t<div class=\"elementor-column-wrap elementor-element-populated\">\n\t\t\t\t\t\t\t<div class=\"elementor-widget-wrap\">\n\t\t\t\t\t\t<div class=\"elementor-element elementor-element-a84c98a elementor-widget elementor-widget-text-editor\" data-id=\"a84c98a\" data-element_type=\"widget\" data-widget_type=\"text-editor.default\">\n\t\t\t\t<div class=\"elementor-widget-container\">\n\t\t\t\t\t\t\t\t<div class=\"elementor-text-editor elementor-clearfix\">\n\t\t\t\t<p>Vorab: Katastrophenfilme sind krass. Vor allem jene, die in Amerika produziert werden und dort spielen.<\/p><p>Aus den Filmen lernen wir, dass die meisten Katastrophen in den USA stattfinden. Das ist halt so. Wenn ein Meteorit einschl\u00e4gt, ein Vulkan explodiert oder es kommt zu gigantischen Erdbeben, so ist das stets in den USA der Fall. Ist Ihnen das schon einmal aufgefallen?<\/p><p>Haben Sie schon mal einen Film gesehen, wo beispielsweise ein Vulkan in Nordspanien explodiert? Oder noch besser: Ein Meteorit schl\u00e4gt in England ein und versenkt die ganze Insel. Das w\u00e4re doch mal eine Story. Oder wie w\u00e4re es mit einem gigantischen Schneesturm in der W\u00fcste Sahara? Auch ein riesen Erdbeben in einer Steppe der Mongolei. Das w\u00e4ren Stories, wie das Leben sie schrieb.<\/p><p>Anstatt dessen spielt das stets in den USA. Und meistens sieht man dann den Pr\u00e4sidenten, der immer Ansprachen an die Nation h\u00e4lt. Gut, man muss zugeben, dass diese Pr\u00e4sidenten es zumeist wirklich drauf haben. Da sterben Millionen von Menschen, ganze St\u00e4dte werden ausradiert. Aber der Pr\u00e4sident h\u00e4lt derweil super Ansprachen. Und wenn es alles vorbei ist jubeln ihm alle zu. Er hat die Sache dann doch irgendwie gel\u00f6st.<\/p><p>Krass sind auch die Spr\u00fcche in solchen Filmen. Da bricht ein Hochhaus zusammen oder es steht kurz davor. Oben drauf sieht man einen Helden, der eine Frau mit einem Springseil abseilen soll. Er hat nat\u00fcrlich nichts anderes zur Rettung der sch\u00f6nen Frau. Die ist super blond, super s\u00fcss und hat einen echten Traumbody. Und bevor er sie abseilt kommt dieser geniale Satz von ihm: &#8222;Keine Angst und sei bitte vorsichtig&#8220;. Oder: &#8222;Keine Angst. Alles in Ordnung?&#8220;. Das sind die S\u00e4tze, die man in solch einer Situation braucht. Er selber rettet sich zumeist dann im letzten Moment durch einen geschickten und gezielten Sprung. Die Frau ist nat\u00fcrlich total beeindruckt und will sofort ein Kind von ihm&#8230;&#8230;..<\/p><p>Und w\u00e4hrend der Held von eben die sexy Frau mit dem Springseil rettet, lallt der Pr\u00e4sident in einer Ansprache an die Nation: &#8222;Ganz Amerika wird betroffen sein von Flutwellen, Erdbeben, Vulkanausbr\u00fcchen, Tsunamis, Hitze- und K\u00e4ltewellen. Bleiben Sie also in ihren H\u00e4usern und verhalten Sie sich ruhig. Wir m\u00fcssen als eine Nation zusammenhalten und bitte keine Panik. Es besteht kein Grund dazu&#8230;..&#8220;<\/p><p>Oder wenn irgendwo gerade ein sechsst\u00f6ckiges Haus zusammengebochen ist und man findet unter den Tr\u00fcmmern eine Frau, die im achten Monat schwanger ist. Die erste Frage des Retters ist dann &#8222;Alles in Ordnung, Lady?&#8220;. So wird es wohl in der Realit\u00e4t sein.<\/p><p>Die Amerikaner haben das einfach drauf. Sie verf\u00fcgen aber auch \u00fcber entsprechende Helden. Denken Sie mal an Arnold Schwarzenegger, Sylvester Stallone oder Bruce Willis. Die lassen sich von Aliens, Terroristen, Gangstern oder sonstigen Katastrophen nichts bieten. Selbst wenn Yellow Stone hochgehen sollte, diese Jungs werden das Problem l\u00f6sen. Da wird dann ein irrer Wissenschaftler berechnen, dass man lediglich irgendwo eine Atombombe z\u00fcnden muss und dann h\u00f6rt der Vulkan von selber auf&#8230;&#8230; Und dann klettert Bruce Willis durch die Gegend und z\u00fcndet die Bombe an der richtigen Stelle, zum richtigen Zeitpunkt. Dabei raucht er sich nat\u00fcrlich eine und die Strahlung macht ihm nichts aus. Da kennt Bruce Willis nichts und deswegen lieben ihn die Frauen.<\/p><p>Wir Deutschen k\u00f6nnen da leider nichts entspechendes bieten. Es w\u00e4re wohl kaum glaubhaft, wenn Till Schweiger die Nation retten w\u00fcrde. Und stellen Sie sich mal eine Ansprache an die Nation vor, wenn Angela Merkel oder dieser S\u00f6der das machen w\u00fcrden. So eine Ansprache s\u00e4he dann ungef\u00e4hr so aus: &#8222;Das Amtsgericht Frankfurt und das Ordnungsamt Frankfurt haben genehmigt, dass in der N\u00e4he von Frankfurt am Freitag um 9:00 Uhr ein Meteorit einschlagen wird. Eine Genehmigung f\u00fcr das Wochenende konnte nicht erteilt werden. Auch wenn es zu St\u00f6rungen durch Erdbeben, zerst\u00f6rte Atomkraftwerke oder Flutwellen kommt, so m\u00fcssen alle Arbeitnehmer p\u00fcnktlich zur Arbeit erscheinen. Mit Behinderungen im Berufsverkehr ist allerdings zu rechnen.&#8220; Wir in Deutschland sind da halt anders. Und deswegen sollte man das Drehen von Katastrophenfilmen den Amis \u00fcberlassen.<\/p><p>Wenn Sie den n\u00e4chsten Film dieser Art im Fernsehen oder Kino sehen, dann achten Sie mal darauf, was Sie hiergelesen bzw. erfahren haben. Sie werden fortan solche Filme ganz anders sehen&#8230;&#8230;.<\/p>\t\t\t\t\t<\/div>\n\t\t\t\t\t\t<\/div>\n\t\t\t\t<\/div>\n\t\t\t\t\t\t<\/div>\n\t\t\t\t\t<\/div>\n\t\t<\/div>\n\t\t\t\t<div class=\"elementor-column elementor-col-33 elementor-top-column elementor-element elementor-element-fa45c7e\" data-id=\"fa45c7e\" data-element_type=\"column\">\n\t\t\t<div class=\"elementor-column-wrap elementor-element-populated\">\n\t\t\t\t\t\t\t<div class=\"elementor-widget-wrap\">\n\t\t\t\t\t\t<div class=\"elementor-element elementor-element-d263432 elementor-widget elementor-widget-image\" data-id=\"d263432\" data-element_type=\"widget\" data-widget_type=\"image.default\">\n\t\t\t\t<div class=\"elementor-widget-container\">\n\t\t\t\t\t\t\t\t<div class=\"elementor-image\">\n\t\t\t\t\t\t\t\t\t<figure class=\"wp-caption\">\n\t\t\t\t\t\t\t\t\t\t<img loading=\"lazy\" decoding=\"async\" width=\"787\" height=\"652\" src=\"https:\/\/brischni.de\/wp-content\/uploads\/2019\/08\/Hilton.jpg\" class=\"attachment-large size-large\" alt=\"\" srcset=\"https:\/\/brischni.de\/wp-content\/uploads\/2019\/08\/Hilton.jpg 787w, https:\/\/brischni.de\/wp-content\/uploads\/2019\/08\/Hilton-300x249.jpg 300w, https:\/\/brischni.de\/wp-content\/uploads\/2019\/08\/Hilton-768x636.jpg 768w\" sizes=\"(max-width: 787px) 100vw, 787px\" \/>\t\t\t\t\t\t\t\t\t\t\t<figcaption class=\"widget-image-caption wp-caption-text\">Rettet die Blondine<\/figcaption>\n\t\t\t\t\t\t\t\t\t\t<\/figure>\n\t\t\t\t\t\t\t\t<\/div>\n\t\t\t\t\t\t<\/div>\n\t\t\t\t<\/div>\n\t\t\t\t\t\t<\/div>\n\t\t\t\t\t<\/div>\n\t\t<\/div>\n\t\t\t\t\t\t\t\t<\/div>\n\t\t\t\t\t<\/div>\n\t\t<\/section>\n\t\t\t\t\t\t\t\t\t<\/div>\n\t\t\t<\/div>\n\t\t\t\t\t<\/div>\n\t\t","protected":false},"excerpt":{"rendered":"<p>Warum sind Katastrophenfilme krass? Vorab: Katastrophenfilme sind krass. Vor allem jene, die in Amerika produziert werden und dort spielen. Aus den Filmen lernen wir, dass die meisten Katastrophen in den USA stattfinden. Das ist halt so. Wenn ein Meteorit einschl\u00e4gt, ein Vulkan explodiert oder es kommt zu gigantischen Erdbeben, so ist das stets in den [&hellip;]<\/p>\n","protected":false},"author":1,"featured_media":0,"parent":0,"menu_order":0,"comment_status":"closed","ping_status":"closed","template":"","meta":{"footnotes":""},"class_list":["post-165","page","type-page","status-publish","hentry","entry"],"_links":{"self":[{"href":"https:\/\/brischni.de\/index.php?rest_route=\/wp\/v2\/pages\/165"}],"collection":[{"href":"https:\/\/brischni.de\/index.php?rest_route=\/wp\/v2\/pages"}],"about":[{"href":"https:\/\/brischni.de\/index.php?rest_route=\/wp\/v2\/types\/page"}],"author":[{"embeddable":true,"href":"https:\/\/brischni.de\/index.php?rest_route=\/wp\/v2\/users\/1"}],"replies":[{"embeddable":true,"href":"https:\/\/brischni.de\/index.php?rest_route=%2Fwp%2Fv2%2Fcomments&post=165"}],"version-history":[{"count":3,"href":"https:\/\/brischni.de\/index.php?rest_route=\/wp\/v2\/pages\/165\/revisions"}],"predecessor-version":[{"id":260,"href":"https:\/\/brischni.de\/index.php?rest_route=\/wp\/v2\/pages\/165\/revisions\/260"}],"wp:attachment":[{"href":"https:\/\/brischni.de\/index.php?rest_route=%2Fwp%2Fv2%2Fmedia&parent=165"}],"curies":[{"name":"wp","href":"https:\/\/api.w.org\/{rel}","templated":true}]}}