{"id":162,"date":"2019-08-18T12:57:40","date_gmt":"2019-08-18T12:57:40","guid":{"rendered":"http:\/\/brischni.de\/?page_id=162"},"modified":"2019-08-26T19:05:02","modified_gmt":"2019-08-26T19:05:02","slug":"paradoxen","status":"publish","type":"page","link":"https:\/\/brischni.de\/?page_id=162","title":{"rendered":"Paradoxen"},"content":{"rendered":"\t\t<div data-elementor-type=\"wp-post\" data-elementor-id=\"162\" class=\"elementor elementor-162\">\n\t\t\t\t\t\t<div class=\"elementor-inner\">\n\t\t\t\t<div class=\"elementor-section-wrap\">\n\t\t\t\t\t\t\t\t\t<section class=\"elementor-section elementor-top-section elementor-element elementor-element-85b8d04 elementor-section-boxed elementor-section-height-default elementor-section-height-default\" data-id=\"85b8d04\" data-element_type=\"section\">\n\t\t\t\t\t\t<div class=\"elementor-container elementor-column-gap-default\">\n\t\t\t\t\t\t\t<div class=\"elementor-row\">\n\t\t\t\t\t<div class=\"elementor-column elementor-col-100 elementor-top-column elementor-element elementor-element-85cddc9\" data-id=\"85cddc9\" data-element_type=\"column\">\n\t\t\t<div class=\"elementor-column-wrap elementor-element-populated\">\n\t\t\t\t\t\t\t<div class=\"elementor-widget-wrap\">\n\t\t\t\t\t\t<div class=\"elementor-element elementor-element-c94d9d8 elementor-widget elementor-widget-heading\" data-id=\"c94d9d8\" data-element_type=\"widget\" data-widget_type=\"heading.default\">\n\t\t\t\t<div class=\"elementor-widget-container\">\n\t\t\t<h1 class=\"elementor-heading-title elementor-size-default\">Wie werde ich mein eigener Gro\u00dfvater?<\/h1>\t\t<\/div>\n\t\t\t\t<\/div>\n\t\t\t\t\t\t<\/div>\n\t\t\t\t\t<\/div>\n\t\t<\/div>\n\t\t\t\t\t\t\t\t<\/div>\n\t\t\t\t\t<\/div>\n\t\t<\/section>\n\t\t\t\t<section class=\"elementor-section elementor-top-section elementor-element elementor-element-80d1dbe elementor-section-boxed elementor-section-height-default elementor-section-height-default\" data-id=\"80d1dbe\" data-element_type=\"section\">\n\t\t\t\t\t\t<div class=\"elementor-container elementor-column-gap-default\">\n\t\t\t\t\t\t\t<div class=\"elementor-row\">\n\t\t\t\t\t<div class=\"elementor-column elementor-col-33 elementor-top-column elementor-element elementor-element-f1e2978\" data-id=\"f1e2978\" data-element_type=\"column\">\n\t\t\t<div class=\"elementor-column-wrap elementor-element-populated\">\n\t\t\t\t\t\t\t<div class=\"elementor-widget-wrap\">\n\t\t\t\t\t\t<div class=\"elementor-element elementor-element-1369c71 elementor-widget elementor-widget-image\" data-id=\"1369c71\" data-element_type=\"widget\" data-widget_type=\"image.default\">\n\t\t\t\t<div class=\"elementor-widget-container\">\n\t\t\t\t\t\t\t\t<div class=\"elementor-image\">\n\t\t\t\t\t\t\t\t\t\t\t\t<img loading=\"lazy\" decoding=\"async\" width=\"898\" height=\"627\" src=\"https:\/\/brischni.de\/wp-content\/uploads\/2019\/08\/Physik.jpg\" class=\"attachment-large size-large\" alt=\"\" srcset=\"https:\/\/brischni.de\/wp-content\/uploads\/2019\/08\/Physik.jpg 898w, https:\/\/brischni.de\/wp-content\/uploads\/2019\/08\/Physik-300x209.jpg 300w, https:\/\/brischni.de\/wp-content\/uploads\/2019\/08\/Physik-768x536.jpg 768w\" sizes=\"(max-width: 898px) 100vw, 898px\" \/>\t\t\t\t\t\t\t\t\t\t\t\t\t\t<\/div>\n\t\t\t\t\t\t<\/div>\n\t\t\t\t<\/div>\n\t\t\t\t\t\t<\/div>\n\t\t\t\t\t<\/div>\n\t\t<\/div>\n\t\t\t\t<div class=\"elementor-column elementor-col-66 elementor-top-column elementor-element elementor-element-2d974e7\" data-id=\"2d974e7\" data-element_type=\"column\">\n\t\t\t<div class=\"elementor-column-wrap elementor-element-populated\">\n\t\t\t\t\t\t\t<div class=\"elementor-widget-wrap\">\n\t\t\t\t\t\t<div class=\"elementor-element elementor-element-c7e89ee elementor-widget elementor-widget-text-editor\" data-id=\"c7e89ee\" data-element_type=\"widget\" data-widget_type=\"text-editor.default\">\n\t\t\t\t<div class=\"elementor-widget-container\">\n\t\t\t\t\t\t\t\t<div class=\"elementor-text-editor elementor-clearfix\">\n\t\t\t\t<p>Jetzt wird es kompliziert. Wir reden nun \u00fcber Physik. Anfangen will ich hierbei mit der Frage, was ein Paradoxum ist. Dieses existiert in der Lehre der Physik. Und ich werde Ihnen dann aufzeigen, wie Sie Ihr eigener Gro\u00dfvater werden k\u00f6nnen oder der Stiefvater Ihrer Eltern!<\/p><p>Vorab sollten wir uns die Frage stellen, was ein Paradoxum ist. Ich will Ihnen dies an einem Beispiel erl\u00e4utern. Nehmen wir an Sie h\u00e4tten eine Zeitmaschine und w\u00fcrden sich damit in die Vergangenheit bef\u00f6rdern und zwar zu einem Zeitpunkt, als Ihr Grossvater ein junger Mann war. Und dort angekommen w\u00fcrden Sie verhindern, dass Ihr Grossvater Ihre Grossmutter kennenlernt. Im Ergebnis w\u00fcrde dies bedeuten, dass Ihr Vater (also Sohn Ihrer Grosseltern) nie geboren w\u00fcrde. Und die Konequenz daraus w\u00e4re, dass auch Sie nie geboren w\u00fcrden. Nun kommen wir aber zum Paradoxum. Wenn Sie nie geboren worden sind, wie k\u00f6nnen Sie dann in der Zeit zur\u00fcck zu Ihrem Grossvater reisen? Das ist absolut paradox bzw. ein Paradoxum.<\/p><p>Nehmen wir an Sie haben nette Grosseltern. Nun stirbt Ihre Grossmutter leider und Ihr verm\u00f6gender Grossvater heiratet neu. Er ist zwar achtzig Jahre alt, lacht sich aber eine nette, attraktive Frau von 30 Jahren an. Die 30j\u00e4hrige ist nun Ihre Grossmutter. Nehmen wir nun an, dass auch Ihr Grossvater stirbt. Anschliessend k\u00f6nnen Sie nun Ihre neue Grossmutter (die 30j\u00e4hrige heisse Braut) heiraten und werden damit Ihr eigener Grossvater und der Stiefvater bzw. Schwiegervater Ihrer Eltern. Ist doch toll, oder? Oder machen wir es noch komplizierter: Sie sind nun der Vater der Schwiegereltern Ihrer Frau, die gleichzeitig die Stiefmutter Ihrer Eltern ist. Und stellen Sie sich mal vor, wenn Sie beide Kinder bekommen. Ihre Kinder sind dann n\u00e4mlich Stiefgeschwister Ihrer eigenen Eltern, die ja auch Kinder bzw. Schwiegerkinder von Ihnen sind!<\/p><p>Wenn Sie das \u00fcbrigens nicht verstehen sollten, dann malen Sie sich das einfach einmal auf einem Zettel auf. Sowas ist im weitesten Sinne Physik und dies sind die ber\u00fchmten Paradoxen, von denen man immer wieder h\u00f6rt!<\/p>\t\t\t\t\t<\/div>\n\t\t\t\t\t\t<\/div>\n\t\t\t\t<\/div>\n\t\t\t\t\t\t<\/div>\n\t\t\t\t\t<\/div>\n\t\t<\/div>\n\t\t\t\t\t\t\t\t<\/div>\n\t\t\t\t\t<\/div>\n\t\t<\/section>\n\t\t\t\t\t\t\t\t\t<\/div>\n\t\t\t<\/div>\n\t\t\t\t\t<\/div>\n\t\t","protected":false},"excerpt":{"rendered":"<p>Wie werde ich mein eigener Gro\u00dfvater? Jetzt wird es kompliziert. Wir reden nun \u00fcber Physik. Anfangen will ich hierbei mit der Frage, was ein Paradoxum ist. Dieses existiert in der Lehre der Physik. Und ich werde Ihnen dann aufzeigen, wie Sie Ihr eigener Gro\u00dfvater werden k\u00f6nnen oder der Stiefvater Ihrer Eltern! Vorab sollten wir uns [&hellip;]<\/p>\n","protected":false},"author":1,"featured_media":0,"parent":0,"menu_order":0,"comment_status":"closed","ping_status":"closed","template":"","meta":{"footnotes":""},"class_list":["post-162","page","type-page","status-publish","hentry","entry"],"_links":{"self":[{"href":"https:\/\/brischni.de\/index.php?rest_route=\/wp\/v2\/pages\/162"}],"collection":[{"href":"https:\/\/brischni.de\/index.php?rest_route=\/wp\/v2\/pages"}],"about":[{"href":"https:\/\/brischni.de\/index.php?rest_route=\/wp\/v2\/types\/page"}],"author":[{"embeddable":true,"href":"https:\/\/brischni.de\/index.php?rest_route=\/wp\/v2\/users\/1"}],"replies":[{"embeddable":true,"href":"https:\/\/brischni.de\/index.php?rest_route=%2Fwp%2Fv2%2Fcomments&post=162"}],"version-history":[{"count":3,"href":"https:\/\/brischni.de\/index.php?rest_route=\/wp\/v2\/pages\/162\/revisions"}],"predecessor-version":[{"id":267,"href":"https:\/\/brischni.de\/index.php?rest_route=\/wp\/v2\/pages\/162\/revisions\/267"}],"wp:attachment":[{"href":"https:\/\/brischni.de\/index.php?rest_route=%2Fwp%2Fv2%2Fmedia&parent=162"}],"curies":[{"name":"wp","href":"https:\/\/api.w.org\/{rel}","templated":true}]}}