{"id":159,"date":"2019-08-18T12:57:18","date_gmt":"2019-08-18T12:57:18","guid":{"rendered":"http:\/\/brischni.de\/?page_id=159"},"modified":"2019-08-24T19:38:24","modified_gmt":"2019-08-24T19:38:24","slug":"herr-woelfchen","status":"publish","type":"page","link":"https:\/\/brischni.de\/?page_id=159","title":{"rendered":"Herr W\u00f6lfchen"},"content":{"rendered":"\t\t<div data-elementor-type=\"wp-post\" data-elementor-id=\"159\" class=\"elementor elementor-159\">\n\t\t\t\t\t\t<div class=\"elementor-inner\">\n\t\t\t\t<div class=\"elementor-section-wrap\">\n\t\t\t\t\t\t\t\t\t<section class=\"elementor-section elementor-top-section elementor-element elementor-element-d798370 elementor-section-boxed elementor-section-height-default elementor-section-height-default\" data-id=\"d798370\" data-element_type=\"section\">\n\t\t\t\t\t\t<div class=\"elementor-container elementor-column-gap-default\">\n\t\t\t\t\t\t\t<div class=\"elementor-row\">\n\t\t\t\t\t<div class=\"elementor-column elementor-col-100 elementor-top-column elementor-element elementor-element-82c0402\" data-id=\"82c0402\" data-element_type=\"column\">\n\t\t\t<div class=\"elementor-column-wrap elementor-element-populated\">\n\t\t\t\t\t\t\t<div class=\"elementor-widget-wrap\">\n\t\t\t\t\t\t<div class=\"elementor-element elementor-element-68e9d66 elementor-widget elementor-widget-heading\" data-id=\"68e9d66\" data-element_type=\"widget\" data-widget_type=\"heading.default\">\n\t\t\t\t<div class=\"elementor-widget-container\">\n\t\t\t<h1 class=\"elementor-heading-title elementor-size-default\">Heute exklusiv: Dr.Klaus Herbert W\u00f6lfchen<\/h1>\t\t<\/div>\n\t\t\t\t<\/div>\n\t\t\t\t\t\t<\/div>\n\t\t\t\t\t<\/div>\n\t\t<\/div>\n\t\t\t\t\t\t\t\t<\/div>\n\t\t\t\t\t<\/div>\n\t\t<\/section>\n\t\t\t\t<section class=\"elementor-section elementor-top-section elementor-element elementor-element-4f7df34 elementor-section-boxed elementor-section-height-default elementor-section-height-default\" data-id=\"4f7df34\" data-element_type=\"section\">\n\t\t\t\t\t\t<div class=\"elementor-container elementor-column-gap-default\">\n\t\t\t\t\t\t\t<div class=\"elementor-row\">\n\t\t\t\t\t<div class=\"elementor-column elementor-col-66 elementor-top-column elementor-element elementor-element-99026fe\" data-id=\"99026fe\" data-element_type=\"column\">\n\t\t\t<div class=\"elementor-column-wrap elementor-element-populated\">\n\t\t\t\t\t\t\t<div class=\"elementor-widget-wrap\">\n\t\t\t\t\t\t<div class=\"elementor-element elementor-element-0e97ba9 elementor-widget elementor-widget-text-editor\" data-id=\"0e97ba9\" data-element_type=\"widget\" data-widget_type=\"text-editor.default\">\n\t\t\t\t<div class=\"elementor-widget-container\">\n\t\t\t\t\t\t\t\t<div class=\"elementor-text-editor elementor-clearfix\">\n\t\t\t\t<p>Wir stellen hier heute <span style=\"color: #0000ff;\"><strong>Dr. Klaus-Herbert W\u00f6lfchen<\/strong><\/span> vor. Er ist der neue Chef eines grossen Konzerns, der in Deutschland zahlreiche Stellen abbaut und ins Ausland verlagert. W\u00f6lfchen gilt als Hardliner der Deutschen Industrie und steht stark in der Kritik. Gerade deshalb will er Brischni.de Rede und Antwort stehen und damit manches Missverst\u00e4ndnis ausr\u00e4umen.<\/p><p><span style=\"color: #0000ff;\"><strong>Brischni.de:<\/strong><\/span> Herr W\u00f6lfchen, Sie gelten als harter Mann, wenn es um den Abbau von Arbeitspl\u00e4tzen an Deutschen Standorten geht. Wie ist Ihre Position ?<br \/><span style=\"color: #0000ff;\"><strong>W\u00f6lfchen<\/strong><\/span>: Wir m\u00fcssen immer sehen, ob die Verh\u00e4ltnisse Dinge erfordern oder aber in sich verkehren. Dies war f\u00fcr mich stets die entscheidende Frage. Wenn man sich an diesen Grundsatz h\u00e4lt f\u00e4hrt man stets gut&#8230;&#8230;<\/p><p><strong><span style=\"color: #0000ff;\">Brischni.de<\/span><\/strong>: Sieht ein Familienvater der seinen Job verliert das auch so?<br \/><strong><span style=\"color: #0000ff;\">W\u00f6lfchen<\/span><\/strong>: Es sind immer die gleichen Argumente denen man begegnet. Wir m\u00fcssen dies auf einer globaleren Ebene sehen. Oder sagen wir es bildlich: Nur wer morgens Kaffee kocht, kann auch selbigen trinken. Das Problem liegt darin, dass dies oft verkannt wird. Das gilt nat\u00fcrlich auch f\u00fcr den Familienvater von nebenan.<\/p><p><strong><span style=\"color: #0000ff;\">Brischni.de<\/span><\/strong>: Was wollen Sie uns damit sagen?<br \/><strong><span style=\"color: #0000ff;\">W\u00f6lfchen<\/span><\/strong>: Es geht nicht immer darum was man sagen will. Die Frage ist doch eher wie man es sagt. In den Unternehmen in denen ich t\u00e4tig war habe ich stets den Turnaround dadurch geschafft, dass ich den Cost Average durch eine gezielte Verschlankung schneller in den Rebound gef\u00fchrt habe. Nur so l\u00e4sst sich ein Konzern auf Sicht zu echtem Wachstum f\u00f6rdern&#8230;.<\/p><p><strong><span style=\"color: #0000ff;\">Brischni.de<\/span><\/strong>: Das verstehen wir nicht&#8230;..<br \/><strong><span style=\"color: #0000ff;\">W\u00f6lfchen<\/span><\/strong>: Nehmen Sie doch mal die Gazelle. Die Gazelle l\u00e4uft schneller, wenn der Gepard hinter ihr her ist. Ist aber das Flusspferd hinter der Gazelle her, braucht sie nicht so schnell laufen. Und warum ist das so?<\/p><p><strong><span style=\"color: #0000ff;\">Brischni.de<\/span><\/strong>: Keine Ahnung, warum das mit der Gazelle so ist&#8230;..<br \/><strong><span style=\"color: #0000ff;\">W\u00f6lfchen<\/span><\/strong>: Es liegt daran, weil das Flusspferd sich vorwiegend im Wasser bewegt und Gazellen an Land. Und dies m\u00fcssen Sie einfach auf den Konzern \u00fcbertragen. Stellen Sie sich vor Sie sind bildlich gesprochen nicht der Konzern, sondern die Gazelle. Was sagt dann wohl das Flusspferd dazu?<\/p><p><strong><span style=\"color: #0000ff;\">Brischni.de<\/span><\/strong>: Kann ein Flusspferd etwas sagen?<br \/><strong><span style=\"color: #0000ff;\">W\u00f6lfchen<\/span><\/strong>: Das Flusspferd sagt garnichts dazu, weil die Gazelle nicht seinem klassischen Kundenprofil entspricht. Und genau da sind wir an dem Punkt, wo wir hin m\u00fcssen&#8230;..<\/p><p><strong><span style=\"color: #0000ff;\">Brischni.de<\/span><\/strong>: Noch mal zur Eingangsfrage. Was hat der Familienvater davon oder was sagen Sie ihm?<br \/><strong><span style=\"color: #0000ff;\">W\u00f6lfchen<\/span><\/strong>: Der Familienvater muss sich dem Workflow anpassen. Es war doch auch bei mir so. Ich verlor einen Vorstandsposten und fiel mental in ein tiefes Tal. Ich habe dann drei Monate auf den Bahamas verbracht und mich psychisch auf meine n\u00e4chste Aufgabe vorbereitet. Auch der Familienvater sollte das tun. Eine l\u00e4ngere Auszeit und eine gewisse Entspannung bergen den Schl\u00fcssel zu neuen Ufern&#8230;.<\/p><p><strong><span style=\"color: #0000ff;\">Brischni.de<\/span><\/strong>: Beim Familienvater k\u00f6nnte es am Geld scheitern&#8230;&#8230;<br \/><strong><span style=\"color: #0000ff;\">W\u00f6lfchen<\/span><\/strong>: Dieses Argument lasse ich nur bedingt gelten. In meinem neuen Buch &#8222;VomPleitegeier zum Multi-Adler&#8220; nehme ich ausf\u00fchrlich Stellung dazu. Ich denke, dass das Geld auf der Strasse liegt &#8211; man muss es sich nur nehmen. Der Schl\u00fcssel zum Erfolg liegt darin den Koeffizienten einer W\u00e4hrung im Verh\u00e4ltnis zum Wert eines Segmentes am Markt zu sehen. Oder bildlich gesprochen: Was nutzt ein Rasenm\u00e4her ohne einen Garten ? Ich hoffe, dass Sie dieses Gleichnis verstehen. Es ist mein Leitmotiv und hat mir manchen wirtschaftlichen Erfolg eingebracht.<\/p><p><strong><span style=\"color: #0000ff;\">Brischni.de<\/span><\/strong>: Zun\u00e4chst einmal m\u00f6chten wir uns f\u00fcr dieses Interview bedanken. Zum Abschluss noch<br \/>eine Frage: Wie ist Ihre Meinung zum Brischni-Magazin ?<br \/><strong><span style=\"color: #0000ff;\">W\u00f6lfchen<\/span><\/strong>: Ich finde dieses Magazin sehr gut und freue mich, dass ich hier in Erscheinung treten darf. Das Magazin hat mir zu ganz neuen Denkans\u00e4tzen verholfen. Ich besuche jetzt beispielsweise einen Furz-Kurs in unserer Volkshochschule. Es geht darum sich zu befreien. Ich denke auch, dass dieses Urverhalten wieder st\u00e4rker in uns kommen muss. Ich bin nun mehr der wilde Stier und meine Frau weiss das zu sch\u00e4tzen&#8230;&#8230;<\/p><p><strong><span style=\"color: #0000ff;\">Brischni.de<\/span><\/strong>: Danke f\u00fcr das Interview, Herr Dr. W\u00f6lfchen&#8230;&#8230;<\/p>\t\t\t\t\t<\/div>\n\t\t\t\t\t\t<\/div>\n\t\t\t\t<\/div>\n\t\t\t\t\t\t<\/div>\n\t\t\t\t\t<\/div>\n\t\t<\/div>\n\t\t\t\t<div class=\"elementor-column elementor-col-33 elementor-top-column elementor-element elementor-element-d2d7ddd\" data-id=\"d2d7ddd\" data-element_type=\"column\">\n\t\t\t<div class=\"elementor-column-wrap elementor-element-populated\">\n\t\t\t\t\t\t\t<div class=\"elementor-widget-wrap\">\n\t\t\t\t\t\t<div class=\"elementor-element elementor-element-84728bc elementor-widget elementor-widget-image\" data-id=\"84728bc\" data-element_type=\"widget\" data-widget_type=\"image.default\">\n\t\t\t\t<div class=\"elementor-widget-container\">\n\t\t\t\t\t\t\t\t<div class=\"elementor-image\">\n\t\t\t\t\t\t\t\t\t\t\t\t<img loading=\"lazy\" decoding=\"async\" width=\"441\" height=\"283\" src=\"https:\/\/brischni.de\/wp-content\/uploads\/2019\/08\/geld.jpg\" class=\"attachment-large size-large\" alt=\"\" srcset=\"https:\/\/brischni.de\/wp-content\/uploads\/2019\/08\/geld.jpg 441w, https:\/\/brischni.de\/wp-content\/uploads\/2019\/08\/geld-300x193.jpg 300w\" sizes=\"(max-width: 441px) 100vw, 441px\" \/>\t\t\t\t\t\t\t\t\t\t\t\t\t\t<\/div>\n\t\t\t\t\t\t<\/div>\n\t\t\t\t<\/div>\n\t\t\t\t\t\t<\/div>\n\t\t\t\t\t<\/div>\n\t\t<\/div>\n\t\t\t\t\t\t\t\t<\/div>\n\t\t\t\t\t<\/div>\n\t\t<\/section>\n\t\t\t\t\t\t\t\t\t<\/div>\n\t\t\t<\/div>\n\t\t\t\t\t<\/div>\n\t\t","protected":false},"excerpt":{"rendered":"<p>Heute exklusiv: Dr.Klaus Herbert W\u00f6lfchen Wir stellen hier heute Dr. Klaus-Herbert W\u00f6lfchen vor. Er ist der neue Chef eines grossen Konzerns, der in Deutschland zahlreiche Stellen abbaut und ins Ausland verlagert. W\u00f6lfchen gilt als Hardliner der Deutschen Industrie und steht stark in der Kritik. Gerade deshalb will er Brischni.de Rede und Antwort stehen und damit [&hellip;]<\/p>\n","protected":false},"author":1,"featured_media":0,"parent":0,"menu_order":0,"comment_status":"closed","ping_status":"closed","template":"","meta":{"footnotes":""},"class_list":["post-159","page","type-page","status-publish","hentry","entry"],"_links":{"self":[{"href":"https:\/\/brischni.de\/index.php?rest_route=\/wp\/v2\/pages\/159"}],"collection":[{"href":"https:\/\/brischni.de\/index.php?rest_route=\/wp\/v2\/pages"}],"about":[{"href":"https:\/\/brischni.de\/index.php?rest_route=\/wp\/v2\/types\/page"}],"author":[{"embeddable":true,"href":"https:\/\/brischni.de\/index.php?rest_route=\/wp\/v2\/users\/1"}],"replies":[{"embeddable":true,"href":"https:\/\/brischni.de\/index.php?rest_route=%2Fwp%2Fv2%2Fcomments&post=159"}],"version-history":[{"count":4,"href":"https:\/\/brischni.de\/index.php?rest_route=\/wp\/v2\/pages\/159\/revisions"}],"predecessor-version":[{"id":243,"href":"https:\/\/brischni.de\/index.php?rest_route=\/wp\/v2\/pages\/159\/revisions\/243"}],"wp:attachment":[{"href":"https:\/\/brischni.de\/index.php?rest_route=%2Fwp%2Fv2%2Fmedia&parent=159"}],"curies":[{"name":"wp","href":"https:\/\/api.w.org\/{rel}","templated":true}]}}