{"id":156,"date":"2019-08-18T12:56:49","date_gmt":"2019-08-18T12:56:49","guid":{"rendered":"http:\/\/brischni.de\/?page_id=156"},"modified":"2019-08-18T19:12:34","modified_gmt":"2019-08-18T19:12:34","slug":"der-sinn-des-lebens","status":"publish","type":"page","link":"https:\/\/brischni.de\/?page_id=156","title":{"rendered":"Der Sinn des Lebens"},"content":{"rendered":"\t\t<div data-elementor-type=\"wp-post\" data-elementor-id=\"156\" class=\"elementor elementor-156\">\n\t\t\t\t\t\t<div class=\"elementor-inner\">\n\t\t\t\t<div class=\"elementor-section-wrap\">\n\t\t\t\t\t\t\t\t\t<section class=\"elementor-section elementor-top-section elementor-element elementor-element-9c28aa2 elementor-section-boxed elementor-section-height-default elementor-section-height-default\" data-id=\"9c28aa2\" data-element_type=\"section\">\n\t\t\t\t\t\t<div class=\"elementor-container elementor-column-gap-default\">\n\t\t\t\t\t\t\t<div class=\"elementor-row\">\n\t\t\t\t\t<div class=\"elementor-column elementor-col-100 elementor-top-column elementor-element elementor-element-3a533ae\" data-id=\"3a533ae\" data-element_type=\"column\">\n\t\t\t<div class=\"elementor-column-wrap elementor-element-populated\">\n\t\t\t\t\t\t\t<div class=\"elementor-widget-wrap\">\n\t\t\t\t\t\t<div class=\"elementor-element elementor-element-f01cfae elementor-widget elementor-widget-heading\" data-id=\"f01cfae\" data-element_type=\"widget\" data-widget_type=\"heading.default\">\n\t\t\t\t<div class=\"elementor-widget-container\">\n\t\t\t<h2 class=\"elementor-heading-title elementor-size-default\">Der Sinn des Lebens und die K\u00fche<\/h2>\t\t<\/div>\n\t\t\t\t<\/div>\n\t\t\t\t\t\t<\/div>\n\t\t\t\t\t<\/div>\n\t\t<\/div>\n\t\t\t\t\t\t\t\t<\/div>\n\t\t\t\t\t<\/div>\n\t\t<\/section>\n\t\t\t\t<section class=\"elementor-section elementor-top-section elementor-element elementor-element-228ca09 elementor-section-boxed elementor-section-height-default elementor-section-height-default\" data-id=\"228ca09\" data-element_type=\"section\">\n\t\t\t\t\t\t<div class=\"elementor-container elementor-column-gap-default\">\n\t\t\t\t\t\t\t<div class=\"elementor-row\">\n\t\t\t\t\t<div class=\"elementor-column elementor-col-66 elementor-top-column elementor-element elementor-element-5f7ddee\" data-id=\"5f7ddee\" data-element_type=\"column\">\n\t\t\t<div class=\"elementor-column-wrap elementor-element-populated\">\n\t\t\t\t\t\t\t<div class=\"elementor-widget-wrap\">\n\t\t\t\t\t\t<div class=\"elementor-element elementor-element-61348de elementor-widget elementor-widget-text-editor\" data-id=\"61348de\" data-element_type=\"widget\" data-widget_type=\"text-editor.default\">\n\t\t\t\t<div class=\"elementor-widget-container\">\n\t\t\t\t\t\t\t\t<div class=\"elementor-text-editor elementor-clearfix\">\n\t\t\t\t<p>Auf diesem Bild sehen wir die Weite der Welt. Kleine Anmerkung am Rande: Das Bild habe ich eigenh\u00e4ndig geschossen ! Super Sache, oder ? Ich k\u00f6nnte solche Bilder auch von geilen Weibern machen, wenn sich eine finden liesse. Wenn Du also solch ein echtes Hammerteil bist und (am besten kaum oder sp\u00e4rlich bekleidet) vor meine Kamera m\u00f6chtest, dann melde Dich !<\/p><p>Aber nun noch mal zum eigentlichen Thema dieses Artikels. Worin liegt eigentlich der Sinn des Lebens ? Diese Frage wird nat\u00fcrlich gerade im Brischni-Umfeld oft und gerne gestellt. Brischni.de h\u00e4lt ja Lebensweisheiten f\u00fcr im Prinzip jede Lage bereit. Man m\u00f6chte sagen: Ist die Lage wirklich hoffnungslos, dann schau bei Brischni.de nach ! <br \/><br \/>Von daher erreichen das Brischni-Magazin viele Anfragen in Richtung des Sinnes des Lebens. Tenor: Gebt auch hierzu mal ein Brischni-Statement ab. Verbl\u00fcffend an der Sache ist, dass die Kuh sehr viel mit dem Mensch gemeinsam hat, was das Leben so grunds\u00e4tzlich anbelangt. Sie trottet morgens auf die Weide (der Mensch trottet zur Arbeit), sie stopft sich m\u00f6glichst voll (die Kuh mit Gras, wir eher mit Brischni), sie wird gemolken (auch der Mensch wird gemolken in Form von Steuern), die Gr\u00f6sse der Euter ist von Interesse (bei uns ist das \u00e4hnlich). Wir gebrauchen auch viele Redewendungen und Ansprachen aus der Kuh-Welt, wie etwa: &#8222;Du Ochse&#8220;, &#8222;Du Hornochse&#8220; oder &#8222;Dumme Kuh&#8220;. <br \/><br \/>Wir k\u00f6nnen an diesen Umst\u00e4nden erkennen, dass das Leben der Kuh und des Menschen sehr \u00e4hnlich ist. Bei der Sinnfrage k\u00f6nnte uns dies weiterhelfen&#8230;..<br \/><br \/>Wir m\u00fcssen uns zum Ende dieses Artikels die Frage stellen, ob die Kuh oder ihr Leben unsere Sinnfrage beantworten kann. Dies k\u00f6nnte man mit einem eindeutigen &#8222;Ja&#8220; beantworten, wenn die Kuh reden k\u00f6nnte. So verbleibt uns die Antwort im Ungewissen, da sich uns die Kuh nicht mitteilen kann. Das ist zwar schade &#8211; l\u00e4sst sich aber leider nicht \u00e4ndern.<\/p>\t\t\t\t\t<\/div>\n\t\t\t\t\t\t<\/div>\n\t\t\t\t<\/div>\n\t\t\t\t\t\t<\/div>\n\t\t\t\t\t<\/div>\n\t\t<\/div>\n\t\t\t\t<div class=\"elementor-column elementor-col-33 elementor-top-column elementor-element elementor-element-fb8cb87\" data-id=\"fb8cb87\" data-element_type=\"column\">\n\t\t\t<div class=\"elementor-column-wrap elementor-element-populated\">\n\t\t\t\t\t\t\t<div class=\"elementor-widget-wrap\">\n\t\t\t\t\t\t<div class=\"elementor-element elementor-element-c1c07dd elementor-widget elementor-widget-image\" data-id=\"c1c07dd\" data-element_type=\"widget\" data-widget_type=\"image.default\">\n\t\t\t\t<div class=\"elementor-widget-container\">\n\t\t\t\t\t\t\t\t<div class=\"elementor-image\">\n\t\t\t\t\t\t\t\t\t\t\t\t<img loading=\"lazy\" decoding=\"async\" width=\"1024\" height=\"768\" src=\"https:\/\/brischni.de\/wp-content\/uploads\/2019\/08\/kuehe-1024x768.jpg\" class=\"attachment-large size-large\" alt=\"\" srcset=\"https:\/\/brischni.de\/wp-content\/uploads\/2019\/08\/kuehe-1024x768.jpg 1024w, https:\/\/brischni.de\/wp-content\/uploads\/2019\/08\/kuehe-300x225.jpg 300w, https:\/\/brischni.de\/wp-content\/uploads\/2019\/08\/kuehe-768x576.jpg 768w, https:\/\/brischni.de\/wp-content\/uploads\/2019\/08\/kuehe.jpg 1280w\" sizes=\"(max-width: 1024px) 100vw, 1024px\" \/>\t\t\t\t\t\t\t\t\t\t\t\t\t\t<\/div>\n\t\t\t\t\t\t<\/div>\n\t\t\t\t<\/div>\n\t\t\t\t\t\t<\/div>\n\t\t\t\t\t<\/div>\n\t\t<\/div>\n\t\t\t\t\t\t\t\t<\/div>\n\t\t\t\t\t<\/div>\n\t\t<\/section>\n\t\t\t\t\t\t\t\t\t<\/div>\n\t\t\t<\/div>\n\t\t\t\t\t<\/div>\n\t\t","protected":false},"excerpt":{"rendered":"<p>Der Sinn des Lebens und die K\u00fche Auf diesem Bild sehen wir die Weite der Welt. Kleine Anmerkung am Rande: Das Bild habe ich eigenh\u00e4ndig geschossen ! Super Sache, oder ? Ich k\u00f6nnte solche Bilder auch von geilen Weibern machen, wenn sich eine finden liesse. Wenn Du also solch ein echtes Hammerteil bist und (am [&hellip;]<\/p>\n","protected":false},"author":1,"featured_media":0,"parent":0,"menu_order":0,"comment_status":"closed","ping_status":"closed","template":"","meta":{"footnotes":""},"class_list":["post-156","page","type-page","status-publish","hentry","entry"],"_links":{"self":[{"href":"https:\/\/brischni.de\/index.php?rest_route=\/wp\/v2\/pages\/156"}],"collection":[{"href":"https:\/\/brischni.de\/index.php?rest_route=\/wp\/v2\/pages"}],"about":[{"href":"https:\/\/brischni.de\/index.php?rest_route=\/wp\/v2\/types\/page"}],"author":[{"embeddable":true,"href":"https:\/\/brischni.de\/index.php?rest_route=\/wp\/v2\/users\/1"}],"replies":[{"embeddable":true,"href":"https:\/\/brischni.de\/index.php?rest_route=%2Fwp%2Fv2%2Fcomments&post=156"}],"version-history":[{"count":3,"href":"https:\/\/brischni.de\/index.php?rest_route=\/wp\/v2\/pages\/156\/revisions"}],"predecessor-version":[{"id":209,"href":"https:\/\/brischni.de\/index.php?rest_route=\/wp\/v2\/pages\/156\/revisions\/209"}],"wp:attachment":[{"href":"https:\/\/brischni.de\/index.php?rest_route=%2Fwp%2Fv2%2Fmedia&parent=156"}],"curies":[{"name":"wp","href":"https:\/\/api.w.org\/{rel}","templated":true}]}}