{"id":150,"date":"2019-08-18T12:55:22","date_gmt":"2019-08-18T12:55:22","guid":{"rendered":"http:\/\/brischni.de\/?page_id=150"},"modified":"2019-09-23T19:07:25","modified_gmt":"2019-09-23T19:07:25","slug":"professor-riemenbinder","status":"publish","type":"page","link":"https:\/\/brischni.de\/?page_id=150","title":{"rendered":"Professor Riemenbinder"},"content":{"rendered":"\t\t<div data-elementor-type=\"wp-post\" data-elementor-id=\"150\" class=\"elementor elementor-150\">\n\t\t\t\t\t\t<div class=\"elementor-inner\">\n\t\t\t\t<div class=\"elementor-section-wrap\">\n\t\t\t\t\t\t\t\t\t<section class=\"elementor-section elementor-top-section elementor-element elementor-element-d07d2e6 elementor-section-boxed elementor-section-height-default elementor-section-height-default\" data-id=\"d07d2e6\" data-element_type=\"section\">\n\t\t\t\t\t\t<div class=\"elementor-container elementor-column-gap-default\">\n\t\t\t\t\t\t\t<div class=\"elementor-row\">\n\t\t\t\t\t<div class=\"elementor-column elementor-col-100 elementor-top-column elementor-element elementor-element-9130e63\" data-id=\"9130e63\" data-element_type=\"column\">\n\t\t\t<div class=\"elementor-column-wrap elementor-element-populated\">\n\t\t\t\t\t\t\t<div class=\"elementor-widget-wrap\">\n\t\t\t\t\t\t<div class=\"elementor-element elementor-element-232e902 elementor-widget elementor-widget-heading\" data-id=\"232e902\" data-element_type=\"widget\" data-widget_type=\"heading.default\">\n\t\t\t\t<div class=\"elementor-widget-container\">\n\t\t\t<h1 class=\"elementor-heading-title elementor-size-default\">Wir sprachen mit Dr.Riemenbinder<\/h1>\t\t<\/div>\n\t\t\t\t<\/div>\n\t\t\t\t\t\t<\/div>\n\t\t\t\t\t<\/div>\n\t\t<\/div>\n\t\t\t\t\t\t\t\t<\/div>\n\t\t\t\t\t<\/div>\n\t\t<\/section>\n\t\t\t\t<section class=\"elementor-section elementor-top-section elementor-element elementor-element-c55832f elementor-section-boxed elementor-section-height-default elementor-section-height-default\" data-id=\"c55832f\" data-element_type=\"section\">\n\t\t\t\t\t\t<div class=\"elementor-container elementor-column-gap-default\">\n\t\t\t\t\t\t\t<div class=\"elementor-row\">\n\t\t\t\t\t<div class=\"elementor-column elementor-col-66 elementor-top-column elementor-element elementor-element-c985bc7\" data-id=\"c985bc7\" data-element_type=\"column\">\n\t\t\t<div class=\"elementor-column-wrap elementor-element-populated\">\n\t\t\t\t\t\t\t<div class=\"elementor-widget-wrap\">\n\t\t\t\t\t\t<div class=\"elementor-element elementor-element-107855e elementor-widget elementor-widget-text-editor\" data-id=\"107855e\" data-element_type=\"widget\" data-widget_type=\"text-editor.default\">\n\t\t\t\t<div class=\"elementor-widget-container\">\n\t\t\t\t\t\t\t\t<div class=\"elementor-text-editor elementor-clearfix\">\n\t\t\t\t<p>In folgendem Exclusiv-Interview sprachen wir mit Professor Doktor Max Riemenbinder \u00fcber den aus Sicht der Frau &#8222;idealen Mann&#8220;. Professor Riemenbinder arbeitet momentan am renommierten Wiener Forschungsinstitut &#8222;Unter den Blautannen&#8220; und besch\u00e4ftigt sich mit der Erforschung des Liebeslebens des ostsibirischen Borkenk\u00e4fers. Sein Buch &#8222;Die Wildheit der Asiatischen Grauhennen&#8220; war ein grosser Erfolg und wurde bislang bereits acht oder neunmal verkauft&#8230;..<\/p><p><strong>Brischni.de:<\/strong> Guten Tag, Herr Riemenbinder. Was unterscheidet im eigentlichen Sinne Mann und Frau?<br \/><strong>Prof.Riemenbinder:<\/strong> Urzeitlich betrachtet war das Rollenverh\u00e4ltnis von Mann und Frau ein anderes. Er war auf der Jagd und Sie war in der H\u00f6hle. Dies hat bis heute zu einer gewissen Pr\u00e4gung gef\u00fchrt. Nehmen Sie den Strassenverkehr: Frauen k\u00f6nnen bis heute nicht ann\u00e4hernd so gut Auto fahren wie M\u00e4nner. Von den alten R\u00f6mern wissen wir, dass die Frauen dort ebenfalls\u00a0 Probleme mit dem F\u00fchrerschein hatten. Die H\u00f6hle mit ihrer regional bedingten Enge zeigt hier auch heute noch Wirkung&#8230;&#8230;<br \/><strong>Brischni.de:<\/strong> Aber wie sollte, aus Sicht der Frauen, der ideale Mann sein?<br \/><strong>Prof. Riemenbinder:<\/strong> Die Frau sucht den J\u00e4ger, welcher sie bildlich gesprochen &#8222;erlegt&#8220;. Sie ist also auf der Flucht, in der Hoffnung, dass sie von ihm gefangen wird. Das ist zwar irgendwo widersinnig, aber das Naturell der Frau! Von daher gilt auch: Ist der Mann gut beleibt suggeriert dies, dass er ein erfolgreicher J\u00e4ger ist. Das macht es nat\u00fcrlich leichter f\u00fcr Ihn!<br \/><strong>Brischni.de<\/strong>: Steht Sie auf Romantik oder ist dies eher Unsinn?<br \/><strong>Prof. Riemenbinder<\/strong>: Wer glaubt, dass Frauen auf Romantik stehen der irrt gewaltig. Blumen, Kerzenschein und \u00e4hnliches vermitteln eine zu grosse Weichheit und sind eigentlich nicht gewollt. Frauen stehen in Wirklichkeit auf den harten und wilden Mann. Schauen Sie sich die Cowboys an, die Wildpferde zureiten. Das geht nur mit Willen und Entschlossenheit. F\u00fcr Blumen oder Kerzen hat das Pferd hingegen kein Verst\u00e4ndnis. So ist das auch bei Frauen&#8230;..<br \/><strong>Brischni.de:<\/strong> Sind Manieren gefragt?<br \/><strong>Prof. Riemenbinder<\/strong>: Nein, genau das Gegenteil ist der Fall. Ein Mann der beim ersten Date laut und deutlich r\u00fclpst hat schon gewonnen, denn er ist aus ihrer Sicht ein verwegener Held! Die M\u00e4nner m\u00fcssen an dieser Stelle wieder selbstbewusster werden und zu sich stehen. Wenn man im entscheidenden Moment stilsicher einen fahren l\u00e4sst kann dies der entscheidende Impuls sein!<br \/><strong>Brischni.de<\/strong>: Ist das Aussehen des Mannes wichtig?<br \/><strong>Prof. Riemenbinder<\/strong>: Generell ist das Aussehen zweitrangig. Nur gepflegt sollte man nicht sein! Der Mensch nimmt viel \u00fcber Ger\u00fcche wahr, schauen Sie sich hierzu einfachmal die Hunde an. Diese Instinkte m\u00fcssen mehr in den Vordergrund gestellt werden, wenn man Erfolg haben will. Also weg mit Deos und Rasierwassern und mehr hin zum Duft der reinen Natur. Wer wie ein Iltis riecht hat auch die Wildheit dieses Tieres. Und genau da m\u00fcssen wir hin!<br \/><strong>Brischni.de<\/strong>: Wie erobert man eine Frau am besten?<br \/><strong>Prof. Riemenbinder<\/strong>: Das Vorgehen ist denkbar einfach. Zeige ihr wie wild und ungez\u00e4hmt Du bist. Und danach solltest Du sie einfach ignorieren. Der Erfolg ist Dir hiernach sicher!<br \/><strong>Brischni.de<\/strong>: Was sollte man mit einer Frau unternehmen, wenn man sie erobern will?<br \/><strong>Prof. Riemenbinder<\/strong>: Ich empfehle folgendes Programm. Die Tour sollte in einer Frittenkiste starten. Man nimmt eine grosse Portion zu sich und trinkt dabei ein Bier, nat\u00fcrlich aus der Flasche. Was und ob Sie isst ist egal! Am Ende l\u00e4sst man dann einen gewaltigen R\u00fclps knallen und zieht mit ihr weiter. Nun bietet sich ein Kneipen-Besuch an. Dort ein weiteres Bier zischen und dabei eine vergammelte Frikadelle mit reichlich Senf zu sich nehmen. Schaut ein anderer Gast Deine\u00a0 Auserw\u00e4hlte an bietet sich ein Spruch wie &#8222;Warum guckst Du meine Schnalle so an? Willst Du direkt paar auf die Kauleiste?&#8220; an. Wenn Du mit ihr die Kneipe verl\u00e4sst hast Du fast schon gewonnen. Fl\u00fcster Ihr dann einfach ins Ohr: &#8222;Soll ich Dir den D\u00f6ner Spiess machen?&#8220; und untermale dies mit einem weiteren, kr\u00e4ftigen B\u00e4uerchen! Im \u00fcberwiegenden Teil der F\u00e4lle wird Sie dann \u00fcber Dich herfallen, weil sie megascharf auf Dich ist.<br \/><strong>Brischni.de<\/strong>: Vielen Dank f\u00fcr dieses Interview!<br \/><strong>Prof. Riemenbinder<\/strong>: Ich habe zu danken. \u00dcbrigens noch eines zum Schluss. Gerade j\u00fcngere Frauen spielen \u00f6fters auf mein Alter an. Wenn Du also eine junge Frau erobern m\u00f6chtest, die auf Dein Alter anspielt, dann kannst Du das mit folgendem Spruch kontern: Je \u00e4lter der Bock, desto h\u00e4rter das Horn! Das wirkt bei mir immer. Danach zerfliessen die Frauen wie Butter in der Sonne! In diesem Sinne viel Erfolg M\u00e4nner! Und zu Brischni.de kann ich nur sagen: Eine super informative Seite! Weiter so &#8211; diese Seite setzt ganz neue Massst\u00e4be!<\/p>\t\t\t\t\t<\/div>\n\t\t\t\t\t\t<\/div>\n\t\t\t\t<\/div>\n\t\t\t\t\t\t<\/div>\n\t\t\t\t\t<\/div>\n\t\t<\/div>\n\t\t\t\t<div class=\"elementor-column elementor-col-33 elementor-top-column elementor-element elementor-element-544a094\" data-id=\"544a094\" data-element_type=\"column\">\n\t\t\t<div class=\"elementor-column-wrap elementor-element-populated\">\n\t\t\t\t\t\t\t<div class=\"elementor-widget-wrap\">\n\t\t\t\t\t\t<div class=\"elementor-element elementor-element-c83a8c7 elementor-widget elementor-widget-image\" data-id=\"c83a8c7\" data-element_type=\"widget\" data-widget_type=\"image.default\">\n\t\t\t\t<div class=\"elementor-widget-container\">\n\t\t\t\t\t\t\t\t<div class=\"elementor-image\">\n\t\t\t\t\t\t\t\t\t<figure class=\"wp-caption\">\n\t\t\t\t\t\t\t\t\t\t<img loading=\"lazy\" decoding=\"async\" width=\"104\" height=\"160\" src=\"https:\/\/brischni.de\/wp-content\/uploads\/2019\/08\/urm003.gif\" class=\"attachment-large size-large\" alt=\"\" \/>\t\t\t\t\t\t\t\t\t\t\t<figcaption class=\"widget-image-caption wp-caption-text\">Der Urmann ist gefragt<\/figcaption>\n\t\t\t\t\t\t\t\t\t\t<\/figure>\n\t\t\t\t\t\t\t\t<\/div>\n\t\t\t\t\t\t<\/div>\n\t\t\t\t<\/div>\n\t\t\t\t\t\t<\/div>\n\t\t\t\t\t<\/div>\n\t\t<\/div>\n\t\t\t\t\t\t\t\t<\/div>\n\t\t\t\t\t<\/div>\n\t\t<\/section>\n\t\t\t\t\t\t\t\t\t<\/div>\n\t\t\t<\/div>\n\t\t\t\t\t<\/div>\n\t\t","protected":false},"excerpt":{"rendered":"<p>Wir sprachen mit Dr.Riemenbinder In folgendem Exclusiv-Interview sprachen wir mit Professor Doktor Max Riemenbinder \u00fcber den aus Sicht der Frau &#8222;idealen Mann&#8220;. Professor Riemenbinder arbeitet momentan am renommierten Wiener Forschungsinstitut &#8222;Unter den Blautannen&#8220; und besch\u00e4ftigt sich mit der Erforschung des Liebeslebens des ostsibirischen Borkenk\u00e4fers. Sein Buch &#8222;Die Wildheit der Asiatischen Grauhennen&#8220; war ein grosser Erfolg [&hellip;]<\/p>\n","protected":false},"author":1,"featured_media":0,"parent":0,"menu_order":0,"comment_status":"closed","ping_status":"closed","template":"","meta":{"footnotes":""},"class_list":["post-150","page","type-page","status-publish","hentry","entry"],"_links":{"self":[{"href":"https:\/\/brischni.de\/index.php?rest_route=\/wp\/v2\/pages\/150"}],"collection":[{"href":"https:\/\/brischni.de\/index.php?rest_route=\/wp\/v2\/pages"}],"about":[{"href":"https:\/\/brischni.de\/index.php?rest_route=\/wp\/v2\/types\/page"}],"author":[{"embeddable":true,"href":"https:\/\/brischni.de\/index.php?rest_route=\/wp\/v2\/users\/1"}],"replies":[{"embeddable":true,"href":"https:\/\/brischni.de\/index.php?rest_route=%2Fwp%2Fv2%2Fcomments&post=150"}],"version-history":[{"count":3,"href":"https:\/\/brischni.de\/index.php?rest_route=\/wp\/v2\/pages\/150\/revisions"}],"predecessor-version":[{"id":276,"href":"https:\/\/brischni.de\/index.php?rest_route=\/wp\/v2\/pages\/150\/revisions\/276"}],"wp:attachment":[{"href":"https:\/\/brischni.de\/index.php?rest_route=%2Fwp%2Fv2%2Fmedia&parent=150"}],"curies":[{"name":"wp","href":"https:\/\/api.w.org\/{rel}","templated":true}]}}