{"id":137,"date":"2019-08-18T12:50:48","date_gmt":"2019-08-18T12:50:48","guid":{"rendered":"http:\/\/brischni.de\/?page_id=137"},"modified":"2019-08-18T17:35:59","modified_gmt":"2019-08-18T17:35:59","slug":"das-mittelalter","status":"publish","type":"page","link":"https:\/\/brischni.de\/?page_id=137","title":{"rendered":"Das Mittelalter"},"content":{"rendered":"\t\t<div data-elementor-type=\"wp-post\" data-elementor-id=\"137\" class=\"elementor elementor-137\">\n\t\t\t\t\t\t<div class=\"elementor-inner\">\n\t\t\t\t<div class=\"elementor-section-wrap\">\n\t\t\t\t\t\t\t\t\t<section class=\"elementor-section elementor-top-section elementor-element elementor-element-fdb649c elementor-section-boxed elementor-section-height-default elementor-section-height-default\" data-id=\"fdb649c\" data-element_type=\"section\">\n\t\t\t\t\t\t<div class=\"elementor-container elementor-column-gap-default\">\n\t\t\t\t\t\t\t<div class=\"elementor-row\">\n\t\t\t\t\t<div class=\"elementor-column elementor-col-100 elementor-top-column elementor-element elementor-element-1ddf657\" data-id=\"1ddf657\" data-element_type=\"column\">\n\t\t\t<div class=\"elementor-column-wrap elementor-element-populated\">\n\t\t\t\t\t\t\t<div class=\"elementor-widget-wrap\">\n\t\t\t\t\t\t<div class=\"elementor-element elementor-element-26f71bc elementor-widget elementor-widget-heading\" data-id=\"26f71bc\" data-element_type=\"widget\" data-widget_type=\"heading.default\">\n\t\t\t\t<div class=\"elementor-widget-container\">\n\t\t\t<h2 class=\"elementor-heading-title elementor-size-default\">Das Leben im Mittelalter - der umfassende Report<\/h2>\t\t<\/div>\n\t\t\t\t<\/div>\n\t\t\t\t\t\t<\/div>\n\t\t\t\t\t<\/div>\n\t\t<\/div>\n\t\t\t\t\t\t\t\t<\/div>\n\t\t\t\t\t<\/div>\n\t\t<\/section>\n\t\t\t\t<section class=\"elementor-section elementor-top-section elementor-element elementor-element-d1876dc elementor-section-boxed elementor-section-height-default elementor-section-height-default\" data-id=\"d1876dc\" data-element_type=\"section\">\n\t\t\t\t\t\t<div class=\"elementor-container elementor-column-gap-default\">\n\t\t\t\t\t\t\t<div class=\"elementor-row\">\n\t\t\t\t\t<div class=\"elementor-column elementor-col-66 elementor-top-column elementor-element elementor-element-08c7ae6\" data-id=\"08c7ae6\" data-element_type=\"column\">\n\t\t\t<div class=\"elementor-column-wrap elementor-element-populated\">\n\t\t\t\t\t\t\t<div class=\"elementor-widget-wrap\">\n\t\t\t\t\t\t<div class=\"elementor-element elementor-element-8efc9a5 elementor-widget elementor-widget-text-editor\" data-id=\"8efc9a5\" data-element_type=\"widget\" data-widget_type=\"text-editor.default\">\n\t\t\t\t<div class=\"elementor-widget-container\">\n\t\t\t\t\t\t\t\t<div class=\"elementor-text-editor elementor-clearfix\">\n\t\t\t\t<p><span style=\"color: #0000ff;\"><strong>Mittelalter ist irgendwie in<br \/><\/strong><\/span>Viele Filme und Fernsehserien besch\u00e4ftigen sich mit dem Thema Mittelalter. Denken wir an Klassiker wie &#8222;Prinz Eisenherz&#8220; oder &#8222;Ivanhoe der schwarze Ritter.&#8220; In neuerer Zeit liegen Mehrteiler, wie &#8222;Die Wanderhure&#8220;, &#8222;Die Borgias&#8220; oder &#8222;Die S\u00e4ulen der Erde&#8220; im Trend. Aber auch humoristisch besch\u00e4ftigt man sich mit dieser Epoche. Denken wir an &#8222;Catweazle&#8220;, &#8222;Die Ritter der Kokusnuss&#8220; oder &#8222;Die Besucher&#8220;.<\/p><p>Stellt sich nun die Frage, warum diese Zeit so sehr fasziniert, obschon es fraglich erscheint, ob ein Leben in dieser Epoche wirklich erstrebenswert war.<\/p><p>Armut, Elend und Hunger&#8230;&#8230;.Das Mittelalter war eine Zeit in der Armut, Elend und Hunger pr\u00e4gend waren. Hierf\u00fcr gab es mehrere Gr\u00fcnde, die eine Rolle spielten. Zu dieser Zeit existierten viele Machthaber, die F\u00fcerstent\u00fcmer, Grafschaften oder ganze L\u00e4nder beherrschten. Politisch war diese Zeit von der Monarchie und der Leibeigenschaft bestimmt.<\/p><p>Neben der weltlichen Herrschaft \u00fcbte zudem die Kirche Macht aus. H\u00e4ufig bedeutete es grosse Macht, wenn man Abt, Bischof oder gar Papst war. Dies schloss auch die weltlichen Gen\u00fcsse mit ein. Man muss nun aber bedenken, dass es noch keine industrielle Fertigung von G\u00fctern gab. Eine schlechte Ernte bedeutete demzufolge Elend. Und oftmals blieben die wenigen G\u00fcter den Reichen und Machthabern vorbehalten.<\/p><p>Die Verteilung der Macht hatte auch zur Folge, dass viele Konflikte und damit Kriege entstanden. Die Gr\u00fcnde lagen in religi\u00f6sen Motiven, Geld und Reichtum oder territorialen Motiven.<\/p><p><span style=\"color: #0000ff;\"><strong>Ein kurzes Leben<br \/><\/strong><\/span>Viele Dinge, die f\u00fcr uns heute selbstverst\u00e4ndlich sind, gab es damals nicht. Ohne Penicillin oder Antibiotika f\u00fchrten kleine Entz\u00fcndungen mitunter zum Tode. Auch eine Entz\u00fcndung des Blinddarms war nicht heilbar. Es gab ja, in diesem Sinne, keine Operationen. Insoweit war die\u00a0 Lebenserwartung nicht sonderlich hoch. \u00c4ltere Menschen waren eher selten anzutreffen. Daf\u00fcr fand man viele Kinder vor, da es keine Verh\u00fctungsmittel gab. Allerdings war die Sterblichkeit der Kinder sehr hoch!<\/p><p><span style=\"color: #0000ff;\"><b>Wende durch den schwarzen Tod<br \/><\/b><\/span>Zwischen 1347 und 1353 wurde Europa vom &#8222;schwarzen Tod&#8220; heim gesucht. Diese Pest Pandemie raffte die H\u00e4lfte der damaligen Einwohner Europas dahin. Wir reden hier von etwa 25 Millionen Menschen, die durch die Pest den Tod fanden. So makaber dies erscheinen mag. Diese Pandemie f\u00fchrte zu einem entscheidenden Wandel in Europa. Nach Ende dieser Pandemie fehlte es allen Ortes an Arbeitskr\u00e4ften. Dies l\u00e4utete das Ende der Leibeigenschaft ein!<\/p><p><span style=\"color: #0000ff;\"><b>Der normale Mensch<br \/><\/b><\/span>Der normale Mensch bezog damals seine Lebenskraft aus der Religion. Das Christentum versprach ihm ein besseres Leben nach dem Tode. Wichtig war f\u00fcr die Menschen nur, dass sie frei von S\u00fcnde waren. Dies war Voraussetzung um in den Himmel zu gelangen! Dieser Umstand erkl\u00e4rt auch, warum es damals Abl\u00e4sse der Kirche gab, unter dem Motto: &#8222;Kauf Dich von Deinen S\u00fcnden frei!&#8220;. <br \/><br \/>Das Leben der damaligen Menschen ist, f\u00fcr uns heute, kaum vorstellbar. Ein Leben ohne Handy, Computer, Fernsehen, Internet, Radio, Auto, Zug, Flugzeug, Sozialversicherung, Arzt, Kaufh\u00e4usern, Strom, Telefon, Krankenwagen, Krankenhaus, Supermarkt, McDonalds, Burger King, C&amp;A, CDs, DVDs oder BlueRay. All diese Dinge gab es damals nicht. Und wenn man krank war, einfach mal zum Arzt. Fehlanzeige! Oder bei Zahnschmerzen zum Zahnarzt? Auch dies: Fehlanzeige!<\/p><p><span style=\"color: #0000ff;\"><b>Was fasziniert uns an dieser Zeit?<br \/><\/b><\/span>Wenn man von all diesem Elend liest, so ergibt sich die Frage, was so faszinierend an dieser Zeit ist. wahrscheinlich ist die Antwort mehrschichtig. Das Mittelalter hat etwas von Romantik. Man denke an pr\u00e4chtige Ritter, die das Burgfr\u00e4ulein oder die Prinzessin retten.<\/p><p>Das Mittelalter ist aber auch geheimnisvoll und aufregend. Im Wald gab es noch wilde Tiere, wie B\u00e4ren, W\u00f6lfe oder Bergl\u00f6wen. Der Wald verbreitete das Gef\u00fchl von Gefahr. Vieles im Leben war okkult, was Platz f\u00fcr Zauberer, Hexen oder dergleichen liess. Wenn man an das Mittelalter denkt, dann f\u00fchlt man sich irgendwo in eine M\u00e4rchenwelt versetzt. Diese Epoche steht f\u00fcr Phantasien und Unwissenheit. Dies steht in einem starken Kontrast zur heutigen Zeit. Die heutige Zeit steht f\u00fcr Wissen und dem Versuch die Natur zu kontrollieren.<br \/><br \/>Ansonsten d\u00fcrfte das Mittelalter aber auch eine Zeit sein, in der niemand von uns gerne gelebt h\u00e4tte oder leben w\u00fcrde. Auch dieser Aspekt fasziniert, wenn man bedenkt, dass unsere Vorfahren damals tats\u00e4chlich existent waren.<\/p><p><span style=\"color: #0000ff;\"><b>Das Morgen- und das Abendland<br \/><\/b><\/span>Jeder von uns wird mit dem Begriff der Kreuzz\u00fcge einiges anfangen k\u00f6nnen. Letzten Endes war dies der Konflikt oder Krieg zwischen dem Islam und dem Christentum. Bezieht man dies auf Jerusalem, so muss man die Parteien um die Juden &#8222;erweitern&#8220;. In diesen Kriegen spielten Religion und Reicht\u00fcmer eine grosse Rolle. Dieses Konflikt-Thema spielt \u00fcbrigens heute noch eine entscheidende Rolle in unserer Welt. Die Gr\u00fcnde hierf\u00fcr sind relativ profan:<br \/>Der Islam hielt das Christentum f\u00fcr Ungl\u00e4ubige. Die Christen widerrum bezeichneten den Islam als Ungl\u00e4ubige. Und aus Sicht des Christentums waren die Juden schuld an der Kreuzigung Jesu Christi. Hierin begr\u00fcndet sich der Anti Semitismus, der ja bis in unsere Zeit reicht.<\/p><p>Die Kreuzz\u00fcge hatten aber auch eine positive Wirkung, die sich im Austausch der Kulturen bewegte. Dies mag makaber wirken, ist aber so. Gerade in Bereichen der Mathematik oder der Baukunst brachten die Kreuzritter einiges an Wissen von ihren Kreuzz\u00fcgen mit. In Bezug auf Wissen und Technik waren die Begriffe &#8222;Morgenland&#8220; (Islam) und &#8222;Abendland&#8220; (Christentum) durchaus zutreffend. Viel Wissen gelangte nach Europa, was f\u00fcr den weiteren Fortgang und die weitere Entwicklung Europas sehr wichtig sein sollte.<\/p><p><span style=\"color: #0000ff;\"><b>Geschichte baut aufeinander auf&#8230;&#8230;<\/b><\/span><br \/>Geschichte entsteht \u00fcber Jahrzehnte, Jahrhunderte und Jahrtausende. Fr\u00fchere Ereignisse wirken noch heute oder sind Grund f\u00fcr heutige Realit\u00e4ten. Kolumbus entdeckte 1492 Amerika und die Spanier eroberten diese neue Welt. Und heute tragen viele St\u00e4dte S\u00fcd- und Mittelamerikas spanische Namen. Dies ist ein Beispiel f\u00fcr das, was gemeint ist.<\/p><p>Viele Deutsche St\u00e4dte begr\u00fcnden ihre heutige Gr\u00f6sse und Bedeutung in Geschehnissen, die im Mittelalter lagen. Hierbei spielt insbesondere die Verleihung von Stadtrechten eine Rolle!<\/p><p><span style=\"color: #0000ff;\"><b>Fassen wir zusammen<\/b><\/span><br \/>Das Mittelalter fasziniert einerseits, erschreckt aber auch andererseits. In diesem starken Kontrast aus positiven und negativen Aspekten liegt die Faszination, die diese Epoche ausstrahlt. Manch einer wird vielleicht sagen, dass diese Zeit schaurig sch\u00f6n erscheint.<\/p><p>Vielleicht durchstr\u00f6mt Sie dieses schaurig, sch\u00f6ne Gef\u00fchl, wenn Sie eine Burgruine oder eine Burg besuchen! Diese Zeit hat halt irgendwie was, um es einmal etwas salopp zu formulieren!<\/p>\t\t\t\t\t<\/div>\n\t\t\t\t\t\t<\/div>\n\t\t\t\t<\/div>\n\t\t\t\t\t\t<\/div>\n\t\t\t\t\t<\/div>\n\t\t<\/div>\n\t\t\t\t<div class=\"elementor-column elementor-col-33 elementor-top-column elementor-element elementor-element-08e7b57\" data-id=\"08e7b57\" data-element_type=\"column\">\n\t\t\t<div class=\"elementor-column-wrap elementor-element-populated\">\n\t\t\t\t\t\t\t<div class=\"elementor-widget-wrap\">\n\t\t\t\t\t\t<div class=\"elementor-element elementor-element-8551ce4 elementor-widget elementor-widget-image\" data-id=\"8551ce4\" data-element_type=\"widget\" data-widget_type=\"image.default\">\n\t\t\t\t<div class=\"elementor-widget-container\">\n\t\t\t\t\t\t\t\t<div class=\"elementor-image\">\n\t\t\t\t\t\t\t\t\t<figure class=\"wp-caption\">\n\t\t\t\t\t\t\t\t\t\t<img loading=\"lazy\" decoding=\"async\" width=\"914\" height=\"612\" src=\"https:\/\/brischni.de\/wp-content\/uploads\/2019\/08\/burg.jpg\" class=\"attachment-large size-large\" alt=\"\" srcset=\"https:\/\/brischni.de\/wp-content\/uploads\/2019\/08\/burg.jpg 914w, https:\/\/brischni.de\/wp-content\/uploads\/2019\/08\/burg-300x201.jpg 300w, https:\/\/brischni.de\/wp-content\/uploads\/2019\/08\/burg-768x514.jpg 768w\" sizes=\"(max-width: 914px) 100vw, 914px\" \/>\t\t\t\t\t\t\t\t\t\t\t<figcaption class=\"widget-image-caption wp-caption-text\">Das Mittelalter ist in!<\/figcaption>\n\t\t\t\t\t\t\t\t\t\t<\/figure>\n\t\t\t\t\t\t\t\t<\/div>\n\t\t\t\t\t\t<\/div>\n\t\t\t\t<\/div>\n\t\t\t\t\t\t<\/div>\n\t\t\t\t\t<\/div>\n\t\t<\/div>\n\t\t\t\t\t\t\t\t<\/div>\n\t\t\t\t\t<\/div>\n\t\t<\/section>\n\t\t\t\t\t\t\t\t\t<\/div>\n\t\t\t<\/div>\n\t\t\t\t\t<\/div>\n\t\t","protected":false},"excerpt":{"rendered":"<p>Das Leben im Mittelalter &#8211; der umfassende Report Mittelalter ist irgendwie inViele Filme und Fernsehserien besch\u00e4ftigen sich mit dem Thema Mittelalter. Denken wir an Klassiker wie &#8222;Prinz Eisenherz&#8220; oder &#8222;Ivanhoe der schwarze Ritter.&#8220; In neuerer Zeit liegen Mehrteiler, wie &#8222;Die Wanderhure&#8220;, &#8222;Die Borgias&#8220; oder &#8222;Die S\u00e4ulen der Erde&#8220; im Trend. Aber auch humoristisch besch\u00e4ftigt man [&hellip;]<\/p>\n","protected":false},"author":1,"featured_media":0,"parent":0,"menu_order":0,"comment_status":"closed","ping_status":"closed","template":"","meta":{"footnotes":""},"class_list":["post-137","page","type-page","status-publish","hentry","entry"],"_links":{"self":[{"href":"https:\/\/brischni.de\/index.php?rest_route=\/wp\/v2\/pages\/137"}],"collection":[{"href":"https:\/\/brischni.de\/index.php?rest_route=\/wp\/v2\/pages"}],"about":[{"href":"https:\/\/brischni.de\/index.php?rest_route=\/wp\/v2\/types\/page"}],"author":[{"embeddable":true,"href":"https:\/\/brischni.de\/index.php?rest_route=\/wp\/v2\/users\/1"}],"replies":[{"embeddable":true,"href":"https:\/\/brischni.de\/index.php?rest_route=%2Fwp%2Fv2%2Fcomments&post=137"}],"version-history":[{"count":4,"href":"https:\/\/brischni.de\/index.php?rest_route=\/wp\/v2\/pages\/137\/revisions"}],"predecessor-version":[{"id":194,"href":"https:\/\/brischni.de\/index.php?rest_route=\/wp\/v2\/pages\/137\/revisions\/194"}],"wp:attachment":[{"href":"https:\/\/brischni.de\/index.php?rest_route=%2Fwp%2Fv2%2Fmedia&parent=137"}],"curies":[{"name":"wp","href":"https:\/\/api.w.org\/{rel}","templated":true}]}}