{"id":134,"date":"2019-08-18T12:50:12","date_gmt":"2019-08-18T12:50:12","guid":{"rendered":"http:\/\/brischni.de\/?page_id=134"},"modified":"2019-09-23T19:19:34","modified_gmt":"2019-09-23T19:19:34","slug":"walross-und-meerjungfrau","status":"publish","type":"page","link":"https:\/\/brischni.de\/?page_id=134","title":{"rendered":"Walross und Meerjungfrau"},"content":{"rendered":"\t\t<div data-elementor-type=\"wp-post\" data-elementor-id=\"134\" class=\"elementor elementor-134\">\n\t\t\t\t\t\t<div class=\"elementor-inner\">\n\t\t\t\t<div class=\"elementor-section-wrap\">\n\t\t\t\t\t\t\t\t\t<section class=\"elementor-section elementor-top-section elementor-element elementor-element-1a470e1 elementor-section-boxed elementor-section-height-default elementor-section-height-default\" data-id=\"1a470e1\" data-element_type=\"section\">\n\t\t\t\t\t\t<div class=\"elementor-container elementor-column-gap-default\">\n\t\t\t\t\t\t\t<div class=\"elementor-row\">\n\t\t\t\t\t<div class=\"elementor-column elementor-col-100 elementor-top-column elementor-element elementor-element-d670851\" data-id=\"d670851\" data-element_type=\"column\">\n\t\t\t<div class=\"elementor-column-wrap elementor-element-populated\">\n\t\t\t\t\t\t\t<div class=\"elementor-widget-wrap\">\n\t\t\t\t\t\t<div class=\"elementor-element elementor-element-a8e0ad9 elementor-widget elementor-widget-heading\" data-id=\"a8e0ad9\" data-element_type=\"widget\" data-widget_type=\"heading.default\">\n\t\t\t\t<div class=\"elementor-widget-container\">\n\t\t\t<h1 class=\"elementor-heading-title elementor-size-default\">Die Meerjungfrau und das Walross<\/h1>\t\t<\/div>\n\t\t\t\t<\/div>\n\t\t\t\t\t\t<\/div>\n\t\t\t\t\t<\/div>\n\t\t<\/div>\n\t\t\t\t\t\t\t\t<\/div>\n\t\t\t\t\t<\/div>\n\t\t<\/section>\n\t\t\t\t<section class=\"elementor-section elementor-top-section elementor-element elementor-element-ac201fb elementor-section-boxed elementor-section-height-default elementor-section-height-default\" data-id=\"ac201fb\" data-element_type=\"section\">\n\t\t\t\t\t\t<div class=\"elementor-container elementor-column-gap-default\">\n\t\t\t\t\t\t\t<div class=\"elementor-row\">\n\t\t\t\t\t<div class=\"elementor-column elementor-col-66 elementor-top-column elementor-element elementor-element-9521678\" data-id=\"9521678\" data-element_type=\"column\">\n\t\t\t<div class=\"elementor-column-wrap elementor-element-populated\">\n\t\t\t\t\t\t\t<div class=\"elementor-widget-wrap\">\n\t\t\t\t\t\t<div class=\"elementor-element elementor-element-09d17ec elementor-widget elementor-widget-text-editor\" data-id=\"09d17ec\" data-element_type=\"widget\" data-widget_type=\"text-editor.default\">\n\t\t\t\t<div class=\"elementor-widget-container\">\n\t\t\t\t\t\t\t\t<div class=\"elementor-text-editor elementor-clearfix\">\n\t\t\t\t<p>Ein v\u00f6llig verbl\u00f6deter Leser des Brischni Magazines hat mich gebeten etwas \u00fcber Meerjungfrauen zu schreiben&#8230;&#8230;Ein echt bl\u00f6des Thema, aber ich will es tun.<\/p><p>Es war einmal ein fettes Walross welches im Meer lebte. Eigentlich war dieses Walross ein verzauberter Prinz (siehe Foto). Das verzauberte Walross hatte einiges hinter sich. Eine b\u00f6se Hexe hatte einst diesen Prinzen zu einem Mammut verzaubert&#8230;&#8230;..Das hatte dem Prinz aber nicht gefallen, denn er lebte in einem warmen Land. Und als Mammut in einem warmen Land zu leben ist so ziemlich das schlimmste, was man sich vorstellen kann&#8230;..Also hatte die Hexe ein Einsehen und verzauberte den Prinzen dann in ein fettes Walross. So konnte er wenigstens im k\u00fchlen Nass des Meeres leben.<\/p><p>Seit der Prinz ein Walross war hatte er ein ganz anderes Verh\u00e4ltnis zu FischM\u00e4c gewonnen. Da seine Nachbarn Fische waren tat ihm jeder FischM\u00e4c leid. Au\u00dferdem konnte der Prinz ja auch nicht mehr zu McDonalds gehen. Oder haben Sie schon einmal ein Walross bei McDonalds gesehen?<\/p><p>Auch war der Prinz nun Vegetarier, da er ja ein Walross war. Er verspeiste nur noch Tonnen von Seetang und solchen Dingen. Er wunderte sich, dass man damit immer fetter und fetter wurde. Ihn erstaunte auch, dass die\u00a0 Seek\u00fche immer sch\u00e4rfer auf ihn wurden, je mehr seine Speckschichten wuchsen. Mit der Zeit wurde der Prinz das fetteste Walross im gesamten Ozean&#8230;&#8230;..<\/p><p>Eines Tages walzte der Walross Prinz durch das Wasser als er das liebliche Antlitz der Meerjungfrau Beate erblickte. Beate wohnte in einer Meerjungfrau WG unweit des Bermuda Dreieckes. Sie war Single und jobbte nebenbei in einer Table Dance Bar als Bedienung. Immer noch wartete sie auf den richtigen Mann mit dem sie eine gemeinsame Zukunft haben k\u00f6nnte.<\/p><p>Was mir bei dem Thema immer wieder auff\u00e4llt ist die Tatsache, dass es Meerjungfrauen aber keine Meerjungm\u00e4nner gibt. Da schwimmen viele solcher scharfen Br\u00e4ute durchs Meer, aber mit wem sollen sie sich vergn\u00fcgen? Zudem stellt sich auch die Frage, ob Meerjungfrauen auf fette Walr\u00f6sser stehen? F\u00fcr unsere Geschichte ist das ja nicht ganz unerheblich.<\/p><p>Jedenfalls erblickte der Prinz die sch\u00f6ne Beate und es war um ihn geschehen. Schnell fand er heraus wo Beate arbeitete. Der Prinz kaufte sich einen Anzug in 20XXL und eine neue Krawatte. Und so suchte er die Table Dance Bar auf. Ganz gezielt liess er sich von Beate bedienen. Diese war sehr angetan von seiner Leibesf\u00fclle. Er schwabbelte so herrlich mit seinem dicken Speckpanzer&#8230;&#8230;..Die beiden kamen sich mit der Zeit immer n\u00e4her. Der Prinz wurde ganz heiss, wenn Beate seine prallen Rundungen streichelte. Und wenn sie in sein Ohr (haben Walr\u00f6sser Ohren?) &#8222;Mein fetter Karpfen&#8220; fl\u00fcsterte f\u00fchlte er sich im siebten\u00a0 Himmel.<\/p><p>Eines Tages aber, die beiden sassen gerade beim Kaffee trinken, geschah es. Beate k\u00fcsste den Walross Prinzen. Es gab einen grossen Knall und der Prinz nahm seine normale Gestalt an. Wer nun glaubt, dass dies das Happy End darstellt, der irrt. Der Prinz konnte n\u00e4mlich leider nicht schwimmen und ertrank j\u00e4mmerlich.<\/p><p>Bleibt nun noch die Frage, was wir daraus lernen? Eigentlich liegt es auf der Hand. Auch rundliche Walr\u00f6sser haben Erfolg bei Frauen. Und es ist besser als rundes Walross nett zu leben&#8230;&#8230;Jedenfalls besser als als sch\u00f6ner Prinz zu ertrinken. Also Jungs: Stopft Euch ordentlich voll. Wenn Ihr nichts anderes habt, dann tut es auch Seetang.<\/p>\t\t\t\t\t<\/div>\n\t\t\t\t\t\t<\/div>\n\t\t\t\t<\/div>\n\t\t\t\t\t\t<\/div>\n\t\t\t\t\t<\/div>\n\t\t<\/div>\n\t\t\t\t<div class=\"elementor-column elementor-col-33 elementor-top-column elementor-element elementor-element-9651c5e\" data-id=\"9651c5e\" data-element_type=\"column\">\n\t\t\t<div class=\"elementor-column-wrap elementor-element-populated\">\n\t\t\t\t\t\t\t<div class=\"elementor-widget-wrap\">\n\t\t\t\t\t\t<div class=\"elementor-element elementor-element-a8416bc elementor-widget elementor-widget-image\" data-id=\"a8416bc\" data-element_type=\"widget\" data-widget_type=\"image.default\">\n\t\t\t\t<div class=\"elementor-widget-container\">\n\t\t\t\t\t\t\t\t<div class=\"elementor-image\">\n\t\t\t\t\t\t\t\t\t<figure class=\"wp-caption\">\n\t\t\t\t\t\t\t\t\t\t<img loading=\"lazy\" decoding=\"async\" width=\"436\" height=\"1024\" src=\"https:\/\/brischni.de\/wp-content\/uploads\/2019\/08\/prinz-436x1024.jpg\" class=\"attachment-large size-large\" alt=\"\" srcset=\"https:\/\/brischni.de\/wp-content\/uploads\/2019\/08\/prinz-436x1024.jpg 436w, https:\/\/brischni.de\/wp-content\/uploads\/2019\/08\/prinz-128x300.jpg 128w, https:\/\/brischni.de\/wp-content\/uploads\/2019\/08\/prinz-768x1802.jpg 768w, https:\/\/brischni.de\/wp-content\/uploads\/2019\/08\/prinz.jpg 1337w\" sizes=\"(max-width: 436px) 100vw, 436px\" \/>\t\t\t\t\t\t\t\t\t\t\t<figcaption class=\"widget-image-caption wp-caption-text\">Der Prinz<\/figcaption>\n\t\t\t\t\t\t\t\t\t\t<\/figure>\n\t\t\t\t\t\t\t\t<\/div>\n\t\t\t\t\t\t<\/div>\n\t\t\t\t<\/div>\n\t\t\t\t\t\t<\/div>\n\t\t\t\t\t<\/div>\n\t\t<\/div>\n\t\t\t\t\t\t\t\t<\/div>\n\t\t\t\t\t<\/div>\n\t\t<\/section>\n\t\t\t\t\t\t\t\t\t<\/div>\n\t\t\t<\/div>\n\t\t\t\t\t<\/div>\n\t\t","protected":false},"excerpt":{"rendered":"<p>Die Meerjungfrau und das Walross Ein v\u00f6llig verbl\u00f6deter Leser des Brischni Magazines hat mich gebeten etwas \u00fcber Meerjungfrauen zu schreiben&#8230;&#8230;Ein echt bl\u00f6des Thema, aber ich will es tun. Es war einmal ein fettes Walross welches im Meer lebte. Eigentlich war dieses Walross ein verzauberter Prinz (siehe Foto). Das verzauberte Walross hatte einiges hinter sich. Eine [&hellip;]<\/p>\n","protected":false},"author":1,"featured_media":0,"parent":0,"menu_order":0,"comment_status":"closed","ping_status":"closed","template":"","meta":{"footnotes":""},"class_list":["post-134","page","type-page","status-publish","hentry","entry"],"_links":{"self":[{"href":"https:\/\/brischni.de\/index.php?rest_route=\/wp\/v2\/pages\/134"}],"collection":[{"href":"https:\/\/brischni.de\/index.php?rest_route=\/wp\/v2\/pages"}],"about":[{"href":"https:\/\/brischni.de\/index.php?rest_route=\/wp\/v2\/types\/page"}],"author":[{"embeddable":true,"href":"https:\/\/brischni.de\/index.php?rest_route=\/wp\/v2\/users\/1"}],"replies":[{"embeddable":true,"href":"https:\/\/brischni.de\/index.php?rest_route=%2Fwp%2Fv2%2Fcomments&post=134"}],"version-history":[{"count":3,"href":"https:\/\/brischni.de\/index.php?rest_route=\/wp\/v2\/pages\/134\/revisions"}],"predecessor-version":[{"id":281,"href":"https:\/\/brischni.de\/index.php?rest_route=\/wp\/v2\/pages\/134\/revisions\/281"}],"wp:attachment":[{"href":"https:\/\/brischni.de\/index.php?rest_route=%2Fwp%2Fv2%2Fmedia&parent=134"}],"curies":[{"name":"wp","href":"https:\/\/api.w.org\/{rel}","templated":true}]}}