{"id":131,"date":"2019-08-18T12:49:48","date_gmt":"2019-08-18T12:49:48","guid":{"rendered":"http:\/\/brischni.de\/?page_id=131"},"modified":"2019-08-18T17:33:30","modified_gmt":"2019-08-18T17:33:30","slug":"der-meiderich","status":"publish","type":"page","link":"https:\/\/brischni.de\/?page_id=131","title":{"rendered":"Der Meiderich"},"content":{"rendered":"\t\t<div data-elementor-type=\"wp-post\" data-elementor-id=\"131\" class=\"elementor elementor-131\">\n\t\t\t\t\t\t<div class=\"elementor-inner\">\n\t\t\t\t<div class=\"elementor-section-wrap\">\n\t\t\t\t\t\t\t\t\t<section class=\"elementor-section elementor-top-section elementor-element elementor-element-3b90e55 elementor-section-boxed elementor-section-height-default elementor-section-height-default\" data-id=\"3b90e55\" data-element_type=\"section\">\n\t\t\t\t\t\t<div class=\"elementor-container elementor-column-gap-default\">\n\t\t\t\t\t\t\t<div class=\"elementor-row\">\n\t\t\t\t\t<div class=\"elementor-column elementor-col-100 elementor-top-column elementor-element elementor-element-5048902\" data-id=\"5048902\" data-element_type=\"column\">\n\t\t\t<div class=\"elementor-column-wrap elementor-element-populated\">\n\t\t\t\t\t\t\t<div class=\"elementor-widget-wrap\">\n\t\t\t\t\t\t<div class=\"elementor-element elementor-element-6003d06 elementor-widget elementor-widget-heading\" data-id=\"6003d06\" data-element_type=\"widget\" data-widget_type=\"heading.default\">\n\t\t\t\t<div class=\"elementor-widget-container\">\n\t\t\t<h2 class=\"elementor-heading-title elementor-size-default\">Was ist ein Meiderich?<\/h2>\t\t<\/div>\n\t\t\t\t<\/div>\n\t\t\t\t\t\t<\/div>\n\t\t\t\t\t<\/div>\n\t\t<\/div>\n\t\t\t\t\t\t\t\t<\/div>\n\t\t\t\t\t<\/div>\n\t\t<\/section>\n\t\t\t\t<section class=\"elementor-section elementor-top-section elementor-element elementor-element-eb69b28 elementor-section-boxed elementor-section-height-default elementor-section-height-default\" data-id=\"eb69b28\" data-element_type=\"section\">\n\t\t\t\t\t\t<div class=\"elementor-container elementor-column-gap-default\">\n\t\t\t\t\t\t\t<div class=\"elementor-row\">\n\t\t\t\t\t<div class=\"elementor-column elementor-col-66 elementor-top-column elementor-element elementor-element-f3430c0\" data-id=\"f3430c0\" data-element_type=\"column\">\n\t\t\t<div class=\"elementor-column-wrap elementor-element-populated\">\n\t\t\t\t\t\t\t<div class=\"elementor-widget-wrap\">\n\t\t\t\t\t\t<div class=\"elementor-element elementor-element-8f68dd4 elementor-widget elementor-widget-text-editor\" data-id=\"8f68dd4\" data-element_type=\"widget\" data-widget_type=\"text-editor.default\">\n\t\t\t\t<div class=\"elementor-widget-container\">\n\t\t\t\t\t\t\t\t<div class=\"elementor-text-editor elementor-clearfix\">\n\t\t\t\t<p>Haben Sie sich auch schon einmal gefragt, was eigentlich ein Meiderich ist? Vor langer, langer Zeit meinte ein Bekannter zu einem anderen: &#8222;Du bist aber ein echter Meiderich&#8230;&#8230;.&#8220;. Diese Sache ging mir bis heute nicht aus dem Kopf. Also machte ich mich auf den Weg um diesen Begriff zu analysieren&#8230;..<\/p><p>Zun\u00e4chst einmal gibt es in Duisburg einen Stadtteil der Meiderich heisst. Meiderich ist also in jedem Fall schon mal ein Ort. Interessant ist dann auch die Endung &#8222;ich&#8220;. Es gibt in den Altert\u00fcmern so Namen wie beispielsweise Ahlerich. Der Begriff &#8222;Meiderich&#8220; ist also ein Ort und der Begriff ist alt oder ein Klassiker der Deutschen Sprache.<\/p><p>Duisburg war nicht immer eine Industriestadt. Zu Zeit der Germanen war Duisburg einer der romantischsten Orte. Dies bestimmte sich durch die Lage am Rhein. Betriebsausfl\u00fcge der r\u00f6mischen Legionen starteten zumeist in K\u00f6ln und der Weg f\u00fchrte, per Schiff, nach Duisburg. Und dort ging es dann romantisch hoch her. Das ist aus vielen Geschichten bekannt&#8230;..<\/p><p>Um der Sache weiter auf den Grund zu kommen musste ich eine Wortzerlegung durchf\u00fchren. Meiderich besteht aus den Begriffen &#8222;Meider&#8220; und &#8222;ich&#8220;. Dies bedeutet, dass ein Meiderich sich selber meidet. Im Lateinischen w\u00fcrde man dies mit &#8222;ne sui&#8220; \u00fcbersetzen.<\/p><p>Die L\u00f6sung liegt also auf der Hand: Bei einem Betriebsausflug der r\u00f6mischen Legion liefen Legion\u00e4re durch Duisburg und riefen &#8222;Ne sui&#8220;. Hieraus wurde dann sp\u00e4ter Meiderich als jemand das lateinische &#8222;Ne sui&#8220; ins Deutsche \u00fcbersetzte. Die Frage ist nun, was der betreffende Legion\u00e4r eigentlich sagen wollte&#8230;&#8230;.<\/p><p>Wahrscheinlich war es so, dass dieser Legion\u00e4r reichlich D\u00f6ner, Gyros, Knoblauch und Zwiebeln vertilgt hatte. Und da er entsprechend stark roch wollte er sich selber meiden. Dies rief nat\u00fcrlich zahlreiche Frauen auf den Plan, die gerade diesen Typen haben wollten. Ein Meiderich ist also, letzten Endes, ein absolut begehrter Typ. Und dann passt auch der Zusammenhang zum ehemals romantischen Duisburg.<\/p><p>Der st\u00e4rkste Liebesbeweis einer Frau ist also gegeben, wenn sie zu Dir sagt: &#8222;Sei mein Meiderich&#8220;&#8230;&#8230;Wenn sie das sagt ist sie voll fasziniert von Dir. Und dann ergeht es Dir so wie damals dem Legion\u00e4r. Du musst damit rechnen, dass sie gleich danach \u00fcber Dich herf\u00e4llt. Damit ist das R\u00e4tsel gel\u00f6st! &#8222;Meiderich&#8220; l\u00e4sst sich \u00fcbersetzen mit &#8222;toller oder geiler Typ&#8220;. Es stellt sich dann nur noch die Frage, warum ein Stadtteil von Duisburg &#8222;toller oder geiler Typ&#8220; heisst, wenn man es mal w\u00f6rtlich \u00fcbersetzen w\u00fcrde.<\/p>\t\t\t\t\t<\/div>\n\t\t\t\t\t\t<\/div>\n\t\t\t\t<\/div>\n\t\t\t\t\t\t<\/div>\n\t\t\t\t\t<\/div>\n\t\t<\/div>\n\t\t\t\t<div class=\"elementor-column elementor-col-33 elementor-top-column elementor-element elementor-element-dbe0330\" data-id=\"dbe0330\" data-element_type=\"column\">\n\t\t\t<div class=\"elementor-column-wrap elementor-element-populated\">\n\t\t\t\t\t\t\t<div class=\"elementor-widget-wrap\">\n\t\t\t\t\t\t<div class=\"elementor-element elementor-element-ff58f5d elementor-widget elementor-widget-image\" data-id=\"ff58f5d\" data-element_type=\"widget\" data-widget_type=\"image.default\">\n\t\t\t\t<div class=\"elementor-widget-container\">\n\t\t\t\t\t\t\t\t<div class=\"elementor-image\">\n\t\t\t\t\t\t\t\t\t<figure class=\"wp-caption\">\n\t\t\t\t\t\t\t\t\t\t<img loading=\"lazy\" decoding=\"async\" width=\"104\" height=\"160\" src=\"https:\/\/brischni.de\/wp-content\/uploads\/2019\/08\/urm003.gif\" class=\"attachment-large size-large\" alt=\"\" \/>\t\t\t\t\t\t\t\t\t\t\t<figcaption class=\"widget-image-caption wp-caption-text\">Schon die Urmenschen kannten Duisburg<\/figcaption>\n\t\t\t\t\t\t\t\t\t\t<\/figure>\n\t\t\t\t\t\t\t\t<\/div>\n\t\t\t\t\t\t<\/div>\n\t\t\t\t<\/div>\n\t\t\t\t\t\t<\/div>\n\t\t\t\t\t<\/div>\n\t\t<\/div>\n\t\t\t\t\t\t\t\t<\/div>\n\t\t\t\t\t<\/div>\n\t\t<\/section>\n\t\t\t\t\t\t\t\t\t<\/div>\n\t\t\t<\/div>\n\t\t\t\t\t<\/div>\n\t\t","protected":false},"excerpt":{"rendered":"<p>Was ist ein Meiderich? Haben Sie sich auch schon einmal gefragt, was eigentlich ein Meiderich ist? Vor langer, langer Zeit meinte ein Bekannter zu einem anderen: &#8222;Du bist aber ein echter Meiderich&#8230;&#8230;.&#8220;. Diese Sache ging mir bis heute nicht aus dem Kopf. Also machte ich mich auf den Weg um diesen Begriff zu analysieren&#8230;.. Zun\u00e4chst [&hellip;]<\/p>\n","protected":false},"author":1,"featured_media":0,"parent":0,"menu_order":0,"comment_status":"closed","ping_status":"closed","template":"","meta":{"footnotes":""},"class_list":["post-131","page","type-page","status-publish","hentry","entry"],"_links":{"self":[{"href":"https:\/\/brischni.de\/index.php?rest_route=\/wp\/v2\/pages\/131"}],"collection":[{"href":"https:\/\/brischni.de\/index.php?rest_route=\/wp\/v2\/pages"}],"about":[{"href":"https:\/\/brischni.de\/index.php?rest_route=\/wp\/v2\/types\/page"}],"author":[{"embeddable":true,"href":"https:\/\/brischni.de\/index.php?rest_route=\/wp\/v2\/users\/1"}],"replies":[{"embeddable":true,"href":"https:\/\/brischni.de\/index.php?rest_route=%2Fwp%2Fv2%2Fcomments&post=131"}],"version-history":[{"count":2,"href":"https:\/\/brischni.de\/index.php?rest_route=\/wp\/v2\/pages\/131\/revisions"}],"predecessor-version":[{"id":190,"href":"https:\/\/brischni.de\/index.php?rest_route=\/wp\/v2\/pages\/131\/revisions\/190"}],"wp:attachment":[{"href":"https:\/\/brischni.de\/index.php?rest_route=%2Fwp%2Fv2%2Fmedia&parent=131"}],"curies":[{"name":"wp","href":"https:\/\/api.w.org\/{rel}","templated":true}]}}