{"id":128,"date":"2019-08-18T12:48:58","date_gmt":"2019-08-18T12:48:58","guid":{"rendered":"http:\/\/brischni.de\/?page_id=128"},"modified":"2019-08-26T19:19:08","modified_gmt":"2019-08-26T19:19:08","slug":"regenbogen-johnny","status":"publish","type":"page","link":"https:\/\/brischni.de\/?page_id=128","title":{"rendered":"Regenbogen Johnny"},"content":{"rendered":"\t\t<div data-elementor-type=\"wp-post\" data-elementor-id=\"128\" class=\"elementor elementor-128\">\n\t\t\t\t\t\t<div class=\"elementor-inner\">\n\t\t\t\t<div class=\"elementor-section-wrap\">\n\t\t\t\t\t\t\t\t\t<section class=\"elementor-section elementor-top-section elementor-element elementor-element-d6407ef elementor-section-boxed elementor-section-height-default elementor-section-height-default\" data-id=\"d6407ef\" data-element_type=\"section\">\n\t\t\t\t\t\t<div class=\"elementor-container elementor-column-gap-default\">\n\t\t\t\t\t\t\t<div class=\"elementor-row\">\n\t\t\t\t\t<div class=\"elementor-column elementor-col-100 elementor-top-column elementor-element elementor-element-1ffeb93\" data-id=\"1ffeb93\" data-element_type=\"column\">\n\t\t\t<div class=\"elementor-column-wrap elementor-element-populated\">\n\t\t\t\t\t\t\t<div class=\"elementor-widget-wrap\">\n\t\t\t\t\t\t<div class=\"elementor-element elementor-element-104843f elementor-widget elementor-widget-heading\" data-id=\"104843f\" data-element_type=\"widget\" data-widget_type=\"heading.default\">\n\t\t\t\t<div class=\"elementor-widget-container\">\n\t\t\t<h1 class=\"elementor-heading-title elementor-size-default\">Wer war Regenbogen Johnny?<\/h1>\t\t<\/div>\n\t\t\t\t<\/div>\n\t\t\t\t\t\t<\/div>\n\t\t\t\t\t<\/div>\n\t\t<\/div>\n\t\t\t\t\t\t\t\t<\/div>\n\t\t\t\t\t<\/div>\n\t\t<\/section>\n\t\t\t\t<section class=\"elementor-section elementor-top-section elementor-element elementor-element-fec75a9 elementor-section-boxed elementor-section-height-default elementor-section-height-default\" data-id=\"fec75a9\" data-element_type=\"section\">\n\t\t\t\t\t\t<div class=\"elementor-container elementor-column-gap-default\">\n\t\t\t\t\t\t\t<div class=\"elementor-row\">\n\t\t\t\t\t<div class=\"elementor-column elementor-col-66 elementor-top-column elementor-element elementor-element-c569841\" data-id=\"c569841\" data-element_type=\"column\">\n\t\t\t<div class=\"elementor-column-wrap elementor-element-populated\">\n\t\t\t\t\t\t\t<div class=\"elementor-widget-wrap\">\n\t\t\t\t\t\t<div class=\"elementor-element elementor-element-1e4277c elementor-widget elementor-widget-text-editor\" data-id=\"1e4277c\" data-element_type=\"widget\" data-widget_type=\"text-editor.default\">\n\t\t\t\t<div class=\"elementor-widget-container\">\n\t\t\t\t\t\t\t\t<div class=\"elementor-text-editor elementor-clearfix\">\n\t\t\t\t<p>Es war im Jahre 1976 als der Schlagerbarde Heino seinen Hit &#8222;Komm in meinen Wigwam&#8220; sang. In diesem Hit ging es unter anderem um einen Zeitgenossen namens Regenbogen Johnny. Vor kurzem musste ich daran denken&#8230;..<\/p><p>Ich habe mich dann gefragt, wer oder was dieser Regenbogen Johnny nun ist oder war. Gab es den Regenbogen Johnny oder gibt es ihn und wenn ja, wo lebte oder lebt er?<\/p><p>In Google findet man diesen Regenbogen Johnny \u00fcbrigens, jedoch dann in Verbindung mit dem vorgenannten Hit des S\u00e4ngers aus der Eifel.<\/p><p>Es liess mir keine Ruhe und so habe ich selber recherchiert. Und, oh Wunder: Der benannte Regenbogen Johnny lebt tats\u00e4chlich! Er ist 82 Jahre alt und wohnt in Dodge City in den Staaten!<\/p><p>Zu Dodge City klingelt sicherlich bei einigen noch etwas so leicht im Hinterkopf. Die Serie &#8222;Rauchende Colts&#8220;, ebenfalls aus den 70igern, spielte in Dodge City. Heute ist dies eine Kleinstadt im Bundesstaat Kansas. Schon in der Serie &#8222;Rauchende Colts&#8220; gingen die Leute stets zum fischen, wenn sie nichts anderes zu tun hatten!<\/p><p>Dodge City ist von je her bekannt f\u00fcr den grossen Hang zum Angelsport. Schon Reiseveranstalter im Wilden Westen boten, vor etwa 200 Jahren, Angelfahrten nach Dodge City an. In manchem Museum in den Staaten findet man entsprechende Reiseprospekte von damals&#8230;&#8230;Immerhin liegt die Stadt ja am Arkansas River!<\/p><p>Jedenfalls h\u00e4ngt der Name Regenbogen Johnny mit diesen Gegebenheiten zusammen. Das Regenbogen leitet sich nicht vom gleichnamigen Naturph\u00e4nomen ab. Sie wissen ja noch: Ein Regenbogen entsteht wenn es regnet und die Sonne scheint. Durch die Regenpartikel wird das Licht der Sonne gebrochen und so entsteht das bunte Ph\u00e4nomen des Regenbogens.<\/p><p>Regenbogen Johnny tr\u00e4gt seinen Namen wegen der gleichnamigen Regenbogen Forelle. Damit ist jedoch nicht die europ\u00e4ische Regenbogenforelle gemeint! Gemeint ist die Dodge Regenbogenforelle, oder in Fachkreisen kurz &#8222;Dorebo&#8220; genannt. Diese Forelle besticht durch ihren festen Biss\u00a0 (egal ob sie nun Sie beisst oder sie das Vieh verspeisen), sowie ihre bunte Gestalt und ihr buntes Fleisch. Dabei ist ihr Geschmack eher herb!<\/p><p>Die bunte Auspr\u00e4gung der Dorebo wird damit begr\u00fcndet, dass in Dodge City das Zentrum der amerikanischen Farbindustrie angesiedelt ist. Das Ablassen von \u00dcberproduktionen und sonstiger Substanzen f\u00f6rdert das Wachstum und die F\u00e4rbung der Dorebo entsprechend. Im \u00fcbrigen soll der Genuss der Dorebo daf\u00fcr sorgen, dass man schneller braun wird! Die Kosmetik Industrie ist bereits m\u00e4chtig an dieser Thematik bzw. diesem Tier interessiert!<\/p><p>Regenbogen Johnny wiederum ist der erfolgreichste Angler von Dorebos in den gesamten Staaten und tr\u00e4gt von daher mit Stolz seinen Spitznamen Regenbogen Johnny. Schlagzeilen machte er als er im Jahre 2007 einen mutierten Hecht alleine mit seiner Angel fing. Dieses Vieh war immerhin vier Meter lang und wog dabei satte 300 Kilogramm. Als man dieses Unget\u00fcm zerlegte und Fischfilet daraus machte stellte man fest, dass der Hecht kurz bevor er gefangen wurde, einen belgischen Sch\u00e4ferhund verspeist haben muss.<\/p><p>Der Halter dieses Sch\u00e4ferhundes hatte \u00fcbrigens kurz vorher am Fluss mit seinem Liebling gespielt. Als der Hund im Wasser schwamm wurde er kurzerhand vom mutierten Hecht verspeist! Zum Gl\u00fcck konnte Regenbogen Johnny dieses Unget\u00fcm zur Strecke bringen!<\/p><p>Sie k\u00f6nnen aus diesem Artikel einiges lernen, wie ich meine! Wenn Sie irgendwo schwimmen gehen wollen, so sollten Sie sich vorher erkundigen, welches Getier im Wasser sein k\u00f6nnte! Immer wieder h\u00f6rt man Stories \u00fcber Viecher, die als mutierte Monster im Wasser lauern. Solche Mutationen reichen vom gemeinen mutierten Seefrosch, \u00fcber die mutierte Wasserspinne bis hin zum grausamen Hecht! Aber zum Gl\u00fcck hatte Dodge City Regenbogen Johnny!<\/p><p>\u00dcbrigens erinnert mich dieser Putin irgendwie an Bruce Willis. Ich sah da so Bilder, ich glaube sogar das Putin durchs Wasser watete. Die beiden (Bruce und er) k\u00f6nnten, auch irgendwie, Br\u00fcder sein. Sind so \u00e4hnliche Typen wie ich meine. Man k\u00f6nnte auf dieser Ebene einige internationale Probleme l\u00f6sen&#8230;&#8230;..Der Bruce Willis k\u00f6nnte diesen Putin in die Staaten zu einem Angelurlaub in Dodge City einladen. Und wenn man dann am Rande des Gew\u00e4ssers steht schubst der Bruce mal so leicht den Putin und dann kommt der mutierte Hecht und manches Problem w\u00fcrde sich ganz von selber l\u00f6sen&#8230;&#8230;Aber irgendwie bin ich jetzt auch so ganz vom Thema abgekommen &#8211; fiel mir nur so ein, hat mit dem eigentlichen Thema des Artikels nichts zu tun.<\/p><p>Wenn Sie das n\u00e4chste mal in ein Fischgesch\u00e4ft gehen sollten Sie in jedem Fall fragen, ob man dort Dorebo Fischfilet anbietet und ob man dort Regenbogen Johnny kennt. Und wenn Ihnen irgendwie mal ein mutiertes Monster beim Schwimmen und Baden begegnet, dann geben Sie dem Brischni Magazin unbedingt Info! Und zudem sollten Sie generell vorsichtig sein, wenn Sie in Dodge City Urlaub machen wollen! Besonders dann, wenn es sich um Badeurlaub handelt!<\/p>\t\t\t\t\t<\/div>\n\t\t\t\t\t\t<\/div>\n\t\t\t\t<\/div>\n\t\t\t\t\t\t<\/div>\n\t\t\t\t\t<\/div>\n\t\t<\/div>\n\t\t\t\t<div class=\"elementor-column elementor-col-33 elementor-top-column elementor-element elementor-element-bc94da4\" data-id=\"bc94da4\" data-element_type=\"column\">\n\t\t\t<div class=\"elementor-column-wrap elementor-element-populated\">\n\t\t\t\t\t\t\t<div class=\"elementor-widget-wrap\">\n\t\t\t\t\t\t<div class=\"elementor-element elementor-element-7d2316c elementor-widget elementor-widget-image\" data-id=\"7d2316c\" data-element_type=\"widget\" data-widget_type=\"image.default\">\n\t\t\t\t<div class=\"elementor-widget-container\">\n\t\t\t\t\t\t\t\t<div class=\"elementor-image\">\n\t\t\t\t\t\t\t\t\t<figure class=\"wp-caption\">\n\t\t\t\t\t\t\t\t\t\t<img loading=\"lazy\" decoding=\"async\" width=\"819\" height=\"627\" src=\"https:\/\/brischni.de\/wp-content\/uploads\/2019\/08\/Brischni_Colts.jpg\" class=\"attachment-large size-large\" alt=\"\" srcset=\"https:\/\/brischni.de\/wp-content\/uploads\/2019\/08\/Brischni_Colts.jpg 819w, https:\/\/brischni.de\/wp-content\/uploads\/2019\/08\/Brischni_Colts-300x230.jpg 300w, https:\/\/brischni.de\/wp-content\/uploads\/2019\/08\/Brischni_Colts-768x588.jpg 768w\" sizes=\"(max-width: 819px) 100vw, 819px\" \/>\t\t\t\t\t\t\t\t\t\t\t<figcaption class=\"widget-image-caption wp-caption-text\">Rauchende Colts in den 70igern<\/figcaption>\n\t\t\t\t\t\t\t\t\t\t<\/figure>\n\t\t\t\t\t\t\t\t<\/div>\n\t\t\t\t\t\t<\/div>\n\t\t\t\t<\/div>\n\t\t\t\t\t\t<\/div>\n\t\t\t\t\t<\/div>\n\t\t<\/div>\n\t\t\t\t\t\t\t\t<\/div>\n\t\t\t\t\t<\/div>\n\t\t<\/section>\n\t\t\t\t\t\t\t\t\t<\/div>\n\t\t\t<\/div>\n\t\t\t\t\t<\/div>\n\t\t","protected":false},"excerpt":{"rendered":"<p>Wer war Regenbogen Johnny? Es war im Jahre 1976 als der Schlagerbarde Heino seinen Hit &#8222;Komm in meinen Wigwam&#8220; sang. In diesem Hit ging es unter anderem um einen Zeitgenossen namens Regenbogen Johnny. Vor kurzem musste ich daran denken&#8230;.. Ich habe mich dann gefragt, wer oder was dieser Regenbogen Johnny nun ist oder war. Gab [&hellip;]<\/p>\n","protected":false},"author":1,"featured_media":0,"parent":0,"menu_order":0,"comment_status":"closed","ping_status":"closed","template":"","meta":{"footnotes":""},"class_list":["post-128","page","type-page","status-publish","hentry","entry"],"_links":{"self":[{"href":"https:\/\/brischni.de\/index.php?rest_route=\/wp\/v2\/pages\/128"}],"collection":[{"href":"https:\/\/brischni.de\/index.php?rest_route=\/wp\/v2\/pages"}],"about":[{"href":"https:\/\/brischni.de\/index.php?rest_route=\/wp\/v2\/types\/page"}],"author":[{"embeddable":true,"href":"https:\/\/brischni.de\/index.php?rest_route=\/wp\/v2\/users\/1"}],"replies":[{"embeddable":true,"href":"https:\/\/brischni.de\/index.php?rest_route=%2Fwp%2Fv2%2Fcomments&post=128"}],"version-history":[{"count":3,"href":"https:\/\/brischni.de\/index.php?rest_route=\/wp\/v2\/pages\/128\/revisions"}],"predecessor-version":[{"id":271,"href":"https:\/\/brischni.de\/index.php?rest_route=\/wp\/v2\/pages\/128\/revisions\/271"}],"wp:attachment":[{"href":"https:\/\/brischni.de\/index.php?rest_route=%2Fwp%2Fv2%2Fmedia&parent=128"}],"curies":[{"name":"wp","href":"https:\/\/api.w.org\/{rel}","templated":true}]}}