{"id":125,"date":"2019-08-18T12:48:29","date_gmt":"2019-08-18T12:48:29","guid":{"rendered":"http:\/\/brischni.de\/?page_id=125"},"modified":"2019-08-18T17:36:36","modified_gmt":"2019-08-18T17:36:36","slug":"der-dicke-mastkapaun","status":"publish","type":"page","link":"https:\/\/brischni.de\/?page_id=125","title":{"rendered":"Der dicke Mastkapaun"},"content":{"rendered":"\t\t<div data-elementor-type=\"wp-post\" data-elementor-id=\"125\" class=\"elementor elementor-125\">\n\t\t\t\t\t\t<div class=\"elementor-inner\">\n\t\t\t\t<div class=\"elementor-section-wrap\">\n\t\t\t\t\t\t\t\t\t<section class=\"elementor-section elementor-top-section elementor-element elementor-element-946ff32 elementor-section-boxed elementor-section-height-default elementor-section-height-default\" data-id=\"946ff32\" data-element_type=\"section\">\n\t\t\t\t\t\t<div class=\"elementor-container elementor-column-gap-default\">\n\t\t\t\t\t\t\t<div class=\"elementor-row\">\n\t\t\t\t\t<div class=\"elementor-column elementor-col-100 elementor-top-column elementor-element elementor-element-02be893\" data-id=\"02be893\" data-element_type=\"column\">\n\t\t\t<div class=\"elementor-column-wrap elementor-element-populated\">\n\t\t\t\t\t\t\t<div class=\"elementor-widget-wrap\">\n\t\t\t\t\t\t<div class=\"elementor-element elementor-element-19ff510 elementor-widget elementor-widget-heading\" data-id=\"19ff510\" data-element_type=\"widget\" data-widget_type=\"heading.default\">\n\t\t\t\t<div class=\"elementor-widget-container\">\n\t\t\t<h2 class=\"elementor-heading-title elementor-size-default\">Was ist ein dicker Mastkapaun?<\/h2>\t\t<\/div>\n\t\t\t\t<\/div>\n\t\t\t\t\t\t<\/div>\n\t\t\t\t\t<\/div>\n\t\t<\/div>\n\t\t\t\t\t\t\t\t<\/div>\n\t\t\t\t\t<\/div>\n\t\t<\/section>\n\t\t\t\t<section class=\"elementor-section elementor-top-section elementor-element elementor-element-c7c9238 elementor-section-boxed elementor-section-height-default elementor-section-height-default\" data-id=\"c7c9238\" data-element_type=\"section\">\n\t\t\t\t\t\t<div class=\"elementor-container elementor-column-gap-default\">\n\t\t\t\t\t\t\t<div class=\"elementor-row\">\n\t\t\t\t\t<div class=\"elementor-column elementor-col-66 elementor-top-column elementor-element elementor-element-f69034c\" data-id=\"f69034c\" data-element_type=\"column\">\n\t\t\t<div class=\"elementor-column-wrap elementor-element-populated\">\n\t\t\t\t\t\t\t<div class=\"elementor-widget-wrap\">\n\t\t\t\t\t\t<div class=\"elementor-element elementor-element-3d8ba0c elementor-widget elementor-widget-text-editor\" data-id=\"3d8ba0c\" data-element_type=\"widget\" data-widget_type=\"text-editor.default\">\n\t\t\t\t<div class=\"elementor-widget-container\">\n\t\t\t\t\t\t\t\t<div class=\"elementor-text-editor elementor-clearfix\">\n\t\t\t\t<p>In der Stan und Oli Kom\u00f6die &#8222;Die Klotzk\u00f6pfe&#8220; wird ein Begriff benutzt, der mich sofort ansprach&#8230;&#8230;Oli wird dort als &#8222;dicker Mastkapaun&#8220; bezeichnet. Sofort fragte ich mich was denn nun ein Mastkapaun sein soll.<\/p><p>Nach meinen Recherchen muss es sich bei einem Mastkapaun um etwas essbares handeln. Ich w\u00fcrde stark vermuten, dass es sich hierbei um etwas in Richtung Fisch handelt. Wahrscheinlich ist der Mastkapaun ein schmackhafter und recht grosser und fetter Fisch. Ich nahm zur weiteren Untersuchung der Sache Kontakt mit dem ber\u00fchmten Schweizer Meeresbiologen Dr.Albert H\u00fcgli auf&#8230;&#8230;.Die Idee mit dem Fisch kam mir, da ich bei Mast an Segelschiffe denken musst. Aber h\u00f6ren wir, was Dr.H\u00fcgli zur Thematik meint&#8230;&#8230;<\/p><p><span style=\"color: #0000ff;\"><strong>Brischni Magazin<\/strong><\/span>: Guten Tag, Herr Dr.H\u00fcgli. Wir r\u00e4tseln momentan daran was ein &#8222;Mastkapaun&#8220; ist. K\u00f6nnen Sie dieses R\u00e4tsel f\u00fcr uns l\u00f6sen?<br \/><strong><span style=\"color: #0000ff;\">Dr.H\u00fcgli<\/span><\/strong>: Der Mastkapaun ist, vermutlich, ein sogenannter Mischfisch. Gerade in Deutschland beobachten wir mehr und mehr solcher Mischformen. Wir haben festgestellt, dass sich in Seen recht h\u00e4ufig Stichlinge mit Hechten kreuzen. Daraus entstehen furchtbare Raubfische, die sogenannten Stichhechte. Das sind mit Stacheln versehene grausame Raubfische vor denen sogar der Fischreiher die Flucht ergreift.<br \/><strong><span style=\"color: #0000ff;\">Brischni Magazin<\/span><\/strong>: Interessant&#8230;&#8230;<br \/><span style=\"color: #0000ff;\"><strong>Dr.H\u00fcgli<\/strong><\/span>: Vor kurzem hat sich sogar ein Igel mit einem Springfrosch gekreuzt. Daraus entstand die neue Gattung der Sprigel. Sprigel sind Igel, die mit enormen Sprungverm\u00f6gen versehen sind. Die Vogelwelt unserer Heimat ist durch die Sprigel in echter Gefahr&#8230;&#8230;<br \/><strong><span style=\"color: #0000ff;\">Brischni Magazin<\/span><\/strong>: Was haben Sprigel mit Mastkapaun zu tun?<br \/><strong><span style=\"color: #0000ff;\">Dr.H\u00fcgli<\/span><\/strong>: Wir gehen davon aus, dass der Mastkapaun eine Mischform aus der gemeinen Seekuh und dem atlantischen Hammerhai ist. Daraus entsteht ein m\u00e4chtiger R\u00e4uber, der durch immense fette Gr\u00f6sse und einen gewaltigen Hammer beeindruckt. Der Name Mastkapaun deutet im \u00fcbrigen darauf hin&#8230;..<br \/><strong><span style=\"color: #0000ff;\">Brischni Magazin:<\/span><\/strong> Wieso?<br \/><span style=\"color: #0000ff;\"><strong>Dr.H\u00fcgli:<\/strong><\/span> Mit Mast ist wahrscheinlich der Hammeraufsatz gemeint, der vom Hammerhai geerbt wurde. Und der Kapaun ist eigentlich ja ein Masthahn, was f\u00fcr die Leibesf\u00fclle der Seekuh spricht&#8230;&#8230;<\/p><p>Was Dr.H\u00fcgli zur Thematik vermeldet ist jedoch nur eine Theorie! Fest steht auch, dass ein Kapaun ein Masthahn ist, der im Alter von 12 Wochen kastriert und gem\u00e4stet wird. Der Kapaun wird dann zum fetten Hahn und ist damit f\u00fcr die H\u00e4hnchen Meditation pr\u00e4destiniert.<\/p><p>Fassen wir einmal zusammen. Der Kapaun ist ein fetter Masthahn. Der Begriff Mastkapaun ist demzufolge eine Verdoppelung der Information, da bereits der Kapaun ein Mastvieh darstellt. Dr. H\u00fcgli sieht im Mastkapaun eher eine Seekuh, die mit einem Hammerhai gepaart wurde. Hier bleiben sicherlich Dinge im unklaren, zumal Oli in obiger Kom\u00f6die als dicker Mastkapaun tituliert wurde. Und was nun ein dicker Mastkapaun sein soll konnte in diesem Artikel leider nicht gekl\u00e4rt werden.<\/p>\t\t\t\t\t<\/div>\n\t\t\t\t\t\t<\/div>\n\t\t\t\t<\/div>\n\t\t\t\t\t\t<\/div>\n\t\t\t\t\t<\/div>\n\t\t<\/div>\n\t\t\t\t<div class=\"elementor-column elementor-col-33 elementor-top-column elementor-element elementor-element-5d920f6\" data-id=\"5d920f6\" data-element_type=\"column\">\n\t\t\t<div class=\"elementor-column-wrap elementor-element-populated\">\n\t\t\t\t\t\t\t<div class=\"elementor-widget-wrap\">\n\t\t\t\t\t\t<div class=\"elementor-element elementor-element-0d23a59 elementor-widget elementor-widget-image\" data-id=\"0d23a59\" data-element_type=\"widget\" data-widget_type=\"image.default\">\n\t\t\t\t<div class=\"elementor-widget-container\">\n\t\t\t\t\t\t\t\t<div class=\"elementor-image\">\n\t\t\t\t\t\t\t\t\t<figure class=\"wp-caption\">\n\t\t\t\t\t\t\t\t\t\t<img loading=\"lazy\" decoding=\"async\" width=\"200\" height=\"177\" src=\"https:\/\/brischni.de\/wp-content\/uploads\/2019\/08\/prominente0064.gif\" class=\"attachment-large size-large\" alt=\"\" \/>\t\t\t\t\t\t\t\t\t\t\t<figcaption class=\"widget-image-caption wp-caption-text\">Stan und Oli und der Mastkapaun<\/figcaption>\n\t\t\t\t\t\t\t\t\t\t<\/figure>\n\t\t\t\t\t\t\t\t<\/div>\n\t\t\t\t\t\t<\/div>\n\t\t\t\t<\/div>\n\t\t\t\t\t\t<\/div>\n\t\t\t\t\t<\/div>\n\t\t<\/div>\n\t\t\t\t\t\t\t\t<\/div>\n\t\t\t\t\t<\/div>\n\t\t<\/section>\n\t\t\t\t\t\t\t\t\t<\/div>\n\t\t\t<\/div>\n\t\t\t\t\t<\/div>\n\t\t","protected":false},"excerpt":{"rendered":"<p>Was ist ein dicker Mastkapaun? In der Stan und Oli Kom\u00f6die &#8222;Die Klotzk\u00f6pfe&#8220; wird ein Begriff benutzt, der mich sofort ansprach&#8230;&#8230;Oli wird dort als &#8222;dicker Mastkapaun&#8220; bezeichnet. Sofort fragte ich mich was denn nun ein Mastkapaun sein soll. Nach meinen Recherchen muss es sich bei einem Mastkapaun um etwas essbares handeln. Ich w\u00fcrde stark vermuten, [&hellip;]<\/p>\n","protected":false},"author":1,"featured_media":0,"parent":0,"menu_order":0,"comment_status":"closed","ping_status":"closed","template":"","meta":{"footnotes":""},"class_list":["post-125","page","type-page","status-publish","hentry","entry"],"_links":{"self":[{"href":"https:\/\/brischni.de\/index.php?rest_route=\/wp\/v2\/pages\/125"}],"collection":[{"href":"https:\/\/brischni.de\/index.php?rest_route=\/wp\/v2\/pages"}],"about":[{"href":"https:\/\/brischni.de\/index.php?rest_route=\/wp\/v2\/types\/page"}],"author":[{"embeddable":true,"href":"https:\/\/brischni.de\/index.php?rest_route=\/wp\/v2\/users\/1"}],"replies":[{"embeddable":true,"href":"https:\/\/brischni.de\/index.php?rest_route=%2Fwp%2Fv2%2Fcomments&post=125"}],"version-history":[{"count":5,"href":"https:\/\/brischni.de\/index.php?rest_route=\/wp\/v2\/pages\/125\/revisions"}],"predecessor-version":[{"id":196,"href":"https:\/\/brischni.de\/index.php?rest_route=\/wp\/v2\/pages\/125\/revisions\/196"}],"wp:attachment":[{"href":"https:\/\/brischni.de\/index.php?rest_route=%2Fwp%2Fv2%2Fmedia&parent=125"}],"curies":[{"name":"wp","href":"https:\/\/api.w.org\/{rel}","templated":true}]}}