{"id":122,"date":"2019-08-18T12:46:01","date_gmt":"2019-08-18T12:46:01","guid":{"rendered":"http:\/\/brischni.de\/?page_id=122"},"modified":"2019-08-26T19:10:27","modified_gmt":"2019-08-26T19:10:27","slug":"paris-hilton-im-urlaub","status":"publish","type":"page","link":"https:\/\/brischni.de\/?page_id=122","title":{"rendered":"Paris Hilton im Urlaub"},"content":{"rendered":"\t\t<div data-elementor-type=\"wp-post\" data-elementor-id=\"122\" class=\"elementor elementor-122\">\n\t\t\t\t\t\t<div class=\"elementor-inner\">\n\t\t\t\t<div class=\"elementor-section-wrap\">\n\t\t\t\t\t\t\t\t\t<section class=\"elementor-section elementor-top-section elementor-element elementor-element-7e3498b elementor-section-boxed elementor-section-height-default elementor-section-height-default\" data-id=\"7e3498b\" data-element_type=\"section\">\n\t\t\t\t\t\t<div class=\"elementor-container elementor-column-gap-default\">\n\t\t\t\t\t\t\t<div class=\"elementor-row\">\n\t\t\t\t\t<div class=\"elementor-column elementor-col-100 elementor-top-column elementor-element elementor-element-f75638c\" data-id=\"f75638c\" data-element_type=\"column\">\n\t\t\t<div class=\"elementor-column-wrap elementor-element-populated\">\n\t\t\t\t\t\t\t<div class=\"elementor-widget-wrap\">\n\t\t\t\t\t\t<div class=\"elementor-element elementor-element-2549efb elementor-widget elementor-widget-heading\" data-id=\"2549efb\" data-element_type=\"widget\" data-widget_type=\"heading.default\">\n\t\t\t\t<div class=\"elementor-widget-container\">\n\t\t\t<h1 class=\"elementor-heading-title elementor-size-default\">Ich steh auf Paris Hilton<\/h1>\t\t<\/div>\n\t\t\t\t<\/div>\n\t\t\t\t\t\t<\/div>\n\t\t\t\t\t<\/div>\n\t\t<\/div>\n\t\t\t\t\t\t\t\t<\/div>\n\t\t\t\t\t<\/div>\n\t\t<\/section>\n\t\t\t\t<section class=\"elementor-section elementor-top-section elementor-element elementor-element-14c70dc elementor-section-boxed elementor-section-height-default elementor-section-height-default\" data-id=\"14c70dc\" data-element_type=\"section\">\n\t\t\t\t\t\t<div class=\"elementor-container elementor-column-gap-default\">\n\t\t\t\t\t\t\t<div class=\"elementor-row\">\n\t\t\t\t\t<div class=\"elementor-column elementor-col-66 elementor-top-column elementor-element elementor-element-018e19e\" data-id=\"018e19e\" data-element_type=\"column\">\n\t\t\t<div class=\"elementor-column-wrap elementor-element-populated\">\n\t\t\t\t\t\t\t<div class=\"elementor-widget-wrap\">\n\t\t\t\t\t\t<div class=\"elementor-element elementor-element-bfae45e elementor-widget elementor-widget-text-editor\" data-id=\"bfae45e\" data-element_type=\"widget\" data-widget_type=\"text-editor.default\">\n\t\t\t\t<div class=\"elementor-widget-container\">\n\t\t\t\t\t\t\t\t<div class=\"elementor-text-editor elementor-clearfix\">\n\t\t\t\t<p>Letztens fuhr ich mal nach Malibu. Ich wollte dort etwas shoppen. Es gibt nichts besseres, sage ich Euch! Schnell mit dem Flieger mal r\u00fcber nach Malibu. Und dann dort die Gesch\u00e4fte unsicher machen. Ich gehe dann gerne dort in den Kaufhof, zu C&amp;A und dann bei McDonalds was essen. Oder am Strand Kaffeetrinken! Dabei die sch\u00f6nen Frauen anschauen. Ich spreche solche Frauen auch an. Mit coolen Spr\u00fcchen wie &#8222;You are a very hot part..&#8220; kann man gut landen. \u00dcbersetzt heisst das \u00fcbrigens &#8222;Du bist ein sehr heisses Teil&#8230;..&#8220;.<\/p><p>Als ich jedenfalls so in Malibu bin, da sehe ich doch glatt Paris Hilton vor ihrem Hotel am Strand. Ich war hin und weg, denn Paris Hilton ist meine gro\u00dfe Traumfrau. Ich h\u00e4tte nat\u00fcrlich ein Foto machen k\u00f6nnen. Man muss wissen, dass ich \u00fcber Jahre Phantombilder gemalt habe. Von daher entschloss ich mich ein Bild von Paris Hilton vor ihrem Hotel zu zeichnen. Ihr k\u00f6nnt mein Kunstwerk hier sehen! Ich denke, dass mir das wirklich genial gelungen ist. Leider konnte ich Paris nicht sprechen. Aber das hole ich sicherlich nach. Vielleicht kann ich sie ja mal zu einem D\u00f6ner oder sowas einladen!<\/p><p>Paris Hilton ist eine der tollsten Frauen auf der ganzen Welt. Mich fasziniert ihr Haar und ihr Blick. Sie hat Haare wie ein Engel und dazu diese Augen. Wenn ich das sehe, bin ich hin und weg. Und dazu dieses L\u00e4cheln. Es gibt nichts sch\u00f6neres. Ich denke, dass dies in meinem Bild wirklich klasse r\u00fcber kommt.<\/p><p>Und dann erst ihre Figur und ihr wunderbarer Gang. Ich tr\u00e4umte davon mit ihr am Abend Hand in Hand am Strand von Malibu spazieren zu gehen. Doch leider kam es nicht dazu. Dabei sieht diese Frau wie ein Engel oder eine Prinzessin aus.<\/p><p>Auf meinem Bild ist sie, glaube ich, noch sch\u00f6ner als in Natura. Ich glaube ich bin so eine Art Rembrandt oder Picasso. Wie ich das Hotel hinter ihr platziert habe und dazu der Sportwagen links. Da kommt so dieses Malibu Feeling r\u00fcber. Finden Sie nicht?<\/p><p>Jeden abend tr\u00e4ume ich jetzt von Paris Hilton und w\u00fcnsche mir sie w\u00e4re da. Ich denke, dass ich sie vielleicht morgen mal anrufen werde. Ich kenne zwar ihre Nummer nicht! Aber wozu gibt es die Auskunft? Ich frage da einfach nach Paris Hilton in Malibu. Ich bin schon ganz aufgeregt.<\/p><p>Wer mein Bild \u00fcbrigens kaufen m\u00f6chte, der maile bitte an redaktion@brischni.de. Oder ich stelle es auf Ebay aus. Sicherlich erhalte ich f\u00fcr mein Kunstwerk viel Geld. Ich denke, dass Sie das auch so sehen, oder? Egal, ich mache jetzt Schluss und tr\u00e4ume von Paris Hilton. <\/p>\t\t\t\t\t<\/div>\n\t\t\t\t\t\t<\/div>\n\t\t\t\t<\/div>\n\t\t\t\t\t\t<\/div>\n\t\t\t\t\t<\/div>\n\t\t<\/div>\n\t\t\t\t<div class=\"elementor-column elementor-col-33 elementor-top-column elementor-element elementor-element-03d9ae6\" data-id=\"03d9ae6\" data-element_type=\"column\">\n\t\t\t<div class=\"elementor-column-wrap elementor-element-populated\">\n\t\t\t\t\t\t\t<div class=\"elementor-widget-wrap\">\n\t\t\t\t\t\t<div class=\"elementor-element elementor-element-6c7ef39 elementor-widget elementor-widget-image\" data-id=\"6c7ef39\" data-element_type=\"widget\" data-widget_type=\"image.default\">\n\t\t\t\t<div class=\"elementor-widget-container\">\n\t\t\t\t\t\t\t\t<div class=\"elementor-image\">\n\t\t\t\t\t\t\t\t\t\t\t\t<img loading=\"lazy\" decoding=\"async\" width=\"787\" height=\"652\" src=\"https:\/\/brischni.de\/wp-content\/uploads\/2019\/08\/Hilton.jpg\" class=\"attachment-large size-large\" alt=\"\" srcset=\"https:\/\/brischni.de\/wp-content\/uploads\/2019\/08\/Hilton.jpg 787w, https:\/\/brischni.de\/wp-content\/uploads\/2019\/08\/Hilton-300x249.jpg 300w, https:\/\/brischni.de\/wp-content\/uploads\/2019\/08\/Hilton-768x636.jpg 768w\" sizes=\"(max-width: 787px) 100vw, 787px\" \/>\t\t\t\t\t\t\t\t\t\t\t\t\t\t<\/div>\n\t\t\t\t\t\t<\/div>\n\t\t\t\t<\/div>\n\t\t\t\t\t\t<\/div>\n\t\t\t\t\t<\/div>\n\t\t<\/div>\n\t\t\t\t\t\t\t\t<\/div>\n\t\t\t\t\t<\/div>\n\t\t<\/section>\n\t\t\t\t\t\t\t\t\t<\/div>\n\t\t\t<\/div>\n\t\t\t\t\t<\/div>\n\t\t","protected":false},"excerpt":{"rendered":"<p>Ich steh auf Paris Hilton Letztens fuhr ich mal nach Malibu. Ich wollte dort etwas shoppen. Es gibt nichts besseres, sage ich Euch! Schnell mit dem Flieger mal r\u00fcber nach Malibu. Und dann dort die Gesch\u00e4fte unsicher machen. Ich gehe dann gerne dort in den Kaufhof, zu C&amp;A und dann bei McDonalds was essen. Oder [&hellip;]<\/p>\n","protected":false},"author":1,"featured_media":0,"parent":0,"menu_order":0,"comment_status":"closed","ping_status":"closed","template":"","meta":{"footnotes":""},"class_list":["post-122","page","type-page","status-publish","hentry","entry"],"_links":{"self":[{"href":"https:\/\/brischni.de\/index.php?rest_route=\/wp\/v2\/pages\/122"}],"collection":[{"href":"https:\/\/brischni.de\/index.php?rest_route=\/wp\/v2\/pages"}],"about":[{"href":"https:\/\/brischni.de\/index.php?rest_route=\/wp\/v2\/types\/page"}],"author":[{"embeddable":true,"href":"https:\/\/brischni.de\/index.php?rest_route=\/wp\/v2\/users\/1"}],"replies":[{"embeddable":true,"href":"https:\/\/brischni.de\/index.php?rest_route=%2Fwp%2Fv2%2Fcomments&post=122"}],"version-history":[{"count":3,"href":"https:\/\/brischni.de\/index.php?rest_route=\/wp\/v2\/pages\/122\/revisions"}],"predecessor-version":[{"id":269,"href":"https:\/\/brischni.de\/index.php?rest_route=\/wp\/v2\/pages\/122\/revisions\/269"}],"wp:attachment":[{"href":"https:\/\/brischni.de\/index.php?rest_route=%2Fwp%2Fv2%2Fmedia&parent=122"}],"curies":[{"name":"wp","href":"https:\/\/api.w.org\/{rel}","templated":true}]}}