{"id":119,"date":"2019-08-18T12:45:01","date_gmt":"2019-08-18T12:45:01","guid":{"rendered":"http:\/\/brischni.de\/?page_id=119"},"modified":"2019-08-24T19:59:08","modified_gmt":"2019-08-24T19:59:08","slug":"inseln-und-meer","status":"publish","type":"page","link":"https:\/\/brischni.de\/?page_id=119","title":{"rendered":"Inseln und Meer"},"content":{"rendered":"\t\t<div data-elementor-type=\"wp-post\" data-elementor-id=\"119\" class=\"elementor elementor-119\">\n\t\t\t\t\t\t<div class=\"elementor-inner\">\n\t\t\t\t<div class=\"elementor-section-wrap\">\n\t\t\t\t\t\t\t\t\t<section class=\"elementor-section elementor-top-section elementor-element elementor-element-9dfcbb2 elementor-section-boxed elementor-section-height-default elementor-section-height-default\" data-id=\"9dfcbb2\" data-element_type=\"section\">\n\t\t\t\t\t\t<div class=\"elementor-container elementor-column-gap-default\">\n\t\t\t\t\t\t\t<div class=\"elementor-row\">\n\t\t\t\t\t<div class=\"elementor-column elementor-col-100 elementor-top-column elementor-element elementor-element-98a0aeb\" data-id=\"98a0aeb\" data-element_type=\"column\">\n\t\t\t<div class=\"elementor-column-wrap elementor-element-populated\">\n\t\t\t\t\t\t\t<div class=\"elementor-widget-wrap\">\n\t\t\t\t\t\t<div class=\"elementor-element elementor-element-6787636 elementor-widget elementor-widget-heading\" data-id=\"6787636\" data-element_type=\"widget\" data-widget_type=\"heading.default\">\n\t\t\t\t<div class=\"elementor-widget-container\">\n\t\t\t<h1 class=\"elementor-heading-title elementor-size-default\">Inseln und Meer sind echte Gefahren<\/h1>\t\t<\/div>\n\t\t\t\t<\/div>\n\t\t\t\t\t\t<\/div>\n\t\t\t\t\t<\/div>\n\t\t<\/div>\n\t\t\t\t\t\t\t\t<\/div>\n\t\t\t\t\t<\/div>\n\t\t<\/section>\n\t\t\t\t<section class=\"elementor-section elementor-top-section elementor-element elementor-element-f6f73aa elementor-section-boxed elementor-section-height-default elementor-section-height-default\" data-id=\"f6f73aa\" data-element_type=\"section\">\n\t\t\t\t\t\t<div class=\"elementor-container elementor-column-gap-default\">\n\t\t\t\t\t\t\t<div class=\"elementor-row\">\n\t\t\t\t\t<div class=\"elementor-column elementor-col-66 elementor-top-column elementor-element elementor-element-36da1e3\" data-id=\"36da1e3\" data-element_type=\"column\">\n\t\t\t<div class=\"elementor-column-wrap elementor-element-populated\">\n\t\t\t\t\t\t\t<div class=\"elementor-widget-wrap\">\n\t\t\t\t\t\t<div class=\"elementor-element elementor-element-f2b55c8 elementor-widget elementor-widget-text-editor\" data-id=\"f2b55c8\" data-element_type=\"widget\" data-widget_type=\"text-editor.default\">\n\t\t\t\t<div class=\"elementor-widget-container\">\n\t\t\t\t\t\t\t\t<div class=\"elementor-text-editor elementor-clearfix\">\n\t\t\t\t<p>Viele Leute w\u00e4hlen als Urlaubsziel das Meer oder auch eine Insel. Ich m\u00f6chte hiervor in diesem Artikel warnen! Denn viele Gefahren lauern!<\/p><p>Vielleicht vorab noch zur Frage, woher ich dies weiss. Zum einen habe ich Insel Erfahrung! Ich war einmal, f\u00fcr einen Tag, auf Helgoland! Eine gef\u00e4hrliche Reise! Zum anderen habe ich viele Filme gesehen, worauf ich noch zu sprechen kommen werde! Also Finger weg von Meer, Kreuzfahrten oder Inseln. Ich werde Ihnen in diesem Artikel sagen warum!<\/p><p>Zun\u00e4chst einmal sollte man sich mit dem Meer besch\u00e4ftigen. In selbigem leben viele sehr, sehr gef\u00e4hrliche Kreaturen. Man denke nur einmal an einen Filmen wie den &#8222;weissen Hai&#8220;! Im Meer wimmelt es von weissen Haien. Mir f\u00e4llt dazu auch der Thriller &#8222;Open Water&#8220; ein. Man sollte im Meer also keinesfalls schwimmen. Stellen Sie sich das vor: Sie urlauben auf Sylt, steigen ins Meer und dann, schwupps, schnappt Sie der weisse Hai und verspeist Sie zum Fr\u00fchst\u00fcck!<\/p><p>Nun ist Sylt ja auch eine Insel. Und Inseln haben es in sich. Glauben Sie mir. Denken Sie doch mal an King Kong, der auf einer Insel lebte. In Jurassic Park findet man allerhand Dinos auf diversen Inseln. Wenn Sie dort Urlaub machen, k\u00f6nnen Sie bei Gefahr nicht fliehen. Auf der Insel und am Strand lauter Raubtiere. Und wenn Sie ins Wasser fl\u00fcchten, kommen die weissen Haie. Es gibt also nichts gef\u00e4hrlicheres als Urlaub auf einer Insel, die im Meer liegt! Das sollten Sie sich unbedingt merken!<\/p><p>Von den Naturgewalten habe ich bislang noch garnicht gesprochen! Schauen Sie sich mal Filme an wie &#8222;Der Sturm&#8220;, &#8222;Untergang der Poseidon&#8220;, &#8222;Titanic&#8220; oder &#8222;2012&#8220;! Da wimmelt es nur so von gigantischen Flutwellen, riesigen St\u00fcrmen, Eisbergen, Tsunamis und wie das alles heisst! Ich kann Ihnen nur einen Tip geben: Wenn Sie eine Kreuzfahrt unternehmen wollen, so buchen Sie daf\u00fcr auf einem Schlachtschiff oder einem Flugzeugtr\u00e4ger. Alternativ k\u00f6nnen Sie auch ein U-Boot w\u00e4hlen. Auf diesen Schiffen sind Sie einigermassen sicher.<\/p><p>Stellen Sie sich vor Sie unternehmen eine Kreuzfahrt und erleiden, wie Robinson Crusoe, Schiffbruch. Und dann landen Sie auf einer einsamen Insel. Sie hatten Gl\u00fcck, dass Sie bis dahin kein weisser Hai gefressen hat! Und dann? Auf der Insel lauern Monster wie Dinos, King Kong, Krokodile und gigantische Schlangen. Und im Meer, Sie wissen schon, der weisse Hai.<\/p><p>Noch garnicht gedacht habe ich an Godzilla! Das ist eine riesige Meerechse, die sich aber auch an Land bewegen kann. Godzilla \u00fcberf\u00e4llt \u00fcbrigens gerne Fischkutter, da er Fisch liebt. Also: Angelfahrten sollte man unbedingt vermeiden!<\/p><p>Neben diesen ganzen Gefahren sollte man auch an Vulkane am Meeresboden, Captain Nemo, umst\u00fcrzende Bohrt\u00fcrme und gef\u00e4hrliche Seeschlangen denken! Und man darf nat\u00fcrlich die Piraten nicht vergessen. Die segeln \u00fcber die Meere, erkennbar am Totenkopf auf der Flagge.<\/p><p>All das m\u00fcssen und sollten Sie bedenken, wenn Sie Ihr Urlaubsziel w\u00e4hlen. Wenn Sie nun meinen die Berge w\u00e4ren sicher, so muss ich Sie entt\u00e4uschen. Aber davon erz\u00e4hle ich vielleicht ein anderes mal. Ich empfehle Urlaub in einer leicht provinziellen Stadt, die \u00fcber alle notwendigen Einrichtungen verf\u00fcgt (also Polizei, Krankenhaus, Feuerwehr, usw.). Dort laufen Sie kaum Gefahr Opfer eines weissen Hais, einer Flutwelle oder einem Vulkanausbruch zu werden. Ich denke an so Orte wie Erkenschwick, Grevenbroich, Wanne-Eickel oder Castrop-Rauxel. Ich k\u00f6nnte mir vorstellen, dass Ihnen dies gefallen w\u00fcrde. Und zudem ist sowas wie Wanne-Eickel viel preiswerter wie Nizza, Cannes, Florida, Bahamas oder dergleichen.<\/p><p>\u00a0<\/p>\t\t\t\t\t<\/div>\n\t\t\t\t\t\t<\/div>\n\t\t\t\t<\/div>\n\t\t\t\t\t\t<\/div>\n\t\t\t\t\t<\/div>\n\t\t<\/div>\n\t\t\t\t<div class=\"elementor-column elementor-col-33 elementor-top-column elementor-element elementor-element-48537d6\" data-id=\"48537d6\" data-element_type=\"column\">\n\t\t\t<div class=\"elementor-column-wrap elementor-element-populated\">\n\t\t\t\t\t\t\t<div class=\"elementor-widget-wrap\">\n\t\t\t\t\t\t<div class=\"elementor-element elementor-element-0ab2df1 elementor-widget elementor-widget-image\" data-id=\"0ab2df1\" data-element_type=\"widget\" data-widget_type=\"image.default\">\n\t\t\t\t<div class=\"elementor-widget-container\">\n\t\t\t\t\t\t\t\t<div class=\"elementor-image\">\n\t\t\t\t\t\t\t\t\t\t\t\t<img loading=\"lazy\" decoding=\"async\" width=\"814\" height=\"435\" src=\"https:\/\/brischni.de\/wp-content\/uploads\/2019\/08\/insel.jpg\" class=\"attachment-large size-large\" alt=\"\" srcset=\"https:\/\/brischni.de\/wp-content\/uploads\/2019\/08\/insel.jpg 814w, https:\/\/brischni.de\/wp-content\/uploads\/2019\/08\/insel-300x160.jpg 300w, https:\/\/brischni.de\/wp-content\/uploads\/2019\/08\/insel-768x410.jpg 768w\" sizes=\"(max-width: 814px) 100vw, 814px\" \/>\t\t\t\t\t\t\t\t\t\t\t\t\t\t<\/div>\n\t\t\t\t\t\t<\/div>\n\t\t\t\t<\/div>\n\t\t\t\t\t\t<\/div>\n\t\t\t\t\t<\/div>\n\t\t<\/div>\n\t\t\t\t\t\t\t\t<\/div>\n\t\t\t\t\t<\/div>\n\t\t<\/section>\n\t\t\t\t<section class=\"elementor-section elementor-top-section elementor-element elementor-element-3b0296b elementor-section-boxed elementor-section-height-default elementor-section-height-default\" data-id=\"3b0296b\" data-element_type=\"section\">\n\t\t\t\t\t\t<div class=\"elementor-container elementor-column-gap-default\">\n\t\t\t\t\t\t\t<div class=\"elementor-row\">\n\t\t\t\t\t<div class=\"elementor-column elementor-col-100 elementor-top-column elementor-element elementor-element-a6b8a72\" data-id=\"a6b8a72\" data-element_type=\"column\">\n\t\t\t<div class=\"elementor-column-wrap elementor-element-populated\">\n\t\t\t\t\t\t\t<div class=\"elementor-widget-wrap\">\n\t\t\t\t\t\t<div class=\"elementor-element elementor-element-efcff74 elementor-aspect-ratio-169 elementor-widget elementor-widget-video\" data-id=\"efcff74\" data-element_type=\"widget\" data-settings=\"{&quot;video_type&quot;:&quot;hosted&quot;,&quot;autoplay&quot;:&quot;yes&quot;,&quot;mute&quot;:&quot;yes&quot;,&quot;loop&quot;:&quot;yes&quot;,&quot;aspect_ratio&quot;:&quot;169&quot;}\" data-widget_type=\"video.default\">\n\t\t\t\t<div class=\"elementor-widget-container\">\n\t\t\t\t\t<div class=\"e-hosted-video elementor-wrapper elementor-fit-aspect-ratio elementor-open-inline\">\n\t\t\t\t\t<video class=\"elementor-video\" src=\"http:\/\/brischni.de\/wp-content\/uploads\/2019\/08\/VID-20190714-WA0005.mp4\" autoplay=\"\" loop=\"\" muted=\"muted\" controlsList=\"nodownload\"><\/video>\n\t\t\t\t<\/div>\n\t\t\t\t<\/div>\n\t\t\t\t<\/div>\n\t\t\t\t\t\t<\/div>\n\t\t\t\t\t<\/div>\n\t\t<\/div>\n\t\t\t\t\t\t\t\t<\/div>\n\t\t\t\t\t<\/div>\n\t\t<\/section>\n\t\t\t\t\t\t\t\t\t<\/div>\n\t\t\t<\/div>\n\t\t\t\t\t<\/div>\n\t\t","protected":false},"excerpt":{"rendered":"<p>Inseln und Meer sind echte Gefahren Viele Leute w\u00e4hlen als Urlaubsziel das Meer oder auch eine Insel. Ich m\u00f6chte hiervor in diesem Artikel warnen! Denn viele Gefahren lauern! Vielleicht vorab noch zur Frage, woher ich dies weiss. Zum einen habe ich Insel Erfahrung! Ich war einmal, f\u00fcr einen Tag, auf Helgoland! Eine gef\u00e4hrliche Reise! Zum [&hellip;]<\/p>\n","protected":false},"author":1,"featured_media":0,"parent":0,"menu_order":0,"comment_status":"closed","ping_status":"closed","template":"","meta":{"footnotes":""},"class_list":["post-119","page","type-page","status-publish","hentry","entry"],"_links":{"self":[{"href":"https:\/\/brischni.de\/index.php?rest_route=\/wp\/v2\/pages\/119"}],"collection":[{"href":"https:\/\/brischni.de\/index.php?rest_route=\/wp\/v2\/pages"}],"about":[{"href":"https:\/\/brischni.de\/index.php?rest_route=\/wp\/v2\/types\/page"}],"author":[{"embeddable":true,"href":"https:\/\/brischni.de\/index.php?rest_route=\/wp\/v2\/users\/1"}],"replies":[{"embeddable":true,"href":"https:\/\/brischni.de\/index.php?rest_route=%2Fwp%2Fv2%2Fcomments&post=119"}],"version-history":[{"count":3,"href":"https:\/\/brischni.de\/index.php?rest_route=\/wp\/v2\/pages\/119\/revisions"}],"predecessor-version":[{"id":249,"href":"https:\/\/brischni.de\/index.php?rest_route=\/wp\/v2\/pages\/119\/revisions\/249"}],"wp:attachment":[{"href":"https:\/\/brischni.de\/index.php?rest_route=%2Fwp%2Fv2%2Fmedia&parent=119"}],"curies":[{"name":"wp","href":"https:\/\/api.w.org\/{rel}","templated":true}]}}