{"id":116,"date":"2019-08-18T12:44:38","date_gmt":"2019-08-18T12:44:38","guid":{"rendered":"http:\/\/brischni.de\/?page_id=116"},"modified":"2019-08-18T19:38:13","modified_gmt":"2019-08-18T19:38:13","slug":"die_globalisierung","status":"publish","type":"page","link":"https:\/\/brischni.de\/?page_id=116","title":{"rendered":"Die_Globalisierung"},"content":{"rendered":"\t\t<div data-elementor-type=\"wp-post\" data-elementor-id=\"116\" class=\"elementor elementor-116\">\n\t\t\t\t\t\t<div class=\"elementor-inner\">\n\t\t\t\t<div class=\"elementor-section-wrap\">\n\t\t\t\t\t\t\t\t\t<section class=\"elementor-section elementor-top-section elementor-element elementor-element-d0b0906 elementor-section-boxed elementor-section-height-default elementor-section-height-default\" data-id=\"d0b0906\" data-element_type=\"section\">\n\t\t\t\t\t\t<div class=\"elementor-container elementor-column-gap-default\">\n\t\t\t\t\t\t\t<div class=\"elementor-row\">\n\t\t\t\t\t<div class=\"elementor-column elementor-col-100 elementor-top-column elementor-element elementor-element-d415ecc\" data-id=\"d415ecc\" data-element_type=\"column\">\n\t\t\t<div class=\"elementor-column-wrap elementor-element-populated\">\n\t\t\t\t\t\t\t<div class=\"elementor-widget-wrap\">\n\t\t\t\t\t\t<div class=\"elementor-element elementor-element-5397873 elementor-widget elementor-widget-heading\" data-id=\"5397873\" data-element_type=\"widget\" data-widget_type=\"heading.default\">\n\t\t\t\t<div class=\"elementor-widget-container\">\n\t\t\t<h2 class=\"elementor-heading-title elementor-size-default\">Was ist \u00fcberhaupt Globalisierung?<\/h2>\t\t<\/div>\n\t\t\t\t<\/div>\n\t\t\t\t\t\t<\/div>\n\t\t\t\t\t<\/div>\n\t\t<\/div>\n\t\t\t\t\t\t\t\t<\/div>\n\t\t\t\t\t<\/div>\n\t\t<\/section>\n\t\t\t\t<section class=\"elementor-section elementor-top-section elementor-element elementor-element-11b185c elementor-section-boxed elementor-section-height-default elementor-section-height-default\" data-id=\"11b185c\" data-element_type=\"section\">\n\t\t\t\t\t\t<div class=\"elementor-container elementor-column-gap-default\">\n\t\t\t\t\t\t\t<div class=\"elementor-row\">\n\t\t\t\t\t<div class=\"elementor-column elementor-col-66 elementor-top-column elementor-element elementor-element-ace1c0f\" data-id=\"ace1c0f\" data-element_type=\"column\">\n\t\t\t<div class=\"elementor-column-wrap elementor-element-populated\">\n\t\t\t\t\t\t\t<div class=\"elementor-widget-wrap\">\n\t\t\t\t\t\t<div class=\"elementor-element elementor-element-c47a869 elementor-widget elementor-widget-text-editor\" data-id=\"c47a869\" data-element_type=\"widget\" data-widget_type=\"text-editor.default\">\n\t\t\t\t<div class=\"elementor-widget-container\">\n\t\t\t\t\t\t\t\t<div class=\"elementor-text-editor elementor-clearfix\">\n\t\t\t\t<p>Man h\u00f6rt den Begriff Globalisierung oft und doch wissen die meisten garnicht, was er bedeutet. Von daher wird Brischni.de diesen Begriff nun verst\u00e4ndlich erkl\u00e4ren. Was also bedeutet eigentlich Globalisierung und ist das nun gut oder schlecht ?<\/p><p>Die Globalisierung beruht darauf, dass man Dinge an einer Stelle der Welt billiger machen kann als an einer anderen. H\u00f6rt sich einfach an, ist aber kompliziert. Am besten verdeutlichen wir das am eigentlichen Brischni-Thema, dem Essen. Nehmen wir an ich ben\u00f6tige ein Rind f\u00fcr meinen Hamburger. Dieses Rind ist in Amerika zu teuer. Von daher z\u00fcchtet man es in einem Land, wo es billiger aufwachsen kann. Nehmen wir als Beispiel an, dass das Rind in der Mongolei gez\u00fcchtet wird. Schon sind wir ziemlich global. <\/p><p>Nun muss man dieses Rind ja schlachten. Das ist aber in der Mongolei zu teuer, weil die Metzger in der Mongolei erfahrungsgem\u00e4ss teure Gesellen sind. G\u00fcnstiger zu bekommen ist dies in einem Schlachthof in Neuseeland. Das Rind wird also auf ein Schiff verladen, welches von der Mongolei nach Neuseeland f\u00e4hrt. Problematisch ist nur, dass die Mongolei ein Binnenstaat ist. Aber sparen wir uns das&#8230;..Das Rind wird in Neuseeland geschlachtet und dann muss es verpacktwerden. Am g\u00fcnstigsten bekommt man das auf Island. Und zudem hat Island den Vorteil, dass es dort relativ kalt ist. Also fahren die Rinderteile von Neuseeland nach Island. Es wird immer globaler !<\/p><p>Auf Island wird alles verpackt und mit Aufklebern versehen, dass das Rind aus den USA stammt. Jetzt sind wir richtig global ! Und vor allem: Das ganze Hin und Her hat ne Menge Geld gespart, weil man die einzelnen Schritte immer dort durchgef\u00fchrt hat, wo es am billigsten ist ! Abgezockt, oder ?<\/p><p>Bei der Fast-Food-Zentrale in den USA entscheidet man nun, wo das Rind serviert wird. Das k\u00f6nnte z.B. in China sein. Man muss sich das vorstellen: Das US-Rind, welches aus der Mongolei stammt, in Neuseeland geschlachtet und in Island verpackt wurde, landet auf einem Hamburger in Peking. Wahnsinn, oder ? Sowas gabs fr\u00fcher mit Sicherheit nicht. Aber das ist Globalisierung wie sie im Buche steht und wie wir sie uns w\u00fcnschen. Und genau darin liegt ja auch der Vorteil der Sache&#8230;.<\/p><p>Die ganze Geschichte hat ne Menge Vorteile: Es kostet viel weniger und es verdienen viel mehr Leute als fr\u00fcher daran. Fr\u00fcher h\u00e4tte man n\u00e4mlich das Rind direkt in der Mongolei geschlachtet und dann zum Nachbar nach China geliefert. Daran h\u00e4tte doch kaum\u00a0 jemand verdienen k\u00f6nnen. Hingegen verdienen in der Globalen Welt die Mongolen, die Neuseel\u00e4nder, die Isl\u00e4nder und die Amerikaner und die Chinesen haben den Genuss.<\/p><p>Ich kann nur sagen: Das nenne ich Fortschritt&#8230;..\u00dcbrigens: Wer das Beispiel nicht versteht sollte sich die ganze Sache auf einen Zettel aufmalen (Tip: Mit der Mongolei beginnen !). Danach d\u00fcrfte jeder wissen, was Globalisierung wirklich ist.<\/p>\t\t\t\t\t<\/div>\n\t\t\t\t\t\t<\/div>\n\t\t\t\t<\/div>\n\t\t\t\t\t\t<\/div>\n\t\t\t\t\t<\/div>\n\t\t<\/div>\n\t\t\t\t<div class=\"elementor-column elementor-col-33 elementor-top-column elementor-element elementor-element-3ac93be\" data-id=\"3ac93be\" data-element_type=\"column\">\n\t\t\t<div class=\"elementor-column-wrap elementor-element-populated\">\n\t\t\t\t\t\t\t<div class=\"elementor-widget-wrap\">\n\t\t\t\t\t\t<div class=\"elementor-element elementor-element-0e862fe elementor-widget elementor-widget-image\" data-id=\"0e862fe\" data-element_type=\"widget\" data-widget_type=\"image.default\">\n\t\t\t\t<div class=\"elementor-widget-container\">\n\t\t\t\t\t\t\t\t<div class=\"elementor-image\">\n\t\t\t\t\t\t\t\t\t<figure class=\"wp-caption\">\n\t\t\t\t\t\t\t\t\t\t<img loading=\"lazy\" decoding=\"async\" width=\"675\" height=\"338\" src=\"https:\/\/brischni.de\/wp-content\/uploads\/2019\/08\/welt.jpg\" class=\"attachment-large size-large\" alt=\"\" srcset=\"https:\/\/brischni.de\/wp-content\/uploads\/2019\/08\/welt.jpg 675w, https:\/\/brischni.de\/wp-content\/uploads\/2019\/08\/welt-300x150.jpg 300w\" sizes=\"(max-width: 675px) 100vw, 675px\" \/>\t\t\t\t\t\t\t\t\t\t\t<figcaption class=\"widget-image-caption wp-caption-text\">Die Weltkarte zum Beispiel<\/figcaption>\n\t\t\t\t\t\t\t\t\t\t<\/figure>\n\t\t\t\t\t\t\t\t<\/div>\n\t\t\t\t\t\t<\/div>\n\t\t\t\t<\/div>\n\t\t\t\t\t\t<\/div>\n\t\t\t\t\t<\/div>\n\t\t<\/div>\n\t\t\t\t\t\t\t\t<\/div>\n\t\t\t\t\t<\/div>\n\t\t<\/section>\n\t\t\t\t\t\t\t\t\t<\/div>\n\t\t\t<\/div>\n\t\t\t\t\t<\/div>\n\t\t","protected":false},"excerpt":{"rendered":"<p>Was ist \u00fcberhaupt Globalisierung? Man h\u00f6rt den Begriff Globalisierung oft und doch wissen die meisten garnicht, was er bedeutet. Von daher wird Brischni.de diesen Begriff nun verst\u00e4ndlich erkl\u00e4ren. Was also bedeutet eigentlich Globalisierung und ist das nun gut oder schlecht ? Die Globalisierung beruht darauf, dass man Dinge an einer Stelle der Welt billiger machen [&hellip;]<\/p>\n","protected":false},"author":1,"featured_media":0,"parent":0,"menu_order":0,"comment_status":"closed","ping_status":"closed","template":"","meta":{"footnotes":""},"class_list":["post-116","page","type-page","status-publish","hentry","entry"],"_links":{"self":[{"href":"https:\/\/brischni.de\/index.php?rest_route=\/wp\/v2\/pages\/116"}],"collection":[{"href":"https:\/\/brischni.de\/index.php?rest_route=\/wp\/v2\/pages"}],"about":[{"href":"https:\/\/brischni.de\/index.php?rest_route=\/wp\/v2\/types\/page"}],"author":[{"embeddable":true,"href":"https:\/\/brischni.de\/index.php?rest_route=\/wp\/v2\/users\/1"}],"replies":[{"embeddable":true,"href":"https:\/\/brischni.de\/index.php?rest_route=%2Fwp%2Fv2%2Fcomments&post=116"}],"version-history":[{"count":3,"href":"https:\/\/brischni.de\/index.php?rest_route=\/wp\/v2\/pages\/116\/revisions"}],"predecessor-version":[{"id":211,"href":"https:\/\/brischni.de\/index.php?rest_route=\/wp\/v2\/pages\/116\/revisions\/211"}],"wp:attachment":[{"href":"https:\/\/brischni.de\/index.php?rest_route=%2Fwp%2Fv2%2Fmedia&parent=116"}],"curies":[{"name":"wp","href":"https:\/\/api.w.org\/{rel}","templated":true}]}}