{"id":113,"date":"2019-08-18T12:44:02","date_gmt":"2019-08-18T12:44:02","guid":{"rendered":"http:\/\/brischni.de\/?page_id=113"},"modified":"2019-08-18T17:34:50","modified_gmt":"2019-08-18T17:34:50","slug":"bananenspinne_und_frosch","status":"publish","type":"page","link":"https:\/\/brischni.de\/?page_id=113","title":{"rendered":"Bananenspinne_und_Frosch"},"content":{"rendered":"\t\t<div data-elementor-type=\"wp-post\" data-elementor-id=\"113\" class=\"elementor elementor-113\">\n\t\t\t\t\t\t<div class=\"elementor-inner\">\n\t\t\t\t<div class=\"elementor-section-wrap\">\n\t\t\t\t\t\t\t\t\t<section class=\"elementor-section elementor-top-section elementor-element elementor-element-cbbd4fe elementor-section-boxed elementor-section-height-default elementor-section-height-default\" data-id=\"cbbd4fe\" data-element_type=\"section\">\n\t\t\t\t\t\t<div class=\"elementor-container elementor-column-gap-default\">\n\t\t\t\t\t\t\t<div class=\"elementor-row\">\n\t\t\t\t\t<div class=\"elementor-column elementor-col-100 elementor-top-column elementor-element elementor-element-9f6350f\" data-id=\"9f6350f\" data-element_type=\"column\">\n\t\t\t<div class=\"elementor-column-wrap elementor-element-populated\">\n\t\t\t\t\t\t\t<div class=\"elementor-widget-wrap\">\n\t\t\t\t\t\t<div class=\"elementor-element elementor-element-a89a085 elementor-widget elementor-widget-heading\" data-id=\"a89a085\" data-element_type=\"widget\" data-widget_type=\"heading.default\">\n\t\t\t\t<div class=\"elementor-widget-container\">\n\t\t\t<h1 class=\"elementor-heading-title elementor-size-default\">Die Bananenspinne und der Frosch im Hals<\/h1>\t\t<\/div>\n\t\t\t\t<\/div>\n\t\t\t\t\t\t<\/div>\n\t\t\t\t\t<\/div>\n\t\t<\/div>\n\t\t\t\t\t\t\t\t<\/div>\n\t\t\t\t\t<\/div>\n\t\t<\/section>\n\t\t\t\t<section class=\"elementor-section elementor-top-section elementor-element elementor-element-6d7be71 elementor-section-boxed elementor-section-height-default elementor-section-height-default\" data-id=\"6d7be71\" data-element_type=\"section\">\n\t\t\t\t\t\t<div class=\"elementor-container elementor-column-gap-default\">\n\t\t\t\t\t\t\t<div class=\"elementor-row\">\n\t\t\t\t\t<div class=\"elementor-column elementor-col-66 elementor-top-column elementor-element elementor-element-b1f0ecc\" data-id=\"b1f0ecc\" data-element_type=\"column\">\n\t\t\t<div class=\"elementor-column-wrap elementor-element-populated\">\n\t\t\t\t\t\t\t<div class=\"elementor-widget-wrap\">\n\t\t\t\t\t\t<div class=\"elementor-element elementor-element-93730c8 elementor-widget elementor-widget-text-editor\" data-id=\"93730c8\" data-element_type=\"widget\" data-widget_type=\"text-editor.default\">\n\t\t\t\t<div class=\"elementor-widget-container\">\n\t\t\t\t\t\t\t\t<div class=\"elementor-text-editor elementor-clearfix\">\n\t\t\t\t<p>Ich muss zun\u00e4chst einmal sagen, dass ich nicht viel von Politik verstehe. Ich gehe nie w\u00e4hlen und auch sonst bin ich ein Banause, was diese ganze Politik so betrifft. Mir erz\u00e4hlte nun ein Bekannter, dass die Kanzlerin Merkel mit dem Erdogan einen Deal ausgehandelt h\u00e4tte. Und seitdem kriecht die Tante Merkel vor diesem Erdogan. Der Bekannte hat mir das bildlich erkl\u00e4rt: Die Tante Merkel kriecht diesem Erdogan quasi bis zum Anschlag in den Allerwertesten. So hat der Bekannte zumindest gesagt. Dieser Erdogan, das habe ich gelesen, hat \u00fcbrigens 44 Ehrendoktortitel. Man muss also annehmen, dass er ein gescheiter Mann ist. Nun stand aber heute in der Zeitung, dass er eigentlich nicht einmal einen Uni Abschluss h\u00e4tte. Was da stimmt wei\u00df ich nicht. Aber ich weiche auch vom Thema ab.<br \/><br \/>Wenn ich mir vorstelle, dass Tante Merkel dem Erdogan sozusagen von hinten&#8230;&#8230;&#8230;Dann wird mir jedenfalls schlecht und ich glaube auch, dass das\u00a0 \u00fcberhaupt nicht gesund f\u00fcr den Herrn Erdogan ist. Ich denke, dass das zu Krampfadern f\u00fchrt und man damit ins Krankenhaus muss&#8230;&#8230;. Was kaum einer wei\u00df&#8230;&#8230;.Wenn einen eine Bananenspinne beisst f\u00fchrt dies, unter anderem, zu einer schmerzhaften Dauererektion. Man braucht also eigentlich kein Viagra, wenn ich das richtig sehe. Man kauft sich besser eine Staude Bananen. Wenn man Gl\u00fcck hat ist der Dauerst\u00e4nder schon im Preis der Bananen enthalten!<br \/><br \/>Ich habe mir jedenfalls vorgestellt, dass der Herr Erdogan im Krankenhaus liegt und Tante Merkel ihn besucht. Tante Merkel hat vorher den rundlichen Sigmar Gabriel zum Obstgesch\u00e4ft geschickt. Dieser sollte dort Bananen kaufen. Und dann ist Tante Merkel mit den Bananen ins Krankenzimmer des Herrn Erdogan. Als dieser sich dann die erste Banane einverleiben will springt die agressive Bananenspinne aus der Staude und beisst den armen Erdogan. Das Ergebnis k\u00f6nnen sie sich vorstellen&#8230;&#8230;&#8230;.Was ich mir aber nicht vorstellen m\u00f6chte ist, wie Tante Merkel beim Symptom der Dauererektion erste Hilfe leistet. Ganz ehrlich: Da sehe ich mir lieber einen Porno mit Dolly Buster an, selbst wenn die gute Dolly darin 80 ist. Aber was lernen wir nun aus dieser Geschichte? Wir lernen vor allem, dass man beim Kauf von Bananen unbedingt aufpassen muss. Hinter jeder Banane kann eine Spinne lauern. Wir lernen aber auch, dass Bananenspinnen als Potenzmittel nur M\u00e4nnern von Nutzen sind.<br \/><br \/>Eine Leserin des Brischni Magazins fragte \u00fcbrigens an, ob man als Vegetarier einen Frosch im Hals haben darf. Hierzu will ich noch kurz Stellung beziehen, da diese Frage sehr gut zu diesem Artikel passt. Zu dieser Frage muss man zwei Dinge richtig einordnen. Der Frosch ist der Feind manch garstigen Tieres, welches uns Menschen bedroht. Und: Einen Frosch im Hals zu haben bedeutet nicht den Frosch zu schlucken. Denken Sie doch einmal an die gemeine Springspinne, den mutierten Kartoffelk\u00e4fer, die Bananenspinne oder einen tollw\u00fctigen Marienk\u00e4fer. Sie liegen auf einer Wiese und geniessen die Sonne. Und dann springt solch ein Vieh in Ihren Mund und will Ihnen den Garaus machen. Wie gl\u00fccklich k\u00f6nnen Sie sich sch\u00e4tzen, wenn sie einen Frosch im Hals haben, der Sie sch\u00fctzt. Im Bruchteil einer Sekunde rettet der Frosch Sie vor dieser Gefahr und frisst den entsprechenden Eindringling auf. Die Antwort auf die Leserfrage ist ganz klar: Ein Vegetarier darf nicht nur einen Frosch im Hals haben. Jeder sollte zum Eigenschutz stets einen Frosch im Hals haben!<\/p>\t\t\t\t\t<\/div>\n\t\t\t\t\t\t<\/div>\n\t\t\t\t<\/div>\n\t\t\t\t\t\t<\/div>\n\t\t\t\t\t<\/div>\n\t\t<\/div>\n\t\t\t\t<div class=\"elementor-column elementor-col-33 elementor-top-column elementor-element elementor-element-7775a95\" data-id=\"7775a95\" data-element_type=\"column\">\n\t\t\t<div class=\"elementor-column-wrap elementor-element-populated\">\n\t\t\t\t\t\t\t<div class=\"elementor-widget-wrap\">\n\t\t\t\t\t\t<div class=\"elementor-element elementor-element-c3aa128 elementor-widget elementor-widget-image\" data-id=\"c3aa128\" data-element_type=\"widget\" data-widget_type=\"image.default\">\n\t\t\t\t<div class=\"elementor-widget-container\">\n\t\t\t\t\t\t\t\t<div class=\"elementor-image\">\n\t\t\t\t\t\t\t\t\t<figure class=\"wp-caption\">\n\t\t\t\t\t\t\t\t\t\t<img loading=\"lazy\" decoding=\"async\" width=\"143\" height=\"143\" src=\"https:\/\/brischni.de\/wp-content\/uploads\/2019\/08\/froesche0031.gif\" class=\"attachment-large size-large\" alt=\"\" \/>\t\t\t\t\t\t\t\t\t\t\t<figcaption class=\"widget-image-caption wp-caption-text\">Ein Frosch kann Dein Leben retten<\/figcaption>\n\t\t\t\t\t\t\t\t\t\t<\/figure>\n\t\t\t\t\t\t\t\t<\/div>\n\t\t\t\t\t\t<\/div>\n\t\t\t\t<\/div>\n\t\t\t\t\t\t<\/div>\n\t\t\t\t\t<\/div>\n\t\t<\/div>\n\t\t\t\t\t\t\t\t<\/div>\n\t\t\t\t\t<\/div>\n\t\t<\/section>\n\t\t\t\t\t\t\t\t\t<\/div>\n\t\t\t<\/div>\n\t\t\t\t\t<\/div>\n\t\t","protected":false},"excerpt":{"rendered":"<p>Die Bananenspinne und der Frosch im Hals Ich muss zun\u00e4chst einmal sagen, dass ich nicht viel von Politik verstehe. Ich gehe nie w\u00e4hlen und auch sonst bin ich ein Banause, was diese ganze Politik so betrifft. Mir erz\u00e4hlte nun ein Bekannter, dass die Kanzlerin Merkel mit dem Erdogan einen Deal ausgehandelt h\u00e4tte. Und seitdem kriecht [&hellip;]<\/p>\n","protected":false},"author":1,"featured_media":0,"parent":0,"menu_order":0,"comment_status":"closed","ping_status":"closed","template":"","meta":{"footnotes":""},"class_list":["post-113","page","type-page","status-publish","hentry","entry"],"_links":{"self":[{"href":"https:\/\/brischni.de\/index.php?rest_route=\/wp\/v2\/pages\/113"}],"collection":[{"href":"https:\/\/brischni.de\/index.php?rest_route=\/wp\/v2\/pages"}],"about":[{"href":"https:\/\/brischni.de\/index.php?rest_route=\/wp\/v2\/types\/page"}],"author":[{"embeddable":true,"href":"https:\/\/brischni.de\/index.php?rest_route=\/wp\/v2\/users\/1"}],"replies":[{"embeddable":true,"href":"https:\/\/brischni.de\/index.php?rest_route=%2Fwp%2Fv2%2Fcomments&post=113"}],"version-history":[{"count":4,"href":"https:\/\/brischni.de\/index.php?rest_route=\/wp\/v2\/pages\/113\/revisions"}],"predecessor-version":[{"id":192,"href":"https:\/\/brischni.de\/index.php?rest_route=\/wp\/v2\/pages\/113\/revisions\/192"}],"wp:attachment":[{"href":"https:\/\/brischni.de\/index.php?rest_route=%2Fwp%2Fv2%2Fmedia&parent=113"}],"curies":[{"name":"wp","href":"https:\/\/api.w.org\/{rel}","templated":true}]}}