{"id":110,"date":"2019-08-18T12:43:23","date_gmt":"2019-08-18T12:43:23","guid":{"rendered":"http:\/\/brischni.de\/?page_id=110"},"modified":"2019-08-26T19:31:10","modified_gmt":"2019-08-26T19:31:10","slug":"wir_brauchen_akws","status":"publish","type":"page","link":"https:\/\/brischni.de\/?page_id=110","title":{"rendered":"Wir_brauchen_AKWs"},"content":{"rendered":"\t\t<div data-elementor-type=\"wp-post\" data-elementor-id=\"110\" class=\"elementor elementor-110\">\n\t\t\t\t\t\t<div class=\"elementor-inner\">\n\t\t\t\t<div class=\"elementor-section-wrap\">\n\t\t\t\t\t\t\t\t\t<section class=\"elementor-section elementor-top-section elementor-element elementor-element-4ad8802 elementor-section-boxed elementor-section-height-default elementor-section-height-default\" data-id=\"4ad8802\" data-element_type=\"section\">\n\t\t\t\t\t\t<div class=\"elementor-container elementor-column-gap-default\">\n\t\t\t\t\t\t\t<div class=\"elementor-row\">\n\t\t\t\t\t<div class=\"elementor-column elementor-col-100 elementor-top-column elementor-element elementor-element-aeb1038\" data-id=\"aeb1038\" data-element_type=\"column\">\n\t\t\t<div class=\"elementor-column-wrap elementor-element-populated\">\n\t\t\t\t\t\t\t<div class=\"elementor-widget-wrap\">\n\t\t\t\t\t\t<div class=\"elementor-element elementor-element-5e236ba elementor-widget elementor-widget-heading\" data-id=\"5e236ba\" data-element_type=\"widget\" data-widget_type=\"heading.default\">\n\t\t\t\t<div class=\"elementor-widget-container\">\n\t\t\t<h1 class=\"elementor-heading-title elementor-size-default\">Die Wahrheit \u00fcber Nuklaer und so......<\/h1>\t\t<\/div>\n\t\t\t\t<\/div>\n\t\t\t\t\t\t<\/div>\n\t\t\t\t\t<\/div>\n\t\t<\/div>\n\t\t\t\t\t\t\t\t<\/div>\n\t\t\t\t\t<\/div>\n\t\t<\/section>\n\t\t\t\t<section class=\"elementor-section elementor-top-section elementor-element elementor-element-f905ea0 elementor-section-boxed elementor-section-height-default elementor-section-height-default\" data-id=\"f905ea0\" data-element_type=\"section\">\n\t\t\t\t\t\t<div class=\"elementor-container elementor-column-gap-default\">\n\t\t\t\t\t\t\t<div class=\"elementor-row\">\n\t\t\t\t\t<div class=\"elementor-column elementor-col-66 elementor-top-column elementor-element elementor-element-03bb5cd\" data-id=\"03bb5cd\" data-element_type=\"column\">\n\t\t\t<div class=\"elementor-column-wrap elementor-element-populated\">\n\t\t\t\t\t\t\t<div class=\"elementor-widget-wrap\">\n\t\t\t\t\t\t<div class=\"elementor-element elementor-element-6dba063 elementor-widget elementor-widget-text-editor\" data-id=\"6dba063\" data-element_type=\"widget\" data-widget_type=\"text-editor.default\">\n\t\t\t\t<div class=\"elementor-widget-container\">\n\t\t\t\t\t\t\t\t<div class=\"elementor-text-editor elementor-clearfix\">\n\t\t\t\t<p>Alle reden \u00fcber AKWs, Umweltschutz, Naturkatastrophen und \u00e4hnliche Dinge. Man muss hierzu wissen, dass in Deutschland die Uhren anders ticken und damit so etwas wie in Japan nie passieren k\u00f6nnte. Oder haben Sie schon einmal von einem Tsunami vor Helgoland oder Sylt geh\u00f6rt?<\/p><p>Solche Tsunamis gibt es in Deutschland nicht, weil man so etwas garnicht erlauben w\u00fcrde. Die \u00c4mter w\u00fcrden ganz schnell einschreiten, wenn jemand solch eine Welle auf die K\u00fcste loslassen w\u00fcrde. Das g\u00e4be ein fettes Bu\u00dfgeld! Von daher wird man so was wie in Japan in Deutschland auch nicht erleben.<\/p><p>Deswegen verstehe ich auch die ganzen Diskussionen um die AKWs nicht. Die Dinger sehen gut und professionell aus und erzeugen Strom. Man muss sich doch fragen, wie so ein Windrad \u00fcberhaupt Strom erzeugen soll? Das ist doch ein echter R\u00fcckschritt. Oder was meinen Sie, warum es heute keine Windm\u00fchlen mehr gibt? Die M\u00fcller damals waren doch aufgeschmissen, wenn der Wind nicht wehte und sie gleichzeitig mahlen wollten. Die h\u00e4tten sich \u00fcber ein AKW und eine elektrische M\u00fchle damals sehr gefreut.<\/p><p>Es ist sowieso Quatsch, gegen das ganze Atom Zeug zu protestieren. Heute hat doch jeder irgendwo eine oder mehrere Atombomben rumliegen. Und passiert damit was? Nein, bis heute nicht und ich kann Ihnen auch sagen warum. Die Dinger sind in der Anschaffung viel zu teuer. Das Motto ist: &#8222;Lieber einen gepflegten konventionellen Krieg f\u00fchren, als die teuren Bomben vergeuden&#8220;. Letztens haben die in so einer Internet B\u00f6rse Panzer und Atombomben versteigert. Das h\u00e4tten Sie mal sehen sollen. Vier fette Panzer waren zusammen so teuer wie eine kleine Atombombe. Das erkl\u00e4rt doch manches.<\/p><p>Und vor allem: Wenn man die AKWs abschaltet: Was macht man nachher damit? Man k\u00f6nnte die Geb\u00e4ude als Sporthalle oder Museum nutzen. Fragt sich nur, ob die AKWs verkehrsg\u00fcnstig genug liegen. Was nutzt eine Sporthalle mitten in der Pampa?<\/p><p>Nicht, dass Sie mich falsch verstehen. Ich bin f\u00fcr Umweltschutz in jeder Lebenslage. Ich trenne meinen M\u00fcll stets und werfe auch nie Papier auf die Strasse und so was. Rauchen, zum Beispiel, tue ich nie draussen. Mir leuchtet das n\u00e4mlich ein mit diesem Treibhauseffekt. Alles erw\u00e4rmt sich und irgendwann sind wir v\u00f6llig \u00fcberhitzt. Deswegen mache ich auch immer die Fenster zu, wenn ich die Heizung an mache. Und Rauchen tue ich auch nur in geschlossenen R\u00e4umen, damit das Abgas nicht in die Atmosph\u00e4re zieht.<\/p><p>Nun sagte mir mein Nachbar letztens, dass auch die Abgase der K\u00fche sch\u00e4dlich seien. Einfach gesagt: Wenn eine Kuh furzt f\u00f6rdert das den Treibhauseffekt. Da habe ich meinen Nachbarn gefragt, was denn ist, wenn er oder ich furzen. Stellen Sie sich das vor: Der Nachbar stand rauchend auf seiner Terasse und liess m\u00e4chtig einen fahren. Und dann sagt er mir auch noch, dass auch ein Menschen Furz den Treibhauseffekt f\u00f6rdert. Ich kann nur sagen: Was f\u00fcr eine Umweltsau! Raucht und furzt auf der Terasse und wundert sich dann \u00fcber den Klimawandel. Vielleicht hat er ja den Tsunami in Japan herbeigefurtz?<\/p><p>Ich habe mal von so einer Theorie geh\u00f6rt, die sogenannte Chaos-Theorie. In China f\u00e4llt ein Sack Reis um und hier kommt es zu einem Erdbeben. Wenn das wahr ist, dann k\u00f6nnten auch Rauch und Furz von meinem Nachbarn f\u00fcr einen Tsunami sorgen. Ist doch logisch, oder?<\/p><p>Aber kommen wir nochmal auf die AKWs zu sprechen. Ich sag das jetzt mal etwas anders und drastischer: Wer die abschalten will darf draussen auch nicht mehr rauchen und furzen. Oder sehen Sie das anders?<\/p><p>Diese Atom Chefs haben ja eigentlich recht. Wir brauchen Strom und wenn wir die AKWs abschalten haben wir keinen mehr. Oder wir haben noch welchen und keiner kann ihn mehr bezahlen. Und was wenn ein Sommer ohne Wind kommt und alle Windr\u00e4der stehen still? Und dazu ist es dann auch noch bew\u00f6lkt und alle Solaranlagen laufen auch nicht. Ausserdem ist es ein sehr trockener Sommer und die Wasserkraftwerke gehen auch nicht mehr? Dann stehen wir auf dem Schlauch, kann ich nur sagen. Dann werden sich alle w\u00fcnschen, dass wir die AKWs wieder haben. Aber tats\u00e4chlich sind die AKWs nicht mehr da und\u00a0 irgendwelche Sportclubs machen ihr Training in den fr\u00fcheren Hallen der AKWs. Tolle Aussichten sind das.<\/p><p>Und mein Nachbar sitzt dann in diesem Sommer ohne Strom im Garten und grillt. Dabei raucht er und von dem ganzen Bier muss er laufend furzen. Welch Horror Vision! Eine Umweltsau nebenan und keinen Strom mehr um Sport zu gucken. Und das soll dann Fortschritt sein&#8230;&#8230;Tiefstes Mittelalter w\u00e4re das.<\/p><p>Aber noch ist es ja nicht so weit. Im Moment haben wir noch unsere ordentliche Welt mit Atom und allem was dazugeh\u00f6rt. Schauen Sie, das ganze Bio ist doch v\u00f6lliger K\u00e4se. Der Biosprit letztens war ein Reinfall. Und was Sie im Gesch\u00e4ft als Bio kaufen, wissen Sie ja auch nicht. Bei einem gepflegten AKW wissen Sie wenigstens woran Sie sind. Und unsere \u00c4mter sorgen schon daf\u00fcr, dass da nichts passiert. Oder glauben Sie, dass es einen AKW St\u00f6rfall ohne vorherige beh\u00f6rdliche Genehmigung gibt? Da gibt es klare Gesetze. St\u00f6rf\u00e4lle d\u00fcrfen Sonntags nicht auftreten und auch nicht in der Zeit von 22:00 bis 6:00 Uhr, weil da alle schlafen. Da gibt es klare Regeln und Gesetze. Da kann nichts passieren, weil genau das verboten ist.<\/p><p>Sicherlich haben Sie nun einiges gelernt, was Umweltschutz, AKWs oder meinen Nachbarn angeht. Und vor allem: Tun Sie was f\u00fcr die Umwelt! Rauchen und Furzen Sie nur in geschlossenen R\u00e4umen! Ihre Umwelt wird es Ihnen danken!<\/p>\t\t\t\t\t<\/div>\n\t\t\t\t\t\t<\/div>\n\t\t\t\t<\/div>\n\t\t\t\t\t\t<\/div>\n\t\t\t\t\t<\/div>\n\t\t<\/div>\n\t\t\t\t<div class=\"elementor-column elementor-col-33 elementor-top-column elementor-element elementor-element-7506da2\" data-id=\"7506da2\" data-element_type=\"column\">\n\t\t\t<div class=\"elementor-column-wrap elementor-element-populated\">\n\t\t\t\t\t\t\t<div class=\"elementor-widget-wrap\">\n\t\t\t\t\t\t<div class=\"elementor-element elementor-element-e34c7e5 elementor-widget elementor-widget-image\" data-id=\"e34c7e5\" data-element_type=\"widget\" data-widget_type=\"image.default\">\n\t\t\t\t<div class=\"elementor-widget-container\">\n\t\t\t\t\t\t\t\t<div class=\"elementor-image\">\n\t\t\t\t\t\t\t\t\t\t\t\t<img loading=\"lazy\" decoding=\"async\" width=\"576\" height=\"1024\" src=\"https:\/\/brischni.de\/wp-content\/uploads\/2019\/08\/strandi-576x1024.jpg\" class=\"attachment-large size-large\" alt=\"\" srcset=\"https:\/\/brischni.de\/wp-content\/uploads\/2019\/08\/strandi-576x1024.jpg 576w, https:\/\/brischni.de\/wp-content\/uploads\/2019\/08\/strandi-169x300.jpg 169w, https:\/\/brischni.de\/wp-content\/uploads\/2019\/08\/strandi-768x1365.jpg 768w, https:\/\/brischni.de\/wp-content\/uploads\/2019\/08\/strandi.jpg 1494w\" sizes=\"(max-width: 576px) 100vw, 576px\" \/>\t\t\t\t\t\t\t\t\t\t\t\t\t\t<\/div>\n\t\t\t\t\t\t<\/div>\n\t\t\t\t<\/div>\n\t\t\t\t\t\t<\/div>\n\t\t\t\t\t<\/div>\n\t\t<\/div>\n\t\t\t\t\t\t\t\t<\/div>\n\t\t\t\t\t<\/div>\n\t\t<\/section>\n\t\t\t\t\t\t\t\t\t<\/div>\n\t\t\t<\/div>\n\t\t\t\t\t<\/div>\n\t\t","protected":false},"excerpt":{"rendered":"<p>Die Wahrheit \u00fcber Nuklaer und so&#8230;&#8230; Alle reden \u00fcber AKWs, Umweltschutz, Naturkatastrophen und \u00e4hnliche Dinge. Man muss hierzu wissen, dass in Deutschland die Uhren anders ticken und damit so etwas wie in Japan nie passieren k\u00f6nnte. Oder haben Sie schon einmal von einem Tsunami vor Helgoland oder Sylt geh\u00f6rt? Solche Tsunamis gibt es in Deutschland [&hellip;]<\/p>\n","protected":false},"author":1,"featured_media":0,"parent":0,"menu_order":0,"comment_status":"closed","ping_status":"closed","template":"","meta":{"footnotes":""},"class_list":["post-110","page","type-page","status-publish","hentry","entry"],"_links":{"self":[{"href":"https:\/\/brischni.de\/index.php?rest_route=\/wp\/v2\/pages\/110"}],"collection":[{"href":"https:\/\/brischni.de\/index.php?rest_route=\/wp\/v2\/pages"}],"about":[{"href":"https:\/\/brischni.de\/index.php?rest_route=\/wp\/v2\/types\/page"}],"author":[{"embeddable":true,"href":"https:\/\/brischni.de\/index.php?rest_route=\/wp\/v2\/users\/1"}],"replies":[{"embeddable":true,"href":"https:\/\/brischni.de\/index.php?rest_route=%2Fwp%2Fv2%2Fcomments&post=110"}],"version-history":[{"count":3,"href":"https:\/\/brischni.de\/index.php?rest_route=\/wp\/v2\/pages\/110\/revisions"}],"predecessor-version":[{"id":273,"href":"https:\/\/brischni.de\/index.php?rest_route=\/wp\/v2\/pages\/110\/revisions\/273"}],"wp:attachment":[{"href":"https:\/\/brischni.de\/index.php?rest_route=%2Fwp%2Fv2%2Fmedia&parent=110"}],"curies":[{"name":"wp","href":"https:\/\/api.w.org\/{rel}","templated":true}]}}