{"id":107,"date":"2019-08-18T12:41:40","date_gmt":"2019-08-18T12:41:40","guid":{"rendered":"http:\/\/brischni.de\/?page_id=107"},"modified":"2019-08-23T18:17:42","modified_gmt":"2019-08-23T18:17:42","slug":"frauen_in_der_geschichte","status":"publish","type":"page","link":"https:\/\/brischni.de\/?page_id=107","title":{"rendered":"Frauen_in_der_Geschichte"},"content":{"rendered":"\t\t<div data-elementor-type=\"wp-post\" data-elementor-id=\"107\" class=\"elementor elementor-107\">\n\t\t\t\t\t\t<div class=\"elementor-inner\">\n\t\t\t\t<div class=\"elementor-section-wrap\">\n\t\t\t\t\t\t\t\t\t<section class=\"elementor-section elementor-top-section elementor-element elementor-element-3216ca9 elementor-section-boxed elementor-section-height-default elementor-section-height-default\" data-id=\"3216ca9\" data-element_type=\"section\">\n\t\t\t\t\t\t<div class=\"elementor-container elementor-column-gap-default\">\n\t\t\t\t\t\t\t<div class=\"elementor-row\">\n\t\t\t\t\t<div class=\"elementor-column elementor-col-100 elementor-top-column elementor-element elementor-element-8fea551\" data-id=\"8fea551\" data-element_type=\"column\">\n\t\t\t<div class=\"elementor-column-wrap elementor-element-populated\">\n\t\t\t\t\t\t\t<div class=\"elementor-widget-wrap\">\n\t\t\t\t\t\t<div class=\"elementor-element elementor-element-3aa8842 elementor-widget elementor-widget-heading\" data-id=\"3aa8842\" data-element_type=\"widget\" data-widget_type=\"heading.default\">\n\t\t\t\t<div class=\"elementor-widget-container\">\n\t\t\t<h1 class=\"elementor-heading-title elementor-size-default\">Die Rolle der Frauen in der Geschichte<\/h1>\t\t<\/div>\n\t\t\t\t<\/div>\n\t\t\t\t\t\t<\/div>\n\t\t\t\t\t<\/div>\n\t\t<\/div>\n\t\t\t\t\t\t\t\t<\/div>\n\t\t\t\t\t<\/div>\n\t\t<\/section>\n\t\t\t\t<section class=\"elementor-section elementor-top-section elementor-element elementor-element-071594d elementor-section-boxed elementor-section-height-default elementor-section-height-default\" data-id=\"071594d\" data-element_type=\"section\">\n\t\t\t\t\t\t<div class=\"elementor-container elementor-column-gap-default\">\n\t\t\t\t\t\t\t<div class=\"elementor-row\">\n\t\t\t\t\t<div class=\"elementor-column elementor-col-66 elementor-top-column elementor-element elementor-element-520ab35\" data-id=\"520ab35\" data-element_type=\"column\">\n\t\t\t<div class=\"elementor-column-wrap elementor-element-populated\">\n\t\t\t\t\t\t\t<div class=\"elementor-widget-wrap\">\n\t\t\t\t\t\t<div class=\"elementor-element elementor-element-841f3b2 elementor-widget elementor-widget-text-editor\" data-id=\"841f3b2\" data-element_type=\"widget\" data-widget_type=\"text-editor.default\">\n\t\t\t\t<div class=\"elementor-widget-container\">\n\t\t\t\t\t\t\t\t<div class=\"elementor-text-editor elementor-clearfix\">\n\t\t\t\t<p>Man darf die Rolle der Frau in der Geschichte der Menschheit nicht untersch\u00e4tzen! Eigentlich ist die Geschichte der Menschheit von den Frauen bestimmt! Wer dies nicht glaubt, sollte nachfolgendes lesen!<\/p><p>Schauen wir uns nur einmal den Klimawandel an! Damit die Frisuren der Frauen halten hat man das Haarspray erfunden. Und genau dieses sorgt daf\u00fcr, dass es zu der Klimaerw\u00e4rmung gekommen ist. Jeder Spr\u00fchstoss aus der Haarspray Dose hat das Ozon gesch\u00e4digt und den Treibhauseffekt gef\u00f6rdert. Man darf dabei nicht vergessen, dass das Haarspray schon von den alten R\u00f6mern verwandt wurde. Also gilt: 2000 Jahre Haarspray und die Erde ist am Ende! So einfach ist das.<\/p><p>Es begann ja schon im Paradies. Da hat Eva Adam verf\u00fchrt und vorbei war es mit den paradiesischen Verh\u00e4ltnissen. So ist es im realen Leben nun einmal: Die Frauen machen die M\u00e4nner scharf und am Ende liegt alles in Tr\u00fcmmern. Dieser Effekt hat die ganze Geschichte der Menschheit beeinflusst. Und dies von der Steinzeit bis heute!<\/p><p>In der Steinzeit haben sich die Anf\u00fchrer der Urzeit Menschen Clans um die besten Frauen mit der Keule gepr\u00fcgelt. Da schlug man einfach dem anderen den Sch\u00e4del ein, weil man seine scharfe Steinzeit Frau haben wollte. Heute l\u00e4uft die Sache vielleicht etwas anders, denn Keulen sind nicht mehr so angesagt. Aber irgendwie ist es heute doch immer noch so, dass M\u00e4nner sich um Frauen streiten.<\/p><p>Der ber\u00fchmte franz\u00f6sische Dichter Pierre de Bumbalu hat mal gesagt: &#8222;Zu Frauen gibt es wenig Alternativen, wenn man ein Mann ist&#8220;. Da hat der gute Mann irgendwie Recht. Und weiter f\u00fchrte er aus: &#8222;Br\u00f6tchen schmecken mit Butter im Regelfall besser als ohne&#8220;. de Bumbalu bringt die Sache auf den Punkt. Sex mit einer Frau macht deutlich mehr Spass als Sex ohne eine Frau. Zumindest gilt das f\u00fcr den Fall, wenn man auf Frauen steht.<\/p><p>In der Geschichte der Menschheit hat dieses Faktum stets die Geschicke geleitet. Da hat Cleopatra den m\u00e4chtigen Julius C\u00e4sar erst dann ran gelassen, wenn dieser vorher genau das entschieden hatte, was Cleopatra wollte. Bei den gro\u00dfen Machthabern dieser Welt ist das stets so gewesen. Allerdings leben wir\u00a0 diesbez\u00fcglich heute in einer anderen Zeitrechnung, seit Angela Merkel Kanzlerin ist. Seit solche Frauen Macht haben laufen die Dinge ja irgendwie ganz anders. Aber irgendwie auch logisch. Ich kann mir jedenfalls Angela Merkel nicht als Cleopatra vorstellen.<\/p><p>Gerade vor diesen Hintergr\u00fcnden haben sich ja diverse Machthaber der Zeitgeschichte einen Harem gehalten. Wer diesen Artikel hier aufmerksam gelesen hat wird auch wissen welchen Sinn so ein Harem hat. Der Harem sorgt daf\u00fcr, dass der jeweilige K\u00f6nig nicht von einer Frau abh\u00e4ngig wird. Einfach formluiert: Wer laufend bumsen kann ist besser drauf&#8230;&#8230;.Wenn man 10 Frauen hat ist ja stets eine dabei, die gerade Lust und Laune hat und keine Bedingungen stellt. Viele Ehem\u00e4nner kennen ja sowas wie: &#8222;Wenn wir morgen sch\u00f6n shoppen gehen, darfst Du danach ran und mich vernaschen&#8230;&#8230;&#8220;. Auch bei vielen K\u00f6nigen war das so. Da hiess es dann: &#8222;Wenn Du mir eine Insel schenkst darfst Du morgen ran&#8220; oder &#8222;Wenn Du diesem Land den Krieg erkl\u00e4rst blase ich Dir eine Woche lang jeden Tag einen&#8230;.&#8220;. So wurde Geschichte gemacht oder Geschichte geblasen&#8230;..<\/p><p>Der Soziologe Norbert Albert Pottmacher bringt es auf den Punkt, wenn er sagt: &#8222;Gut geblasen ist halb regiert&#8220;. Pottmacher ist in seinem Buch &#8222;Die Rolle der Frau in der soziologischen Evolution&#8220; gezielt auf diese Thematik eingegangen. Er hat dort beschrieben und erkannt, dass die Sextechniken der Frauen ganze V\u00f6lkerwanderungen und Epochen der Zeitgeschichte begr\u00fcndet haben.<\/p><p>Ich denke, dass man aus diesem Artikel vieles lernen kann. Sicherlich wird der geneigte Leser nach dem Studium dieser Zeilen ein anderes Verh\u00e4ltnis zu Haarspray haben. Wichtig ist, dass wir M\u00e4nner etwas daraus lernen. Wir M\u00e4nner sollten Haarspray verbieten und den Harem als \u00fcbliche Form des Zusammenlebens definieren. Unsere Umwelt oder sagen wir unsere gesamte Welt w\u00fcrde davon profitieren!<\/p>\t\t\t\t\t<\/div>\n\t\t\t\t\t\t<\/div>\n\t\t\t\t<\/div>\n\t\t\t\t\t\t<\/div>\n\t\t\t\t\t<\/div>\n\t\t<\/div>\n\t\t\t\t<div class=\"elementor-column elementor-col-33 elementor-top-column elementor-element elementor-element-299070d\" data-id=\"299070d\" data-element_type=\"column\">\n\t\t\t<div class=\"elementor-column-wrap elementor-element-populated\">\n\t\t\t\t\t\t\t<div class=\"elementor-widget-wrap\">\n\t\t\t\t\t\t<div class=\"elementor-element elementor-element-b61fc97 elementor-widget elementor-widget-image\" data-id=\"b61fc97\" data-element_type=\"widget\" data-widget_type=\"image.default\">\n\t\t\t\t<div class=\"elementor-widget-container\">\n\t\t\t\t\t\t\t\t<div class=\"elementor-image\">\n\t\t\t\t\t\t\t\t\t<figure class=\"wp-caption\">\n\t\t\t\t\t\t\t\t\t\t<img loading=\"lazy\" decoding=\"async\" width=\"187\" height=\"250\" src=\"https:\/\/brischni.de\/wp-content\/uploads\/2019\/08\/traumfrau.gif\" class=\"attachment-large size-large\" alt=\"\" \/>\t\t\t\t\t\t\t\t\t\t\t<figcaption class=\"widget-image-caption wp-caption-text\">Eine echte Traumfrau<\/figcaption>\n\t\t\t\t\t\t\t\t\t\t<\/figure>\n\t\t\t\t\t\t\t\t<\/div>\n\t\t\t\t\t\t<\/div>\n\t\t\t\t<\/div>\n\t\t\t\t\t\t<\/div>\n\t\t\t\t\t<\/div>\n\t\t<\/div>\n\t\t\t\t\t\t\t\t<\/div>\n\t\t\t\t\t<\/div>\n\t\t<\/section>\n\t\t\t\t\t\t\t\t\t<\/div>\n\t\t\t<\/div>\n\t\t\t\t\t<\/div>\n\t\t","protected":false},"excerpt":{"rendered":"<p>Die Rolle der Frauen in der Geschichte Man darf die Rolle der Frau in der Geschichte der Menschheit nicht untersch\u00e4tzen! Eigentlich ist die Geschichte der Menschheit von den Frauen bestimmt! Wer dies nicht glaubt, sollte nachfolgendes lesen! Schauen wir uns nur einmal den Klimawandel an! Damit die Frisuren der Frauen halten hat man das Haarspray [&hellip;]<\/p>\n","protected":false},"author":1,"featured_media":0,"parent":0,"menu_order":0,"comment_status":"closed","ping_status":"closed","template":"","meta":{"footnotes":""},"class_list":["post-107","page","type-page","status-publish","hentry","entry"],"_links":{"self":[{"href":"https:\/\/brischni.de\/index.php?rest_route=\/wp\/v2\/pages\/107"}],"collection":[{"href":"https:\/\/brischni.de\/index.php?rest_route=\/wp\/v2\/pages"}],"about":[{"href":"https:\/\/brischni.de\/index.php?rest_route=\/wp\/v2\/types\/page"}],"author":[{"embeddable":true,"href":"https:\/\/brischni.de\/index.php?rest_route=\/wp\/v2\/users\/1"}],"replies":[{"embeddable":true,"href":"https:\/\/brischni.de\/index.php?rest_route=%2Fwp%2Fv2%2Fcomments&post=107"}],"version-history":[{"count":3,"href":"https:\/\/brischni.de\/index.php?rest_route=\/wp\/v2\/pages\/107\/revisions"}],"predecessor-version":[{"id":222,"href":"https:\/\/brischni.de\/index.php?rest_route=\/wp\/v2\/pages\/107\/revisions\/222"}],"wp:attachment":[{"href":"https:\/\/brischni.de\/index.php?rest_route=%2Fwp%2Fv2%2Fmedia&parent=107"}],"curies":[{"name":"wp","href":"https:\/\/api.w.org\/{rel}","templated":true}]}}