{"id":101,"date":"2019-08-18T12:40:37","date_gmt":"2019-08-18T12:40:37","guid":{"rendered":"http:\/\/brischni.de\/?page_id=101"},"modified":"2019-08-23T18:39:01","modified_gmt":"2019-08-23T18:39:01","slug":"frauen_klar_machen","status":"publish","type":"page","link":"https:\/\/brischni.de\/?page_id=101","title":{"rendered":"Frauen_klar_machen"},"content":{"rendered":"\t\t<div data-elementor-type=\"wp-post\" data-elementor-id=\"101\" class=\"elementor elementor-101\">\n\t\t\t\t\t\t<div class=\"elementor-inner\">\n\t\t\t\t<div class=\"elementor-section-wrap\">\n\t\t\t\t\t\t\t\t\t<section class=\"elementor-section elementor-top-section elementor-element elementor-element-46017fd elementor-section-boxed elementor-section-height-default elementor-section-height-default\" data-id=\"46017fd\" data-element_type=\"section\">\n\t\t\t\t\t\t<div class=\"elementor-container elementor-column-gap-default\">\n\t\t\t\t\t\t\t<div class=\"elementor-row\">\n\t\t\t\t\t<div class=\"elementor-column elementor-col-100 elementor-top-column elementor-element elementor-element-a14ce01\" data-id=\"a14ce01\" data-element_type=\"column\">\n\t\t\t<div class=\"elementor-column-wrap elementor-element-populated\">\n\t\t\t\t\t\t\t<div class=\"elementor-widget-wrap\">\n\t\t\t\t\t\t<div class=\"elementor-element elementor-element-abeb333 elementor-widget elementor-widget-heading\" data-id=\"abeb333\" data-element_type=\"widget\" data-widget_type=\"heading.default\">\n\t\t\t\t<div class=\"elementor-widget-container\">\n\t\t\t<h2 class=\"elementor-heading-title elementor-size-default\">Frauen klar machen mit dem Experten Jack Ruby\n<\/h2>\t\t<\/div>\n\t\t\t\t<\/div>\n\t\t\t\t\t\t<\/div>\n\t\t\t\t\t<\/div>\n\t\t<\/div>\n\t\t\t\t\t\t\t\t<\/div>\n\t\t\t\t\t<\/div>\n\t\t<\/section>\n\t\t\t\t<section class=\"elementor-section elementor-top-section elementor-element elementor-element-0a8822f elementor-section-boxed elementor-section-height-default elementor-section-height-default\" data-id=\"0a8822f\" data-element_type=\"section\">\n\t\t\t\t\t\t<div class=\"elementor-container elementor-column-gap-default\">\n\t\t\t\t\t\t\t<div class=\"elementor-row\">\n\t\t\t\t\t<div class=\"elementor-column elementor-col-66 elementor-top-column elementor-element elementor-element-4289497\" data-id=\"4289497\" data-element_type=\"column\">\n\t\t\t<div class=\"elementor-column-wrap elementor-element-populated\">\n\t\t\t\t\t\t\t<div class=\"elementor-widget-wrap\">\n\t\t\t\t\t\t<div class=\"elementor-element elementor-element-2c62be8 elementor-widget elementor-widget-text-editor\" data-id=\"2c62be8\" data-element_type=\"widget\" data-widget_type=\"text-editor.default\">\n\t\t\t\t<div class=\"elementor-widget-container\">\n\t\t\t\t\t\t\t\t<div class=\"elementor-text-editor elementor-clearfix\">\n\t\t\t\t<p><span style=\"color: #0000ff;\"><strong>Frauen klar machen mit Jack Ruby \/ Lektion 1<\/strong><\/span><\/p><p>Erst mal sage ich &#8222;Hallo&#8220;. Mein Name ist Jack Ruby. Ich lebe in den USA, genau gesagt in Arkansas. Ich lebe dort in El Dorado. Durch den gleichnamigen Film mit John Wayne ist dieser Ort bekannt geworden. Ich bin amtierender Hamburger und Hot Dog Meister von El Dorado. Bei meinem letzten Titelgewinn frass ich 20 XXXL Hamburger und gewann damit knapp vor meinem \u00e4rgsten Konkurrenten. Der heisst James Wood und schaffte nur 19! Beim Hot Dog Titel im Jahre 2014 schaffte ich 18 XXXL Hot Dogs. Ich gewann erneut vor James Wood. Der schaffte auch 18, brauchte aber l\u00e4ngere Zeit!<\/p><p>Ich wiege satte 150 Kilo bei einer K\u00f6rpergr\u00f6sse von 1,70 Meter. James Wood sieht \u00fcbrigens \u00e4hnlich aus. Wir sind \u00fcbrigens dicke Kumpel und das im wahrsten Sinne des Wortes. Und wir beide sind die Casanovas von El Dorado. Uns kann kaum ein Weib wiederstehen!<\/p><p>In meiner hier erscheinenden Serie werde ich Ihnen verraten wie man Frauen erobert und worauf sie wirklich stehen! Sie werden Dinge erfahren, die Sie vorher noch nicht wussten. Und ich werde die Sache an Beispielen n\u00e4her erl\u00e4utern.<\/p><p>Vor kurzem habe ich die 21j\u00e4hrige Miss Texas vernascht! Die war so heiss auf mich! Dabei bin ich schon 43 Jahre alt! Das erste, was sie lernen m\u00fcssen, ist das Prinzip der Anziehung zwischen unterschiedlichen Polarit\u00e4ten! Das ist \u00e4usserst wichtig!<\/p><p>Merke: Eine schlanke Frau mit Topfigur wird stets auf den dicken Typen abfahren. Warum ist das so? Weil die schlanke Frau unterbewusst gerne rundlich w\u00e4re und dieses Defizit mit dem dicken Geliebten ausgleichen kann! Wenn Sie also ein Date mit einem Supermodel haben, so ziehen sie sich so an, dass Ihre Wampe richtig zum Vorschein kommt. Das Supermodel fuhr auf mich ab, weil sie so sein wollte wie ich. Nat\u00fcrlich wusste sie das nicht. Das sind Dinge, die unterbewusst ablaufen. Ich sass also bauchfrei mit ihr im Lokal und sie war m\u00e4chtig erregt ob meiner schwabbelnden Wampe&#8230;..Der Rest war dann ein Kinderspiel&#8230;&#8230;.<\/p><p>Wenn Sie also eine Frau erobern wollens schauen Sie genau hin, in welcher Beziehung sie markant ist. Und genau an der Stelle tun Sie genau das Gegenteil! Hat sie beispielsweise gute Manieren so benehmen Sie sich wie ein Schwein&#8230;..Ist Sie gepflegt so sollten Sie \u00e4u\u00dferst ungepflegt auftreten. Und wenn Sie schlank ist, so sollten Sie halt rundlich sein. Die gegenteiligen Polarit\u00e4ten ziehen sich an!<\/p><p><span style=\"color: #0000ff;\"><strong>Damit ist Lektion 1 beendet. Die Message lautet: Denke an die unterschiedlichen Polarit\u00e4ten<\/strong><\/span>.<\/p>\t\t\t\t\t<\/div>\n\t\t\t\t\t\t<\/div>\n\t\t\t\t<\/div>\n\t\t\t\t\t\t<\/div>\n\t\t\t\t\t<\/div>\n\t\t<\/div>\n\t\t\t\t<div class=\"elementor-column elementor-col-33 elementor-top-column elementor-element elementor-element-f843bdc\" data-id=\"f843bdc\" data-element_type=\"column\">\n\t\t\t<div class=\"elementor-column-wrap elementor-element-populated\">\n\t\t\t\t\t\t\t<div class=\"elementor-widget-wrap\">\n\t\t\t\t\t\t<div class=\"elementor-element elementor-element-6792d3b elementor-widget elementor-widget-image\" data-id=\"6792d3b\" data-element_type=\"widget\" data-widget_type=\"image.default\">\n\t\t\t\t<div class=\"elementor-widget-container\">\n\t\t\t\t\t\t\t\t<div class=\"elementor-image\">\n\t\t\t\t\t\t\t\t\t\t\t\t<img loading=\"lazy\" decoding=\"async\" width=\"80\" height=\"123\" src=\"https:\/\/brischni.de\/wp-content\/uploads\/2019\/08\/xx002.gif\" class=\"attachment-large size-large\" alt=\"\" \/>\t\t\t\t\t\t\t\t\t\t\t\t\t\t<\/div>\n\t\t\t\t\t\t<\/div>\n\t\t\t\t<\/div>\n\t\t\t\t\t\t<\/div>\n\t\t\t\t\t<\/div>\n\t\t<\/div>\n\t\t\t\t\t\t\t\t<\/div>\n\t\t\t\t\t<\/div>\n\t\t<\/section>\n\t\t\t\t<section class=\"elementor-section elementor-top-section elementor-element elementor-element-a34ad95 elementor-section-boxed elementor-section-height-default elementor-section-height-default\" data-id=\"a34ad95\" data-element_type=\"section\">\n\t\t\t\t\t\t<div class=\"elementor-container elementor-column-gap-default\">\n\t\t\t\t\t\t\t<div class=\"elementor-row\">\n\t\t\t\t\t<div class=\"elementor-column elementor-col-33 elementor-top-column elementor-element elementor-element-a1ffc45\" data-id=\"a1ffc45\" data-element_type=\"column\">\n\t\t\t<div class=\"elementor-column-wrap elementor-element-populated\">\n\t\t\t\t\t\t\t<div class=\"elementor-widget-wrap\">\n\t\t\t\t\t\t<div class=\"elementor-element elementor-element-8854622 elementor-widget elementor-widget-image\" data-id=\"8854622\" data-element_type=\"widget\" data-widget_type=\"image.default\">\n\t\t\t\t<div class=\"elementor-widget-container\">\n\t\t\t\t\t\t\t\t<div class=\"elementor-image\">\n\t\t\t\t\t\t\t\t\t\t\t\t<img loading=\"lazy\" decoding=\"async\" width=\"187\" height=\"250\" src=\"https:\/\/brischni.de\/wp-content\/uploads\/2019\/08\/traumfrau.gif\" class=\"attachment-large size-large\" alt=\"\" \/>\t\t\t\t\t\t\t\t\t\t\t\t\t\t<\/div>\n\t\t\t\t\t\t<\/div>\n\t\t\t\t<\/div>\n\t\t\t\t\t\t<\/div>\n\t\t\t\t\t<\/div>\n\t\t<\/div>\n\t\t\t\t<div class=\"elementor-column elementor-col-66 elementor-top-column elementor-element elementor-element-7b0986a\" data-id=\"7b0986a\" data-element_type=\"column\">\n\t\t\t<div class=\"elementor-column-wrap elementor-element-populated\">\n\t\t\t\t\t\t\t<div class=\"elementor-widget-wrap\">\n\t\t\t\t\t\t<div class=\"elementor-element elementor-element-791b439 elementor-widget elementor-widget-text-editor\" data-id=\"791b439\" data-element_type=\"widget\" data-widget_type=\"text-editor.default\">\n\t\t\t\t<div class=\"elementor-widget-container\">\n\t\t\t\t\t\t\t\t<div class=\"elementor-text-editor elementor-clearfix\">\n\t\t\t\t<p><span style=\"color: #0000ff;\"><strong>Frauen klar machen mit Jack Ruby \/ Lektion 2<\/strong><\/span><\/p><p>Vor kurzem eroberte ich das Herz der ehemaligen Miss California, die auch vor einigen Jahren im Playboy zu sehen war. Das ist eine absolute Hammerfrau, wie selten gesehen.<\/p><p>Sie heisst Judy und ist eines der heissesten Ger\u00e4te, welches ich je vernascht habe. Die Strategie der unterschiedlichen Polarit\u00e4ten reichte hier nicht alleine! Ich musste tiefer in meine Trickkiste greifen!<\/p><p>Man muss wissen, dass jede Frau einen Mutterinstinkt in sich tr\u00e4gt und diesen Effekt muss man nutzen! Wenn der Fall besonders schwierig ist, so sollte man den Mutterinstinkt in ihr wecken! So trug ich zum ersten Date bauchfrei und eine kurze Lederhose mit Hosentr\u00e4gern. Was ich damit bei ihr erzeugen wollte ist klar! Bauchfrei wegen der Polarit\u00e4t (siehe Lektion 1) und kurze Lederhose, weil ich dann wie ein Lausbub aussah. Und im Restaurant habe ich mich dann laufend bekleckert, so wie ein kleines Kind&#8230;..<\/p><p>Nach dem Essen brachte ich Judy nach Hause. Sie bat mich in ihre Wohnung und dort fiel sie direkt \u00fcber mich her. Klarer Fall: Ich war eingesaut und wirkte wie ein S\u00e4ugling. Und au\u00dferdem zog sie meine Rundlichkeit an. Denken Sie an die Polarit\u00e4t!<\/p><p><span style=\"color: #0000ff;\"><strong>Damit ist Lektion 2 beendet. Wir kennen nun schon zwei Messages:<\/strong><\/span><br \/><span style=\"color: #0000ff;\"><strong>&#8211; Denke an die unterschiedlich Polarit\u00e4t<\/strong><\/span><br \/><span style=\"color: #0000ff;\"><strong>&#8211; Wecke den Mutterinstinkt in ihr<\/strong><\/span><\/p><p><span style=\"color: #0000ff;\"><strong>Frauen klar machen mit Jack Ruby \/ Lektion 3<\/strong><\/span><\/p><p>Man muss wissen, dass alle Frauen auf Schicksalsromane stehen. Diesen Effekt muss man nutzen! Hierzu ein Beispiel.<\/p><p>Ich hatte vor etwa zwei Jahren ein Auge auf Alice Bottlehope geworfen. Alice ist Moderatorin unseres lokalen TV Senders. Ich habe selten eine derart sch\u00f6ne Frau gesehen. Als Hamburger Fress Meister (kurz HFM) lernte ich sie bei einem Interview kennen. Nat\u00fcrlich dachte ich an Polarit\u00e4t (siehe Lektion 1) und Mutterinstinkt (siehe Lektion 2). Aber mir wurde schnell klar, dass es hier wesentlich schwieriger w\u00fcrde. Alice ist sehr w\u00e4hlerisch! Sie ist halt einfach eine Klassefrau.<\/p><p>Ich recherchierte, dass Alice regelm\u00e4ssig im \u00f6rtlichen Schwimmbad ihre Bahnen zieht. So zog ich eine gr\u00fcne Badekappe meiner Grossmutter an, solch eine mit Bl\u00fcmchen oben drauf. Das wirkt kindlich und weckt den Mutterinstinkt. Dazu trug ich einen String, damit meine Rundungen richtig betont werden. Das Teil ist \u00fcbrigens pink und entsprechend auff\u00e4llig! Sie merken: Polarit\u00e4t und Mutterinstinkt. Aber nun zum Thema Schicksal.<\/p><p>Im Schwimmbad ging ich auf den Sprungturm und wartete, bis Alice untem im Wasser zu sehen war. Im passenden Moment sprang ich mit einer Arschbombe ins Wasser. Das Ergebnis: Der Wasserstand des Beckens nahm deutlich ab und Alice hatte ich fachm\u00e4nnisch versenkt. Ich zog sie aus dem Wasser und f\u00fchrte dann die Wiederbelebung durch!<\/p><p>Als Alice am Beckenrand ihre Augen aufschlug war sie hin und weg. Die Badekappe weckte den Mutterinstinkt, der String die Polarit\u00e4t und f\u00fcr sie hatte das Schicksal mich als Retter geschickt. Ich hatte gewonnen! Sofort trug ich sie in die Umkleide und dort habe ich sie auch direkt vernascht!<\/p><p><span style=\"color: #0000ff;\"><strong>Damit ist Lektion 3 beendet. Wir kennen nun schon drei Messages:<\/strong><\/span><br \/><span style=\"color: #0000ff;\"><strong>&#8211; Denke an die unterschiedlich Polarit\u00e4t<\/strong><\/span><br \/><span style=\"color: #0000ff;\"><strong>&#8211; Wecke den Mutterinstinkt in ihr<\/strong><\/span><br \/><span style=\"color: #0000ff;\"><strong>&#8211; Mache ihr klar, dass Du ihr Schicksal bist<\/strong><\/span><\/p>\t\t\t\t\t<\/div>\n\t\t\t\t\t\t<\/div>\n\t\t\t\t<\/div>\n\t\t\t\t\t\t<\/div>\n\t\t\t\t\t<\/div>\n\t\t<\/div>\n\t\t\t\t\t\t\t\t<\/div>\n\t\t\t\t\t<\/div>\n\t\t<\/section>\n\t\t\t\t<section class=\"elementor-section elementor-top-section elementor-element elementor-element-12e3f00 elementor-section-boxed elementor-section-height-default elementor-section-height-default\" data-id=\"12e3f00\" data-element_type=\"section\">\n\t\t\t\t\t\t<div class=\"elementor-container elementor-column-gap-default\">\n\t\t\t\t\t\t\t<div class=\"elementor-row\">\n\t\t\t\t\t<div class=\"elementor-column elementor-col-66 elementor-top-column elementor-element elementor-element-18c7136\" data-id=\"18c7136\" data-element_type=\"column\">\n\t\t\t<div class=\"elementor-column-wrap elementor-element-populated\">\n\t\t\t\t\t\t\t<div class=\"elementor-widget-wrap\">\n\t\t\t\t\t\t<div class=\"elementor-element elementor-element-d3fa650 elementor-widget elementor-widget-text-editor\" data-id=\"d3fa650\" data-element_type=\"widget\" data-widget_type=\"text-editor.default\">\n\t\t\t\t<div class=\"elementor-widget-container\">\n\t\t\t\t\t\t\t\t<div class=\"elementor-text-editor elementor-clearfix\">\n\t\t\t\t<p><span style=\"color: #0000ff;\"><strong>Frauen klar machen mit Jack Ruby \/ Lektion 4<\/strong><\/span><\/p><p>Alle Frauen stehen, in Wirklichkeit, auf den Urmenschen. Das liegt in der Genetik. Machen Sie sich folgendes klar: Wir alle stammen von einem Urmenschen ab. Der lief mit der Keule durch die Gegend und erschlug alles, was ihm in den Weg kam.<\/p><p>Es ist ein reines Verstellen, wenn Frauen sagen, dass ein Mann gepflegt sein soll und derartiges. In Wirklichkeit w\u00fcnscht die Frau sich einen richtigen Kerl, der wild und ungez\u00fcgelt ist!<\/p><p>Ich will Ihnen dies anhand meines Erlebnisses mit Mandy Wintergreen erl\u00e4utern. Mandy ist ein blondes, geiles Teil, welches in Nashville lebt. Ich lernte sie auf einem Trucker Meeting in Daytona kennen. Mir war sofort klar, dass Mandy nicht einfach zu knacken sei. Klar, Polarit\u00e4t, Mutterinstinkt und Schicksal sprachen eindeutig f\u00fcr mich. Aber es brauchte etwas mehr um Mandy zu gewinnen! Ich musste ihr klar machen, dass ich ein Urmensch bin!<\/p><p>Da das Trucker Meeting l\u00e4nger dauerte liess ich mir Zeit. Ich wusch mich mehrere Tage nicht und auch an Rasur war nicht zu denken. Nach vier Tagen war mein Gesicht recht zugewachsen und ich stank wie ein Wallach. Ich zog ein sehr enges T-Shirt an, um meine Wampe zu betonen. Dazu eine kurze Hose, wie man sie in jungen Jahren tr\u00e4gt (Stichwort Mutterinstinkt). Dann ging ich in die Lokalit\u00e4t, wo sich Mandy Wintergreen aufhielt. Dort angekommen bestellte ich mir 10 XXXL Hamburger, 10mal Pommes und 5 Liter Cola. Danach vier mega Eisbecher und 3 Liter Bier. Nachdem ich mir das alles rein gezogen hatte war ich voll aufgebl\u00e4ht&#8230;&#8230;So liess ich den Dingen ihren Lauf. Das ganze Lokal wackelte als ich die L\u00fcfte entfahren liess. Drei Besucher und ein Kellner fielen in Ohnmacht und Teile der Decke st\u00fcrzten ein. Aber ich hatte Mandys Interesse geweckt. Sie hatte nur noch Augen f\u00fcr mich.<\/p><p>Ein Teil der Decke fiel ihr \u00fcbrigens auf den Kopf. Das war nat\u00fcrlich der richtige Einstieg f\u00fcr unsere Beziehung. Ich walzte sofort zu ihr, das Stichwort lautete\u00a0 Schicksal.<\/p><p>Ich habe Mandy dann sp\u00e4ter auf dem Parkplatz vernascht. Dabei st\u00f6hnte sie nur &#8222;Mach es mir Du Urmensch&#8220;, wobei wir beim Thema sind. Sie hatte meine Qualit\u00e4t als z\u00fcgelloser Urmensch erkannt!<\/p><p><span style=\"color: #0000ff;\"><strong>Damit ist Lektion 4 beendet. Wir kennen nun schon vier Messages:<\/strong><\/span><br \/><span style=\"color: #0000ff;\"><strong>&#8211; Denke an die unterschiedlich Polarit\u00e4t<\/strong><\/span><br \/><span style=\"color: #0000ff;\"><strong>&#8211; Wecke den Mutterinstinkt in ihr<\/strong><\/span><br \/><span style=\"color: #0000ff;\"><strong>&#8211; Mache ihr klar, dass Du ihr Schicksal bist<\/strong><\/span><br \/><span style=\"color: #0000ff;\"><strong>&#8211; Sei ein Urmensch und steh dazu<\/strong><\/span><\/p><p><span style=\"color: #0000ff;\"><strong>Frauen klar machen mit Jack Ruby \/ Lektion 5<\/strong><\/span><\/p><p>Am Schluss wird es noch einmal ganz wichtig! Wir kommen zum Thema Kommunikation. Eigentlich verstehen sich Frauen und M\u00e4nner nicht, wenn sie miteinander reden. Deswegen sollte man auch m\u00f6glichst wenig mit Frauen sprechen!<\/p><p>Etwas anderes ist jedoch entscheidend! Frauen stehen darauf, wenn der Mann auf ihre inneren Werte schaut und nicht auf die \u00e4usseren Eindr\u00fccke! Und Deine Ansagen m\u00fcssen klar sein, damit sie auch eine Frau verstehen kann. Wenn Ihr ein Date habt, dann geh die Sache wie folgt an!<\/p><p>Sie kommt daher und sieht fantastisch aus! Dann sage folgendes: &#8222;Du siehst nicht schlecht aus, Puppe! Aber solche Schnallen wie Dich hatte ich schon reichlich&#8230;&#8230;! Ich stehe bei Dir mehr auf Deine inneren Werte, Deinen Charakter und so&#8230;.!&#8220;.<\/p><p>Ich traf mich mal mit Amanda Anabol aus LA, einem echten Supdermodel. Ich sagte zu Ihr: &#8222;Baby, sowas wie Dich vernasche ich normalerweise morgens vor dem Fr\u00fchst\u00fcck. Du bist optisch nicht schlecht. Aber Dein inneres zieht mich magisch an&#8230;&#8230;.&#8220;. Amanda war hin und weg. Sie fragte ob ich sie direkt im Restaurant vernaschen w\u00fcrde. Deswegen sage ich immer: Kommunikation ist einfach alles!<\/p><p><span style=\"color: #0000ff;\"><strong>Damit ist Lektion 5 und unser Kurs beendet. Wir kennen f\u00fcnf Messages:<\/strong><\/span><br \/><span style=\"color: #0000ff;\"><strong>&#8211; Denke an die unterschiedlich Polarit\u00e4t<\/strong><\/span><br \/><span style=\"color: #0000ff;\"><strong>&#8211; Wecke den Mutterinstinkt in ihr<\/strong><\/span><br \/><span style=\"color: #0000ff;\"><strong>&#8211; Mache ihr klar, dass Du ihr Schicksal bist<\/strong><\/span><br \/><span style=\"color: #0000ff;\"><strong>&#8211; Sei ein Urmensch und steh dazu <\/strong><\/span><br \/><span style=\"color: #0000ff;\"><strong>&#8211; Mach Ihr klar, dass Du Ihre inneren Werte liebst und sprich wenig mit ihr!<\/strong><\/span><\/p>\t\t\t\t\t<\/div>\n\t\t\t\t\t\t<\/div>\n\t\t\t\t<\/div>\n\t\t\t\t\t\t<\/div>\n\t\t\t\t\t<\/div>\n\t\t<\/div>\n\t\t\t\t<div class=\"elementor-column elementor-col-33 elementor-top-column elementor-element elementor-element-7452f1e\" data-id=\"7452f1e\" data-element_type=\"column\">\n\t\t\t<div class=\"elementor-column-wrap elementor-element-populated\">\n\t\t\t\t\t\t\t<div class=\"elementor-widget-wrap\">\n\t\t\t\t\t\t<div class=\"elementor-element elementor-element-3ae135f elementor-widget elementor-widget-image\" data-id=\"3ae135f\" data-element_type=\"widget\" data-widget_type=\"image.default\">\n\t\t\t\t<div class=\"elementor-widget-container\">\n\t\t\t\t\t\t\t\t<div class=\"elementor-image\">\n\t\t\t\t\t\t\t\t\t\t\t\t<img loading=\"lazy\" decoding=\"async\" width=\"104\" height=\"160\" src=\"https:\/\/brischni.de\/wp-content\/uploads\/2019\/08\/urm003.gif\" class=\"attachment-large size-large\" alt=\"\" \/>\t\t\t\t\t\t\t\t\t\t\t\t\t\t<\/div>\n\t\t\t\t\t\t<\/div>\n\t\t\t\t<\/div>\n\t\t\t\t\t\t<\/div>\n\t\t\t\t\t<\/div>\n\t\t<\/div>\n\t\t\t\t\t\t\t\t<\/div>\n\t\t\t\t\t<\/div>\n\t\t<\/section>\n\t\t\t\t\t\t\t\t\t<\/div>\n\t\t\t<\/div>\n\t\t\t\t\t<\/div>\n\t\t","protected":false},"excerpt":{"rendered":"<p>Frauen klar machen mit dem Experten Jack Ruby Frauen klar machen mit Jack Ruby \/ Lektion 1 Erst mal sage ich &#8222;Hallo&#8220;. Mein Name ist Jack Ruby. Ich lebe in den USA, genau gesagt in Arkansas. Ich lebe dort in El Dorado. Durch den gleichnamigen Film mit John Wayne ist dieser Ort bekannt geworden. Ich [&hellip;]<\/p>\n","protected":false},"author":1,"featured_media":0,"parent":0,"menu_order":0,"comment_status":"closed","ping_status":"closed","template":"","meta":{"footnotes":""},"class_list":["post-101","page","type-page","status-publish","hentry","entry"],"_links":{"self":[{"href":"https:\/\/brischni.de\/index.php?rest_route=\/wp\/v2\/pages\/101"}],"collection":[{"href":"https:\/\/brischni.de\/index.php?rest_route=\/wp\/v2\/pages"}],"about":[{"href":"https:\/\/brischni.de\/index.php?rest_route=\/wp\/v2\/types\/page"}],"author":[{"embeddable":true,"href":"https:\/\/brischni.de\/index.php?rest_route=\/wp\/v2\/users\/1"}],"replies":[{"embeddable":true,"href":"https:\/\/brischni.de\/index.php?rest_route=%2Fwp%2Fv2%2Fcomments&post=101"}],"version-history":[{"count":6,"href":"https:\/\/brischni.de\/index.php?rest_route=\/wp\/v2\/pages\/101\/revisions"}],"predecessor-version":[{"id":228,"href":"https:\/\/brischni.de\/index.php?rest_route=\/wp\/v2\/pages\/101\/revisions\/228"}],"wp:attachment":[{"href":"https:\/\/brischni.de\/index.php?rest_route=%2Fwp%2Fv2%2Fmedia&parent=101"}],"curies":[{"name":"wp","href":"https:\/\/api.w.org\/{rel}","templated":true}]}}